{"id":49,"date":"2020-11-30T12:48:56","date_gmt":"2020-11-30T09:48:56","guid":{"rendered":"https:\/\/www.myvize.com.tr\/vietnam\/?page_id=49"},"modified":"2022-05-06T14:48:53","modified_gmt":"2022-05-06T11:48:53","slug":"vietnam-vize-reddi","status":"publish","type":"page","link":"https:\/\/www.myvize.com.tr\/vietnam\/vize-islemleri\/vietnam-vize-reddi\/","title":{"rendered":"Vietnam Vize Reddi"},"content":{"rendered":"<h2><strong><span style=\"font-size: 27px; font-family: Roboto;\">Vietnam Vize Reddi 2022<\/span><\/strong><\/h2>\n<p><span style=\"font-size: 14px; font-family: Roboto;\"><strong>Vietnam vize reddi<\/strong> alman\u0131z durumunda \u00f6ncelikle ret nedenleri sorgulanmal\u0131d\u0131r \u00e7\u00fcnk\u00fc bu, itiraz hakk\u0131n\u0131z i\u00e7in olduk\u00e7a \u00f6nemlidir. Vietnam Konsoloslu\u011fu vize ba\u015fvurular\u0131n\u0131 eksik belge, vize ihlali ya da vize \u00fccreti \u00f6denmemesi gibi kategorilere g\u00f6re reddedebilir. Vize reddi alman\u0131z\u0131n nedeni, ret i\u00e7in taraf\u0131n\u0131za g\u00f6nderilen cevapta belirtilir. Gerek\u00e7eli kararda yer alan metni dikkatlice okuyup bir <strong>Vietnam Vize Ba\u015fvuru Merkezi<\/strong> arac\u0131l\u0131\u011f\u0131yla itiraz dilek\u00e7esi haz\u0131rlayabilirsiniz. MyVize ile bir vize ret dilek\u00e7esi haz\u0131rlamak i\u00e7in uzmanlar\u0131m\u0131za ula\u015fabilirsiniz.<\/span><\/p>\n<h2><span style=\"font-size: 27px; font-family: Roboto;\"><strong>Vietnam Konsoloslu\u011fu Ret Alma<\/strong><\/span><\/h2>\n<p><span style=\"font-family: Roboto; font-size: 14px;\">Vietnam\u2019a seyahat edebilmek i\u00e7in vize ba\u015fvurunuzun olumlu sonu\u00e7lanmas\u0131 gerekmektedir. Vietnam vize ba\u015fvurunuzun olumlu sonu\u00e7lanmas\u0131 i\u00e7in gerekli olan <strong>Vietnam vize ba\u015fvuru<\/strong> \u015fartlar\u0131n\u0131 yerine getirmeniz gerekmektedir.<strong> Vietnam vizesi<\/strong> i\u00e7in gerekli \u015fartlar\u0131 yerine getirmeyen ki\u015filerin, Vietnam vize ba\u015fvurular\u0131 reddedilmektedir. Vietnam vize ba\u015fvurular\u0131 a\u015fa\u011f\u0131daki durumlarda reddedilmektedir.<\/span><\/p>\n<ul>\n<li><span style=\"font-family: Roboto; font-size: 14px;\"><strong>Belgelerden Kaynakl\u0131:\u00a0<\/strong>Vietnam vizesi i\u00e7in istenen belgelerin eksiksiz ve g\u00fcncel olmas\u0131 gerekmektedir. <strong>Vietnam vize ba\u015fvurusu<\/strong> i\u00e7in istenen belgelerin y\u0131pranmam\u0131\u015f ve do\u011fru bir \u015fekilde haz\u0131rlanmas\u0131 <strong>Vietnam vize<\/strong> ba\u015fvurusunun olumlu sonu\u00e7lanmas\u0131 i\u00e7in \u00e7ok \u00f6nemlidir.<\/span><\/li>\n<li><span style=\"font-family: Roboto; font-size: 14px;\"><strong>Seyahat Sa\u011fl\u0131k Sigortas\u0131:<\/strong>\u00a0Vietnam seyahatinde bulunacak olan T\u00fcrk vatanda\u015flar\u0131n\u0131n, Vietnam\u2019da ba\u015flar\u0131na ola\u011fand\u0131\u015f\u0131 bir sa\u011fl\u0131k sorunu gelmesine durumunda kullan\u0131lmas\u0131 i\u00e7in Seyahat Sa\u011fl\u0131k Sigortas\u0131 almas\u0131 gerekmektedir. Seyahat Sa\u011fl\u0131k Sigortas\u0131\u2019n\u0131n uluslararas\u0131 ge\u00e7erlili\u011fi olmal\u0131d\u0131r. Ayr\u0131ca en az 30.000 Euro teminat\u0131 olmal\u0131d\u0131r.<\/span><\/li>\n<li><span style=\"font-family: Roboto; font-size: 14px;\"><strong>Ekonomik durumdan Kaynakl\u0131:<\/strong>\u00a0Vietnam\u2019a seyahat edecek olan ki\u015filerin, Vietnam seyahat masraflar\u0131n\u0131 kar\u015f\u0131layabilmesi i\u00e7in ekonomik durumunun iyi olmas\u0131 gerekmektedir.<strong> Vietnam vize<\/strong> ba\u015fvurunuzun olumlu sonu\u00e7lanmas\u0131 i\u00e7in, seyahat s\u00fcreniz boyunca masraflar\u0131n\u0131z\u0131 kar\u015f\u0131layabilmeniz gerekmektedir.<\/span><\/li>\n<\/ul>\n<p><span style=\"font-family: Roboto; font-size: 14px;\">Vietnam vize ba\u015fvuru reddedilen ki\u015filerin vize ba\u015fvurusunun reddedilmesi durumunda, Vietnam vize reddine itiraz edebilirsiniz. Bunun i\u00e7in <span style=\"color: #2acec2;\"><strong><a style=\"color: #2acec2;\" href=\"https:\/\/www.myvize.com.tr\/vietnam\/konsolosluklar\/ankara-buyukelciligi\/\" target=\"_blank\" rel=\"noopener\">Vietnam Ankara B\u00fcy\u00fckel\u00e7ili\u011fi<\/a><\/strong><\/span>\u2019ne hitaben <strong>Vietnam vize reddi<\/strong> itiraz dilek\u00e7esi yazman\u0131z gerekmektedir. Bunun i\u00e7in vize ba\u015fvurunuzun reddedilmesine neden olan durumlar\u0131 ortadan kald\u0131rman\u0131z ve dilek\u00e7eyi belgeler ile desteklemelisiniz.<\/span><\/p>\n<h2><strong><span style=\"font-size: 27px; font-family: Roboto;\">Vietnam Vize Reddi Nedenleri<\/span><\/strong><\/h2>\n<p><span style=\"font-size: 14px; font-family: Roboto;\">Vietnam vize reddi alman\u0131z\u0131n nedenleri aras\u0131nda bir\u00e7ok olumsuz durum olabilir. Ba\u015fvuru sahibi olarak vize reddi alman\u0131z\u0131n arkas\u0131ndaki nedenleri konsolosluk cevab\u0131ndan okuyabilir ve itiraz ya da yeniden ba\u015fvuru yapabilirsiniz.<\/span><\/p>\n<p><span style=\"font-size: 14px; font-family: Roboto;\">Vietnam vize ba\u015fvurunuzun reddedilmesinin nedenleri aras\u0131nda b\u00fcy\u00fck olas\u0131l\u0131kla a\u015fa\u011f\u0131dakilerden biri olacakt\u0131r:<\/span><\/p>\n<ul>\n<li><span style=\"font-size: 14px; font-family: Roboto;\"><strong>Vietnam vize ba\u015fvuru formu<\/strong> doldurulurken yap\u0131lan hatalar<\/span><\/li>\n<li><span style=\"font-size: 14px; font-family: Roboto;\">Vize foto\u011fraf\u0131n\u0131z\u0131n vize gereksinimlerini kar\u015f\u0131lam\u0131yor olmas\u0131<\/span><\/li>\n<li><span style=\"font-size: 14px; font-family: Roboto;\">Vize ba\u015fvurunuz i\u00e7in konsoloslu\u011fa \u00f6denmesi gereken har\u00e7 \u00fccretini \u00f6dememeniz<\/span><\/li>\n<li><span style=\"font-size: 14px; font-family: Roboto;\">Daha \u00f6nce ald\u0131\u011f\u0131n\u0131z vizeler ile ilgili \u00fclkelerde vize kurallar\u0131n\u0131n ihlal edilmesi<\/span><\/li>\n<li><span style=\"font-size: 14px; font-family: Roboto;\">Vize evraklar\u0131n\u0131z\u0131 ibraz etti\u011finiz dosyada herhangi bir eksik belge bulunmas\u0131<\/span><\/li>\n<li><span style=\"font-size: 14px; font-family: Roboto;\">Vize evraklar\u0131nda tutars\u0131zl\u0131k<\/span><\/li>\n<li><span style=\"font-size: 14px; font-family: Roboto;\">Vize evraklar\u0131n\u0131z\u0131n i\u00e7eri\u011finde sahte bilgi tespit edilmesi<\/span><\/li>\n<li><span style=\"font-size: 14px; font-family: Roboto;\">Sab\u0131ka kayd\u0131n\u0131z\u0131n bulunmas\u0131<\/span><\/li>\n<li><span style=\"font-size: 14px; font-family: Roboto;\">Vietnam seyahatiniz i\u00e7in banka hesab\u0131n\u0131zda yeterli miktarda para bulunmamas\u0131<\/span><\/li>\n<li><span style=\"font-size: 14px; font-family: Roboto;\">\u0130\u015f seyahati yapacaksan\u0131z ilgili \u015firketten vize davetiyesi ibraz etmemi\u015f olman\u0131z<\/span><\/li>\n<li><span style=\"font-size: 14px; font-family: Roboto;\">Vize ba\u015fvuru formunda y\u0131rt\u0131k ya da d\u00fczeltme yap\u0131lm\u0131\u015f b\u00f6l\u00fcm olmas\u0131<\/span><\/li>\n<li><span style=\"font-size: 14px; font-family: Roboto;\">Okunakl\u0131 olmayan vize talep dilek\u00e7eleri<\/span><\/li>\n<li><span style=\"font-size: 14px; font-family: Roboto;\">Seyahat amac\u0131n\u0131z\u0131 ifade ederken yap\u0131lan eksik bilgi beyan\u0131<\/span><\/li>\n<\/ul>\n<h2><strong><span style=\"font-size: 27px; font-family: Roboto;\">Vietnam Vize Reddi \u0130tiraz Dilek\u00e7esi<\/span><\/strong><\/h2>\n<p><span style=\"font-size: 14px; font-family: Roboto;\"><strong>Vietnam vize reddi<\/strong> al\u0131rsan\u0131z konsoloslu\u011fa bir itiraz dilek\u00e7esi yazarak temyiz yoluna gidebilirsiniz. Temyiz i\u00e7in yaz\u0131lmas\u0131 gereken itiraz dilek\u00e7esinin klasik bir dilek\u00e7eden fark\u0131 vard\u0131r. \u00c7\u00fcnk\u00fc bu dilek\u00e7ede vize ba\u015fvurunuzun reddine ili\u015fkin nedene de de\u011finerek kendinizden daha ayr\u0131nt\u0131l\u0131 bahsetmeniz beklenir. Vize reddi alman\u0131z\u0131n gerek\u00e7esinin as\u0131ls\u0131z oldu\u011funun konsoloslu\u011fa kan\u0131tlanmas\u0131n\u0131 sa\u011flamak olduk\u00e7a zordur. Bu y\u00fczden dilek\u00e7e yazmak i\u00e7in bireysel bir u\u011fra\u015f i\u00e7ine girmemeniz \u00f6nerilir. Vize ret dan\u0131\u015fmanlar\u0131m\u0131z ile ileti\u015fime ge\u00e7erek konsoloslu\u011fa nas\u0131l bir dilek\u00e7e sunman\u0131z gerekti\u011fi hakk\u0131nda detayl\u0131 bilgi alabilirsiniz.<\/span><\/p>\n<h3><strong><span style=\"font-size: 24px; font-family: Roboto;\">Vietnam Vize Reddi \u0130tiraz Ba\u015fvurusu<\/span><\/strong><\/h3>\n<p><span style=\"font-size: 14px; font-family: Roboto;\"><strong>Vietnam\u2019a seyahat etmek<\/strong> istediyseniz ve konsolosluktan vize reddi ald\u0131ysan\u0131z itiraz ba\u015fvurusu yapma hakk\u0131n\u0131z vard\u0131r. Konsolosluk memurlar\u0131n\u0131n sizin vize reddi alman\u0131z\u0131n haks\u0131zl\u0131\u011fa u\u011frad\u0131\u011f\u0131n\u0131z anlam\u0131na geldi\u011fine kanaat getirmelerini sa\u011flayacak bir itiraz dilek\u00e7esi her \u015feydir. Bu y\u00fczden profesyonel destek alarak yaz\u0131lmal\u0131d\u0131r. \u0130tiraz ba\u015fvurular\u0131n\u0131z\u0131 Vietnam Konsoloslu\u011fu ya da B\u00fcy\u00fckel\u00e7ili\u011fi\u2019ne yapabilirsiniz.<\/span><\/p>\n<p><span style=\"font-size: 14px; font-family: Roboto;\">E\u011fer ret alma gerek\u00e7eniz eksik evraksa evraklar\u0131n\u0131z\u0131 tamamlayarak tekrar vize ba\u015fvurusu yapabilirsiniz. Ancak \u00e7o\u011fu konsolosluk vize ba\u015fvurunuza ba\u015ftan ba\u015flaman\u0131z gerekti\u011fini d\u00fc\u015f\u00fcnmektedir. Dolay\u0131s\u0131yla vize reddi almamak i\u00e7in profesyonel ve tecr\u00fcbeli bir vize dan\u0131\u015fman\u0131yla \u00e7al\u0131\u015fman\u0131z \u00f6nemlidir. MyVize Vietnam Vize Ba\u015fvuru Merkezi ile ileti\u015fime ge\u00e7erek uzmanlar\u0131m\u0131zdan<strong> Vietnam vizesi<\/strong> hakk\u0131nda daha detayl\u0131 bilgi alabilirsiniz.<\/span><\/p>\n<h3><strong><span style=\"font-size: 22px; font-family: Roboto;\">Vietnam Vize Reddi \u0130tiraz Dilek\u00e7esi Ka\u00e7 G\u00fcnde Sonu\u00e7lan\u0131r?<\/span><\/strong><\/h3>\n<p><span style=\"font-size: 14px; font-family: Roboto;\">Vietnam Konsoloslu\u011fu\u2019na hitaben bir vize reddi itiraz dilek\u00e7esi yaz\u0131p ibraz etmeniz durumunda sonu\u00e7lanma s\u00fcresi hemen hemen 1 haftay\u0131 ge\u00e7meyecektir. Vize ba\u015fvurunuzun ret ile sonu\u00e7lanma nedenlerine ba\u011fl\u0131 olarak itiraz dilek\u00e7elerinin de\u011ferlendirilme s\u00fcresi de\u011fi\u015febilmektedir. Konsolosluk memurlar\u0131n\u0131n vize reddi itiraz dilek\u00e7enizi de\u011ferlendirmeye almas\u0131 i\u00e7in herhangi bir sab\u0131ka kayd\u0131n\u0131z\u0131n bulunmamas\u0131 gerekmektedir. Sab\u0131ka kayd\u0131 olan ba\u015fvuru sahipleri genellikle olumsuz olarak de\u011ferlendirilmektedir. Ancak profesyonel bir ba\u015fvuru s\u00fcreci izleyerek yine de \u015fans\u0131n\u0131z\u0131 deneme imk\u00e2n\u0131n\u0131z vard\u0131r.<\/span><\/p>\n<p><span style=\"font-family: Roboto; font-size: 14px;\">Ankara&#8217;da yer alan <strong>Vietnam B\u00fcy\u00fckel\u00e7ili\u011fi<\/strong>, vize i\u015flemlerini y\u00fcr\u00fcten yetkili kurumdur. Bu kurum ayn\u0131 zamanda vize i\u015flemleri hakk\u0131nda gerekli de\u011ferlendirmeleri yaparak olumlu ya da olumsuz neticeye ba\u011flayan karar merciidir. Bu nedenle sa\u011fl\u0131kl\u0131 bir bi\u00e7imde <span style=\"color: #2acec2;\"><strong><a style=\"color: #2acec2;\" href=\"https:\/\/www.myvize.com.tr\/vietnam\/vize-islemleri\/vietnam-vizesi\/\" target=\"_blank\" rel=\"noopener\">Vietnam\u00a0vizesi<\/a><\/strong><\/span>\u00a0almak isteyen t\u00fcm vatanda\u015flar\u0131n, gerekli belgeleri eksiksiz, do\u011fru ve g\u00fcncel bir olarak teslim etmeleri gerekmektedir. \u0130\u015fleme al\u0131nan bu belgeler ile birlikte ki\u015filer birtak\u0131m m\u00fclakatlardan ge\u00e7irilerek vizesi sahibi yap\u0131lmaktad\u0131r. M\u00fclakatlar sonucunda B\u00fcy\u00fckel\u00e7ilik\u00a0<strong>Vietnam<\/strong>\u00a0<strong>vize<\/strong>\u00a0<strong>reddi<\/strong>ne karar verebilir.<\/span><\/p>\n<p><span style=\"font-family: Roboto; font-size: 14px;\"><strong>Vietnam vize<\/strong> talebinde bulunan vatanda\u015flar\u0131n ba\u015fvurular\u0131 de\u011ferlendirilirken baz\u0131 \u00f6zellikler g\u00f6z \u00f6n\u00fcnde bulundurulur. \u00dclkeye seyahat etmek isteyen ki\u015filerin banka hesaplar\u0131nda belli bir miktar para bulunmas\u0131 gereklidir. Seyahat amac\u0131 ve davet mektubunu i\u00e7eren dok\u00fcmanlar\u0131n ilgili makamlara bildirilmesi gereklidir. Vietnam\u2019a seyahat giri\u015f ve \u00e7\u0131k\u0131\u015f tarihlerinin belli olmas\u0131 gereklidir. \u00dclkeye gidecek olan herkesin sa\u011fl\u0131k ko\u015fullar\u0131n\u0131n da yerinde olmas\u0131 gereklidir. Bu konulara herhangi bir netlik kazand\u0131r\u0131lmamas\u0131 halinde vize talebi reddedilmektedir.\u00a0<\/span><\/p>\n<p><span style=\"font-family: Roboto; font-size: 14px;\">Konsolosluk, <strong>Vietnam<\/strong>\u00a0<strong>vize<\/strong>\u00a0<strong>ba\u015fvurusu<\/strong> reddedilen ki\u015filere pasaportlar\u0131 ile beraber ret mektubu da g\u00f6ndermektedir. Bu mektupta vize talebinin reddedilme sebepleri yer almaktad\u0131r. Bu sebepler g\u00f6zden ge\u00e7irilerek bir itiraz mektubu haz\u0131rlanabilir.<\/span><\/p>\n<div style=\"width: 810px\" class=\"wp-caption aligncenter\"><img loading=\"lazy\" decoding=\"async\" src=\"https:\/\/www.myvize.com.tr\/vietnam\/wp-content\/uploads\/2021\/10\/25.jpg\" alt=\"Vietnam vize reddi neden al\u0131n\u0131r?\" width=\"800\" height=\"500\" \/><p class=\"wp-caption-text\"><\/span> <span style=\"font-size: 14px; font-family: Roboto;\">Vietnam vize reddi neden al\u0131n\u0131r?<\/span><\/p><\/div>\n","protected":false},"excerpt":{"rendered":"<p>Vietnam Vize Reddi 2022 Vietnam vize reddi alman\u0131z durumunda \u00f6ncelikle ret nedenleri sorgulanmal\u0131d\u0131r \u00e7\u00fcnk\u00fc bu, itiraz hakk\u0131n\u0131z i\u00e7in olduk\u00e7a \u00f6nemlidir. Vietnam Konsoloslu\u011fu vize ba\u015fvurular\u0131n\u0131 eksik belge, vize ihlali ya da vize \u00fccreti \u00f6denmemesi gibi kategorilere g\u00f6re reddedebilir. Vize reddi alman\u0131z\u0131n nedeni, ret i\u00e7in taraf\u0131n\u0131za g\u00f6nderilen cevapta belirtilir. Gerek\u00e7eli kararda yer alan metni dikkatlice okuyup bir<\/p>\n","protected":false},"author":1,"featured_media":0,"parent":18,"menu_order":0,"comment_status":"open","ping_status":"closed","template":"","meta":{"footnotes":""},"class_list":["post-49","page","type-page","status-publish","hentry"],"yoast_head":"<!-- This site is optimized with the Yoast SEO plugin v24.0 - https:\/\/yoast.com\/wordpress\/plugins\/seo\/ -->\n<title>Vietnam Vize Reddi - Ret Nedenleri - \u0130tiraz - MyVize<\/title>\n<meta name=\"description\" content=\"Vietnam vize reddi alman\u0131zda ki sebepler neler? Vietnam vize reddi i\u00e7in detayl\u0131 itiraz dilek\u00e7esi i\u00e7in ileti\u015fime ge\u00e7ebilirsiniz.\" \/>\n<meta name=\"robots\" content=\"index, follow, max-snippet:-1, max-image-preview:large, max-video-preview:-1\" \/>\n<link rel=\"canonical\" href=\"https:\/\/www.myvize.com.tr\/vietnam\/vize-islemleri\/vietnam-vize-reddi\/\" \/>\n<meta property=\"og:locale\" content=\"tr_TR\" \/>\n<meta property=\"og:type\" content=\"article\" \/>\n<meta property=\"og:title\" content=\"Vietnam Vize Reddi - Ret Nedenleri - \u0130tiraz - MyVize\" \/>\n<meta property=\"og:description\" content=\"Vietnam vize reddi alman\u0131zda ki sebepler neler? Vietnam vize reddi i\u00e7in detayl\u0131 itiraz dilek\u00e7esi i\u00e7in ileti\u015fime ge\u00e7ebilirsiniz.\" \/>\n<meta property=\"og:url\" content=\"https:\/\/www.myvize.com.tr\/vietnam\/vize-islemleri\/vietnam-vize-reddi\/\" \/>\n<meta property=\"og:site_name\" content=\"Vietnam Vizesi\" \/>\n<meta property=\"article:modified_time\" content=\"2022-05-06T11:48:53+00:00\" \/>\n<meta property=\"og:image\" content=\"https:\/\/www.myvize.com.tr\/vietnam\/wp-content\/uploads\/2021\/10\/25.jpg\" \/>\n<meta name=\"twitter:card\" content=\"summary_large_image\" \/>\n<meta name=\"twitter:label1\" content=\"Tahmini okuma s\u00fcresi\" \/>\n\t<meta name=\"twitter:data1\" content=\"4 dakika\" \/>\n<script type=\"application\/ld+json\" class=\"yoast-schema-graph\">{\"@context\":\"https:\/\/schema.org\",\"@graph\":[{\"@type\":\"WebPage\",\"@id\":\"https:\/\/www.myvize.com.tr\/vietnam\/vize-islemleri\/vietnam-vize-reddi\/\",\"url\":\"https:\/\/www.myvize.com.tr\/vietnam\/vize-islemleri\/vietnam-vize-reddi\/\",\"name\":\"Vietnam Vize Reddi - Ret Nedenleri - \u0130tiraz - MyVize\",\"isPartOf\":{\"@id\":\"https:\/\/www.myvize.com.tr\/vietnam\/#website\"},\"primaryImageOfPage\":{\"@id\":\"https:\/\/www.myvize.com.tr\/vietnam\/vize-islemleri\/vietnam-vize-reddi\/#primaryimage\"},\"image\":{\"@id\":\"https:\/\/www.myvize.com.tr\/vietnam\/vize-islemleri\/vietnam-vize-reddi\/#primaryimage\"},\"thumbnailUrl\":\"https:\/\/www.myvize.com.tr\/vietnam\/wp-content\/uploads\/2021\/10\/25.jpg\",\"datePublished\":\"2020-11-30T09:48:56+00:00\",\"dateModified\":\"2022-05-06T11:48:53+00:00\",\"description\":\"Vietnam vize reddi alman\u0131zda ki sebepler neler? Vietnam vize reddi i\u00e7in detayl\u0131 itiraz dilek\u00e7esi i\u00e7in ileti\u015fime ge\u00e7ebilirsiniz.\",\"breadcrumb\":{\"@id\":\"https:\/\/www.myvize.com.tr\/vietnam\/vize-islemleri\/vietnam-vize-reddi\/#breadcrumb\"},\"inLanguage\":\"tr\",\"potentialAction\":[{\"@type\":\"ReadAction\",\"target\":[\"https:\/\/www.myvize.com.tr\/vietnam\/vize-islemleri\/vietnam-vize-reddi\/\"]}]},{\"@type\":\"ImageObject\",\"inLanguage\":\"tr\",\"@id\":\"https:\/\/www.myvize.com.tr\/vietnam\/vize-islemleri\/vietnam-vize-reddi\/#primaryimage\",\"url\":\"https:\/\/www.myvize.com.tr\/vietnam\/wp-content\/uploads\/2021\/10\/25.jpg\",\"contentUrl\":\"https:\/\/www.myvize.com.tr\/vietnam\/wp-content\/uploads\/2021\/10\/25.jpg\",\"width\":800,\"height\":500,\"caption\":\"Vietnam Vize Reddi\"},{\"@type\":\"BreadcrumbList\",\"@id\":\"https:\/\/www.myvize.com.tr\/vietnam\/vize-islemleri\/vietnam-vize-reddi\/#breadcrumb\",\"itemListElement\":[{\"@type\":\"ListItem\",\"position\":1,\"name\":\"Anasayfa\",\"item\":\"https:\/\/www.myvize.com.tr\/vietnam\/\"},{\"@type\":\"ListItem\",\"position\":2,\"name\":\"V\u0130ZE \u0130\u015eLEMLER\u0130\",\"item\":\"https:\/\/www.myvize.com.tr\/vietnam\/vize-islemleri\/\"},{\"@type\":\"ListItem\",\"position\":3,\"name\":\"Vietnam Vize Reddi\"}]},{\"@type\":\"WebSite\",\"@id\":\"https:\/\/www.myvize.com.tr\/vietnam\/#website\",\"url\":\"https:\/\/www.myvize.com.tr\/vietnam\/\",\"name\":\"Vietnam Vizesi\",\"description\":\"\",\"potentialAction\":[{\"@type\":\"SearchAction\",\"target\":{\"@type\":\"EntryPoint\",\"urlTemplate\":\"https:\/\/www.myvize.com.tr\/vietnam\/?s={search_term_string}\"},\"query-input\":{\"@type\":\"PropertyValueSpecification\",\"valueRequired\":true,\"valueName\":\"search_term_string\"}}],\"inLanguage\":\"tr\"}]}<\/script>\n<!-- \/ Yoast SEO plugin. -->","yoast_head_json":{"title":"Vietnam Vize Reddi - Ret Nedenleri - \u0130tiraz - MyVize","description":"Vietnam vize reddi alman\u0131zda ki sebepler neler? Vietnam vize reddi i\u00e7in detayl\u0131 itiraz dilek\u00e7esi i\u00e7in ileti\u015fime ge\u00e7ebilirsiniz.","robots":{"index":"index","follow":"follow","max-snippet":"max-snippet:-1","max-image-preview":"max-image-preview:large","max-video-preview":"max-video-preview:-1"},"canonical":"https:\/\/www.myvize.com.tr\/vietnam\/vize-islemleri\/vietnam-vize-reddi\/","og_locale":"tr_TR","og_type":"article","og_title":"Vietnam Vize Reddi - Ret Nedenleri - \u0130tiraz - MyVize","og_description":"Vietnam vize reddi alman\u0131zda ki sebepler neler? Vietnam vize reddi i\u00e7in detayl\u0131 itiraz dilek\u00e7esi i\u00e7in ileti\u015fime ge\u00e7ebilirsiniz.","og_url":"https:\/\/www.myvize.com.tr\/vietnam\/vize-islemleri\/vietnam-vize-reddi\/","og_site_name":"Vietnam Vizesi","article_modified_time":"2022-05-06T11:48:53+00:00","og_image":[{"url":"https:\/\/www.myvize.com.tr\/vietnam\/wp-content\/uploads\/2021\/10\/25.jpg","type":"","width":"","height":""}],"twitter_card":"summary_large_image","twitter_misc":{"Tahmini okuma s\u00fcresi":"4 dakika"},"schema":{"@context":"https:\/\/schema.org","@graph":[{"@type":"WebPage","@id":"https:\/\/www.myvize.com.tr\/vietnam\/vize-islemleri\/vietnam-vize-reddi\/","url":"https:\/\/www.myvize.com.tr\/vietnam\/vize-islemleri\/vietnam-vize-reddi\/","name":"Vietnam Vize Reddi - Ret Nedenleri - \u0130tiraz - MyVize","isPartOf":{"@id":"https:\/\/www.myvize.com.tr\/vietnam\/#website"},"primaryImageOfPage":{"@id":"https:\/\/www.myvize.com.tr\/vietnam\/vize-islemleri\/vietnam-vize-reddi\/#primaryimage"},"image":{"@id":"https:\/\/www.myvize.com.tr\/vietnam\/vize-islemleri\/vietnam-vize-reddi\/#primaryimage"},"thumbnailUrl":"https:\/\/www.myvize.com.tr\/vietnam\/wp-content\/uploads\/2021\/10\/25.jpg","datePublished":"2020-11-30T09:48:56+00:00","dateModified":"2022-05-06T11:48:53+00:00","description":"Vietnam vize reddi alman\u0131zda ki sebepler neler? Vietnam vize reddi i\u00e7in detayl\u0131 itiraz dilek\u00e7esi i\u00e7in ileti\u015fime ge\u00e7ebilirsiniz.","breadcrumb":{"@id":"https:\/\/www.myvize.com.tr\/vietnam\/vize-islemleri\/vietnam-vize-reddi\/#breadcrumb"},"inLanguage":"tr","potentialAction":[{"@type":"ReadAction","target":["https:\/\/www.myvize.com.tr\/vietnam\/vize-islemleri\/vietnam-vize-reddi\/"]}]},{"@type":"ImageObject","inLanguage":"tr","@id":"https:\/\/www.myvize.com.tr\/vietnam\/vize-islemleri\/vietnam-vize-reddi\/#primaryimage","url":"https:\/\/www.myvize.com.tr\/vietnam\/wp-content\/uploads\/2021\/10\/25.jpg","contentUrl":"https:\/\/www.myvize.com.tr\/vietnam\/wp-content\/uploads\/2021\/10\/25.jpg","width":800,"height":500,"caption":"Vietnam Vize Reddi"},{"@type":"BreadcrumbList","@id":"https:\/\/www.myvize.com.tr\/vietnam\/vize-islemleri\/vietnam-vize-reddi\/#breadcrumb","itemListElement":[{"@type":"ListItem","position":1,"name":"Anasayfa","item":"https:\/\/www.myvize.com.tr\/vietnam\/"},{"@type":"ListItem","position":2,"name":"V\u0130ZE \u0130\u015eLEMLER\u0130","item":"https:\/\/www.myvize.com.tr\/vietnam\/vize-islemleri\/"},{"@type":"ListItem","position":3,"name":"Vietnam Vize Reddi"}]},{"@type":"WebSite","@id":"https:\/\/www.myvize.com.tr\/vietnam\/#website","url":"https:\/\/www.myvize.com.tr\/vietnam\/","name":"Vietnam Vizesi","description":"","potentialAction":[{"@type":"SearchAction","target":{"@type":"EntryPoint","urlTemplate":"https:\/\/www.myvize.com.tr\/vietnam\/?s={search_term_string}"},"query-input":{"@type":"PropertyValueSpecification","valueRequired":true,"valueName":"search_term_string"}}],"inLanguage":"tr"}]}},"_links":{"self":[{"href":"https:\/\/www.myvize.com.tr\/vietnam\/wp-json\/wp\/v2\/pages\/49","targetHints":{"allow":["GET"]}}],"collection":[{"href":"https:\/\/www.myvize.com.tr\/vietnam\/wp-json\/wp\/v2\/pages"}],"about":[{"href":"https:\/\/www.myvize.com.tr\/vietnam\/wp-json\/wp\/v2\/types\/page"}],"author":[{"embeddable":true,"href":"https:\/\/www.myvize.com.tr\/vietnam\/wp-json\/wp\/v2\/users\/1"}],"replies":[{"embeddable":true,"href":"https:\/\/www.myvize.com.tr\/vietnam\/wp-json\/wp\/v2\/comments?post=49"}],"version-history":[{"count":8,"href":"https:\/\/www.myvize.com.tr\/vietnam\/wp-json\/wp\/v2\/pages\/49\/revisions"}],"predecessor-version":[{"id":660,"href":"https:\/\/www.myvize.com.tr\/vietnam\/wp-json\/wp\/v2\/pages\/49\/revisions\/660"}],"up":[{"embeddable":true,"href":"https:\/\/www.myvize.com.tr\/vietnam\/wp-json\/wp\/v2\/pages\/18"}],"wp:attachment":[{"href":"https:\/\/www.myvize.com.tr\/vietnam\/wp-json\/wp\/v2\/media?parent=49"}],"curies":[{"name":"wp","href":"https:\/\/api.w.org\/{rel}","templated":true}]}}