{"id":53,"date":"2020-11-30T12:50:00","date_gmt":"2020-11-30T09:50:00","guid":{"rendered":"https:\/\/www.myvize.com.tr\/vietnam\/?page_id=53"},"modified":"2022-05-06T14:51:32","modified_gmt":"2022-05-06T11:51:32","slug":"vietnam-universite-egitimi","status":"publish","type":"page","link":"https:\/\/www.myvize.com.tr\/vietnam\/vize-islemleri\/vietnam-universite-egitimi\/","title":{"rendered":"Vietnam \u00dcniversite E\u011fitimi"},"content":{"rendered":"<p><span style=\"font-family: Roboto; font-size: 14px;\">Zorunlu e\u011fitim s\u00fcresi 5 y\u0131la \u00e7\u0131kart\u0131lan Vietnam\u2019da, mesleki a\u00e7\u0131dan e\u011fitime ayr\u0131 bir \u00f6nem verilmektedir. Bundan dolay\u0131 \u00fclkede mesleki e\u011fitimi destekleyecek \u015fekilde \u00fcniversiteler kurulmu\u015ftur. Tar\u0131m \u00fcniversiteleri olduk\u00e7a pop\u00fcler olan Vietnam\u2019da, hem normal lise hem de orta \u00f6\u011fretim diplomas\u0131na sahip olan \u00f6\u011frencilerin giri\u015f s\u0131nav\u0131na tabi tutulmas\u0131n\u0131n ard\u0131ndan y\u00fcksek \u00f6\u011fretim e\u011fitimini burada tamamlama haklar\u0131 mevcuttur. Meslek lisesinden mezun olmu\u015f olan \u00f6\u011frenciler de genel olarak 2 y\u0131ll\u0131k y\u00fcksek okul tercihinde bulunabilmektedir.<\/span><\/p>\n<p><span style=\"font-family: Roboto; font-size: 14px;\">\u00a0<strong>Vietnam<\/strong>\u00a0<strong>\u00fcniversite<\/strong>\u00a0<strong>e\u011fitimi<\/strong>\u00a0kapsam\u0131nda, \u00fclkede akademik ara\u015ft\u0131rma enstit\u00fcleri, tar\u0131m \u00fcniversiteleri, teknik \u00fcniversiteler, ekonomi \u00fcniversiteleri ve t\u0131p \u00fcniversiteleri \u00e7e\u015fitlilik arz etmektedir.\u00a0<strong>Vietnam<\/strong>\u00a0<strong>\u00fcniversite<\/strong>\u00a0e\u011fitimine ba\u015fvuracak ki\u015filerin t\u00fcm konaklama ve e\u011fitim masraflar\u0131 kendisine aittir. Konaklama olarak kiral\u0131k dairelerin yer ald\u0131\u011f\u0131 Vietnam\u2019da, okul kamp\u00fcslerine yak\u0131n konumda bulunabilecek \u00e7ok say\u0131da konut mevcuttur. Di\u011fer yandan yurt ya da kamp\u00fcslerde konaklamak isteyen \u00f6\u011frencilerin, y\u0131ll\u0131k 1.600 dolar gibi bir rakam \u00f6demeleri gerekmektedir. Bu fiyat ortalama bir rakam \u015feklinde belirlenmi\u015f olup tutara su, elektrik, internet, mobilya ve \u00a0beyaz e\u015fyalar da dahil edilmektedir.<\/span><\/p>\n<p><span style=\"font-family: Roboto; font-size: 14px;\"><span style=\"color: #2acec2;\"><strong><a style=\"color: #2acec2;\" href=\"https:\/\/www.myvize.com.tr\/vietnam\/vize-islemleri\/vietnam-vizesi\/\" target=\"_blank\" rel=\"noopener\">Vietnam Vizesi<\/a><\/strong><\/span> ile ilgili bilgi almak i\u00e7in bizi aray\u0131n.<\/span><\/p>\n<p><img decoding=\"async\" src=\"https:\/\/www.myvize.com.tr\/vietnam\/wp-content\/uploads\/2021\/10\/23.jpg\" \/><\/p>\n<h2><strong><span style=\"font-family: Roboto; font-size: 27px;\">Vietnam \u00dcniversite E\u011fitimi Hakk\u0131nda<\/span><\/strong><\/h2>\n<p><span style=\"font-family: Roboto; font-size: 14px;\">Vietnam\u2019da \u00fcniversite e\u011fitimi almak isteyen T\u00fcrk vatanda\u015flar\u0131n\u0131n <strong>Vietnam e\u011fitim vizes<\/strong>i almas\u0131 gerekmektedir. <strong>Vietnam e\u011fitim vizesi<\/strong> ba\u015fvurular\u0131; <span style=\"color: #2acec2;\"><strong><a style=\"color: #2acec2;\" href=\"https:\/\/www.myvize.com.tr\/vietnam\/konsolosluklar\/ankara-buyukelciligi\/\" target=\"_blank\" rel=\"noopener\">Vietnam Ankara B\u00fcy\u00fckel\u00e7ili\u011fi<\/a><\/strong><\/span> ve yetkilendirilmi\u015f <strong>Vietnam vize ba\u015fvuru<\/strong> merkezlerine yap\u0131labilmektedir. Vietnam\u2019da \u00fcniversite e\u011fitimi alabilmek i\u00e7in Vietnam\u2019da bulunan bir \u00fcniversite taraf\u0131ndan kabul g\u00f6rm\u00fc\u015f olman\u0131z gerekmektedir. Ayr\u0131ca bu \u00fcniversiteden davetiye alman\u0131z \u015fartt\u0131r.<\/span><\/p>\n<p><span style=\"font-family: Roboto; font-size: 14px;\">Orta\u00f6\u011fretim diplomas\u0131 olan ki\u015filer, \u00fcniversiteye giri\u015f s\u0131nav\u0131na girerek y\u00fcksek\u00f6\u011fretim e\u011fitimi alabilir. Meslek lisesinden mezun olan ki\u015filer ise 2 y\u0131ll\u0131k y\u00fcksek okullara girebilir. Vietnam\u2019da \u00fcniversite e\u011fitimi b\u00f6l\u00fcme g\u00f6re 3-6 y\u0131l aras\u0131nda de\u011fi\u015fmektedir.<\/span><\/p>\n<p><span style=\"font-family: Roboto; font-size: 14px;\"><strong>Vietnam \u00fcniversite \u00fccretleri<\/strong>; \u00fcniversite ve b\u00f6l\u00fcme g\u00f6re farkl\u0131l\u0131k g\u00f6stermektedir. Ancak ortalama olarak y\u0131ll\u0131k \u00fcniversite \u00fccretleri 5000 ile 10000 Dolar aras\u0131nda de\u011fi\u015fmektedir. Vietnam\u2019da \u00fcniversite e\u011fitimi alabilmek i\u00e7in Vietnamcan\u0131z\u0131n iyi olmas\u0131 gerekmektedir. Dil yeterlili\u011fi bulunmayan ki\u015filer Vietnam dil haz\u0131rl\u0131\u011f\u0131 okumal\u0131d\u0131r.<\/span><\/p>\n<p><span style=\"font-family: Roboto; font-size: 14px;\"><strong>Vietnam \u00fcniversite e\u011fitimi<\/strong> alabilmek i\u00e7in gerekli olan en \u00f6nemli \u015fey maddi durumunuz iyi olmas\u0131 gerekmektedir. Vietnam\u2019da bulundu\u011funuz s\u00fcre i\u00e7erisinde masraflar\u0131n\u0131z\u0131 kar\u015f\u0131lamal\u0131s\u0131n\u0131z. <strong>Vietnam \u00fcniversite e\u011fitimi alacak<\/strong> olan T\u00fcrk vatanda\u015flar\u0131n\u0131n bula\u015f\u0131c\u0131 bir hastal\u0131\u011f\u0131 olamamal\u0131d\u0131r. Ayr\u0131ca \u00fclkeye girmeden \u00f6nce Seyahat Sa\u011fl\u0131k Sigortas\u0131 yapmal\u0131d\u0131r.<\/span><\/p>\n","protected":false},"excerpt":{"rendered":"<p>Zorunlu e\u011fitim s\u00fcresi 5 y\u0131la \u00e7\u0131kart\u0131lan Vietnam\u2019da, mesleki a\u00e7\u0131dan e\u011fitime ayr\u0131 bir \u00f6nem verilmektedir. Bundan dolay\u0131 \u00fclkede mesleki e\u011fitimi destekleyecek \u015fekilde \u00fcniversiteler kurulmu\u015ftur. Tar\u0131m \u00fcniversiteleri olduk\u00e7a pop\u00fcler olan Vietnam\u2019da, hem normal lise hem de orta \u00f6\u011fretim diplomas\u0131na sahip olan \u00f6\u011frencilerin giri\u015f s\u0131nav\u0131na tabi tutulmas\u0131n\u0131n ard\u0131ndan y\u00fcksek \u00f6\u011fretim e\u011fitimini burada tamamlama haklar\u0131 mevcuttur. Meslek lisesinden mezun<\/p>\n","protected":false},"author":1,"featured_media":0,"parent":18,"menu_order":0,"comment_status":"open","ping_status":"closed","template":"","meta":{"footnotes":""},"class_list":["post-53","page","type-page","status-publish","hentry"],"yoast_head":"<!-- This site is optimized with the Yoast SEO plugin v24.0 - https:\/\/yoast.com\/wordpress\/plugins\/seo\/ -->\n<title>Vietnam \u00dcniversite E\u011fitimi Vizesi - MyVize<\/title>\n<meta name=\"description\" content=\"Vietnam \u00fcniversite e\u011fitim vize ba\u015fvurusu evrak listesi. Vietnam \u00fcniversite e\u011fitim belgeleri ve \u015fartlar\u0131 i\u00e7in ileti\u015fime ge\u00e7ebilirsiniz.\" \/>\n<meta name=\"robots\" content=\"index, follow, max-snippet:-1, max-image-preview:large, max-video-preview:-1\" \/>\n<link rel=\"canonical\" href=\"https:\/\/www.myvize.com.tr\/vietnam\/vize-islemleri\/vietnam-universite-egitimi\/\" \/>\n<meta property=\"og:locale\" content=\"tr_TR\" \/>\n<meta property=\"og:type\" content=\"article\" \/>\n<meta property=\"og:title\" content=\"Vietnam \u00dcniversite E\u011fitimi Vizesi - MyVize\" \/>\n<meta property=\"og:description\" content=\"Vietnam \u00fcniversite e\u011fitim vize ba\u015fvurusu evrak listesi. Vietnam \u00fcniversite e\u011fitim belgeleri ve \u015fartlar\u0131 i\u00e7in ileti\u015fime ge\u00e7ebilirsiniz.\" \/>\n<meta property=\"og:url\" content=\"https:\/\/www.myvize.com.tr\/vietnam\/vize-islemleri\/vietnam-universite-egitimi\/\" \/>\n<meta property=\"og:site_name\" content=\"Vietnam Vizesi\" \/>\n<meta property=\"article:modified_time\" content=\"2022-05-06T11:51:32+00:00\" \/>\n<meta property=\"og:image\" content=\"https:\/\/www.myvize.com.tr\/vietnam\/wp-content\/uploads\/2021\/10\/23.jpg\" \/>\n<meta name=\"twitter:card\" content=\"summary_large_image\" \/>\n<meta name=\"twitter:label1\" content=\"Tahmini okuma s\u00fcresi\" \/>\n\t<meta name=\"twitter:data1\" content=\"2 dakika\" \/>\n<script type=\"application\/ld+json\" class=\"yoast-schema-graph\">{\"@context\":\"https:\/\/schema.org\",\"@graph\":[{\"@type\":\"WebPage\",\"@id\":\"https:\/\/www.myvize.com.tr\/vietnam\/vize-islemleri\/vietnam-universite-egitimi\/\",\"url\":\"https:\/\/www.myvize.com.tr\/vietnam\/vize-islemleri\/vietnam-universite-egitimi\/\",\"name\":\"Vietnam \u00dcniversite E\u011fitimi Vizesi - MyVize\",\"isPartOf\":{\"@id\":\"https:\/\/www.myvize.com.tr\/vietnam\/#website\"},\"primaryImageOfPage\":{\"@id\":\"https:\/\/www.myvize.com.tr\/vietnam\/vize-islemleri\/vietnam-universite-egitimi\/#primaryimage\"},\"image\":{\"@id\":\"https:\/\/www.myvize.com.tr\/vietnam\/vize-islemleri\/vietnam-universite-egitimi\/#primaryimage\"},\"thumbnailUrl\":\"https:\/\/www.myvize.com.tr\/vietnam\/wp-content\/uploads\/2021\/10\/23.jpg\",\"datePublished\":\"2020-11-30T09:50:00+00:00\",\"dateModified\":\"2022-05-06T11:51:32+00:00\",\"description\":\"Vietnam \u00fcniversite e\u011fitim vize ba\u015fvurusu evrak listesi. Vietnam \u00fcniversite e\u011fitim belgeleri ve \u015fartlar\u0131 i\u00e7in ileti\u015fime ge\u00e7ebilirsiniz.\",\"breadcrumb\":{\"@id\":\"https:\/\/www.myvize.com.tr\/vietnam\/vize-islemleri\/vietnam-universite-egitimi\/#breadcrumb\"},\"inLanguage\":\"tr\",\"potentialAction\":[{\"@type\":\"ReadAction\",\"target\":[\"https:\/\/www.myvize.com.tr\/vietnam\/vize-islemleri\/vietnam-universite-egitimi\/\"]}]},{\"@type\":\"ImageObject\",\"inLanguage\":\"tr\",\"@id\":\"https:\/\/www.myvize.com.tr\/vietnam\/vize-islemleri\/vietnam-universite-egitimi\/#primaryimage\",\"url\":\"https:\/\/www.myvize.com.tr\/vietnam\/wp-content\/uploads\/2021\/10\/23.jpg\",\"contentUrl\":\"https:\/\/www.myvize.com.tr\/vietnam\/wp-content\/uploads\/2021\/10\/23.jpg\",\"width\":800,\"height\":500,\"caption\":\"Vietnam \u00dcniversite E\u011fitimi\"},{\"@type\":\"BreadcrumbList\",\"@id\":\"https:\/\/www.myvize.com.tr\/vietnam\/vize-islemleri\/vietnam-universite-egitimi\/#breadcrumb\",\"itemListElement\":[{\"@type\":\"ListItem\",\"position\":1,\"name\":\"Anasayfa\",\"item\":\"https:\/\/www.myvize.com.tr\/vietnam\/\"},{\"@type\":\"ListItem\",\"position\":2,\"name\":\"V\u0130ZE \u0130\u015eLEMLER\u0130\",\"item\":\"https:\/\/www.myvize.com.tr\/vietnam\/vize-islemleri\/\"},{\"@type\":\"ListItem\",\"position\":3,\"name\":\"Vietnam \u00dcniversite E\u011fitimi\"}]},{\"@type\":\"WebSite\",\"@id\":\"https:\/\/www.myvize.com.tr\/vietnam\/#website\",\"url\":\"https:\/\/www.myvize.com.tr\/vietnam\/\",\"name\":\"Vietnam Vizesi\",\"description\":\"\",\"potentialAction\":[{\"@type\":\"SearchAction\",\"target\":{\"@type\":\"EntryPoint\",\"urlTemplate\":\"https:\/\/www.myvize.com.tr\/vietnam\/?s={search_term_string}\"},\"query-input\":{\"@type\":\"PropertyValueSpecification\",\"valueRequired\":true,\"valueName\":\"search_term_string\"}}],\"inLanguage\":\"tr\"}]}<\/script>\n<!-- \/ Yoast SEO plugin. -->","yoast_head_json":{"title":"Vietnam \u00dcniversite E\u011fitimi Vizesi - MyVize","description":"Vietnam \u00fcniversite e\u011fitim vize ba\u015fvurusu evrak listesi. Vietnam \u00fcniversite e\u011fitim belgeleri ve \u015fartlar\u0131 i\u00e7in ileti\u015fime ge\u00e7ebilirsiniz.","robots":{"index":"index","follow":"follow","max-snippet":"max-snippet:-1","max-image-preview":"max-image-preview:large","max-video-preview":"max-video-preview:-1"},"canonical":"https:\/\/www.myvize.com.tr\/vietnam\/vize-islemleri\/vietnam-universite-egitimi\/","og_locale":"tr_TR","og_type":"article","og_title":"Vietnam \u00dcniversite E\u011fitimi Vizesi - MyVize","og_description":"Vietnam \u00fcniversite e\u011fitim vize ba\u015fvurusu evrak listesi. Vietnam \u00fcniversite e\u011fitim belgeleri ve \u015fartlar\u0131 i\u00e7in ileti\u015fime ge\u00e7ebilirsiniz.","og_url":"https:\/\/www.myvize.com.tr\/vietnam\/vize-islemleri\/vietnam-universite-egitimi\/","og_site_name":"Vietnam Vizesi","article_modified_time":"2022-05-06T11:51:32+00:00","og_image":[{"url":"https:\/\/www.myvize.com.tr\/vietnam\/wp-content\/uploads\/2021\/10\/23.jpg","type":"","width":"","height":""}],"twitter_card":"summary_large_image","twitter_misc":{"Tahmini okuma s\u00fcresi":"2 dakika"},"schema":{"@context":"https:\/\/schema.org","@graph":[{"@type":"WebPage","@id":"https:\/\/www.myvize.com.tr\/vietnam\/vize-islemleri\/vietnam-universite-egitimi\/","url":"https:\/\/www.myvize.com.tr\/vietnam\/vize-islemleri\/vietnam-universite-egitimi\/","name":"Vietnam \u00dcniversite E\u011fitimi Vizesi - MyVize","isPartOf":{"@id":"https:\/\/www.myvize.com.tr\/vietnam\/#website"},"primaryImageOfPage":{"@id":"https:\/\/www.myvize.com.tr\/vietnam\/vize-islemleri\/vietnam-universite-egitimi\/#primaryimage"},"image":{"@id":"https:\/\/www.myvize.com.tr\/vietnam\/vize-islemleri\/vietnam-universite-egitimi\/#primaryimage"},"thumbnailUrl":"https:\/\/www.myvize.com.tr\/vietnam\/wp-content\/uploads\/2021\/10\/23.jpg","datePublished":"2020-11-30T09:50:00+00:00","dateModified":"2022-05-06T11:51:32+00:00","description":"Vietnam \u00fcniversite e\u011fitim vize ba\u015fvurusu evrak listesi. Vietnam \u00fcniversite e\u011fitim belgeleri ve \u015fartlar\u0131 i\u00e7in ileti\u015fime ge\u00e7ebilirsiniz.","breadcrumb":{"@id":"https:\/\/www.myvize.com.tr\/vietnam\/vize-islemleri\/vietnam-universite-egitimi\/#breadcrumb"},"inLanguage":"tr","potentialAction":[{"@type":"ReadAction","target":["https:\/\/www.myvize.com.tr\/vietnam\/vize-islemleri\/vietnam-universite-egitimi\/"]}]},{"@type":"ImageObject","inLanguage":"tr","@id":"https:\/\/www.myvize.com.tr\/vietnam\/vize-islemleri\/vietnam-universite-egitimi\/#primaryimage","url":"https:\/\/www.myvize.com.tr\/vietnam\/wp-content\/uploads\/2021\/10\/23.jpg","contentUrl":"https:\/\/www.myvize.com.tr\/vietnam\/wp-content\/uploads\/2021\/10\/23.jpg","width":800,"height":500,"caption":"Vietnam \u00dcniversite E\u011fitimi"},{"@type":"BreadcrumbList","@id":"https:\/\/www.myvize.com.tr\/vietnam\/vize-islemleri\/vietnam-universite-egitimi\/#breadcrumb","itemListElement":[{"@type":"ListItem","position":1,"name":"Anasayfa","item":"https:\/\/www.myvize.com.tr\/vietnam\/"},{"@type":"ListItem","position":2,"name":"V\u0130ZE \u0130\u015eLEMLER\u0130","item":"https:\/\/www.myvize.com.tr\/vietnam\/vize-islemleri\/"},{"@type":"ListItem","position":3,"name":"Vietnam \u00dcniversite E\u011fitimi"}]},{"@type":"WebSite","@id":"https:\/\/www.myvize.com.tr\/vietnam\/#website","url":"https:\/\/www.myvize.com.tr\/vietnam\/","name":"Vietnam Vizesi","description":"","potentialAction":[{"@type":"SearchAction","target":{"@type":"EntryPoint","urlTemplate":"https:\/\/www.myvize.com.tr\/vietnam\/?s={search_term_string}"},"query-input":{"@type":"PropertyValueSpecification","valueRequired":true,"valueName":"search_term_string"}}],"inLanguage":"tr"}]}},"_links":{"self":[{"href":"https:\/\/www.myvize.com.tr\/vietnam\/wp-json\/wp\/v2\/pages\/53","targetHints":{"allow":["GET"]}}],"collection":[{"href":"https:\/\/www.myvize.com.tr\/vietnam\/wp-json\/wp\/v2\/pages"}],"about":[{"href":"https:\/\/www.myvize.com.tr\/vietnam\/wp-json\/wp\/v2\/types\/page"}],"author":[{"embeddable":true,"href":"https:\/\/www.myvize.com.tr\/vietnam\/wp-json\/wp\/v2\/users\/1"}],"replies":[{"embeddable":true,"href":"https:\/\/www.myvize.com.tr\/vietnam\/wp-json\/wp\/v2\/comments?post=53"}],"version-history":[{"count":7,"href":"https:\/\/www.myvize.com.tr\/vietnam\/wp-json\/wp\/v2\/pages\/53\/revisions"}],"predecessor-version":[{"id":662,"href":"https:\/\/www.myvize.com.tr\/vietnam\/wp-json\/wp\/v2\/pages\/53\/revisions\/662"}],"up":[{"embeddable":true,"href":"https:\/\/www.myvize.com.tr\/vietnam\/wp-json\/wp\/v2\/pages\/18"}],"wp:attachment":[{"href":"https:\/\/www.myvize.com.tr\/vietnam\/wp-json\/wp\/v2\/media?parent=53"}],"curies":[{"name":"wp","href":"https:\/\/api.w.org\/{rel}","templated":true}]}}