{"id":90,"date":"2020-11-30T13:06:29","date_gmt":"2020-11-30T10:06:29","guid":{"rendered":"https:\/\/www.myvize.com.tr\/vietnam\/?page_id=90"},"modified":"2022-05-06T15:45:34","modified_gmt":"2022-05-06T12:45:34","slug":"gaziantep-fahri-konsoloslugu","status":"publish","type":"page","link":"https:\/\/www.myvize.com.tr\/vietnam\/konsolosluklar\/gaziantep-fahri-konsoloslugu\/","title":{"rendered":"Vietnam Gaziantep Fahri Konsoloslu\u011fu"},"content":{"rendered":"<h2><span style=\"font-family: Roboto; font-size: 27px;\"><strong>Vietnam Gaziantep Konsoloslu\u011fu<\/strong><\/span><\/h2>\n<p><span style=\"font-family: Roboto; font-size: 14px;\"><strong>Vietnam B\u00fcy\u00fckel\u00e7ili\u011fi<\/strong> karar\u0131yla vekil atanan<strong> Vietnam Gaziantep Fahri Konsoloslu\u011fu<\/strong>, Vietnam uyruklu vatanda\u015flar\u0131n t\u00fcm resmi i\u015flemini yap\u0131lmas\u0131na yetkili mercidir. \u00d6zellikle ba\u015fkonsolosluk ve b\u00fcy\u00fckel\u00e7ilik olmad\u0131\u011f\u0131 b\u00f6lge Vietnam vatanda\u015f\u0131n\u0131n temel hakk\u0131n\u0131 savunmas\u0131 ad\u0131na Vietnam Gaziantep Fahri Konsoloslu\u011funun t\u00fcm resm\u00ee belgelerinin i\u015flevini sa\u011flar. Bununla birlikte e\u011fer aile bireyinden biri vefat ederse Vietnam Gaziantep Fahri Konsoloslu\u011fuyla \u00fclkesine beyan edebilir. Elbette ki Vietnam \u00fclkesinde vize \u00e7\u0131karma d\u00fc\u015f\u00fcncesi bulunan T\u00fcrk vatanda\u015f\u0131 da <strong>Vietnam Gaziantep Fahri Konsoloslu\u011fu<\/strong> makamlar\u0131na giderek ba\u015fvuru yapmas\u0131 gerekmektedir. <strong>Vietnam Gaziantep Fahri Konsoloslu\u011fu<\/strong>, Vietnam ve T\u00fcrkiye&#8217;nin resm\u00ee tatilinde hizmet vermemektedir.<\/span><br \/>\n<span style=\"font-family: Roboto; font-size: 14px;\"><strong>Vietnam Gaziantep Fahri Konsolosluk<\/strong>, Vietnam\u2019\u0131n T\u00fcrkiye\u2019de bulunan d\u0131\u015f temsilcili\u011findendir.<strong> Gaziantep Vietnam Fahri Konsoloslu\u011fu<\/strong>, Gaziantep ve \u00e7evresinde Vietnam \u00fclkesi ad\u0131na genel olarak ticari i\u015fler d\u00fczenlemesi i\u00e7in kurulmu\u015f. Bunun yan\u0131nda b\u00f6lgedeki ya\u015fayan ki\u015fi, Vietnam vatanda\u015f\u0131na bir\u00e7ok konuda destek olmaktad\u0131r.<\/span><br \/>\n<span style=\"font-family: Roboto; font-size: 14px;\">Vietnam\u2019\u0131n Gaziantep\u2019de bulunan fahri konsoloslu\u011fu, <span style=\"color: #2acec2;\"><strong><a style=\"color: #2acec2;\" href=\"https:\/\/www.myvize.com.tr\/vietnam\/subelerimiz\/gaziantep\/\" target=\"_blank\" rel=\"noopener\">Gaziantep<\/a><\/strong><\/span> ve \u00e7evresi i\u015f kurmu\u015f olan Vietnam vatanda\u015flar\u0131na i\u015f konusunda destek vermekte. T\u00fcrkiye ve Vietnam aras\u0131 ticaret yapacak olan Vietnam vatanda\u015f\u0131 ticari konuda yard\u0131mc\u0131 olmakta.<\/span><\/p>\n<h2><span style=\"font-family: Roboto; font-size: 27px;\"><b>Vietnam Gaziantep Fahri Konsoloslu\u011fu Hakk\u0131nda<\/b><\/span><\/h2>\n<p><span style=\"font-family: Roboto; font-size: 14px;\"><strong>Vietnam Gaziantep Fahri Konsoloslu\u011fu<\/strong>, \u00fclkemizde var olan temsilciliklerin aras\u0131nda ba\u015fvuruda bulunulan en az \u015fehirdir. Bu temsilcili\u011fin yegane amac\u0131, \u00fclkeler aras\u0131 birli\u011fi, siyaseti, ekonomiyi ve sosyal durumlar\u0131 taze ve g\u00fc\u00e7l\u00fc tutmakt\u0131r.\u00a0<strong>Vietnam Gaziantep Fahri Konsoloslu\u011fu<\/strong>, hafta i\u00e7leri 8:30 ila 18:00 aras\u0131 halka hizmet vermektedir. Hafta sonlar\u0131 ve resmi tatillerde halka hizmet verememektedir. Vize ba\u015fvurusunda bulunacak olan ki\u015filer i\u00e7in bilgilendirme yapacak olursak; <span style=\"color: #2acec2;\"><strong><a style=\"color: #2acec2;\" href=\"https:\/\/www.myvize.com.tr\/vietnam\/vize-islemleri\/vietnam-vize-basvuru-formu\/\" target=\"_blank\" rel=\"noopener\">Vietnam vize ba\u015fvuru formu<\/a><\/strong><\/span> elektronik bir \u015fekilde bulunmaktad\u0131r. Bu formun i\u00e7inde ki\u015fisel bilgileriniz ve ayr\u0131nt\u0131l\u0131 bilgiler istenecektir; bu bilgilerin \u00f6zellikle ayr\u0131nt\u0131l\u0131 k\u0131sm\u0131n\u0131 olduk\u00e7a do\u011fru ve yeterli doldurman\u0131z gerekiyor. Ki\u015finin seyahat etti\u011fi il\u00e7e, u\u00e7ak biletinin ka\u00e7 ki\u015filik oldu\u011fu, hangi g\u00fcn gidece\u011finiz gibi bilgileri doldurman\u0131z isteniliyor. Bu bilgileri doldurduktan sonra, ba\u015fvuru sonucunuzu beklemeye ba\u015flayabilirsiniz. Ba\u015fvurunuzun sonu\u00e7lanmas\u0131 konsoloslu\u011fun g\u00fcnlerine g\u00f6re, 5 ila 7 i\u015f g\u00fcn\u00fc aras\u0131nda kabul g\u00f6rmektedir. <strong>Vietnam Gaziantep Fahri Konsoloslu\u011funun\u00a0<\/strong>g\u00f6rev b\u00f6lgesi ve g\u00f6rev b\u00f6lgesinde bulunan ba\u015fvuru yapabilecek vatanda\u015flar ise, Gaziantep\u2019te ikametgah eden ve Gaziantep \u00e7evre illerinde bulunan vatanda\u015flard\u0131r. Bunlardan ayr\u0131, pasaport, pasaport yenileme ve gerekli olan resmi i\u015flemlerde bu konsoloslukta bulunmaktad\u0131r.<\/span><\/p>\n","protected":false},"excerpt":{"rendered":"<p>Vietnam Gaziantep Konsoloslu\u011fu Vietnam B\u00fcy\u00fckel\u00e7ili\u011fi karar\u0131yla vekil atanan Vietnam Gaziantep Fahri Konsoloslu\u011fu, Vietnam uyruklu vatanda\u015flar\u0131n t\u00fcm resmi i\u015flemini yap\u0131lmas\u0131na yetkili mercidir. \u00d6zellikle ba\u015fkonsolosluk ve b\u00fcy\u00fckel\u00e7ilik olmad\u0131\u011f\u0131 b\u00f6lge Vietnam vatanda\u015f\u0131n\u0131n temel hakk\u0131n\u0131 savunmas\u0131 ad\u0131na Vietnam Gaziantep Fahri Konsoloslu\u011funun t\u00fcm resm\u00ee belgelerinin i\u015flevini sa\u011flar. Bununla birlikte e\u011fer aile bireyinden biri vefat ederse Vietnam Gaziantep Fahri Konsoloslu\u011fuyla \u00fclkesine<\/p>\n","protected":false},"author":1,"featured_media":0,"parent":69,"menu_order":0,"comment_status":"open","ping_status":"closed","template":"","meta":{"footnotes":""},"class_list":["post-90","page","type-page","status-publish","hentry"],"yoast_head":"<!-- This site is optimized with the Yoast SEO plugin v24.0 - https:\/\/yoast.com\/wordpress\/plugins\/seo\/ -->\n<title>Vietnam Gaziantep Konsoloslu\u011fu Vize \u0130\u015flemleri - MyVize<\/title>\n<meta name=\"description\" content=\"Vietnam Gaziantep Fahri Konsoloslu\u011fu \u00e7al\u0131\u015fma saatleri. Vietnam Gaziantep Fahri Konsoloslu\u011fu ula\u015f\u0131m, ileti\u015fim bilgileri ve faaliyet alan\u0131.\" \/>\n<meta name=\"robots\" content=\"index, follow, max-snippet:-1, max-image-preview:large, max-video-preview:-1\" \/>\n<link rel=\"canonical\" href=\"https:\/\/www.myvize.com.tr\/vietnam\/konsolosluklar\/gaziantep-fahri-konsoloslugu\/\" \/>\n<meta property=\"og:locale\" content=\"tr_TR\" \/>\n<meta property=\"og:type\" content=\"article\" \/>\n<meta property=\"og:title\" content=\"Vietnam Gaziantep Konsoloslu\u011fu Vize \u0130\u015flemleri - MyVize\" \/>\n<meta property=\"og:description\" content=\"Vietnam Gaziantep Fahri Konsoloslu\u011fu \u00e7al\u0131\u015fma saatleri. Vietnam Gaziantep Fahri Konsoloslu\u011fu ula\u015f\u0131m, ileti\u015fim bilgileri ve faaliyet alan\u0131.\" \/>\n<meta property=\"og:url\" content=\"https:\/\/www.myvize.com.tr\/vietnam\/konsolosluklar\/gaziantep-fahri-konsoloslugu\/\" \/>\n<meta property=\"og:site_name\" content=\"Vietnam Vizesi\" \/>\n<meta property=\"article:modified_time\" content=\"2022-05-06T12:45:34+00:00\" \/>\n<meta name=\"twitter:card\" content=\"summary_large_image\" \/>\n<meta name=\"twitter:label1\" content=\"Tahmini okuma s\u00fcresi\" \/>\n\t<meta name=\"twitter:data1\" content=\"2 dakika\" \/>\n<script type=\"application\/ld+json\" class=\"yoast-schema-graph\">{\"@context\":\"https:\/\/schema.org\",\"@graph\":[{\"@type\":\"WebPage\",\"@id\":\"https:\/\/www.myvize.com.tr\/vietnam\/konsolosluklar\/gaziantep-fahri-konsoloslugu\/\",\"url\":\"https:\/\/www.myvize.com.tr\/vietnam\/konsolosluklar\/gaziantep-fahri-konsoloslugu\/\",\"name\":\"Vietnam Gaziantep Konsoloslu\u011fu Vize \u0130\u015flemleri - MyVize\",\"isPartOf\":{\"@id\":\"https:\/\/www.myvize.com.tr\/vietnam\/#website\"},\"datePublished\":\"2020-11-30T10:06:29+00:00\",\"dateModified\":\"2022-05-06T12:45:34+00:00\",\"description\":\"Vietnam Gaziantep Fahri Konsoloslu\u011fu \u00e7al\u0131\u015fma saatleri. Vietnam Gaziantep Fahri Konsoloslu\u011fu ula\u015f\u0131m, ileti\u015fim bilgileri ve faaliyet alan\u0131.\",\"breadcrumb\":{\"@id\":\"https:\/\/www.myvize.com.tr\/vietnam\/konsolosluklar\/gaziantep-fahri-konsoloslugu\/#breadcrumb\"},\"inLanguage\":\"tr\",\"potentialAction\":[{\"@type\":\"ReadAction\",\"target\":[\"https:\/\/www.myvize.com.tr\/vietnam\/konsolosluklar\/gaziantep-fahri-konsoloslugu\/\"]}]},{\"@type\":\"BreadcrumbList\",\"@id\":\"https:\/\/www.myvize.com.tr\/vietnam\/konsolosluklar\/gaziantep-fahri-konsoloslugu\/#breadcrumb\",\"itemListElement\":[{\"@type\":\"ListItem\",\"position\":1,\"name\":\"Anasayfa\",\"item\":\"https:\/\/www.myvize.com.tr\/vietnam\/\"},{\"@type\":\"ListItem\",\"position\":2,\"name\":\"KONSOLOSLUKLAR\",\"item\":\"https:\/\/www.myvize.com.tr\/vietnam\/konsolosluklar\/\"},{\"@type\":\"ListItem\",\"position\":3,\"name\":\"Vietnam Gaziantep Fahri Konsoloslu\u011fu\"}]},{\"@type\":\"WebSite\",\"@id\":\"https:\/\/www.myvize.com.tr\/vietnam\/#website\",\"url\":\"https:\/\/www.myvize.com.tr\/vietnam\/\",\"name\":\"Vietnam Vizesi\",\"description\":\"\",\"potentialAction\":[{\"@type\":\"SearchAction\",\"target\":{\"@type\":\"EntryPoint\",\"urlTemplate\":\"https:\/\/www.myvize.com.tr\/vietnam\/?s={search_term_string}\"},\"query-input\":{\"@type\":\"PropertyValueSpecification\",\"valueRequired\":true,\"valueName\":\"search_term_string\"}}],\"inLanguage\":\"tr\"}]}<\/script>\n<!-- \/ Yoast SEO plugin. -->","yoast_head_json":{"title":"Vietnam Gaziantep Konsoloslu\u011fu Vize \u0130\u015flemleri - MyVize","description":"Vietnam Gaziantep Fahri Konsoloslu\u011fu \u00e7al\u0131\u015fma saatleri. Vietnam Gaziantep Fahri Konsoloslu\u011fu ula\u015f\u0131m, ileti\u015fim bilgileri ve faaliyet alan\u0131.","robots":{"index":"index","follow":"follow","max-snippet":"max-snippet:-1","max-image-preview":"max-image-preview:large","max-video-preview":"max-video-preview:-1"},"canonical":"https:\/\/www.myvize.com.tr\/vietnam\/konsolosluklar\/gaziantep-fahri-konsoloslugu\/","og_locale":"tr_TR","og_type":"article","og_title":"Vietnam Gaziantep Konsoloslu\u011fu Vize \u0130\u015flemleri - MyVize","og_description":"Vietnam Gaziantep Fahri Konsoloslu\u011fu \u00e7al\u0131\u015fma saatleri. Vietnam Gaziantep Fahri Konsoloslu\u011fu ula\u015f\u0131m, ileti\u015fim bilgileri ve faaliyet alan\u0131.","og_url":"https:\/\/www.myvize.com.tr\/vietnam\/konsolosluklar\/gaziantep-fahri-konsoloslugu\/","og_site_name":"Vietnam Vizesi","article_modified_time":"2022-05-06T12:45:34+00:00","twitter_card":"summary_large_image","twitter_misc":{"Tahmini okuma s\u00fcresi":"2 dakika"},"schema":{"@context":"https:\/\/schema.org","@graph":[{"@type":"WebPage","@id":"https:\/\/www.myvize.com.tr\/vietnam\/konsolosluklar\/gaziantep-fahri-konsoloslugu\/","url":"https:\/\/www.myvize.com.tr\/vietnam\/konsolosluklar\/gaziantep-fahri-konsoloslugu\/","name":"Vietnam Gaziantep Konsoloslu\u011fu Vize \u0130\u015flemleri - MyVize","isPartOf":{"@id":"https:\/\/www.myvize.com.tr\/vietnam\/#website"},"datePublished":"2020-11-30T10:06:29+00:00","dateModified":"2022-05-06T12:45:34+00:00","description":"Vietnam Gaziantep Fahri Konsoloslu\u011fu \u00e7al\u0131\u015fma saatleri. Vietnam Gaziantep Fahri Konsoloslu\u011fu ula\u015f\u0131m, ileti\u015fim bilgileri ve faaliyet alan\u0131.","breadcrumb":{"@id":"https:\/\/www.myvize.com.tr\/vietnam\/konsolosluklar\/gaziantep-fahri-konsoloslugu\/#breadcrumb"},"inLanguage":"tr","potentialAction":[{"@type":"ReadAction","target":["https:\/\/www.myvize.com.tr\/vietnam\/konsolosluklar\/gaziantep-fahri-konsoloslugu\/"]}]},{"@type":"BreadcrumbList","@id":"https:\/\/www.myvize.com.tr\/vietnam\/konsolosluklar\/gaziantep-fahri-konsoloslugu\/#breadcrumb","itemListElement":[{"@type":"ListItem","position":1,"name":"Anasayfa","item":"https:\/\/www.myvize.com.tr\/vietnam\/"},{"@type":"ListItem","position":2,"name":"KONSOLOSLUKLAR","item":"https:\/\/www.myvize.com.tr\/vietnam\/konsolosluklar\/"},{"@type":"ListItem","position":3,"name":"Vietnam Gaziantep Fahri Konsoloslu\u011fu"}]},{"@type":"WebSite","@id":"https:\/\/www.myvize.com.tr\/vietnam\/#website","url":"https:\/\/www.myvize.com.tr\/vietnam\/","name":"Vietnam Vizesi","description":"","potentialAction":[{"@type":"SearchAction","target":{"@type":"EntryPoint","urlTemplate":"https:\/\/www.myvize.com.tr\/vietnam\/?s={search_term_string}"},"query-input":{"@type":"PropertyValueSpecification","valueRequired":true,"valueName":"search_term_string"}}],"inLanguage":"tr"}]}},"_links":{"self":[{"href":"https:\/\/www.myvize.com.tr\/vietnam\/wp-json\/wp\/v2\/pages\/90","targetHints":{"allow":["GET"]}}],"collection":[{"href":"https:\/\/www.myvize.com.tr\/vietnam\/wp-json\/wp\/v2\/pages"}],"about":[{"href":"https:\/\/www.myvize.com.tr\/vietnam\/wp-json\/wp\/v2\/types\/page"}],"author":[{"embeddable":true,"href":"https:\/\/www.myvize.com.tr\/vietnam\/wp-json\/wp\/v2\/users\/1"}],"replies":[{"embeddable":true,"href":"https:\/\/www.myvize.com.tr\/vietnam\/wp-json\/wp\/v2\/comments?post=90"}],"version-history":[{"count":5,"href":"https:\/\/www.myvize.com.tr\/vietnam\/wp-json\/wp\/v2\/pages\/90\/revisions"}],"predecessor-version":[{"id":681,"href":"https:\/\/www.myvize.com.tr\/vietnam\/wp-json\/wp\/v2\/pages\/90\/revisions\/681"}],"up":[{"embeddable":true,"href":"https:\/\/www.myvize.com.tr\/vietnam\/wp-json\/wp\/v2\/pages\/69"}],"wp:attachment":[{"href":"https:\/\/www.myvize.com.tr\/vietnam\/wp-json\/wp\/v2\/media?parent=90"}],"curies":[{"name":"wp","href":"https:\/\/api.w.org\/{rel}","templated":true}]}}