{"id":92,"date":"2020-11-30T13:07:02","date_gmt":"2020-11-30T10:07:02","guid":{"rendered":"https:\/\/www.myvize.com.tr\/vietnam\/?page_id=92"},"modified":"2022-05-06T15:46:13","modified_gmt":"2022-05-06T12:46:13","slug":"vietnam-konsolosluk-islemleri","status":"publish","type":"page","link":"https:\/\/www.myvize.com.tr\/vietnam\/konsolosluklar\/vietnam-konsolosluk-islemleri\/","title":{"rendered":"Vietnam Konsolosluk \u0130\u015flemleri"},"content":{"rendered":"<p><span style=\"font-family: Roboto; font-size: 14px;\"><strong>Vietnam Konsolosluk i\u015flemi<\/strong>, <strong>Vietnam B\u00fcy\u00fckel\u00e7ili\u011fi<\/strong> ve konsoloslu\u011funun \u2018\u2019konsolosluk b\u00f6l\u00fcm\u00fc\u2019\u2019 ile yap\u0131lmakta. Vietnam T\u00fcrkiye\u2019de Vietnam B\u00fcy\u00fckel\u00e7ilik, Vietnam Ba\u015fkonsoloslu\u011fu ile <strong>Vietnam Fahri Konsoloslu\u011fu<\/strong> bulunmaktad\u0131r. Vietnam vatanda\u015f\u0131na, <strong>Vietnam konsolosluk hizmetleri<\/strong> ve Vietnam noter hizmetleri vermektedir. Ayr\u0131ca B\u00fcy\u00fckel\u00e7ili\u011fi Vietnam vergi y\u00fck\u00fcml\u00fcl\u00fck olan Vietnam vatanda\u015f\u0131ndan Vietnam ad\u0131na vergi toplamakta.<\/span><br \/>\n<span style=\"font-family: Roboto; font-size: 14px;\">Vietnam\u2019a seyahat etmeyi isteyen T\u00fcrk vatanda\u015f\u0131 ve T\u00fcrkiye\u2019de oturum izini olan \u00fc\u00e7\u00fcnc\u00fc \u00fclke vatanda\u015f\u0131na da vize hizmetleri vermekte. Vietnam Fahri konsoloslu\u011funa diplomat yetki verilmemi\u015fdir. Vietnam ve T\u00fcrkiye k\u00e2nununa ve uluslararas\u0131 hukuka ba\u011fl\u0131 kalarak Vietnam \u00e7\u0131kar\u0131n\u0131 korumaktad\u0131r.<\/span><br \/>\n<span style=\"font-family: Roboto; font-size: 14px;\"><strong>Vietnam Konsolosluk i\u015flemleri<\/strong> \u015fu \u015fekildedir; Vietnam vatanda\u015flar\u0131n\u0131n do\u011fum i\u015flemi, evlilik i\u015flemleri, pasaport i\u015flemleri, noterlik i\u015flemleri, sa\u011fl\u0131k i\u015flemleri, \u00f6l\u00fcm i\u015flemleri, e\u011fitim i\u015flemleri, adli i\u015flemleri, vergi i\u015flemleri, askerlik i\u015flemleri, n\u00fcfus i\u015flemleri, Vietnam\u2019a seyahat etmek isteyen ki\u015finin vize, T\u00fcrkiye Cumhuriyeti vatanda\u015f\u0131n\u0131n Vietnam vatanda\u015fl\u0131klar\u0131na ge\u00e7i\u015f, T\u00fcrkiye\u2019de bulunan yabanc\u0131 \u00fclkenin <span style=\"color: #2acec2;\"><strong><a style=\"color: #2acec2;\" href=\"https:\/\/www.myvize.com.tr\/vietnam\/vize-islemleri\/vietnam-oturum-izni\/\" target=\"_blank\" rel=\"noopener\">Vietnam oturum izni<\/a><\/strong><\/span> ve \u00e7al\u0131\u015fma izni i\u015flemi T\u00fcrkiye\u2019de ticaret edilen Vietnam vatanda\u015f\u0131na destek olmaktad\u0131r. Vietnam Devleti, Vietnam seyahat edecek T\u00fcrkiye Cumhuriyeti vatanda\u015f\u0131n\u0131 Vietnam vize prosed\u00fcr\u00fc tabii tutmaktad\u0131r.\u00a0<\/span><\/p>\n<h2><span style=\"font-family: Roboto; font-size: 27px;\"><b>Vietnam Ba\u015fkonsolosluk \u0130\u015flemleri<\/b><\/span><\/h2>\n<p><span style=\"font-family: Roboto; font-size: 14px;\"><strong>Vietnam Ba\u015fkonsolosluk i\u015flemlerini\u00a0<\/strong>ele alaca\u011f\u0131m\u0131z bu yaz\u0131m\u0131zda,\u00a0<strong>ba\u015fkonsolosluklar\u0131n\u00a0<\/strong>ne t\u00fcr i\u015flemlerde yard\u0131mc\u0131 oldu\u011funa a\u015fina olabilirsiniz. Bu ba\u015fkonsoloslu\u011fun yapt\u0131\u011f\u0131 i\u015flemlere bakacak olursak; ba\u011fl\u0131 bulunduklar\u0131 \u00fclkeyi temsil ettiklerinden dolay\u0131, Vietnam vatanda\u015flar\u0131n\u0131n sorunlar\u0131n\u0131 ve gerekli olan i\u015flemlerini halletmek i\u00e7in konsoloslar bulunmaktad\u0131r.\u00a0<strong>Vietnam Ba\u015fkonsolosluk i\u015flemlerinde<\/strong>; Evlilik, \u00fclkesinde evlili\u011fin yap\u0131l\u0131p yap\u0131lmad\u0131\u011f\u0131 soru\u015fturulmas\u0131 da dahil olmak \u00fczere bir\u00e7ok i\u015flemde bulunulmaktad\u0131r. Pasaport, pasaport yenileme, miras ve vergi geliri i\u015flemleri de Vietnam Ba\u015fkonsoloslu\u011funda yapabilece\u011finiz i\u015flemler aras\u0131nda yer al\u0131yor. Vietnam vatanda\u015flar\u0131n\u0131n sosyal g\u00fcvenli\u011fi, askerlik durumlar\u0131yla ilgili arz eden bilgiler de bu konsoloslukta yap\u0131lmaktad\u0131r. Bunlar\u0131n yan\u0131 s\u0131ra, do\u011fum ve \u00f6l\u00fcm i\u015flemleri, vize ba\u015fvuru,<span style=\"color: #2acec2;\"><strong><a style=\"color: #2acec2;\" href=\"https:\/\/www.myvize.com.tr\/vietnam\/vize-islemleri\/\" target=\"_blank\" rel=\"noopener\"> vize i\u015flemleri<\/a><\/strong><\/span> de bu konsoloslukta yap\u0131labilmektedir. <strong>Vietnam Ba\u015fkonsolosluk i\u015flemleri<\/strong>, \u00fclkenin ticari, siyasi ve ekonomik alandaki s\u00fcre\u00e7lerinin de iyi gitmesine ve taze tutulmas\u0131na yard\u0131mc\u0131 olmaktad\u0131r. Bu i\u015flemleri yapmakta zorluk \u00e7ekme durumunuz bulunmamaktad\u0131r; konsoloslukta bulunan sekreterlerin, her birinin size yard\u0131mc\u0131 olaca\u011f\u0131ndan \u015f\u00fcpheniz olmas\u0131n. B\u00fct\u00fcn resmi i\u015flemlerinizi yapmakla m\u00fckellef olan sekreterler ve konsoloslar, sizlere yap\u0131lacaklar\u0131 ve yapabileceklerinizi aktar\u0131rlar.\u00a0<strong><em>Vietnam\u00a0<\/em>Ba\u015fkonsolosluk i\u015flemleri<\/strong>, s\u00fcre\u00e7 ve zaman bak\u0131m\u0131ndan da olduk\u00e7a h\u0131zl\u0131d\u0131r.<\/span><\/p>\n<h2><strong><span style=\"font-family: Roboto; font-size: 27px;\">Vietnam Konsolosluk Departmanlar\u0131<\/span><\/strong><\/h2>\n<p><span style=\"font-family: Roboto; font-size: 14px;\">Vietnam Konsolosluk i\u015flemi yapacak olan ki\u015filer, <strong>Vietnam konsolosluk<\/strong> i\u015flemlerini ilgili departmana yapabilmektedir. Vietnam Konsolosluk i\u015flemi yapacak olan ki\u015filer, Vietnam Konsoloslu\u011fu\u2019nda bulunan departmanlar hakk\u0131nda bilgi sahibi olmak istemektedir. Bu yaz\u0131da Vietnam Konsolosluk i\u015flemi yapacak olan ki\u015filer i\u00e7in Vietnam konsolosluk departmanlar\u0131 hakk\u0131nda bilgi verilmi\u015ftir.<\/span><\/p>\n<p><span style=\"font-family: Roboto; font-size: 14px;\">Vietnam Konsoloslu\u011fu, Vietnam temsilcili\u011finde i\u015flem yapacak olan ki\u015filerin i\u015flemlerini farkl\u0131 konsoloslukta yapmaktad\u0131r. Vietnam Konsolosluk departmanlar\u0131 a\u015fa\u011f\u0131da verilmi\u015ftir.<\/span><\/p>\n<ul>\n<li><span style=\"font-family: Roboto; font-size: 14px;\"><strong>Vize B\u00f6l\u00fcm\u00fc:\u00a0<\/strong>Vietnam\u2019a seyahat edecek olan ki\u015filerin vize i\u015flemlerinin yap\u0131ld\u0131\u011f\u0131 Vietnam Konsolosluk departman\u0131d\u0131r.<\/span><\/li>\n<li><span style=\"font-family: Roboto; font-size: 14px;\"><strong>Konsolosluk B\u00f6l\u00fcm\u00fc:\u00a0<\/strong>Vietnam vatanda\u015flar\u0131n\u0131n konsolosluk i\u015flemlerinin yap\u0131lm\u0131\u015f oldu\u011fu departmand\u0131r.<\/span><\/li>\n<li><span style=\"font-family: Roboto; font-size: 14px;\"><strong>Bas\u0131n Departman\u0131:\u00a0<\/strong>Vietnam konsoloslu\u011fu ad\u0131na bas\u0131n a\u00e7\u0131klamas\u0131 yapmakta ve Vietnam hakk\u0131nda T\u00fcrk medyas\u0131n\u0131 bilgilendirmektedir.<\/span><\/li>\n<li><span style=\"font-family: Roboto; font-size: 14px;\"><strong>K\u00fclt\u00fcr Departman\u0131:\u00a0<\/strong>T\u00fcrkiye ile Vietnam aras\u0131nda k\u00fclt\u00fcr al\u0131\u015fveri\u015fi yapmakta ve Vietnam k\u00fclt\u00fcr\u00fcn\u00fc T\u00fcrkiye\u2019de tan\u0131tmay\u0131 ama\u00e7lamaktad\u0131r.<\/span><\/li>\n<li><span style=\"font-family: Roboto; font-size: 14px;\"><strong>Ekonomi Departman\u0131:\u00a0<\/strong>T\u00fcrkiye ile Vietnam aras\u0131nda yeni ekonomik i\u015fbirlikleri yap\u0131lmas\u0131n\u0131 ve yeni yat\u0131r\u0131m alanlar\u0131n\u0131n ortaya \u00e7\u0131kar\u0131lmas\u0131n\u0131 ama\u00e7lamaktad\u0131r.<\/span><\/li>\n<\/ul>\n<h2><strong><span style=\"font-family: Roboto; font-size: 27px;\">Vietnam Konsoloslu\u011fu&#8217;nda Hangi \u0130\u015flemler Yap\u0131l\u0131r?<\/span><\/strong><\/h2>\n<p><span style=\"font-family: Roboto; font-size: 14px;\"><strong>Vietnam konsolosluk i\u015flemleri<\/strong> olan ki\u015filer bu i\u015flemlerini T\u00fcrkiye\u2019de bulunan ve ikametinden sorumlu Vietnam Konsoloslu\u011fu\u2019nda yapabilmektedir. Vietnam Konsoloslu\u011fu\u2019nda i\u015flem yapacak olan ki\u015filer hangi i\u015flemleri yapabilece\u011fini merak etmektedir. Bu yaz\u0131da Vietnam Konsolosluk i\u015flemi yapacak olan ki\u015filer i\u00e7in \u201cVietnam Konsoloslu\u011fu\u2019nda hangi i\u015flemler yap\u0131l\u0131r?\u201d sorusunun cevab\u0131 verilmi\u015ftir.<\/span><\/p>\n<p><span style=\"font-family: Roboto; font-size: 14px;\">Vietnam Konsoloslu\u011fu\u2019nda T\u00fcrkiye Cumhuriyeti vatanda\u015flar\u0131, T\u00fcrkiye\u2019de ikamet eden di\u011fer \u00fclke vatanda\u015flar\u0131 ve Vietnam vatanda\u015flar\u0131 i\u015flem yapabilmektedir. Vietnam Konsoloslu\u011fu\u2019nda a\u015fa\u011f\u0131daki i\u015flemleri yapabilir.<\/span><\/p>\n<ul>\n<li><span style=\"font-family: Roboto; font-size: 14px;\"><strong>Vietnam vatanda\u015flar\u0131<\/strong> do\u011fum i\u015flemleri,<\/span><\/li>\n<li><span style=\"font-family: Roboto; font-size: 14px;\">Vietnam vatanda\u015flar\u0131 evlilik i\u015flemleri,<\/span><\/li>\n<li><span style=\"font-family: Roboto; font-size: 14px;\">Vietnam vatanda\u015flar\u0131 askerlik i\u015flemleri hakk\u0131nda bilgi,<\/span><\/li>\n<li><span style=\"font-family: Roboto; font-size: 14px;\">Vietnam vatanda\u015flar\u0131 pasaport i\u015flemleri<\/span><\/li>\n<li><span style=\"font-family: Roboto; font-size: 14px;\">Vietnam noterlik i\u015flemleri<\/span><\/li>\n<li><span style=\"font-family: Roboto; font-size: 14px;\">Vietnam vatanda\u015flar\u0131 \u00f6l\u00fcm i\u015flemleri<\/span><\/li>\n<li><span style=\"font-family: Roboto; font-size: 14px;\">Vietnam vatanda\u015flar\u0131n\u0131n vatanda\u015fl\u0131k i\u015flemleri<\/span><\/li>\n<li><span style=\"font-family: Roboto; font-size: 14px;\">Adli konularda i\u015flemler<\/span><\/li>\n<li><span style=\"font-family: Roboto; font-size: 14px;\">Vietnam aile ve \u00e7al\u0131\u015fma i\u015flemleri<\/span><\/li>\n<li><span style=\"font-family: Roboto; font-size: 14px;\">Belge yenileme, tasdik ve di\u011fer i\u015flemler<\/span><\/li>\n<li><span style=\"font-family: Roboto; font-size: 14px;\">Vietnam\u2019a seyahat edecek olan ki\u015filer seyahat amac\u0131na uygun olan Vietnam vize ba\u015fvurusunu da Vietnam temsilcili\u011fine yapabilmektedir. \u00a0<\/span><\/li>\n<\/ul>\n<h2><strong><span style=\"font-family: Roboto; font-size: 27px;\">Vietnam Konsoloslu\u011fu Vize \u0130\u015flemleri<\/span><\/strong><\/h2>\n<p><span style=\"font-family: Roboto; font-size: 14px;\">Vietnam\u2019a seyahat edecek olan ki\u015filer seyahatlerini ger\u00e7ekle\u015ftirebilmek i\u00e7in <strong>Vietnam vizesi<\/strong> almal\u0131d\u0131r. Vietnam vizesi alacak olan ki\u015filer <strong>Vietnam vize<\/strong> i\u015flemlerini merak etmektedir. Bu yaz\u0131da Vietnam vizesi alacak olan ki\u015filer i\u00e7in Vietnam vize i\u015flemleri hakk\u0131nda bilgi verilmi\u015ftir.<\/span><\/p>\n<p><span style=\"font-family: Roboto; font-size: 14px;\"><strong>Vietnam vize ba\u015fvurular\u0131<\/strong> Vietnam konsoloslu\u011fu ya da Vietnam vize ba\u015fvuru merkezlerine yap\u0131lmaktad\u0131r. A\u015fa\u011f\u0131da Vietnam konsoloslu\u011funa yap\u0131lacak vize i\u015flemleri hakk\u0131nda bilgi verilmi\u015ftir.<\/span><\/p>\n<ul>\n<li><span style=\"font-family: Roboto; font-size: 14px;\">Vietnam Konsoloslu\u011fu vize i\u015flemleri i\u00e7in \u00f6ncelikle Vietnam seyahat amac\u0131na uygun olan vize t\u00fcr\u00fc belirlenmelidir.<\/span><\/li>\n<li><span style=\"font-family: Roboto; font-size: 14px;\">Vietnam vize t\u00fcr\u00fcn\u00fc belirleyen ki\u015filer, Vietnam vize t\u00fcr\u00fcne uygun olan evraklar\u0131 eksiksiz olarak haz\u0131rlamal\u0131d\u0131r.<\/span><\/li>\n<li><span style=\"font-family: Roboto; font-size: 14px;\">Vietnam vize ba\u015fvurusu i\u00e7in randevu al\u0131nmas\u0131 gibi bir zorunluluk bulunmad\u0131\u011f\u0131ndan dolay\u0131 gerekli belgeler ile Vietnam Konsoloslu\u011fu ziyaret edilmelidir.<\/span><\/li>\n<\/ul>\n<p><span style=\"font-family: Roboto; font-size: 14px;\"><span style=\"color: #2acec2;\"><strong><a style=\"color: #2acec2;\" href=\"https:\/\/www.myvize.com.tr\/vietnam\/vietnam-vize-basvurusu\/\" target=\"_blank\" rel=\"noopener\">Vietnam vize ba\u015fvurusu<\/a><\/strong><\/span> yapacak olan ki\u015filer, gerekli olan Vietnam vize evraklar\u0131n\u0131 Vietnam Konsoloslu\u011fu\u2019nun istedi\u011fi \u015fekilde haz\u0131rlanmal\u0131d\u0131r. Ayr\u0131ca Vietnam\u2019da bulunulacak s\u00fcre boyunca masraflar\u0131n kar\u015f\u0131lanaca\u011f\u0131 kan\u0131tlanmal\u0131d\u0131r.<\/span><\/p>\n<h3><strong><span style=\"font-family: Roboto; font-size: 24px;\">Vietnam Konsolosluk Pasaport \u0130\u015flemleri<\/span><\/strong><\/h3>\n<p><span style=\"font-family: Roboto; font-size: 14px;\">Vietnam vatanda\u015f\u0131 olup pasaport i\u015flemi yapacak olan ki\u015filer i\u015flemlerini Vietnam Konsoloslu\u011fu\u2019nda yapabilmektedir. Vietnam Konsoloslu\u011fu pasaport i\u015flemleri yapacak olan ki\u015filer, i\u015flemler hakk\u0131nda bilgi sahibi olmak istemektedir. Bu yaz\u0131da pasaport i\u015flemi yapacak olan ki\u015filer i\u00e7in Vietnam Konsoloslu\u011fu pasaport i\u015flemleri hakk\u0131nda bilgi verilmi\u015ftir.<\/span><\/p>\n<p><span style=\"font-family: Roboto; font-size: 14px;\"><strong>Vietnam Konsoloslu\u011fu<\/strong> pasaport i\u015flemi yapacak olan ki\u015filer i\u015flemlerini Vietnam\u2019\u0131n T\u00fcrkiye\u2019de bulunan Konsolosluklar\u0131n yapmas\u0131 gerekmektedir. Vietnam Konsoloslu\u011fu pasaport i\u015flemi yapacak olan ki\u015filer i\u015flemlerini a\u015fa\u011f\u0131daki \u015fekilde yapabilmektedir.<\/span><\/p>\n<p><span style=\"font-family: Roboto; font-size: 14px;\">Vietnam Konsoloslu\u011fu pasaport i\u015flemi yapacak olan ki\u015filer i\u015flemlerini yerine getirebilmek i\u00e7in Vietnam Konsoloslu\u011fu\u2019ndan randevu al\u0131nmas\u0131na gerek bulunmamaktad\u0131r. Ancak baz\u0131 durumlarda Vietnam konsoloslu\u011fu randevu i\u015flemini zorunlu yapabilir. Vietnam vize randevu bilgisi i\u00e7in <strong>Vietnam Pasaport i\u015flemlerinin<\/strong> yap\u0131laca\u011f\u0131 temsilcilik ile ileti\u015fime ge\u00e7ebilirsiniz.<\/span><\/p>\n<p><span style=\"font-family: Roboto; font-size: 14px;\">Vietnam Konsoloslu\u011fu\u2019nda yap\u0131labilecek olan i\u015flemler a\u015fa\u011f\u0131da verilmi\u015ftir;<\/span><\/p>\n<ul>\n<li><span style=\"font-family: Roboto; font-size: 14px;\">Vietnam Konsoloslu\u011fu\u2019nda<strong> Vietnam vatanda\u015flar\u0131<\/strong> kaybolan pasaport i\u00e7in yeni pasaport ba\u015fvurusu yapabilir.<\/span><\/li>\n<li><span style=\"font-family: Roboto; font-size: 14px;\">Yeni do\u011fmu\u015f ki\u015filer i\u00e7in Vietnam pasaport ba\u015fvurusu yapabilir.<\/span><\/li>\n<li><span style=\"font-family: Roboto; font-size: 14px;\">S\u00fcresi dolmu\u015f olan Vietnam pasaport yenilenebilir.<\/span><\/li>\n<li><span style=\"font-family: Roboto; font-size: 14px;\"><strong>Vietnam vize ba\u015fvurusu<\/strong> i\u00e7in teslim edilmi\u015f pasaportlar al\u0131nabilir.<\/span><\/li>\n<\/ul>\n","protected":false},"excerpt":{"rendered":"<p>Vietnam Konsolosluk i\u015flemi, Vietnam B\u00fcy\u00fckel\u00e7ili\u011fi ve konsoloslu\u011funun \u2018\u2019konsolosluk b\u00f6l\u00fcm\u00fc\u2019\u2019 ile yap\u0131lmakta. Vietnam T\u00fcrkiye\u2019de Vietnam B\u00fcy\u00fckel\u00e7ilik, Vietnam Ba\u015fkonsoloslu\u011fu ile Vietnam Fahri Konsoloslu\u011fu bulunmaktad\u0131r. Vietnam vatanda\u015f\u0131na, Vietnam konsolosluk hizmetleri ve Vietnam noter hizmetleri vermektedir. Ayr\u0131ca B\u00fcy\u00fckel\u00e7ili\u011fi Vietnam vergi y\u00fck\u00fcml\u00fcl\u00fck olan Vietnam vatanda\u015f\u0131ndan Vietnam ad\u0131na vergi toplamakta. Vietnam\u2019a seyahat etmeyi isteyen T\u00fcrk vatanda\u015f\u0131 ve T\u00fcrkiye\u2019de oturum izini olan<\/p>\n","protected":false},"author":1,"featured_media":0,"parent":69,"menu_order":0,"comment_status":"open","ping_status":"closed","template":"","meta":{"footnotes":""},"class_list":["post-92","page","type-page","status-publish","hentry"],"yoast_head":"<!-- This site is optimized with the Yoast SEO plugin v24.0 - https:\/\/yoast.com\/wordpress\/plugins\/seo\/ -->\n<title>Vietnam Konsolosluk \u0130\u015flemleri -Vietnam Vizesi - MyVize<\/title>\n<meta name=\"description\" content=\"Vietnam konsolosluk i\u015flemleri gerekli evraklar g\u00fcncel olarak verilmektedir. Vietnam konsolosluk i\u015flemleri gerekli \u015fartlar.\" \/>\n<meta name=\"robots\" content=\"index, follow, max-snippet:-1, max-image-preview:large, max-video-preview:-1\" \/>\n<link rel=\"canonical\" href=\"https:\/\/www.myvize.com.tr\/vietnam\/konsolosluklar\/vietnam-konsolosluk-islemleri\/\" \/>\n<meta property=\"og:locale\" content=\"tr_TR\" \/>\n<meta property=\"og:type\" content=\"article\" \/>\n<meta property=\"og:title\" content=\"Vietnam Konsolosluk \u0130\u015flemleri -Vietnam Vizesi - MyVize\" \/>\n<meta property=\"og:description\" content=\"Vietnam konsolosluk i\u015flemleri gerekli evraklar g\u00fcncel olarak verilmektedir. Vietnam konsolosluk i\u015flemleri gerekli \u015fartlar.\" \/>\n<meta property=\"og:url\" content=\"https:\/\/www.myvize.com.tr\/vietnam\/konsolosluklar\/vietnam-konsolosluk-islemleri\/\" \/>\n<meta property=\"og:site_name\" content=\"Vietnam Vizesi\" \/>\n<meta property=\"article:modified_time\" content=\"2022-05-06T12:46:13+00:00\" \/>\n<meta name=\"twitter:card\" content=\"summary_large_image\" \/>\n<meta name=\"twitter:label1\" content=\"Tahmini okuma s\u00fcresi\" \/>\n\t<meta name=\"twitter:data1\" content=\"4 dakika\" \/>\n<script type=\"application\/ld+json\" class=\"yoast-schema-graph\">{\"@context\":\"https:\/\/schema.org\",\"@graph\":[{\"@type\":\"WebPage\",\"@id\":\"https:\/\/www.myvize.com.tr\/vietnam\/konsolosluklar\/vietnam-konsolosluk-islemleri\/\",\"url\":\"https:\/\/www.myvize.com.tr\/vietnam\/konsolosluklar\/vietnam-konsolosluk-islemleri\/\",\"name\":\"Vietnam Konsolosluk \u0130\u015flemleri -Vietnam Vizesi - MyVize\",\"isPartOf\":{\"@id\":\"https:\/\/www.myvize.com.tr\/vietnam\/#website\"},\"datePublished\":\"2020-11-30T10:07:02+00:00\",\"dateModified\":\"2022-05-06T12:46:13+00:00\",\"description\":\"Vietnam konsolosluk i\u015flemleri gerekli evraklar g\u00fcncel olarak verilmektedir. Vietnam konsolosluk i\u015flemleri gerekli \u015fartlar.\",\"breadcrumb\":{\"@id\":\"https:\/\/www.myvize.com.tr\/vietnam\/konsolosluklar\/vietnam-konsolosluk-islemleri\/#breadcrumb\"},\"inLanguage\":\"tr\",\"potentialAction\":[{\"@type\":\"ReadAction\",\"target\":[\"https:\/\/www.myvize.com.tr\/vietnam\/konsolosluklar\/vietnam-konsolosluk-islemleri\/\"]}]},{\"@type\":\"BreadcrumbList\",\"@id\":\"https:\/\/www.myvize.com.tr\/vietnam\/konsolosluklar\/vietnam-konsolosluk-islemleri\/#breadcrumb\",\"itemListElement\":[{\"@type\":\"ListItem\",\"position\":1,\"name\":\"Anasayfa\",\"item\":\"https:\/\/www.myvize.com.tr\/vietnam\/\"},{\"@type\":\"ListItem\",\"position\":2,\"name\":\"KONSOLOSLUKLAR\",\"item\":\"https:\/\/www.myvize.com.tr\/vietnam\/konsolosluklar\/\"},{\"@type\":\"ListItem\",\"position\":3,\"name\":\"Vietnam Konsolosluk \u0130\u015flemleri\"}]},{\"@type\":\"WebSite\",\"@id\":\"https:\/\/www.myvize.com.tr\/vietnam\/#website\",\"url\":\"https:\/\/www.myvize.com.tr\/vietnam\/\",\"name\":\"Vietnam Vizesi\",\"description\":\"\",\"potentialAction\":[{\"@type\":\"SearchAction\",\"target\":{\"@type\":\"EntryPoint\",\"urlTemplate\":\"https:\/\/www.myvize.com.tr\/vietnam\/?s={search_term_string}\"},\"query-input\":{\"@type\":\"PropertyValueSpecification\",\"valueRequired\":true,\"valueName\":\"search_term_string\"}}],\"inLanguage\":\"tr\"}]}<\/script>\n<!-- \/ Yoast SEO plugin. -->","yoast_head_json":{"title":"Vietnam Konsolosluk \u0130\u015flemleri -Vietnam Vizesi - MyVize","description":"Vietnam konsolosluk i\u015flemleri gerekli evraklar g\u00fcncel olarak verilmektedir. Vietnam konsolosluk i\u015flemleri gerekli \u015fartlar.","robots":{"index":"index","follow":"follow","max-snippet":"max-snippet:-1","max-image-preview":"max-image-preview:large","max-video-preview":"max-video-preview:-1"},"canonical":"https:\/\/www.myvize.com.tr\/vietnam\/konsolosluklar\/vietnam-konsolosluk-islemleri\/","og_locale":"tr_TR","og_type":"article","og_title":"Vietnam Konsolosluk \u0130\u015flemleri -Vietnam Vizesi - MyVize","og_description":"Vietnam konsolosluk i\u015flemleri gerekli evraklar g\u00fcncel olarak verilmektedir. Vietnam konsolosluk i\u015flemleri gerekli \u015fartlar.","og_url":"https:\/\/www.myvize.com.tr\/vietnam\/konsolosluklar\/vietnam-konsolosluk-islemleri\/","og_site_name":"Vietnam Vizesi","article_modified_time":"2022-05-06T12:46:13+00:00","twitter_card":"summary_large_image","twitter_misc":{"Tahmini okuma s\u00fcresi":"4 dakika"},"schema":{"@context":"https:\/\/schema.org","@graph":[{"@type":"WebPage","@id":"https:\/\/www.myvize.com.tr\/vietnam\/konsolosluklar\/vietnam-konsolosluk-islemleri\/","url":"https:\/\/www.myvize.com.tr\/vietnam\/konsolosluklar\/vietnam-konsolosluk-islemleri\/","name":"Vietnam Konsolosluk \u0130\u015flemleri -Vietnam Vizesi - MyVize","isPartOf":{"@id":"https:\/\/www.myvize.com.tr\/vietnam\/#website"},"datePublished":"2020-11-30T10:07:02+00:00","dateModified":"2022-05-06T12:46:13+00:00","description":"Vietnam konsolosluk i\u015flemleri gerekli evraklar g\u00fcncel olarak verilmektedir. Vietnam konsolosluk i\u015flemleri gerekli \u015fartlar.","breadcrumb":{"@id":"https:\/\/www.myvize.com.tr\/vietnam\/konsolosluklar\/vietnam-konsolosluk-islemleri\/#breadcrumb"},"inLanguage":"tr","potentialAction":[{"@type":"ReadAction","target":["https:\/\/www.myvize.com.tr\/vietnam\/konsolosluklar\/vietnam-konsolosluk-islemleri\/"]}]},{"@type":"BreadcrumbList","@id":"https:\/\/www.myvize.com.tr\/vietnam\/konsolosluklar\/vietnam-konsolosluk-islemleri\/#breadcrumb","itemListElement":[{"@type":"ListItem","position":1,"name":"Anasayfa","item":"https:\/\/www.myvize.com.tr\/vietnam\/"},{"@type":"ListItem","position":2,"name":"KONSOLOSLUKLAR","item":"https:\/\/www.myvize.com.tr\/vietnam\/konsolosluklar\/"},{"@type":"ListItem","position":3,"name":"Vietnam Konsolosluk \u0130\u015flemleri"}]},{"@type":"WebSite","@id":"https:\/\/www.myvize.com.tr\/vietnam\/#website","url":"https:\/\/www.myvize.com.tr\/vietnam\/","name":"Vietnam Vizesi","description":"","potentialAction":[{"@type":"SearchAction","target":{"@type":"EntryPoint","urlTemplate":"https:\/\/www.myvize.com.tr\/vietnam\/?s={search_term_string}"},"query-input":{"@type":"PropertyValueSpecification","valueRequired":true,"valueName":"search_term_string"}}],"inLanguage":"tr"}]}},"_links":{"self":[{"href":"https:\/\/www.myvize.com.tr\/vietnam\/wp-json\/wp\/v2\/pages\/92","targetHints":{"allow":["GET"]}}],"collection":[{"href":"https:\/\/www.myvize.com.tr\/vietnam\/wp-json\/wp\/v2\/pages"}],"about":[{"href":"https:\/\/www.myvize.com.tr\/vietnam\/wp-json\/wp\/v2\/types\/page"}],"author":[{"embeddable":true,"href":"https:\/\/www.myvize.com.tr\/vietnam\/wp-json\/wp\/v2\/users\/1"}],"replies":[{"embeddable":true,"href":"https:\/\/www.myvize.com.tr\/vietnam\/wp-json\/wp\/v2\/comments?post=92"}],"version-history":[{"count":5,"href":"https:\/\/www.myvize.com.tr\/vietnam\/wp-json\/wp\/v2\/pages\/92\/revisions"}],"predecessor-version":[{"id":640,"href":"https:\/\/www.myvize.com.tr\/vietnam\/wp-json\/wp\/v2\/pages\/92\/revisions\/640"}],"up":[{"embeddable":true,"href":"https:\/\/www.myvize.com.tr\/vietnam\/wp-json\/wp\/v2\/pages\/69"}],"wp:attachment":[{"href":"https:\/\/www.myvize.com.tr\/vietnam\/wp-json\/wp\/v2\/media?parent=92"}],"curies":[{"name":"wp","href":"https:\/\/api.w.org\/{rel}","templated":true}]}}