{"id":165,"date":"2020-12-22T12:50:20","date_gmt":"2020-12-22T09:50:20","guid":{"rendered":"https:\/\/www.myvize.com.tr\/yunanistan\/?page_id=165"},"modified":"2023-01-22T17:55:27","modified_gmt":"2023-01-22T14:55:27","slug":"oturum-2","status":"publish","type":"page","link":"https:\/\/www.myvize.com.tr\/yunanistan\/oturum-2\/","title":{"rendered":"YUNAN\u0130STAN OTURUM KARTI"},"content":{"rendered":"<p><span style=\"font-family: Roboto;\"><\/span><\/p>\r\n<h2><strong><span style=\"font-size: 27px; font-family: Roboto;\">Yunanistan Oturum Kart\u0131 Hakk\u0131nda<\/span><\/strong><\/h2>\r\n<p><span style=\"font-family: Roboto; font-size: 14px;\">T\u00fcrkiye&#8217;nin hemen bat\u0131s\u0131nda bulunan <strong>Yunanistan adalar\u0131, kumsallar\u0131 ve deniz tatili<\/strong> ile bilinir. Helen k\u00fclt\u00fcr\u00fcn\u00fcn izlerini ta\u015f\u0131yan Yunanistan\u2019\u0131n ba\u015fkenti <strong>Atina<\/strong> resmi dili ise Yunancad\u0131r. \u00dclke genelinde Akdeniz iklimi h\u00e2kim kent Kuzey k\u0131s\u0131mlarda karasall\u0131k ba\u015f g\u00f6steriyor. En bilindik \u015fehirleri Atina ve Selanik&#8217;tir. Yunanistan Avrupa Birli\u011fi \u00fclkesi oldu\u011fu i\u00e7in T\u00fcrkiye&#8217;den gelen ve kal\u0131c\u0131 olarak yerle\u015fmeyi ama\u00e7layan ki\u015filerden oturum vizesi istiyor. Yunanistan m\u00fclk sat\u0131n alarak <strong>Yunanistan&#8217;a gelecek olan<\/strong> vatanda\u015flara 7 y\u0131ll\u0131k oturumdan sonra Yunan vatanda\u015fl\u0131\u011f\u0131na ge\u00e7me imk\u00e2n\u0131 tan\u0131yor. Yap\u0131lan oturum izinleri ba\u015fvurular\u0131 yakla\u015f\u0131k 2 ay i\u00e7erisinde sonu\u00e7lan\u0131yor.<\/span><\/p>\r\n<p><span style=\"font-family: Roboto; font-size: 14px;\">Oturma izni, ki\u015fi i\u00e7in vatanda\u015f\u0131 olmad\u0131\u011f\u0131 bir \u00fclkede belirli veya s\u0131n\u0131rs\u0131z bir s\u00fcre i\u00e7in ikamet iznine sahip\u00a0 g\u00f6\u00e7menlik belgesi t\u00fcr\u00fc olarak bilinir. Yunanistan Avrupa Birli\u011fi \u00fcyesi bir \u00fclke oldu\u011fu i\u00e7in T\u00fcrkiye Cumhuriyeti vatanda\u015f\u0131n\u0131n oturma izni kart\u0131 olmadan Yunanistan s\u0131n\u0131r\u0131 i\u00e7inde ikamet etme haklar\u0131 \u00a0kesinlikle yoktur. Yunanistan&#8217;da oturma izni olan vatanda\u015flar, Schengen vizesi ve AB \u00fcyesi \u00fclkeleri i\u00e7inde serbest gezme yani vizesiz seyahat \u00a0hakk\u0131na sahiptir. Oturma izinleri e\u011fitim ve \u00e7al\u0131\u015fma, aile birle\u015fimi yoluyla al\u0131nabilir.<\/span><\/p>\r\n<p><span style=\"font-family: Roboto; font-size: 14px;\">\r\n\r\n<\/span><\/p>\r\n<p><span style=\"font-family: Roboto; font-size: 18px;\"><strong>M\u00fclk Sat\u0131n Alarak Oturum \u0130zni Alma<\/strong><\/span><\/p>\r\n<p><span style=\"font-family: Roboto; font-size: 14px;\">\r\n\r\n<\/span><\/p>\r\n<p><span style=\"font-family: Roboto; font-size: 14px;\">Yunanistan, Maliye ve Kalk\u0131nma Bakanl\u0131\u011f\u0131 taraf\u0131ndan yap\u0131lan a\u00e7\u0131klamaya g\u00f6re d\u0131\u015far\u0131dan gelecek olan yabanc\u0131lar\u0131n 250 bin Euro \u00fczerinde m\u00fclk sat\u0131n almas\u0131 gerekir. M\u00fclk sat\u0131n alma i\u015flemi tamamland\u0131ktan sonra Yunanistan\u2019a gelecek olan ki\u015filer burada 5 y\u0131l s\u00fcreli oturma izni hakk\u0131 kazanm\u0131\u015f olurlar. T\u00fcm bu a\u015famalar s\u0131ras\u0131nda \u00fclke kanunlar\u0131 gere\u011fince baz\u0131 prosed\u00fcrler takip edilir. Bu do\u011frultuda T\u00fcrkiye\u2019den <span style=\"color: #2acec2;\"><strong><a style=\"color: #2acec2;\" href=\"https:\/\/www.myvize.com.tr\/yunanistan\/vize-islemleri\/yunanistan-oturum-izni\/\" target=\"_blank\" rel=\"noopener\">Yunanistan oturum izni <\/a><\/strong><\/span>alarak gidecek olan vatanda\u015flar\u0131n ilgili birimler taraf\u0131ndan istenilen adli, sicil ve sa\u011fl\u0131k bilgileri ile ilgili t\u00fcm belgelerin teslim edilmesi gerekir. Konsolosluk makamlar\u0131 taraf\u0131ndan verilen 5 y\u0131ll\u0131k oturma s\u00fcresi izni s\u00fcresi bittik\u00e7e yenilenebiliyor. Oturum izninin her defas\u0131nda yenilenebilmesi i\u00e7in al\u0131nan evin tapusunun m\u00fclk sahibi olmas\u0131 gerekiyor. M\u00fclk sahibi ki\u015filer oturum iznini elde etti\u011fi gibi bu ki\u015filerin yan\u0131nda bulunan ve bakmakla y\u00fck\u00fcml\u00fc olduklar\u0131 e\u015fleri ve \u00e7ocuklar\u0131 da oturum izni alm\u0131\u015f oluyor.<\/span><\/p>\r\n<p><span style=\"font-family: Roboto; font-size: 14px;\">\r\n\r\n<\/span><\/p>\r\n<p><span style=\"font-family: Roboto; font-size: 18px;\"><strong>Yunanistan \u00c7ifte Vatanda\u015fl\u0131\u011fa \u0130zin Veriyor Mu?<\/strong><\/span><\/p>\r\n<p><span style=\"font-family: Roboto; font-size: 14px;\">\r\n\r\n<\/span><\/p>\r\n<p><span style=\"font-family: Roboto; font-size: 14px;\">Avrupa Birli\u011fi \u00fclkesi olan Yunanistan T\u00fcrkiye\u2019den gelecek olan T\u00fcrkiye Cumhuriyeti vatanda\u015flar\u0131na \u00e7ifte vatanda\u015fl\u0131\u011fa izin veriyor. T\u00fcrkiye&#8217;den gidecek olan vatanda\u015flar gerekli \u015fartlar\u0131 yerine getirdikten sonra her iki \u00fclkenin vatanda\u015f\u0131 da olabilirler. Ayn\u0131 \u015fekilde T\u00fcrkiye \u00e7ifte vatanda\u015fl\u0131k konusunda n\u00fcfus m\u00fcd\u00fcrl\u00fcklerine bildirim yap\u0131lmas\u0131n\u0131 \u00f6ng\u00f6r\u00fcyor.<\/span><\/p>\r\n<p><span style=\"font-family: Roboto; font-size: 14px;\">\r\n\r\n<\/span><\/p>\r\n<p><span style=\"font-family: Roboto; font-size: 18px;\"><strong>Yunanistan Oturum \u0130zni Ne Kadar S\u00fcrede Tamamlan\u0131r?<\/strong><\/span><\/p>\r\n<p><span style=\"font-family: Roboto; font-size: 14px;\">\r\n\r\n<\/span><\/p>\r\n<p><span style=\"font-family: Roboto; font-size: 14px;\">Kal\u0131c\u0131 olarak <strong>Yunanistan&#8217;da kalmak<\/strong> isteyenlerin ba\u015fvurular\u0131 8 hafta gibi bir zaman diliminde neticeye kavu\u015fur. M\u00fclk sahibi olarak oturum izni i\u015flemleri m\u00fclk sat\u0131n al\u0131nd\u0131ktan sonra hemen 15 g\u00fcn i\u00e7erisinde m\u00fcracaat edilmesi gerekir.<\/span><\/p>\r\n<h2><span style=\"font-family: Roboto; font-size: 27px;\"><strong>Yunanistan Oturum Kart\u0131 Nedir?<\/strong><\/span><\/h2>\r\n<p><span style=\"font-family: Roboto; font-size: 14px;\"><strong>Yunanistan oturum kart\u0131na sahip olmak<\/strong> i\u00e7in baz\u0131 \u015fartlar gerekir. Bunlardan baz\u0131lar\u0131 \u00fclke s\u0131n\u0131rlar\u0131 i\u00e7inde do\u011fmu\u015f olmak, Avrupa Birli\u011fine \u00fcye \u00fclkeleriden vatanda\u015fl\u0131k almak ve ya Yunanistan \u00fclkesinde ya\u015famay\u0131 istemek, \u00fclkede yat\u0131r\u0131m yapmak, y\u00fcksek lisans e\u011fitimi g\u00f6rmek, \u00fclkenin belirledi\u011fi \u00fccret kadar de\u011ferli m\u00fclk sat\u0131n almak gibi \u00f6zelliklere sahip olan ki\u015filer oturum kart\u0131 alabilir. Yunanistan Avrupa Birli\u011fi \u00fcyesi bir \u00fclke oldu\u011fu i\u00e7in T\u00fcrkiye Cumhuriyeti vatanda\u015f\u0131n\u0131n oturma izni kart\u0131 olmadan Yunanistan s\u0131n\u0131r\u0131 i\u00e7inde ikamet etme haklar\u0131\u00a0 kesinlikle yoktur. Oturum kart\u0131 sahibi olmak i\u00e7in bu \u015fartlardan bir tanesine uyum sa\u011flaman\u0131z gerekir aksi takdirde asla Yunanistan \u00fclkesi s\u0131n\u0131r\u0131 i\u00e7in oturum kart\u0131 sahibi olamazs\u0131n\u0131z. Schengen vizesi ve AB \u00fcyesi \u00fclkeleri i\u00e7inde serbest gezme yani vizesiz seyahat \u00a0hakk\u0131na sahiptir. Oturma izinleri e\u011fitim ve \u00e7al\u0131\u015fma, aile birle\u015fimi yoluyla al\u0131nabilir. Oturum kart\u0131 sahibi be\u015f y\u0131lda bir kart\u0131 yenileme hakk\u0131 vard\u0131r. Oturum kart\u0131 sahibi ki\u015finin \u00e7ocu\u011fu ve e\u015fi bu f\u0131rsattan yararlanabilir.<\/span><\/p>\r\n<h2><span style=\"font-family: Roboto; font-size: 27px;\"><strong>Yunanistan Oturum Kart\u0131 \u0130\u015flemleri<\/strong><\/span><\/h2>\r\n<p><span style=\"font-family: Roboto; font-size: 14px;\"><strong>Yunanistan&#8217;da m\u00fclk sat\u0131n almak<\/strong> \u00a0T\u00fcrk vatanda\u015flar\u0131 ilk \u00f6nce sat\u0131n almak istedikleri m\u00fclk\u00fc se\u00e7melidir. Sat\u0131n alaca\u011f\u0131n\u0131z m\u00fclke karar verdi\u011finizde ilk ad\u0131mda bir dan\u0131\u015fman arac\u0131l\u0131\u011f\u0131ndan yard\u0131m al\u0131p Yunanistan Vergi Dairesi&#8217;nden vergi numaras\u0131 alman\u0131z gerekir. Bir Yunan bankas\u0131nda bir banka hesab\u0131 a\u00e7mal\u0131s\u0131n\u0131z. Almak istedi\u011finiz gayrimenkul ile ilgili yasal i\u015flemler, vergi bor\u00e7lar\u0131, gayrimenkul i\u015flemleri ve benzeri i\u015fler yap\u0131lmal\u0131d\u0131r. Bu i\u015flemlerin zaman\u0131 en az \u00fc\u00e7 g\u00fcn s\u00fcrer ve sizi temsil etmek \u00fczere yetkili bir avukat arac\u0131l\u0131\u011f\u0131 ile yap\u0131labilir. Ev sat\u0131n alma \u00f6n sat\u0131\u015f s\u00fcrecini ba\u015flat\u0131n ve ard\u0131ndan lisansl\u0131 dan\u0131\u015fman\u0131n\u0131zla nihai sat\u0131\u015f i\u015flemini tamamlay\u0131n. Yunanistan&#8217;da ikamet prosed\u00fcrleri i\u00e7in ba\u015fvurular Atina&#8217;daki D\u0131\u015fi\u015fleri Bakanl\u0131\u011f\u0131&#8217;na yap\u0131l\u0131r ve elektronik imza kullan\u0131larak yap\u0131labilir. \u0130\u015flemlerinizi yapt\u0131\u011f\u0131n\u0131z s\u00fcrede bilgilerinizin do\u011frulu\u011funa ve eksik olmamas\u0131na dikkat etmenizi tavsiye ederiz aksi takdirde ad\u0131n\u0131za inleme dosyas\u0131 a\u00e7\u0131l\u0131r ve yanl\u0131\u015f bilgiler nedeni ile su\u00e7lu olursunuz ard\u0131ndan sizin ad\u0131n\u0131za ceza i\u015flemleri ba\u015flat\u0131l\u0131r.<\/span><\/p>\r\n<h3><span style=\"font-family: Roboto; font-size: 24px;\"><strong>Yunanistan Oturum Kart\u0131 Nas\u0131l Al\u0131n\u0131r?<\/strong><\/span><\/h3>\r\n<p><span style=\"font-family: Roboto; font-size: 14px;\">Yunanistan \u00fclkesinde \u00a0uzun s\u00fcre ya\u015famak istiyorsan\u0131z ulusal vize t\u00fcr\u00fcn\u00fc almal\u0131s\u0131n\u0131z. \u00dclkeye giri\u015f yapt\u0131\u011f\u0131n\u0131z zaman bu vize ile birlikte \u00a0Yabanc\u0131lar ve G\u00f6\u00e7 \u0130daresine gerekli ba\u015fvuruda bulunmal\u0131s\u0131n\u0131z. Oturum kart\u0131n\u0131z\u0131n olmas\u0131 i\u00e7in gerekli \u015fartlardan bir tanesine uyum sa\u011flaman\u0131z gerekir. \u00dclke s\u0131n\u0131rlar\u0131 i\u00e7inde do\u011fmu\u015f olmak, Avrupa Birli\u011fine \u00fcye \u00fclkelerinden vatanda\u015fl\u0131k almak ve ya Yunanistan \u00fclkesinde ya\u015famay\u0131 istemek, \u00fclkede yat\u0131r\u0131m yapmak, y\u00fcksek lisans e\u011fitimi g\u00f6rmek, \u00fclkenin belirledi\u011fi \u00fccret kadar de\u011ferli m\u00fclk sat\u0131n almak gibi \u00f6zelliklere sahip olan ki\u015filer Yunanistan oturum kart\u0131 alabilir. <strong>Yunanistan \u00fclkesinde oturum kart\u0131 almak<\/strong> i\u00e7i m\u00fclk sat\u0131n alma f\u0131rsat\u0131 ile kart sahibi olma \u015fans\u0131n\u0131z vard\u0131r. Yunanistan\u2019da alaca\u011f\u0131n\u0131z m\u00fclk\u00fcn en az iki y\u00fcz elli bin Euro de\u011ferinde olma \u015fart\u0131 vard\u0131r. Oturum kart\u0131 sahibi ki\u015finin \u00e7ocu\u011fu, annesi, babas\u0131, ve e\u015fi bu f\u0131rsattan yararlanabilir. Sat\u0131n ald\u0131\u011f\u0131n\u0131z m\u00fclk\u00fc ileride satmay\u0131 d\u00fc\u015f\u00fcn\u00fcrseniz Yunanistan \u00fclkesinin size tan\u0131d\u0131\u011f\u0131 oturum kart\u0131 belgesini iptal etme hakk\u0131 vard\u0131r. Oturum kart\u0131 verilen ki\u015fisin be\u015f y\u0131lda bir kart\u0131 yenileme hakk\u0131 vard\u0131r.<\/span><\/p>\r\n<p><span style=\"font-family: Roboto;\"><\/span><\/p>","protected":false},"excerpt":{"rendered":"<p>Yunanistan Oturum Kart\u0131 Hakk\u0131nda T\u00fcrkiye&#8217;nin hemen bat\u0131s\u0131nda bulunan Yunanistan adalar\u0131, kumsallar\u0131 ve deniz tatili ile bilinir. Helen k\u00fclt\u00fcr\u00fcn\u00fcn izlerini ta\u015f\u0131yan Yunanistan\u2019\u0131n ba\u015fkenti Atina resmi dili ise Yunancad\u0131r. \u00dclke genelinde Akdeniz iklimi h\u00e2kim kent Kuzey k\u0131s\u0131mlarda karasall\u0131k ba\u015f g\u00f6steriyor. En bilindik \u015fehirleri Atina ve Selanik&#8217;tir. Yunanistan Avrupa Birli\u011fi \u00fclkesi oldu\u011fu i\u00e7in T\u00fcrkiye&#8217;den gelen ve kal\u0131c\u0131 olarak<\/p>\n","protected":false},"author":1,"featured_media":0,"parent":0,"menu_order":0,"comment_status":"open","ping_status":"closed","template":"","meta":{"footnotes":""},"class_list":["post-165","page","type-page","status-publish","hentry"],"yoast_head":"<!-- This site is optimized with the Yoast SEO plugin v26.8 - https:\/\/yoast.com\/product\/yoast-seo-wordpress\/ -->\n<title>Yunanistan Oturum Kart\u0131 - MyVize<\/title>\n<meta name=\"description\" content=\"Yunanistan Oturum Kart\u0131 Nedir? Yunanistan Oturum Kart\u0131 Nas\u0131l Al\u0131n\u0131r? Yunanistan Oturum Kart\u0131 Hakk\u0131nda Bilgi \u0130\u00e7in Bizi Aray\u0131n: 0850 346 84 93\" \/>\n<meta name=\"robots\" content=\"index, follow, max-snippet:-1, max-image-preview:large, max-video-preview:-1\" \/>\n<link rel=\"canonical\" href=\"https:\/\/www.myvize.com.tr\/yunanistan\/oturum-2\/\" \/>\n<meta property=\"og:locale\" content=\"tr_TR\" \/>\n<meta property=\"og:type\" content=\"article\" \/>\n<meta property=\"og:title\" content=\"Yunanistan Oturum Kart\u0131 - MyVize\" \/>\n<meta property=\"og:description\" content=\"Yunanistan Oturum Kart\u0131 Nedir? Yunanistan Oturum Kart\u0131 Nas\u0131l Al\u0131n\u0131r? Yunanistan Oturum Kart\u0131 Hakk\u0131nda Bilgi \u0130\u00e7in Bizi Aray\u0131n: 0850 346 84 93\" \/>\n<meta property=\"og:url\" content=\"https:\/\/www.myvize.com.tr\/yunanistan\/oturum-2\/\" \/>\n<meta property=\"og:site_name\" content=\"Yunanistan Vizesi\" \/>\n<meta property=\"article:modified_time\" content=\"2023-01-22T14:55:27+00:00\" \/>\n<meta name=\"twitter:card\" content=\"summary_large_image\" \/>\n<meta name=\"twitter:label1\" content=\"Tahmini okuma s\u00fcresi\" \/>\n\t<meta name=\"twitter:data1\" content=\"5 dakika\" \/>\n<script type=\"application\/ld+json\" class=\"yoast-schema-graph\">{\"@context\":\"https:\/\/schema.org\",\"@graph\":[{\"@type\":\"WebPage\",\"@id\":\"https:\/\/www.myvize.com.tr\/yunanistan\/oturum-2\/\",\"url\":\"https:\/\/www.myvize.com.tr\/yunanistan\/oturum-2\/\",\"name\":\"Yunanistan Oturum Kart\u0131 - MyVize\",\"isPartOf\":{\"@id\":\"https:\/\/www.myvize.com.tr\/yunanistan\/#website\"},\"datePublished\":\"2020-12-22T09:50:20+00:00\",\"dateModified\":\"2023-01-22T14:55:27+00:00\",\"description\":\"Yunanistan Oturum Kart\u0131 Nedir? Yunanistan Oturum Kart\u0131 Nas\u0131l Al\u0131n\u0131r? Yunanistan Oturum Kart\u0131 Hakk\u0131nda Bilgi \u0130\u00e7in Bizi Aray\u0131n: 0850 346 84 93\",\"breadcrumb\":{\"@id\":\"https:\/\/www.myvize.com.tr\/yunanistan\/oturum-2\/#breadcrumb\"},\"inLanguage\":\"tr\",\"potentialAction\":[{\"@type\":\"ReadAction\",\"target\":[\"https:\/\/www.myvize.com.tr\/yunanistan\/oturum-2\/\"]}]},{\"@type\":\"BreadcrumbList\",\"@id\":\"https:\/\/www.myvize.com.tr\/yunanistan\/oturum-2\/#breadcrumb\",\"itemListElement\":[{\"@type\":\"ListItem\",\"position\":1,\"name\":\"Anasayfa\",\"item\":\"https:\/\/www.myvize.com.tr\/yunanistan\/\"},{\"@type\":\"ListItem\",\"position\":2,\"name\":\"YUNAN\u0130STAN OTURUM KARTI\"}]},{\"@type\":\"WebSite\",\"@id\":\"https:\/\/www.myvize.com.tr\/yunanistan\/#website\",\"url\":\"https:\/\/www.myvize.com.tr\/yunanistan\/\",\"name\":\"Yunanistan Vizesi\",\"description\":\"\",\"potentialAction\":[{\"@type\":\"SearchAction\",\"target\":{\"@type\":\"EntryPoint\",\"urlTemplate\":\"https:\/\/www.myvize.com.tr\/yunanistan\/?s={search_term_string}\"},\"query-input\":{\"@type\":\"PropertyValueSpecification\",\"valueRequired\":true,\"valueName\":\"search_term_string\"}}],\"inLanguage\":\"tr\"}]}<\/script>\n<!-- \/ Yoast SEO plugin. -->","yoast_head_json":{"title":"Yunanistan Oturum Kart\u0131 - MyVize","description":"Yunanistan Oturum Kart\u0131 Nedir? Yunanistan Oturum Kart\u0131 Nas\u0131l Al\u0131n\u0131r? Yunanistan Oturum Kart\u0131 Hakk\u0131nda Bilgi \u0130\u00e7in Bizi Aray\u0131n: 0850 346 84 93","robots":{"index":"index","follow":"follow","max-snippet":"max-snippet:-1","max-image-preview":"max-image-preview:large","max-video-preview":"max-video-preview:-1"},"canonical":"https:\/\/www.myvize.com.tr\/yunanistan\/oturum-2\/","og_locale":"tr_TR","og_type":"article","og_title":"Yunanistan Oturum Kart\u0131 - MyVize","og_description":"Yunanistan Oturum Kart\u0131 Nedir? Yunanistan Oturum Kart\u0131 Nas\u0131l Al\u0131n\u0131r? Yunanistan Oturum Kart\u0131 Hakk\u0131nda Bilgi \u0130\u00e7in Bizi Aray\u0131n: 0850 346 84 93","og_url":"https:\/\/www.myvize.com.tr\/yunanistan\/oturum-2\/","og_site_name":"Yunanistan Vizesi","article_modified_time":"2023-01-22T14:55:27+00:00","twitter_card":"summary_large_image","twitter_misc":{"Tahmini okuma s\u00fcresi":"5 dakika"},"schema":{"@context":"https:\/\/schema.org","@graph":[{"@type":"WebPage","@id":"https:\/\/www.myvize.com.tr\/yunanistan\/oturum-2\/","url":"https:\/\/www.myvize.com.tr\/yunanistan\/oturum-2\/","name":"Yunanistan Oturum Kart\u0131 - MyVize","isPartOf":{"@id":"https:\/\/www.myvize.com.tr\/yunanistan\/#website"},"datePublished":"2020-12-22T09:50:20+00:00","dateModified":"2023-01-22T14:55:27+00:00","description":"Yunanistan Oturum Kart\u0131 Nedir? Yunanistan Oturum Kart\u0131 Nas\u0131l Al\u0131n\u0131r? Yunanistan Oturum Kart\u0131 Hakk\u0131nda Bilgi \u0130\u00e7in Bizi Aray\u0131n: 0850 346 84 93","breadcrumb":{"@id":"https:\/\/www.myvize.com.tr\/yunanistan\/oturum-2\/#breadcrumb"},"inLanguage":"tr","potentialAction":[{"@type":"ReadAction","target":["https:\/\/www.myvize.com.tr\/yunanistan\/oturum-2\/"]}]},{"@type":"BreadcrumbList","@id":"https:\/\/www.myvize.com.tr\/yunanistan\/oturum-2\/#breadcrumb","itemListElement":[{"@type":"ListItem","position":1,"name":"Anasayfa","item":"https:\/\/www.myvize.com.tr\/yunanistan\/"},{"@type":"ListItem","position":2,"name":"YUNAN\u0130STAN OTURUM KARTI"}]},{"@type":"WebSite","@id":"https:\/\/www.myvize.com.tr\/yunanistan\/#website","url":"https:\/\/www.myvize.com.tr\/yunanistan\/","name":"Yunanistan Vizesi","description":"","potentialAction":[{"@type":"SearchAction","target":{"@type":"EntryPoint","urlTemplate":"https:\/\/www.myvize.com.tr\/yunanistan\/?s={search_term_string}"},"query-input":{"@type":"PropertyValueSpecification","valueRequired":true,"valueName":"search_term_string"}}],"inLanguage":"tr"}]}},"_links":{"self":[{"href":"https:\/\/www.myvize.com.tr\/yunanistan\/wp-json\/wp\/v2\/pages\/165","targetHints":{"allow":["GET"]}}],"collection":[{"href":"https:\/\/www.myvize.com.tr\/yunanistan\/wp-json\/wp\/v2\/pages"}],"about":[{"href":"https:\/\/www.myvize.com.tr\/yunanistan\/wp-json\/wp\/v2\/types\/page"}],"author":[{"embeddable":true,"href":"https:\/\/www.myvize.com.tr\/yunanistan\/wp-json\/wp\/v2\/users\/1"}],"replies":[{"embeddable":true,"href":"https:\/\/www.myvize.com.tr\/yunanistan\/wp-json\/wp\/v2\/comments?post=165"}],"version-history":[{"count":9,"href":"https:\/\/www.myvize.com.tr\/yunanistan\/wp-json\/wp\/v2\/pages\/165\/revisions"}],"predecessor-version":[{"id":1060,"href":"https:\/\/www.myvize.com.tr\/yunanistan\/wp-json\/wp\/v2\/pages\/165\/revisions\/1060"}],"wp:attachment":[{"href":"https:\/\/www.myvize.com.tr\/yunanistan\/wp-json\/wp\/v2\/media?parent=165"}],"curies":[{"name":"wp","href":"https:\/\/api.w.org\/{rel}","templated":true}]}}