{"id":177,"date":"2020-12-22T12:56:45","date_gmt":"2020-12-22T09:56:45","guid":{"rendered":"https:\/\/www.myvize.com.tr\/yunanistan\/?page_id=177"},"modified":"2022-09-20T15:06:07","modified_gmt":"2022-09-20T12:06:07","slug":"yunanistan-oturum-izni-almak","status":"publish","type":"page","link":"https:\/\/www.myvize.com.tr\/yunanistan\/oturum-2\/yunanistan-oturum-izni-almak\/","title":{"rendered":"Yunanistan Oturum \u0130zni Almak"},"content":{"rendered":"<h2><strong><span style=\"font-family: Roboto; font-size: 27px;\">Yunanistan Oturum \u0130zni Vize \u0130\u015flemleri\u00a0<\/span><\/strong><\/h2>\n<p><span style=\"font-family: Roboto; font-size: 14px;\">Oturma izni sonu\u00e7lanma s\u00fcresi ba\u015fvuruda bulundu\u011funuz\u00a0 Yunanistan Konsoloslu\u011fu\u2019nun \u00e7al\u0131\u015fma yo\u011funluklar\u0131na g\u00f6re de\u011fi\u015fiklikler g\u00f6sterebilir. Bunun d\u0131\u015f\u0131nda oturma izni ba\u015fvurusunun sonu\u00e7lanma ortalama 4 ile 6 haftaya kadar uzayabilmekte. Yunanistan&#8217;da uzun s\u00fcreli kalmak i\u00e7in, \u00fclkede \u00e7al\u0131\u015fma ya da okuma izini i\u00e7erebilen \u00f6zel bir ki\u015fisel oturum izni ba\u015fvurusu yapman\u0131z gereklidir, ancak bu izin s\u00fcreleri s\u0131n\u0131rl\u0131d\u0131r ve s\u00fcrekli olarak yenilemesi gerekir. Yunanistan&#8217;da s\u00fcresiz ikamet ile \u00e7al\u0131\u015fma hakk\u0131n\u0131 veren belge oturma iznidir. <strong>Yunanistan&#8217;da oturma izni alma<\/strong> i\u00e7in \u015fart ki\u015fiye g\u00f6re farkl\u0131l\u0131k g\u00f6stermektedir. E\u011fitim, i\u015f, aile birle\u015fim gibi farkl\u0131 kategoride verilen bu izin daha \u00e7ok aile birle\u015fim ile ilgili olarak veriliyor. E\u011fer bu \u00fclkelerin vatanda\u015f\u0131 olan biriyle evliyseniz veya aile \u00fcyenizden birisi Yunanistan&#8217;da ya\u015f\u0131yorsa aile birle\u015fim izni ba\u015fvurusu yaparak oturma izni alabilmek \u015fans\u0131 elde edebilirsiniz. S\u00fcresiz oturma izni elde eden ba\u015fvuru sahibi ise, bir Yunan vatanda\u015flar\u0131n\u0131n faydaland\u0131\u011f\u0131 t\u00fcm ya\u015fama haklar\u0131na sahip olmaktad\u0131r.\u00a0<\/span><\/p>\n<h2><strong><span style=\"font-family: Roboto; font-size: 27px;\">Yunanistan Oturum \u0130zni Almak<\/span><\/strong><\/h2>\n<p><span style=\"font-family: Roboto; font-size: 14px;\"><strong>Yunanistan s\u0131n\u0131rlar\u0131<\/strong> i\u00e7erisinde oturma hakk\u0131n\u0131 almak isteyen bu konular i\u00e7in ba\u015fvuru yapmak isteyen ki\u015finin Yunanistan oturum vizesini nereden al\u0131n\u0131r sorusuna yan\u0131t bulabilmesi i\u00e7in ba\u015fvurmas\u0131 gereken adres, Ankara B\u00fcy\u00fckel\u00e7ili\u011fi olarak kar\u015f\u0131m\u0131z \u00e7\u0131kmaktad\u0131r. Yunanistan vizesinin s\u0131n\u0131r\u0131n\u0131 a\u015facak \u015fekilde yani \u00fc\u00e7\u00a0 aydan fazla bir s\u00fcre de Yunanistan&#8217;da kalmak isteyenin oturma izni almalar\u0131 gereklidir. Yunanistan oturma izini i\u00e7in ba\u015fvuru i\u015flemi <strong>Yunanistan Konsoloslu\u011fu<\/strong> \u00fczerinden yap\u0131labilselerdi konu ile ilgili as\u0131l onaylar mercii Ankara B\u00fcy\u00fckel\u00e7ili\u011fi olarak kar\u015f\u0131m\u0131za \u00e7\u0131kmakta. Oturum izni almak isteyen ki\u015filerin bizzat kendisi ba\u015fvuru yapmalar\u0131 gereken bir konudur. Ki\u015filer, kendi ailesi ve beraber oturma izni almak istiyorsa da aile \u00fcyesinin de ba\u015fvuru esnas\u0131nda bulunmalar\u0131 gereklidir. \u00d6ncelikli olarak ise ba\u015fvuru formu eksiksiz doldurulmalar\u0131 ve imzalamalar\u0131 gereklidir. Ayr\u0131ca ba\u015fvuru evrak\u0131n\u0131n niteli\u011fi de farkl\u0131l\u0131k g\u00f6stermekte.<\/span><\/p>\n<h2><strong><span style=\"font-family: Roboto; font-size: 27px;\">Yunanistan Oturum \u0130zni Ba\u015fvurusu<\/span><\/strong><\/h2>\n<p><span style=\"font-family: Roboto; font-size: 14px;\">\u00dclkede alt\u0131 aydan daha uzun s\u00fcreli ikamet edecek olan ve Yunanistan vatanda\u015fl\u0131\u011f\u0131nda bulunmayan ki\u015finin ba\u015fvuru yapmalar\u0131 gereken izin t\u00fcr\u00fcne <strong>Yunanistan oturma izni<\/strong> ad\u0131 verilmektedir. Yunanistan&#8217;a herhangi bir sebeplerle uzun d\u00f6nem vize alarak giden birey, alt\u0131 aydan fazla \u00fclkede kalabilme amac\u0131yla oturma izni ba\u015fvurusunda bulunmal\u0131. \u00c7\u00fcnk\u00fc gerekli oturma iznine sahip olmayan ki\u015finin \u00fclkede ikamet etmesi yasal olarak izinler verilmemektedir. Yunanistan oturma izni; i\u015f, evlilik, aile birle\u015fim ve e\u011fitimi gibi farkl\u0131 kategoriye ayr\u0131lan vize t\u00fcr\u00fcnden olu\u015fmaktad\u0131r. Oturma izni i\u00e7in yap\u0131lan ba\u015fvuru, genel olarak on iki hafta i\u00e7erisinde karara ba\u011flanmaktad\u0131r. Yunanistan&#8217;da be\u015f sene ikamet etmi\u015f olan ki\u015fi, s\u0131n\u0131rs\u0131z oturma iznine de ba\u015fvuru ger\u00e7ekle\u015ftirmektedir. Alt\u0131 aydan daha k\u0131sa s\u00fcrecek olan seyahat i\u00e7in \u015fah\u0131s\u0131n Yunanistan&#8217;da oturma alma gibi herhangi bir zorunluluklar\u0131 bulunmamaktad\u0131r. Fakat uzun d\u00f6nem Yunanistan izni i\u00e7in bir oturma izni al\u0131nmas\u0131 \u015fartt\u0131r. Oturum izni al\u0131nmas\u0131n\u0131 gerektiren durum i\u00e7in ba\u015fvuru yapmas\u0131 gerekmektedir. Yunanistan&#8217;da s\u00fcresiz ikamet ile \u00e7al\u0131\u015fma hakk\u0131n\u0131 veren belge oturma iznidir.<\/span><\/p>\n<h3><span style=\"font-size: 24px;\"><strong><span style=\"font-family: Roboto;\">Yunanistan Oturum \u0130zni\u00a0 \u015eartlar\u0131<\/span><\/strong><\/span><\/h3>\n<p><span style=\"font-family: Roboto; font-size: 14px;\"><strong>Yunanistan&#8217;da oturma izni<\/strong> almas\u0131 bu \u00fclkede alt\u0131 aydan daha fazla kalacak olan ki\u015finin yapt\u0131rmas\u0131 gerekli bir i\u015flemdir. Yunanistan&#8217;da uzun d\u00f6nem kalmay\u0131 planl\u0131yorsan\u0131z tek yapmak gereken evrak\u0131 haz\u0131rlayarak Yunanistan konsoloslu\u011fu uzun s\u00fcre vize ba\u015fvurusunda bulunma olmal\u0131d\u0131r. Ancak bu oturma izni i\u00e7in de bir tak\u0131m kategori vard\u0131r ve bu kategoriye g\u00f6re vize almas\u0131 gereklidir. Ki\u015fi bu oturma iznini evlenmek, i\u015f, aile birle\u015fim ya da e\u011fitim gibi durum i\u00e7in alabilmek \u015fans\u0131na sahiptir. Oturma izni genellikle on iki hafta i\u00e7inde karara ba\u011flama bir izin t\u00fcr\u00fcd\u00fcr. Bu sebeple seyahat tarihleriniz belli ise aylar \u00f6ncesinde oturma izni i\u00e7in i\u015fleminize ba\u015flaman\u0131z gerekli. E\u011fer Yunanistan&#8217;da be\u015f y\u0131ldan daha fazla ikamet ediyorsa s\u0131n\u0131rs\u0131z olarak oturma iznine ba\u015fvuru yapabilmek \u015fans\u0131n\u0131z bulunuyor.\u00a0 Yunanistan oturma izni alan ki\u015finin, \u00fclkede e\u011fitimi g\u00f6rme ve i\u015f bulup \u00e7al\u0131\u015fma gibi imkandan yararlanabilmesi haklar\u0131 mevcuttur.<\/span><\/p>\n","protected":false},"excerpt":{"rendered":"<p>Yunanistan Oturum \u0130zni Vize \u0130\u015flemleri\u00a0 Oturma izni sonu\u00e7lanma s\u00fcresi ba\u015fvuruda bulundu\u011funuz\u00a0 Yunanistan Konsoloslu\u011fu\u2019nun \u00e7al\u0131\u015fma yo\u011funluklar\u0131na g\u00f6re de\u011fi\u015fiklikler g\u00f6sterebilir. Bunun d\u0131\u015f\u0131nda oturma izni ba\u015fvurusunun sonu\u00e7lanma ortalama 4 ile 6 haftaya kadar uzayabilmekte. Yunanistan&#8217;da uzun s\u00fcreli kalmak i\u00e7in, \u00fclkede \u00e7al\u0131\u015fma ya da okuma izini i\u00e7erebilen \u00f6zel bir ki\u015fisel oturum izni ba\u015fvurusu yapman\u0131z gereklidir, ancak bu izin s\u00fcreleri<\/p>\n","protected":false},"author":1,"featured_media":0,"parent":165,"menu_order":0,"comment_status":"open","ping_status":"closed","template":"","meta":{"footnotes":""},"class_list":["post-177","page","type-page","status-publish","hentry"],"yoast_head":"<!-- This site is optimized with the Yoast SEO plugin v26.8 - https:\/\/yoast.com\/product\/yoast-seo-wordpress\/ -->\n<title>Yunanistan Oturum \u0130zni Almak - MyVize<\/title>\n<meta name=\"description\" content=\"Yunanistan Oturum \u0130zni Nas\u0131l Al\u0131n\u0131r? Yunanistan Oturum \u0130zni Vize Randevusu Nas\u0131l Al\u0131n\u0131r? Yunanistan Oturum \u0130zni \u0130\u00e7in Aray\u0131n: 0850 346 84 93\" \/>\n<meta name=\"robots\" content=\"index, follow, max-snippet:-1, max-image-preview:large, max-video-preview:-1\" \/>\n<link rel=\"canonical\" href=\"https:\/\/www.myvize.com.tr\/yunanistan\/oturum-2\/yunanistan-oturum-izni-almak\/\" \/>\n<meta property=\"og:locale\" content=\"tr_TR\" \/>\n<meta property=\"og:type\" content=\"article\" \/>\n<meta property=\"og:title\" content=\"Yunanistan Oturum \u0130zni Almak - MyVize\" \/>\n<meta property=\"og:description\" content=\"Yunanistan Oturum \u0130zni Nas\u0131l Al\u0131n\u0131r? Yunanistan Oturum \u0130zni Vize Randevusu Nas\u0131l Al\u0131n\u0131r? Yunanistan Oturum \u0130zni \u0130\u00e7in Aray\u0131n: 0850 346 84 93\" \/>\n<meta property=\"og:url\" content=\"https:\/\/www.myvize.com.tr\/yunanistan\/oturum-2\/yunanistan-oturum-izni-almak\/\" \/>\n<meta property=\"og:site_name\" content=\"Yunanistan Vizesi\" \/>\n<meta property=\"article:modified_time\" content=\"2022-09-20T12:06:07+00:00\" \/>\n<meta name=\"twitter:card\" content=\"summary_large_image\" \/>\n<meta name=\"twitter:label1\" content=\"Tahmini okuma s\u00fcresi\" \/>\n\t<meta name=\"twitter:data1\" content=\"4 dakika\" \/>\n<script type=\"application\/ld+json\" class=\"yoast-schema-graph\">{\"@context\":\"https:\/\/schema.org\",\"@graph\":[{\"@type\":\"WebPage\",\"@id\":\"https:\/\/www.myvize.com.tr\/yunanistan\/oturum-2\/yunanistan-oturum-izni-almak\/\",\"url\":\"https:\/\/www.myvize.com.tr\/yunanistan\/oturum-2\/yunanistan-oturum-izni-almak\/\",\"name\":\"Yunanistan Oturum \u0130zni Almak - MyVize\",\"isPartOf\":{\"@id\":\"https:\/\/www.myvize.com.tr\/yunanistan\/#website\"},\"datePublished\":\"2020-12-22T09:56:45+00:00\",\"dateModified\":\"2022-09-20T12:06:07+00:00\",\"description\":\"Yunanistan Oturum \u0130zni Nas\u0131l Al\u0131n\u0131r? Yunanistan Oturum \u0130zni Vize Randevusu Nas\u0131l Al\u0131n\u0131r? Yunanistan Oturum \u0130zni \u0130\u00e7in Aray\u0131n: 0850 346 84 93\",\"breadcrumb\":{\"@id\":\"https:\/\/www.myvize.com.tr\/yunanistan\/oturum-2\/yunanistan-oturum-izni-almak\/#breadcrumb\"},\"inLanguage\":\"tr\",\"potentialAction\":[{\"@type\":\"ReadAction\",\"target\":[\"https:\/\/www.myvize.com.tr\/yunanistan\/oturum-2\/yunanistan-oturum-izni-almak\/\"]}]},{\"@type\":\"BreadcrumbList\",\"@id\":\"https:\/\/www.myvize.com.tr\/yunanistan\/oturum-2\/yunanistan-oturum-izni-almak\/#breadcrumb\",\"itemListElement\":[{\"@type\":\"ListItem\",\"position\":1,\"name\":\"Anasayfa\",\"item\":\"https:\/\/www.myvize.com.tr\/yunanistan\/\"},{\"@type\":\"ListItem\",\"position\":2,\"name\":\"YUNAN\u0130STAN OTURUM KARTI\",\"item\":\"https:\/\/www.myvize.com.tr\/yunanistan\/oturum-2\/\"},{\"@type\":\"ListItem\",\"position\":3,\"name\":\"Yunanistan Oturum \u0130zni Almak\"}]},{\"@type\":\"WebSite\",\"@id\":\"https:\/\/www.myvize.com.tr\/yunanistan\/#website\",\"url\":\"https:\/\/www.myvize.com.tr\/yunanistan\/\",\"name\":\"Yunanistan Vizesi\",\"description\":\"\",\"potentialAction\":[{\"@type\":\"SearchAction\",\"target\":{\"@type\":\"EntryPoint\",\"urlTemplate\":\"https:\/\/www.myvize.com.tr\/yunanistan\/?s={search_term_string}\"},\"query-input\":{\"@type\":\"PropertyValueSpecification\",\"valueRequired\":true,\"valueName\":\"search_term_string\"}}],\"inLanguage\":\"tr\"}]}<\/script>\n<!-- \/ Yoast SEO plugin. -->","yoast_head_json":{"title":"Yunanistan Oturum \u0130zni Almak - MyVize","description":"Yunanistan Oturum \u0130zni Nas\u0131l Al\u0131n\u0131r? Yunanistan Oturum \u0130zni Vize Randevusu Nas\u0131l Al\u0131n\u0131r? Yunanistan Oturum \u0130zni \u0130\u00e7in Aray\u0131n: 0850 346 84 93","robots":{"index":"index","follow":"follow","max-snippet":"max-snippet:-1","max-image-preview":"max-image-preview:large","max-video-preview":"max-video-preview:-1"},"canonical":"https:\/\/www.myvize.com.tr\/yunanistan\/oturum-2\/yunanistan-oturum-izni-almak\/","og_locale":"tr_TR","og_type":"article","og_title":"Yunanistan Oturum \u0130zni Almak - MyVize","og_description":"Yunanistan Oturum \u0130zni Nas\u0131l Al\u0131n\u0131r? Yunanistan Oturum \u0130zni Vize Randevusu Nas\u0131l Al\u0131n\u0131r? Yunanistan Oturum \u0130zni \u0130\u00e7in Aray\u0131n: 0850 346 84 93","og_url":"https:\/\/www.myvize.com.tr\/yunanistan\/oturum-2\/yunanistan-oturum-izni-almak\/","og_site_name":"Yunanistan Vizesi","article_modified_time":"2022-09-20T12:06:07+00:00","twitter_card":"summary_large_image","twitter_misc":{"Tahmini okuma s\u00fcresi":"4 dakika"},"schema":{"@context":"https:\/\/schema.org","@graph":[{"@type":"WebPage","@id":"https:\/\/www.myvize.com.tr\/yunanistan\/oturum-2\/yunanistan-oturum-izni-almak\/","url":"https:\/\/www.myvize.com.tr\/yunanistan\/oturum-2\/yunanistan-oturum-izni-almak\/","name":"Yunanistan Oturum \u0130zni Almak - MyVize","isPartOf":{"@id":"https:\/\/www.myvize.com.tr\/yunanistan\/#website"},"datePublished":"2020-12-22T09:56:45+00:00","dateModified":"2022-09-20T12:06:07+00:00","description":"Yunanistan Oturum \u0130zni Nas\u0131l Al\u0131n\u0131r? Yunanistan Oturum \u0130zni Vize Randevusu Nas\u0131l Al\u0131n\u0131r? Yunanistan Oturum \u0130zni \u0130\u00e7in Aray\u0131n: 0850 346 84 93","breadcrumb":{"@id":"https:\/\/www.myvize.com.tr\/yunanistan\/oturum-2\/yunanistan-oturum-izni-almak\/#breadcrumb"},"inLanguage":"tr","potentialAction":[{"@type":"ReadAction","target":["https:\/\/www.myvize.com.tr\/yunanistan\/oturum-2\/yunanistan-oturum-izni-almak\/"]}]},{"@type":"BreadcrumbList","@id":"https:\/\/www.myvize.com.tr\/yunanistan\/oturum-2\/yunanistan-oturum-izni-almak\/#breadcrumb","itemListElement":[{"@type":"ListItem","position":1,"name":"Anasayfa","item":"https:\/\/www.myvize.com.tr\/yunanistan\/"},{"@type":"ListItem","position":2,"name":"YUNAN\u0130STAN OTURUM KARTI","item":"https:\/\/www.myvize.com.tr\/yunanistan\/oturum-2\/"},{"@type":"ListItem","position":3,"name":"Yunanistan Oturum \u0130zni Almak"}]},{"@type":"WebSite","@id":"https:\/\/www.myvize.com.tr\/yunanistan\/#website","url":"https:\/\/www.myvize.com.tr\/yunanistan\/","name":"Yunanistan Vizesi","description":"","potentialAction":[{"@type":"SearchAction","target":{"@type":"EntryPoint","urlTemplate":"https:\/\/www.myvize.com.tr\/yunanistan\/?s={search_term_string}"},"query-input":{"@type":"PropertyValueSpecification","valueRequired":true,"valueName":"search_term_string"}}],"inLanguage":"tr"}]}},"_links":{"self":[{"href":"https:\/\/www.myvize.com.tr\/yunanistan\/wp-json\/wp\/v2\/pages\/177","targetHints":{"allow":["GET"]}}],"collection":[{"href":"https:\/\/www.myvize.com.tr\/yunanistan\/wp-json\/wp\/v2\/pages"}],"about":[{"href":"https:\/\/www.myvize.com.tr\/yunanistan\/wp-json\/wp\/v2\/types\/page"}],"author":[{"embeddable":true,"href":"https:\/\/www.myvize.com.tr\/yunanistan\/wp-json\/wp\/v2\/users\/1"}],"replies":[{"embeddable":true,"href":"https:\/\/www.myvize.com.tr\/yunanistan\/wp-json\/wp\/v2\/comments?post=177"}],"version-history":[{"count":4,"href":"https:\/\/www.myvize.com.tr\/yunanistan\/wp-json\/wp\/v2\/pages\/177\/revisions"}],"predecessor-version":[{"id":1029,"href":"https:\/\/www.myvize.com.tr\/yunanistan\/wp-json\/wp\/v2\/pages\/177\/revisions\/1029"}],"up":[{"embeddable":true,"href":"https:\/\/www.myvize.com.tr\/yunanistan\/wp-json\/wp\/v2\/pages\/165"}],"wp:attachment":[{"href":"https:\/\/www.myvize.com.tr\/yunanistan\/wp-json\/wp\/v2\/media?parent=177"}],"curies":[{"name":"wp","href":"https:\/\/api.w.org\/{rel}","templated":true}]}}