{"id":179,"date":"2020-12-22T12:57:04","date_gmt":"2020-12-22T09:57:04","guid":{"rendered":"https:\/\/www.myvize.com.tr\/yunanistan\/?page_id=179"},"modified":"2023-01-22T17:50:04","modified_gmt":"2023-01-22T14:50:04","slug":"yunanistanda-calisma-izni-almak","status":"publish","type":"page","link":"https:\/\/www.myvize.com.tr\/yunanistan\/oturum-2\/yunanistanda-calisma-izni-almak\/","title":{"rendered":"Yunanistan\u2019da \u00c7al\u0131\u015fma \u0130zni Almak"},"content":{"rendered":"<p><span style=\"font-family: Roboto;\"><\/span><\/p>\r\n<h2 class=\"wp-block-heading\"><span style=\"font-family: Roboto; font-size: 27px;\">Yunanistan\u2019da \u00c7al\u0131\u015fma \u0130zni Almak Kolay m\u0131?<\/span><\/h2>\r\n<p><span style=\"font-family: Roboto; font-size: 14px;\">Yunanistan \u00e7al\u0131\u015fma vizesi almak isteyenler,\u00a0<strong>Yunanistan\u2019da \u00e7al\u0131\u015fma izni almak kolay m\u0131<\/strong>\u00a0diye soruyor. \u00c7al\u0131\u015fma vizesi ald\u0131ktan sonra, vatanda\u015flar\u0131n \u015firket i\u00e7in yasal olarak \u00e7al\u0131\u015fabilmeleri ad\u0131na Yunanistan&#8217;da \u00e7al\u0131\u015fma izni almalar\u0131 gerekir.\u00a0\u0130\u015fveren kurulu\u015f olarak firman\u0131n yerel bir lisans\u0131 olmal\u0131 ve i\u015fletme kendi t\u00fcz\u00fc\u011f\u00fcn\u00fc olu\u015fturmu\u015f olmal\u0131d\u0131r.\u00a0B\u00f6ylece istihdam edilen ki\u015fi ad\u0131na \u00e7al\u0131\u015fma izni almak m\u00fcmk\u00fcn olabilecektir.\u00a0\u00c7al\u0131\u015fma izinleri art\u0131k oturma izinlerini de i\u00e7eriyor; bu, istihdam edilen ki\u015filerin \u00fclkede yasal olarak ya\u015famak ve \u00e7al\u0131\u015fmak i\u00e7in yaln\u0131zca \u00e7al\u0131\u015fma iznine ve uzat\u0131lm\u0131\u015f oturum vizesine ihtiyac\u0131 oldu\u011fu anlam\u0131na geliyor.\u00a0\u00c7al\u0131\u015fma izinleri genellikle istihdam eden kuruma, mesle\u011fe ve yere \u00f6zeldir ve genellikle bir y\u0131l ge\u00e7erlidir. Vatanda\u015flar Yunanistan&#8217;a vard\u0131ktan sonraki 30 g\u00fcn i\u00e7inde yerel belediye dairesine veya polis karakoluna gitmeleri ve \u015fahsen \u00e7al\u0131\u015fma izni ba\u015fvurusunda bulunmalar\u0131 gerekir.\u00a0\u0130htiya\u00e7 duyduklar\u0131 \u00e7al\u0131\u015fma izni, sahip olduklar\u0131 pozisyona ba\u011fl\u0131d\u0131r ve bu, \u00e7al\u0131\u015fma izninin ge\u00e7erlilik s\u00fcresini de etkileyebilir.\u00a0<\/span><\/p>\r\n<h2><span style=\"font-family: Roboto; font-size: 27px;\"><strong>Yunanistan \u00c7al\u0131\u015fma \u0130zni Nas\u0131l Al\u0131n\u0131r 2022?<\/strong><\/span><\/h2>\r\n<p><span style=\"font-family: Roboto; font-size: 14px;\">\r\n\r\n<\/span><\/p>\r\n<p><span style=\"font-family: Roboto; font-size: 14px;\">T\u00fcrkiye Cumhuriyeti vatanda\u015flar\u0131n\u0131n Yunanistan\u2019da bir \u015firkette \u00e7al\u0131\u015fmak, i\u015f kurmak ya da \u00e7al\u0131\u015fmak i\u00e7in \u00e7al\u0131\u015fma izni almalar\u0131 gerekmektedir. Yunanistan \u00e7al\u0131\u015fma izni i\u00e7in ki\u015filer \u015fu yolu izlemelidirler:<\/span><\/p>\r\n<p><span style=\"font-family: Roboto; font-size: 14px;\">\r\n\r\n<\/span><\/p>\r\n<p><span style=\"font-family: Roboto; font-size: 14px;\">1. \u00d6ncelikle <span style=\"color: #2acec2;\"><strong><a style=\"color: #2acec2;\" href=\"https:\/\/www.myvize.com.tr\/yunanistan\/konsolosluklar\/\">Yunanistan Konsoloslu\u011fu<\/a> <\/strong><\/span>Yunanistan \u00e7al\u0131\u015fma izni talebinde bulunmak gerekir.<\/span><\/p>\r\n<p><span style=\"font-family: Roboto; font-size: 14px;\">\r\n\r\n<\/span><\/p>\r\n<p><span style=\"font-family: Roboto; font-size: 14px;\">2. Ard\u0131ndan <strong>Yunanistan\u2019a \u00e7al\u0131\u015fma vizesi<\/strong> ile giden ki\u015filer ikamet tezkeresi almal\u0131d\u0131rlar.<\/span><\/p>\r\n<p><span style=\"font-family: Roboto; font-size: 14px;\">\r\n\r\n<\/span><\/p>\r\n<p><span style=\"font-family: Roboto; font-size: 14px;\">3. \u0130kamet tezkeresi i\u00e7in ba\u015fvuru sahipleri Yunanistan\u2019da bulunduklar\u0131 ilin belediyesine ba\u015fvuruda bulunurlar.<\/span><\/p>\r\n<p><span style=\"font-family: Roboto; font-size: 14px;\">\r\n\r\n<\/span><\/p>\r\n<p><span style=\"font-family: Roboto; font-size: 14px;\">4. \u0130kamet tezkeresinin ard\u0131ndan ki\u015filer Atina Valili\u011fi \u00c7al\u0131\u015fma M\u00fcd\u00fcrl\u00fc\u011f\u00fcne Yunanistan \u00e7al\u0131\u015fma vizesi i\u00e7in ba\u015fvurmal\u0131d\u0131rlar.<\/span><\/p>\r\n<p><span style=\"font-family: Roboto; font-size: 14px;\">\r\n\r\n<\/span><\/p>\r\n<p><span style=\"font-family: Roboto; font-size: 14px;\">l Yunanistan\u2019da her y\u0131l\u0131n son 3 ay\u0131nda \u00e7\u0131kar\u0131lan raporlar do\u011frultusunda i\u015f kollar\u0131na ve i\u015f g\u00fcc\u00fc ihtiyac\u0131na dair veriler ortaya \u00e7\u0131kar\u0131l\u0131r. Buna ba\u011fl\u0131 olarak i\u015fverenler vilayete dilek\u00e7e verirler.<\/span><\/p>\r\n<p><span style=\"font-family: Roboto; font-size: 14px;\">\r\n\r\n<\/span><\/p>\r\n<p><span style=\"font-family: Roboto; font-size: 14px;\">l Ki\u015filere Yunanistan \u00e7al\u0131\u015fma izni Vali taraf\u0131ndan verilir.<\/span><\/p>\r\n<p><span style=\"font-family: Roboto; font-size: 14px;\">\r\n\r\n<\/span><\/p>\r\n<p><span style=\"font-family: Roboto; font-size: 14px;\">l \u00c7al\u0131\u015fma izninin say\u0131s\u0131 ba\u015fvuru sahibinin uyru\u011funa, i\u015fine, i\u015finin s\u00fcresine g\u00f6re belirlenir.<\/span><\/p>\r\n<p><span style=\"font-family: Roboto; font-size: 14px;\">\r\n\r\n<\/span><\/p>\r\n<p><span style=\"font-family: Roboto; font-size: 14px;\">l Ba\u015fvuru sahibinin \u00fclke g\u00fcvenli\u011fi ve kamu d\u00fczeni a\u00e7\u0131s\u0131ndan bir engel te\u015fkil etmeyece\u011fi onay\u0131n\u0131 ise vilayet polis idaresi verir.<\/span><\/p>\r\n<p><span style=\"font-family: Roboto; font-size: 14px;\">\r\n\r\n<\/span><\/p>\r\n<p><span style=\"font-family: Roboto; font-size: 14px;\">l Ard\u0131ndan ba\u015fvuru sahipleri <strong>Yunanistan \u00e7al\u0131\u015fma izni sahibi<\/strong> olurlar.<\/span><\/p>\r\n<h2><strong><span style=\"font-family: Roboto; font-size: 27px;\">Yunanistan\u2019da \u00c7al\u0131\u015fma \u0130zni Almak \u0130\u00e7in Yap\u0131lmas\u0131 Gerekenler<\/span><\/strong><\/h2>\r\n<p><span style=\"font-family: Roboto; font-size: 14px;\">Yunanistan g\u00fczel bir \u00fclke olarak bilinir ve b\u00fcy\u00fcyen bir start-up sekt\u00f6r\u00fcne sahiptir.\u00a0Ancak, AB \u00fcyesi olmayan ve AEA vatanda\u015flar\u0131 i\u00e7in bir i\u015f veya \u00e7al\u0131\u015fma vizesi almak gerekir. Bu noktada\u00a0<strong>Yunanistan\u2019da \u00e7al\u0131\u015fma izni almak i\u00e7in yap\u0131lmas\u0131 gerekenler<\/strong>\u00a0bilinmelidir. Yunanistan&#8217;\u0131n iki genel \u00e7al\u0131\u015fma vizesi kategorisi vard\u0131r: k\u0131sa zamanl\u0131 C vizeleri ve uzun zamanl\u0131 D vizeleri \u015feklindedir.\u00a0K\u0131sa s\u00fcreli ziyaret vizeleri, insanlar\u0131n Schengen b\u00f6lgelerinden uzunluklar\u0131 olarak en fazla 90 g\u00fcn veya 180 g\u00fcn deneyimleri \u00fczerinden 90 g\u00fcn boyunca \u00fclkede olmalar\u0131na izin verir. Vatanda\u015flar\u0131n b\u00fcy\u00fck olas\u0131l\u0131kla Yunanistan&#8217;a girmelerine ve oturma izni ba\u015fvurusunda bulunmalar\u0131na izin veren bir D veya uzun s\u00fcreli vizeye ihtiya\u00e7lar\u0131 olacakt\u0131r.\u00a0Bu kategorideki \u00e7al\u0131\u015fma vizeleri en fazla bir y\u0131l s\u00fcreyle ge\u00e7erlidir.\u00a0D vizesi olan herkes \u00fclkeye giri\u015f yapar yapmaz oturma izni ba\u015fvurusunda bulunmal\u0131d\u0131r. \u00c7al\u0131\u015fma vizesini almak i\u00e7in \u0130ngilizce ya da Yunanca doldurulmu\u015f D vize ba\u015fvuru formu, D vizesinin biti\u015f tarihinden itibaren en az \u00fc\u00e7 ay ge\u00e7erli pasaport, oturma izninin kopyalar\u0131, alt\u0131 eski olmayan foto\u011fraf, sa\u011fl\u0131k sigortas\u0131, t\u0131bbi uygunluk sertifikas\u0131, sab\u0131ka kayd\u0131 gibi evraklar\u0131 haz\u0131rlaman\u0131z laz\u0131md\u0131r.<\/span><\/p>\r\n<h3><strong><span style=\"font-family: Roboto; font-size: 24px;\">Yunanistan\u2019da \u00c7al\u0131\u015fma \u0130zni Almak i\u00e7in Gerekli Evraklar<\/span><\/strong><\/h3>\r\n<p><span style=\"font-family: Roboto; font-size: 14px;\">\u00dclkede \u00e7al\u0131\u015fmak amac\u0131yla \u00fc\u00e7 aydan fazla bir s\u00fcre kalmak zorunda olanlar\u0131n gereksinim duydu\u011fu vize t\u00fcr\u00fc \u00e7al\u0131\u015fma vizesidir. Peki,\u00a0<strong>Yunanistan\u2019da \u00e7al\u0131\u015fma izni almak i\u00e7in gerekli evraklar<\/strong>\u00a0nelerdir? Bu vizeyi almak i\u00e7in ihtiya\u00e7 duyulan evraklar \u015funlar\u0131 i\u00e7ermektedir: Mesleki geli\u015fimi a\u00e7\u0131klayan belgeler, diploma, y\u0131ll\u0131k br\u00fct maa\u015f\u0131n\u0131n belirlendi\u011fi somut i\u015f teklifi mektubu, i\u015f yerinin resmi sicil kayd\u0131, i\u015f s\u00f6zle\u015fmesi, son e\u011fitimde al\u0131nan diplomalar, ikametg\u00e2h adresi, sab\u0131ka kayd\u0131, protokol yaz\u0131s\u0131, yurt d\u0131\u015f\u0131 giri\u015f \u00e7\u0131k\u0131\u015f belgesi, vize harc\u0131n\u0131 yat\u0131rd\u0131\u011f\u0131n\u0131za dair belge, iki tane foto\u011fraf, u\u00e7ak bileti, kimlik fotokopisi, vize ba\u015fvuru formu. T\u00fcm belgelerin eksiksiz olmas\u0131, problemsiz s\u00fcre\u00e7 i\u00e7in \u00f6nemlidir. Vatanda\u015flar\u0131n \u00e7al\u0131\u015fma izinlerini, ge\u00e7erlilik s\u00fcresinin sona ermesinden en az 60 g\u00fcn \u00f6nce yerel belediye ofislerinde veya valiliklerinde yenilemeleri gerekecektir.\u00a0Ge\u00e7erli bir pasaporta, pasaport sayfalar\u0131n\u0131n fotokopilerine, \u00e7al\u0131\u015fma izninin asl\u0131n\u0131n onayl\u0131 kopyas\u0131na, doldurulmu\u015f bir ba\u015fvuru formuna ve izin t\u00fcr\u00fcne ba\u011fl\u0131 olarak muhtemelen di\u011fer \u00f6\u011felere ihtiya\u00e7lar\u0131 vard\u0131r.<\/span><\/p>\r\n<p><span style=\"font-family: Roboto; font-size: 14px;\">\r\n\r\n<\/span><\/p>\r\n<h2><span style=\"font-family: Roboto; font-size: 27px;\"><strong>Yunanistan \u00c7al\u0131\u015fma \u0130zninin Yenilenmesi\u00a0<\/strong><\/span><\/h2>\r\n<p><span style=\"font-family: Roboto; font-size: 14px;\">\r\n\r\n<\/span><\/p>\r\n<p><span style=\"font-family: Roboto; font-size: 14px;\">Ki\u015filer \u00e7al\u0131\u015fma izinlerinin bitiminden 2 ay \u00f6nce Valilik \u00c7al\u0131\u015fma B\u00fcrosuna ba\u015fvurmal\u0131d\u0131rlar. Ki\u015filerin ba\u015fvuruda izlemesi gereken yol a\u015fa\u011f\u0131daki gibidir:<\/span><\/p>\r\n<p><span style=\"font-family: Roboto; font-size: 14px;\">\r\n\r\n<\/span><\/p>\r\n<p><span style=\"font-family: Roboto; font-size: 14px;\">l Ba\u015fvuru sahibinin \u00e7al\u0131\u015fma izni yenileme dilek\u00e7e formu ibraz edilmelidir.<\/span><\/p>\r\n<p><span style=\"font-family: Roboto; font-size: 14px;\">\r\n\r\n<\/span><\/p>\r\n<p><span style=\"font-family: Roboto; font-size: 14px;\">l Ba\u015fvuru sahibinin \u00e7al\u0131\u015fma izninin asl\u0131 ve onayl\u0131 fotokopisi ibraz edilmelidir.<\/span><\/p>\r\n<p><span style=\"font-family: Roboto; font-size: 14px;\">\r\n\r\n<\/span><\/p>\r\n<p><span style=\"font-family: Roboto; font-size: 14px;\">l Ba\u015fvuru sahibinin oturma izninin asl\u0131 ve onayl\u0131 fotokopisi ibraz edilmelidir.<\/span><\/p>\r\n<p><span style=\"font-family: Roboto; font-size: 14px;\">\r\n\r\n<\/span><\/p>\r\n<p><span style=\"font-family: Roboto; font-size: 14px;\">l Ba\u015fvuru sahibinin pasaport asl\u0131 ve fotokopisi ibraz edilmelidir.<\/span><\/p>\r\n<p><span style=\"font-family: Roboto; font-size: 14px;\">\r\n\r\n<\/span><\/p>\r\n<p><span style=\"font-family: Roboto; font-size: 14px;\">l Ba\u015fvuru sahibinin vergi borcu durumunu g\u00f6steren belge ibraz edilmelidir.<\/span><\/p>\r\n<p><span style=\"font-family: Roboto; font-size: 14px;\">\r\n\r\n<\/span><\/p>\r\n<p><span style=\"font-family: Roboto; font-size: 14px;\">l Ba\u015fvuru sahibi i\u015fvereninin imzal\u0131 i\u015f s\u00f6zle\u015fmesi polis taraf\u0131ndan onaylanm\u0131\u015f \u015fekliyle ibraz edilmeli gereklidir.<\/span><\/p>\r\n<p><span style=\"font-family: Roboto; font-size: 14px;\">\r\n\r\n<\/span><\/p>\r\n<p><span style=\"font-family: Roboto; font-size: 14px;\">l Ba\u015fvuru sahibinin vergi dairesi taraf\u0131ndan onaylanm\u0131\u015f vergi beyannamesi fotokopisini teslim etmesi gereklidir.<\/span><\/p>\r\n<p><span style=\"font-family: Roboto; font-size: 14px;\">\r\n\r\n<\/span><\/p>\r\n<p><span style=\"font-family: Roboto; font-size: 14px;\">Yunanistan \u00e7al\u0131\u015fma iznine ba\u015fvuracak ki\u015filerin dil becerileri ve k\u00fclt\u00fcrel uyum konusunda kendilerini geli\u015ftirmeleri tavsiye edilir.<\/span><\/p>\r\n<p><span style=\"font-family: Roboto; font-size: 14px;\">\r\n\r\n<\/span><\/p>\r\n<p><span style=\"font-size: 16px;\"><strong><span style=\"font-family: Roboto;\">Yunanistan Vize Reddi ile Mutlaka Okuman\u0131z Gereken Makale<\/span><\/strong><\/span><\/p>\r\n<ul>\r\n<li><span style=\"font-family: Roboto; font-size: 14px;\">\u00a0https:\/\/www.myvize.com.tr\/yunanistan\/vize-islemleri\/yunanistan-vize-reddi\/<\/span><\/li>\r\n<\/ul>\r\n<p><span style=\"font-family: Roboto;\"><\/span><\/p>","protected":false},"excerpt":{"rendered":"<p>Yunanistan\u2019da \u00c7al\u0131\u015fma \u0130zni Almak Kolay m\u0131? Yunanistan \u00e7al\u0131\u015fma vizesi almak isteyenler,\u00a0Yunanistan\u2019da \u00e7al\u0131\u015fma izni almak kolay m\u0131\u00a0diye soruyor. \u00c7al\u0131\u015fma vizesi ald\u0131ktan sonra, vatanda\u015flar\u0131n \u015firket i\u00e7in yasal olarak \u00e7al\u0131\u015fabilmeleri ad\u0131na Yunanistan&#8217;da \u00e7al\u0131\u015fma izni almalar\u0131 gerekir.\u00a0\u0130\u015fveren kurulu\u015f olarak firman\u0131n yerel bir lisans\u0131 olmal\u0131 ve i\u015fletme kendi t\u00fcz\u00fc\u011f\u00fcn\u00fc olu\u015fturmu\u015f olmal\u0131d\u0131r.\u00a0B\u00f6ylece istihdam edilen ki\u015fi ad\u0131na \u00e7al\u0131\u015fma izni almak m\u00fcmk\u00fcn olabilecektir.\u00a0\u00c7al\u0131\u015fma<\/p>\n","protected":false},"author":1,"featured_media":0,"parent":165,"menu_order":0,"comment_status":"closed","ping_status":"closed","template":"","meta":{"footnotes":""},"class_list":["post-179","page","type-page","status-publish","hentry"],"yoast_head":"<!-- This site is optimized with the Yoast SEO plugin v26.8 - https:\/\/yoast.com\/product\/yoast-seo-wordpress\/ -->\n<title>Yunanistan\u2019da \u00c7al\u0131\u015fma \u0130zni Almak - MyVize<\/title>\n<meta name=\"description\" content=\"Yunanistan \u00c7al\u0131\u015fma \u0130zni Nas\u0131l Al\u0131n\u0131r? Yunanistan \u00c7al\u0131\u015fma \u0130zni Vizesi. Yunanistan \u00c7al\u0131\u015fma \u0130zni Vize Ba\u015fvurusu \u0130\u00e7in Gerekli Evraklar.\" \/>\n<meta name=\"robots\" content=\"index, follow, max-snippet:-1, max-image-preview:large, max-video-preview:-1\" \/>\n<link rel=\"canonical\" href=\"https:\/\/www.myvize.com.tr\/yunanistan\/oturum-2\/yunanistanda-calisma-izni-almak\/\" \/>\n<meta property=\"og:locale\" content=\"tr_TR\" \/>\n<meta property=\"og:type\" content=\"article\" \/>\n<meta property=\"og:title\" content=\"Yunanistan\u2019da \u00c7al\u0131\u015fma \u0130zni Almak - MyVize\" \/>\n<meta property=\"og:description\" content=\"Yunanistan \u00c7al\u0131\u015fma \u0130zni Nas\u0131l Al\u0131n\u0131r? Yunanistan \u00c7al\u0131\u015fma \u0130zni Vizesi. Yunanistan \u00c7al\u0131\u015fma \u0130zni Vize Ba\u015fvurusu \u0130\u00e7in Gerekli Evraklar.\" \/>\n<meta property=\"og:url\" content=\"https:\/\/www.myvize.com.tr\/yunanistan\/oturum-2\/yunanistanda-calisma-izni-almak\/\" \/>\n<meta property=\"og:site_name\" content=\"Yunanistan Vizesi\" \/>\n<meta property=\"article:modified_time\" content=\"2023-01-22T14:50:04+00:00\" \/>\n<meta name=\"twitter:card\" content=\"summary_large_image\" \/>\n<meta name=\"twitter:label1\" content=\"Tahmini okuma s\u00fcresi\" \/>\n\t<meta name=\"twitter:data1\" content=\"5 dakika\" \/>\n<script type=\"application\/ld+json\" class=\"yoast-schema-graph\">{\"@context\":\"https:\/\/schema.org\",\"@graph\":[{\"@type\":\"WebPage\",\"@id\":\"https:\/\/www.myvize.com.tr\/yunanistan\/oturum-2\/yunanistanda-calisma-izni-almak\/\",\"url\":\"https:\/\/www.myvize.com.tr\/yunanistan\/oturum-2\/yunanistanda-calisma-izni-almak\/\",\"name\":\"Yunanistan\u2019da \u00c7al\u0131\u015fma \u0130zni Almak - MyVize\",\"isPartOf\":{\"@id\":\"https:\/\/www.myvize.com.tr\/yunanistan\/#website\"},\"datePublished\":\"2020-12-22T09:57:04+00:00\",\"dateModified\":\"2023-01-22T14:50:04+00:00\",\"description\":\"Yunanistan \u00c7al\u0131\u015fma \u0130zni Nas\u0131l Al\u0131n\u0131r? Yunanistan \u00c7al\u0131\u015fma \u0130zni Vizesi. Yunanistan \u00c7al\u0131\u015fma \u0130zni Vize Ba\u015fvurusu \u0130\u00e7in Gerekli Evraklar.\",\"breadcrumb\":{\"@id\":\"https:\/\/www.myvize.com.tr\/yunanistan\/oturum-2\/yunanistanda-calisma-izni-almak\/#breadcrumb\"},\"inLanguage\":\"tr\",\"potentialAction\":[{\"@type\":\"ReadAction\",\"target\":[\"https:\/\/www.myvize.com.tr\/yunanistan\/oturum-2\/yunanistanda-calisma-izni-almak\/\"]}]},{\"@type\":\"BreadcrumbList\",\"@id\":\"https:\/\/www.myvize.com.tr\/yunanistan\/oturum-2\/yunanistanda-calisma-izni-almak\/#breadcrumb\",\"itemListElement\":[{\"@type\":\"ListItem\",\"position\":1,\"name\":\"Anasayfa\",\"item\":\"https:\/\/www.myvize.com.tr\/yunanistan\/\"},{\"@type\":\"ListItem\",\"position\":2,\"name\":\"YUNAN\u0130STAN OTURUM KARTI\",\"item\":\"https:\/\/www.myvize.com.tr\/yunanistan\/oturum-2\/\"},{\"@type\":\"ListItem\",\"position\":3,\"name\":\"Yunanistan\u2019da \u00c7al\u0131\u015fma \u0130zni Almak\"}]},{\"@type\":\"WebSite\",\"@id\":\"https:\/\/www.myvize.com.tr\/yunanistan\/#website\",\"url\":\"https:\/\/www.myvize.com.tr\/yunanistan\/\",\"name\":\"Yunanistan Vizesi\",\"description\":\"\",\"potentialAction\":[{\"@type\":\"SearchAction\",\"target\":{\"@type\":\"EntryPoint\",\"urlTemplate\":\"https:\/\/www.myvize.com.tr\/yunanistan\/?s={search_term_string}\"},\"query-input\":{\"@type\":\"PropertyValueSpecification\",\"valueRequired\":true,\"valueName\":\"search_term_string\"}}],\"inLanguage\":\"tr\"}]}<\/script>\n<!-- \/ Yoast SEO plugin. -->","yoast_head_json":{"title":"Yunanistan\u2019da \u00c7al\u0131\u015fma \u0130zni Almak - MyVize","description":"Yunanistan \u00c7al\u0131\u015fma \u0130zni Nas\u0131l Al\u0131n\u0131r? Yunanistan \u00c7al\u0131\u015fma \u0130zni Vizesi. Yunanistan \u00c7al\u0131\u015fma \u0130zni Vize Ba\u015fvurusu \u0130\u00e7in Gerekli Evraklar.","robots":{"index":"index","follow":"follow","max-snippet":"max-snippet:-1","max-image-preview":"max-image-preview:large","max-video-preview":"max-video-preview:-1"},"canonical":"https:\/\/www.myvize.com.tr\/yunanistan\/oturum-2\/yunanistanda-calisma-izni-almak\/","og_locale":"tr_TR","og_type":"article","og_title":"Yunanistan\u2019da \u00c7al\u0131\u015fma \u0130zni Almak - MyVize","og_description":"Yunanistan \u00c7al\u0131\u015fma \u0130zni Nas\u0131l Al\u0131n\u0131r? Yunanistan \u00c7al\u0131\u015fma \u0130zni Vizesi. Yunanistan \u00c7al\u0131\u015fma \u0130zni Vize Ba\u015fvurusu \u0130\u00e7in Gerekli Evraklar.","og_url":"https:\/\/www.myvize.com.tr\/yunanistan\/oturum-2\/yunanistanda-calisma-izni-almak\/","og_site_name":"Yunanistan Vizesi","article_modified_time":"2023-01-22T14:50:04+00:00","twitter_card":"summary_large_image","twitter_misc":{"Tahmini okuma s\u00fcresi":"5 dakika"},"schema":{"@context":"https:\/\/schema.org","@graph":[{"@type":"WebPage","@id":"https:\/\/www.myvize.com.tr\/yunanistan\/oturum-2\/yunanistanda-calisma-izni-almak\/","url":"https:\/\/www.myvize.com.tr\/yunanistan\/oturum-2\/yunanistanda-calisma-izni-almak\/","name":"Yunanistan\u2019da \u00c7al\u0131\u015fma \u0130zni Almak - MyVize","isPartOf":{"@id":"https:\/\/www.myvize.com.tr\/yunanistan\/#website"},"datePublished":"2020-12-22T09:57:04+00:00","dateModified":"2023-01-22T14:50:04+00:00","description":"Yunanistan \u00c7al\u0131\u015fma \u0130zni Nas\u0131l Al\u0131n\u0131r? Yunanistan \u00c7al\u0131\u015fma \u0130zni Vizesi. Yunanistan \u00c7al\u0131\u015fma \u0130zni Vize Ba\u015fvurusu \u0130\u00e7in Gerekli Evraklar.","breadcrumb":{"@id":"https:\/\/www.myvize.com.tr\/yunanistan\/oturum-2\/yunanistanda-calisma-izni-almak\/#breadcrumb"},"inLanguage":"tr","potentialAction":[{"@type":"ReadAction","target":["https:\/\/www.myvize.com.tr\/yunanistan\/oturum-2\/yunanistanda-calisma-izni-almak\/"]}]},{"@type":"BreadcrumbList","@id":"https:\/\/www.myvize.com.tr\/yunanistan\/oturum-2\/yunanistanda-calisma-izni-almak\/#breadcrumb","itemListElement":[{"@type":"ListItem","position":1,"name":"Anasayfa","item":"https:\/\/www.myvize.com.tr\/yunanistan\/"},{"@type":"ListItem","position":2,"name":"YUNAN\u0130STAN OTURUM KARTI","item":"https:\/\/www.myvize.com.tr\/yunanistan\/oturum-2\/"},{"@type":"ListItem","position":3,"name":"Yunanistan\u2019da \u00c7al\u0131\u015fma \u0130zni Almak"}]},{"@type":"WebSite","@id":"https:\/\/www.myvize.com.tr\/yunanistan\/#website","url":"https:\/\/www.myvize.com.tr\/yunanistan\/","name":"Yunanistan Vizesi","description":"","potentialAction":[{"@type":"SearchAction","target":{"@type":"EntryPoint","urlTemplate":"https:\/\/www.myvize.com.tr\/yunanistan\/?s={search_term_string}"},"query-input":{"@type":"PropertyValueSpecification","valueRequired":true,"valueName":"search_term_string"}}],"inLanguage":"tr"}]}},"_links":{"self":[{"href":"https:\/\/www.myvize.com.tr\/yunanistan\/wp-json\/wp\/v2\/pages\/179","targetHints":{"allow":["GET"]}}],"collection":[{"href":"https:\/\/www.myvize.com.tr\/yunanistan\/wp-json\/wp\/v2\/pages"}],"about":[{"href":"https:\/\/www.myvize.com.tr\/yunanistan\/wp-json\/wp\/v2\/types\/page"}],"author":[{"embeddable":true,"href":"https:\/\/www.myvize.com.tr\/yunanistan\/wp-json\/wp\/v2\/users\/1"}],"replies":[{"embeddable":true,"href":"https:\/\/www.myvize.com.tr\/yunanistan\/wp-json\/wp\/v2\/comments?post=179"}],"version-history":[{"count":7,"href":"https:\/\/www.myvize.com.tr\/yunanistan\/wp-json\/wp\/v2\/pages\/179\/revisions"}],"predecessor-version":[{"id":619,"href":"https:\/\/www.myvize.com.tr\/yunanistan\/wp-json\/wp\/v2\/pages\/179\/revisions\/619"}],"up":[{"embeddable":true,"href":"https:\/\/www.myvize.com.tr\/yunanistan\/wp-json\/wp\/v2\/pages\/165"}],"wp:attachment":[{"href":"https:\/\/www.myvize.com.tr\/yunanistan\/wp-json\/wp\/v2\/media?parent=179"}],"curies":[{"name":"wp","href":"https:\/\/api.w.org\/{rel}","templated":true}]}}