{"id":183,"date":"2020-12-22T12:57:47","date_gmt":"2020-12-22T09:57:47","guid":{"rendered":"https:\/\/www.myvize.com.tr\/yunanistan\/?page_id=183"},"modified":"2022-06-10T12:09:38","modified_gmt":"2022-06-10T09:09:38","slug":"yunanistanda-egitim-gorenler","status":"publish","type":"page","link":"https:\/\/www.myvize.com.tr\/yunanistan\/oturum-2\/yunanistanda-egitim-gorenler\/","title":{"rendered":"Yunanistan&#8217;da E\u011fitim G\u00f6renler"},"content":{"rendered":"<h2><span style=\"font-family: Roboto; font-size: 27px;\"><strong>Yunanistan\u2019da E\u011fitim G\u00f6renler \u0130\u00e7in Oturum<\/strong><\/span><\/h2>\n<p><span style=\"font-family: Roboto; font-size: 14px;\"><strong>\u00a0\u00a0 Yunanistan Oturma izinleri<\/strong> farkl\u0131 kategorilere ayr\u0131lmaktad\u0131r. Oturum izinleri i\u00e7in farkl\u0131 belgeler istenilmektedir.<span style=\"color: #2acec2;\"><strong><a style=\"color: #2acec2;\" href=\"https:\/\/www.myvize.com.tr\/yunanistan\/vize-islemleri\/yunanistan-oturum-izni\/\" target=\"_blank\" rel=\"noopener\"> Yunanistan Oturum izni <\/a><\/strong><\/span>ba\u015fvuru amac\u0131n\u0131za g\u00f6re gerekli belgeler Yunanistan konsoloslu\u011funun sitesi \u00fczerinden ula\u015fabilirsiniz. E\u011fitim ve \u00f6\u011frenim amac\u0131 ile de oturum izni alan\u0131 bilmektedir. Yunanistan da e\u011fitim amac\u0131yla seyahat edecek ki\u015filer oturma izni ile \u00f6zel yurt, oda kiralama, ev kiralayarak konaklama hakk\u0131na sahip olmaktad\u0131r. Yunanistan s\u0131n\u0131rlar\u0131nda e\u011fitim vizesi ile oturma izni hakk\u0131na sahip olmak i\u00e7in, kabul edilen \u00fcniversiteye(lisans, y\u00fcksek lisans, doktora) \u00a0veya okula (dil okullar\u0131na) kay\u0131t yapt\u0131r\u0131\u015f ve vize i\u00e7in gerekli kriterleri tamamlanm\u0131\u015f olmas\u0131 gerekmektedir.<\/span><\/p>\n<h2><span style=\"font-family: Roboto; font-size: 27px;\"><strong>Yunanistan\u2019da E\u011fitim G\u00f6renler i\u00e7in oturum Vizesi Almak<\/strong><\/span><\/h2>\n<p><span style=\"font-family: Roboto; font-size: 14px;\">\u00a0<strong>\u00a0 Yunanistan\u2019da e\u011fitim amac\u0131<\/strong> ile al\u0131nm\u0131\u015f olan vize ile e\u011fitim s\u00fcresince Yunanistan\u2019da oturma izinizin olmas\u0131 i\u00e7in oturum kart\u0131 al\u0131n\u0131r. Bu oturum kart\u0131 ile Avrupa Birli\u011finde Schengen vizesi \u00fcye olan \u00fclkelere serbest\u00e7e gidebilir. E\u011fitim vizesi her y\u0131l yenilenmelidir. <strong>Ulusal Yunanistan e\u011fitim vizesi<\/strong> i\u00e7in D tipi vize t\u00fcr\u00fcne ba\u015fvurulmas\u0131 gerekmektedir. E\u011fitim amac\u0131 ile oturma iznini Lisans e\u011fitimi, Y\u00fcksek Lisans e\u011fitimi, Doktora ve Dil okullar\u0131 e\u011fitimleri i\u00e7in E\u011fitim vizesi alan ki\u015filer alabilmektedir.<\/span><\/p>\n<p><span style=\"font-family: Roboto; font-size: 14px;\">\u00a0 E\u011fitim amac\u0131 ile<strong> Yunanistan&#8217;a gitmek<\/strong> i\u00e7in gerekli olan t\u00fcm belgeler seyahatten 30-80 g\u00fcn \u00f6ncesi Yunanistan \u00f6\u011frenci vizesine\u00a0Yunanistan\u00a0B\u00fcy\u00fckel\u00e7ili\u011fi ya da Konsoloslu\u011funa ba\u015fvurulmas\u0131 gerekmektedir. \u00d6\u011frencinin oturum izni i\u015flemlerini tamamlamas\u0131 i\u00e7in\u00a0<strong>Ademimerkeziyet Y\u00f6netimi Yabanc\u0131lar ve G\u00f6\u00e7 \u0130daresine<\/strong>\u00a0ba\u015fvurmas\u0131 gerekmektedir.<\/span><\/p>\n<h2><span style=\"font-family: Roboto; font-size: 27px;\"><strong>Yunanistan\u2019da E\u011fitim G\u00f6renler Oturum Vizesi Ba\u015fvurusu<\/strong><\/span><\/h2>\n<p><span style=\"font-family: Roboto; font-size: 14px;\">\u00a0\u00a0\u00a0 \u00d6\u011frenci e\u011fitim amac\u0131 ile Yunanistan\u2019da bulunmak isteyen ki\u015filer seyahatlerinden 3- 4 ay \u00f6nce \u00f6\u011frenci vizesine ba\u015fvuruda bulunmas\u0131 gerekmektedir.<\/span><\/p>\n<p><span style=\"font-family: Roboto; font-size: 14px;\"><strong><em>Lisans e\u011fitimi almak \u00fczere oturum izni<\/em><\/strong>\u00a0i\u00e7in gerekli olan \u015fartlar ve belgeler;<\/span><\/p>\n<ul>\n<li><span style=\"font-family: Roboto; font-size: 14px;\">Pasaport:<\/span><\/li>\n<li><span style=\"font-family: Roboto; font-size: 14px;\">Ba\u015fvuru formu: 18 ya\u015f\u0131ndan k\u00fc\u00e7\u00fcklerin ebeveynleri taraf\u0131ndan imzalanmas\u0131 gerekmektedir.<\/span><\/li>\n<li><span style=\"font-family: Roboto; font-size: 14px;\">Adli sicil belgesi<\/span><\/li>\n<li><span style=\"font-family: Roboto; font-size: 14px;\">Sa\u011fl\u0131k raporu<\/span><\/li>\n<li><span style=\"font-family: Roboto; font-size: 14px;\">Yunanistan\u2019da ki kay\u0131t olunan okuldan Kay\u0131t mektubu ve \u00fccretin \u00f6dendi\u011fine dair makbuz<\/span><\/li>\n<li><span style=\"font-family: Roboto; font-size: 14px;\">Milli e\u011fitim bakanl\u0131\u011f\u0131 kay\u0131t belgesi:<\/span><\/li>\n<li><span style=\"font-family: Roboto; font-size: 14px;\">Seyahat sa\u011fl\u0131k sigortas\u0131<\/span><\/li>\n<li><span style=\"font-family: Roboto; font-size: 14px;\">Dil belgesi: Ba\u015fvuran ki\u015finin \u0130ngilizce bilgisini veya Yunanca bilgisini g\u00f6steren resmi belge gereklidir.<\/span><\/li>\n<li><span style=\"font-family: Roboto; font-size: 14px;\">Fon kan\u0131t\u0131 belgesi: E\u011fitim, seyahat, ya\u015fam ve temel ihtiya\u00e7lar\u0131n\u0131 ve giderlerini nas\u0131l kar\u015f\u0131lanaca\u011f\u0131n\u0131 g\u00f6steren belgeler sunulmal\u0131d\u0131r.<\/span><\/li>\n<\/ul>\n<p><span style=\"font-family: Roboto; font-size: 14px;\"><strong><em>Yunanistan Y\u00fcksek Lisans E\u011fitiminde Oturum \u0130zni<\/em><\/strong><strong>\u00a0<\/strong>i\u00e7in gerekli belge ve \u015fartlar;<\/span><\/p>\n<p><span style=\"font-family: Roboto; font-size: 14px;\">\u00a0\u00a0 Y\u00fcksek lisans e\u011fitimi almak amac\u0131 ile<strong> Yunanistan\u2019da bulunmak<\/strong> isteyen ki\u015filer seyahatlerinden 2-4 ay \u00f6ncesinden <strong>Yunanistan E\u011fitim Vizesi<\/strong> i\u00e7in Yunanistan B\u00fcy\u00fckel\u00e7ili\u011fine ya da Konsoloslu\u011fa ba\u015fvuruda bulunabilir.<\/span><\/p>\n<p><span style=\"font-family: Roboto; font-size: 14px;\"><em>Y\u00fcksek lisans e\u011fitimi almak \u00fczere oturum izni<\/em>\u00a0i\u00e7in gerekli belge ve \u015fartlar;<\/span><\/p>\n<ul>\n<li><span style=\"font-family: Roboto; font-size: 14px;\">Ba\u015fvuru formu<\/span><\/li>\n<li><span style=\"font-family: Roboto; font-size: 14px;\">Pasaport<\/span><\/li>\n<li><span style=\"font-family: Roboto; font-size: 14px;\">Adli sicil belgesi<\/span><\/li>\n<li><span style=\"font-family: Roboto; font-size: 14px;\">Sa\u011fl\u0131k raporu<\/span><\/li>\n<li><span style=\"font-family: Roboto; font-size: 14px;\">Dil belgesi: Dil yeterlili\u011fini g\u00f6steren belge sunulmal\u0131d\u0131r.<\/span><\/li>\n<li><span style=\"font-family: Roboto; font-size: 14px;\">Seyahat sa\u011fl\u0131k sigortas\u0131<\/span><\/li>\n<li><span style=\"font-family: Roboto; font-size: 14px;\">Kay\u0131t mektubu ve \u00fccret makbuzu:<\/span><\/li>\n<li><span style=\"font-family: Roboto; font-size: 14px;\">Milli e\u011fitim bakanl\u0131\u011f\u0131 kay\u0131t belgesi<\/span><\/li>\n<li><span style=\"font-family: Roboto; font-size: 14px;\">Fon kan\u0131t\u0131 belgesi<\/span><\/li>\n<\/ul>\n<p><span style=\"font-family: Roboto; font-size: 14px;\"><strong><em>Yunanistan\u2019da Dil Okulu e\u011fitimi \u00fczerinden oturum izni<\/em><\/strong><strong>\u00a0<\/strong>i\u00e7in gerekli belge ve \u015fartlar;<\/span><\/p>\n<p><span style=\"font-family: Roboto; font-size: 14px;\">\u00a0\u00a0 Dil e\u011fitimi almak \u00fczere <strong>Yunanistan\u2019da tam zamanl\u0131 e\u011fitim<\/strong> veren bir kuruma ba\u015fvuru yap\u0131lmas\u0131 gerekmektedir. 1 y\u0131l s\u00fcre ile ge\u00e7erli vize ve bu al\u0131nan vize ile e\u011fitim s\u00fcresinin sonuna kadar ge\u00e7erli olacak oturum izni al\u0131nabilmektedir.<strong> Yunanistan\u2019da dil e\u011fitimi<\/strong> alarak oturum izni almak i\u00e7in gerekli belgeler;<\/span><\/p>\n<ul>\n<li><span style=\"font-family: Roboto; font-size: 14px;\">Yunanistan\u2019da kay\u0131t yap\u0131lan okuldan Kay\u0131t belgesi<\/span><\/li>\n<li><span style=\"font-family: Roboto; font-size: 14px;\">Ba\u015fvuru formu<\/span><\/li>\n<li><span style=\"font-family: Roboto; font-size: 14px;\">Sicil, Sab\u0131ka kayd\u0131<\/span><\/li>\n<li><span style=\"font-family: Roboto; font-size: 14px;\">Sa\u011fl\u0131k raporu: \u00d6zel veya devlet hastanelerinden al\u0131nabilir.<\/span><\/li>\n<li><span style=\"font-family: Roboto; font-size: 14px;\">Gelir belgesi En az 400 Euro<\/span><\/li>\n<li><span style=\"font-family: Roboto; font-size: 14px;\">Muvakafatname: \u00d6\u011frenci 18 ya\u015f\u0131n alt\u0131nda ise, anne-baba taraf\u0131ndan imzalanmal\u0131d\u0131r.<\/span><\/li>\n<\/ul>\n<h2><span style=\"font-family: Roboto; font-size: 27px;\"><strong>Yunanistan\u2019da E\u011fitim G\u00f6renler Oturum \u015eartlar\u0131<\/strong><\/span><\/h2>\n<p><span style=\"font-family: Roboto; font-size: 14px;\">\u00a0\u00a0\u00a0 <strong>Yunanistan\u2019a \u00f6\u011frenci\u00a0<\/strong>olarak gidip lisans, y\u00fcksek lisans ve doktora gibi uzun s\u00fcreli bir e\u011fitim alacaksan\u0131z ulusal vize i\u015flemlerinizi tamamlad\u0131ktan sonra oturma izni alman\u0131z gerekmektedir.<\/span><\/p>\n<p><span style=\"font-family: Roboto; font-size: 14px;\"><strong>Yunanistan E\u011fitim Ama\u00e7l\u0131 Oturum \u0130zni \u0130\u00e7in Gerekli Olan Belge ve \u015eartlar<\/strong>;<\/span><\/p>\n<ul>\n<li><span style=\"font-family: Roboto; font-size: 14px;\">Renkli foto\u011frafl\u0131, imzal\u0131 ba\u015fvuru formu<\/span><\/li>\n<li><span style=\"font-family: Roboto; font-size: 14px;\">Pasaport veya Yunan yetkili makamlar\u0131nca onaylanm\u0131\u015f seyahat edebilir belgeleri<\/span><\/li>\n<li><span style=\"font-family: Roboto; font-size: 14px;\">Yunanistan s\u0131n\u0131rlar\u0131nda bir E\u011fitim kurumuna kay\u0131t oldu\u011funuzu ve kurumun \u00fccretini \u00f6dedi\u011finizi g\u00f6sterir belgeler.<\/span><\/li>\n<li><span style=\"font-family: Roboto; font-size: 14px;\">Ayl\u0131k ihtiya\u00e7lar\u0131n\u0131z\u0131 kar\u015f\u0131layabilecek kadar yeterli gelirinizin (Ayl\u0131k 400 Euro) oldu\u011funu g\u00f6steren banka dekontlar\u0131 ya da burs veya maa\u015f belgeleri<\/span><\/li>\n<li><span style=\"font-family: Roboto; font-size: 14px;\">18 ya\u015f\u0131ndan k\u00fc\u00e7\u00fckseniz ailenizin onay\u0131<\/span><\/li>\n<li><span style=\"font-family: Roboto; font-size: 14px;\">Seyahat sa\u011fl\u0131k sigortas\u0131<\/span><\/li>\n<li><span style=\"font-family: Roboto; font-size: 14px;\"><strong>Ulusal vize \u00fccreti<\/strong> \u00f6dendi\u011fine dair belge (90 Euro)<\/span><\/li>\n<li><span style=\"font-family: Roboto; font-size: 14px;\">Yeteri derecede Yunanca bildi\u011finizi g\u00f6steren sertifika veya s\u0131nav sonucu<\/span><\/li>\n<li><span style=\"font-family: Roboto; font-size: 14px;\">Sab\u0131ka, sicil kayd\u0131<\/span><\/li>\n<li><span style=\"font-family: Roboto; font-size: 14px;\">Bula\u015f\u0131c\u0131 hastal\u0131klara kar\u015f\u0131 sa\u011fl\u0131k raporu<\/span><\/li>\n<\/ul>\n<p><span style=\"font-family: Roboto; font-size: 14px;\">\u00d6\u011frencinin oturum izni i\u015flemlerini tamamlamas\u0131 i\u00e7in\u00a0<em>\u00c2demimerkeziyet Y\u00f6netimi Yabanc\u0131lar ve G\u00f6\u00e7 \u0130daresine<\/em>\u00a0ba\u015fvurmas\u0131 gerekmektedir. Oturum \u0130zni i\u00e7in Gerekli Belgeler;<\/span><\/p>\n<ul>\n<li><span style=\"font-family: Roboto; font-size: 14px;\">Kay\u0131t olunan e\u011fitim kurumu bilgileri ve \u00fccretinin \u00f6dendi\u011fine dair belgeler<\/span><\/li>\n<li><span style=\"font-family: Roboto; font-size: 14px;\">Oturma izni ba\u015fvuru formu<\/span><\/li>\n<li><span style=\"font-family: Roboto; font-size: 14px;\">Ki\u015finin ayl\u0131k masraflar i\u00e7in yeteri kadar gelirinin (400 Euro) oldu\u011fu g\u00f6steren belgeler<\/span><\/li>\n<li><span style=\"font-family: Roboto; font-size: 14px;\">Har\u00e7 (y\u0131ll\u0131k 150 Euro)<\/span><\/li>\n<li><span style=\"font-family: Roboto; font-size: 14px;\">18 ya\u015f alt\u0131 \u00f6\u011frenciler i\u00e7in aile izni<\/span><\/li>\n<\/ul>\n","protected":false},"excerpt":{"rendered":"<p>Yunanistan\u2019da E\u011fitim G\u00f6renler \u0130\u00e7in Oturum \u00a0\u00a0 Yunanistan Oturma izinleri farkl\u0131 kategorilere ayr\u0131lmaktad\u0131r. Oturum izinleri i\u00e7in farkl\u0131 belgeler istenilmektedir. Yunanistan Oturum izni ba\u015fvuru amac\u0131n\u0131za g\u00f6re gerekli belgeler Yunanistan konsoloslu\u011funun sitesi \u00fczerinden ula\u015fabilirsiniz. E\u011fitim ve \u00f6\u011frenim amac\u0131 ile de oturum izni alan\u0131 bilmektedir. Yunanistan da e\u011fitim amac\u0131yla seyahat edecek ki\u015filer oturma izni ile \u00f6zel yurt, oda kiralama,<\/p>\n","protected":false},"author":1,"featured_media":0,"parent":165,"menu_order":0,"comment_status":"open","ping_status":"closed","template":"","meta":{"footnotes":""},"class_list":["post-183","page","type-page","status-publish","hentry"],"yoast_head":"<!-- This site is optimized with the Yoast SEO plugin v26.8 - https:\/\/yoast.com\/product\/yoast-seo-wordpress\/ -->\n<title>Yunanistan&#039;da E\u011fitim G\u00f6renler - MyVize<\/title>\n<meta name=\"description\" content=\"Yunanistan&#039;da E\u011fitim G\u00f6renler Kimlerdir? Yunanistan&#039;da E\u011fitim G\u00f6rmek \u0130\u00e7in \u015eartlar Nelerdir? Yunanistanda E\u011fitim G\u00f6rmek \u0130\u00e7in Gereken Evraklar.\" \/>\n<meta name=\"robots\" content=\"index, follow, max-snippet:-1, max-image-preview:large, max-video-preview:-1\" \/>\n<link rel=\"canonical\" href=\"https:\/\/www.myvize.com.tr\/yunanistan\/oturum-2\/yunanistanda-egitim-gorenler\/\" \/>\n<meta property=\"og:locale\" content=\"tr_TR\" \/>\n<meta property=\"og:type\" content=\"article\" \/>\n<meta property=\"og:title\" content=\"Yunanistan&#039;da E\u011fitim G\u00f6renler - MyVize\" \/>\n<meta property=\"og:description\" content=\"Yunanistan&#039;da E\u011fitim G\u00f6renler Kimlerdir? Yunanistan&#039;da E\u011fitim G\u00f6rmek \u0130\u00e7in \u015eartlar Nelerdir? Yunanistanda E\u011fitim G\u00f6rmek \u0130\u00e7in Gereken Evraklar.\" \/>\n<meta property=\"og:url\" content=\"https:\/\/www.myvize.com.tr\/yunanistan\/oturum-2\/yunanistanda-egitim-gorenler\/\" \/>\n<meta property=\"og:site_name\" content=\"Yunanistan Vizesi\" \/>\n<meta property=\"article:modified_time\" content=\"2022-06-10T09:09:38+00:00\" \/>\n<meta name=\"twitter:card\" content=\"summary_large_image\" \/>\n<meta name=\"twitter:label1\" content=\"Tahmini okuma s\u00fcresi\" \/>\n\t<meta name=\"twitter:data1\" content=\"4 dakika\" \/>\n<script type=\"application\/ld+json\" class=\"yoast-schema-graph\">{\"@context\":\"https:\/\/schema.org\",\"@graph\":[{\"@type\":\"WebPage\",\"@id\":\"https:\/\/www.myvize.com.tr\/yunanistan\/oturum-2\/yunanistanda-egitim-gorenler\/\",\"url\":\"https:\/\/www.myvize.com.tr\/yunanistan\/oturum-2\/yunanistanda-egitim-gorenler\/\",\"name\":\"Yunanistan'da E\u011fitim G\u00f6renler - MyVize\",\"isPartOf\":{\"@id\":\"https:\/\/www.myvize.com.tr\/yunanistan\/#website\"},\"datePublished\":\"2020-12-22T09:57:47+00:00\",\"dateModified\":\"2022-06-10T09:09:38+00:00\",\"description\":\"Yunanistan'da E\u011fitim G\u00f6renler Kimlerdir? Yunanistan'da E\u011fitim G\u00f6rmek \u0130\u00e7in \u015eartlar Nelerdir? Yunanistanda E\u011fitim G\u00f6rmek \u0130\u00e7in Gereken Evraklar.\",\"breadcrumb\":{\"@id\":\"https:\/\/www.myvize.com.tr\/yunanistan\/oturum-2\/yunanistanda-egitim-gorenler\/#breadcrumb\"},\"inLanguage\":\"tr\",\"potentialAction\":[{\"@type\":\"ReadAction\",\"target\":[\"https:\/\/www.myvize.com.tr\/yunanistan\/oturum-2\/yunanistanda-egitim-gorenler\/\"]}]},{\"@type\":\"BreadcrumbList\",\"@id\":\"https:\/\/www.myvize.com.tr\/yunanistan\/oturum-2\/yunanistanda-egitim-gorenler\/#breadcrumb\",\"itemListElement\":[{\"@type\":\"ListItem\",\"position\":1,\"name\":\"Anasayfa\",\"item\":\"https:\/\/www.myvize.com.tr\/yunanistan\/\"},{\"@type\":\"ListItem\",\"position\":2,\"name\":\"YUNAN\u0130STAN OTURUM KARTI\",\"item\":\"https:\/\/www.myvize.com.tr\/yunanistan\/oturum-2\/\"},{\"@type\":\"ListItem\",\"position\":3,\"name\":\"Yunanistan&#8217;da E\u011fitim G\u00f6renler\"}]},{\"@type\":\"WebSite\",\"@id\":\"https:\/\/www.myvize.com.tr\/yunanistan\/#website\",\"url\":\"https:\/\/www.myvize.com.tr\/yunanistan\/\",\"name\":\"Yunanistan Vizesi\",\"description\":\"\",\"potentialAction\":[{\"@type\":\"SearchAction\",\"target\":{\"@type\":\"EntryPoint\",\"urlTemplate\":\"https:\/\/www.myvize.com.tr\/yunanistan\/?s={search_term_string}\"},\"query-input\":{\"@type\":\"PropertyValueSpecification\",\"valueRequired\":true,\"valueName\":\"search_term_string\"}}],\"inLanguage\":\"tr\"}]}<\/script>\n<!-- \/ Yoast SEO plugin. -->","yoast_head_json":{"title":"Yunanistan'da E\u011fitim G\u00f6renler - MyVize","description":"Yunanistan'da E\u011fitim G\u00f6renler Kimlerdir? Yunanistan'da E\u011fitim G\u00f6rmek \u0130\u00e7in \u015eartlar Nelerdir? Yunanistanda E\u011fitim G\u00f6rmek \u0130\u00e7in Gereken Evraklar.","robots":{"index":"index","follow":"follow","max-snippet":"max-snippet:-1","max-image-preview":"max-image-preview:large","max-video-preview":"max-video-preview:-1"},"canonical":"https:\/\/www.myvize.com.tr\/yunanistan\/oturum-2\/yunanistanda-egitim-gorenler\/","og_locale":"tr_TR","og_type":"article","og_title":"Yunanistan'da E\u011fitim G\u00f6renler - MyVize","og_description":"Yunanistan'da E\u011fitim G\u00f6renler Kimlerdir? Yunanistan'da E\u011fitim G\u00f6rmek \u0130\u00e7in \u015eartlar Nelerdir? Yunanistanda E\u011fitim G\u00f6rmek \u0130\u00e7in Gereken Evraklar.","og_url":"https:\/\/www.myvize.com.tr\/yunanistan\/oturum-2\/yunanistanda-egitim-gorenler\/","og_site_name":"Yunanistan Vizesi","article_modified_time":"2022-06-10T09:09:38+00:00","twitter_card":"summary_large_image","twitter_misc":{"Tahmini okuma s\u00fcresi":"4 dakika"},"schema":{"@context":"https:\/\/schema.org","@graph":[{"@type":"WebPage","@id":"https:\/\/www.myvize.com.tr\/yunanistan\/oturum-2\/yunanistanda-egitim-gorenler\/","url":"https:\/\/www.myvize.com.tr\/yunanistan\/oturum-2\/yunanistanda-egitim-gorenler\/","name":"Yunanistan'da E\u011fitim G\u00f6renler - MyVize","isPartOf":{"@id":"https:\/\/www.myvize.com.tr\/yunanistan\/#website"},"datePublished":"2020-12-22T09:57:47+00:00","dateModified":"2022-06-10T09:09:38+00:00","description":"Yunanistan'da E\u011fitim G\u00f6renler Kimlerdir? Yunanistan'da E\u011fitim G\u00f6rmek \u0130\u00e7in \u015eartlar Nelerdir? Yunanistanda E\u011fitim G\u00f6rmek \u0130\u00e7in Gereken Evraklar.","breadcrumb":{"@id":"https:\/\/www.myvize.com.tr\/yunanistan\/oturum-2\/yunanistanda-egitim-gorenler\/#breadcrumb"},"inLanguage":"tr","potentialAction":[{"@type":"ReadAction","target":["https:\/\/www.myvize.com.tr\/yunanistan\/oturum-2\/yunanistanda-egitim-gorenler\/"]}]},{"@type":"BreadcrumbList","@id":"https:\/\/www.myvize.com.tr\/yunanistan\/oturum-2\/yunanistanda-egitim-gorenler\/#breadcrumb","itemListElement":[{"@type":"ListItem","position":1,"name":"Anasayfa","item":"https:\/\/www.myvize.com.tr\/yunanistan\/"},{"@type":"ListItem","position":2,"name":"YUNAN\u0130STAN OTURUM KARTI","item":"https:\/\/www.myvize.com.tr\/yunanistan\/oturum-2\/"},{"@type":"ListItem","position":3,"name":"Yunanistan&#8217;da E\u011fitim G\u00f6renler"}]},{"@type":"WebSite","@id":"https:\/\/www.myvize.com.tr\/yunanistan\/#website","url":"https:\/\/www.myvize.com.tr\/yunanistan\/","name":"Yunanistan Vizesi","description":"","potentialAction":[{"@type":"SearchAction","target":{"@type":"EntryPoint","urlTemplate":"https:\/\/www.myvize.com.tr\/yunanistan\/?s={search_term_string}"},"query-input":{"@type":"PropertyValueSpecification","valueRequired":true,"valueName":"search_term_string"}}],"inLanguage":"tr"}]}},"_links":{"self":[{"href":"https:\/\/www.myvize.com.tr\/yunanistan\/wp-json\/wp\/v2\/pages\/183","targetHints":{"allow":["GET"]}}],"collection":[{"href":"https:\/\/www.myvize.com.tr\/yunanistan\/wp-json\/wp\/v2\/pages"}],"about":[{"href":"https:\/\/www.myvize.com.tr\/yunanistan\/wp-json\/wp\/v2\/types\/page"}],"author":[{"embeddable":true,"href":"https:\/\/www.myvize.com.tr\/yunanistan\/wp-json\/wp\/v2\/users\/1"}],"replies":[{"embeddable":true,"href":"https:\/\/www.myvize.com.tr\/yunanistan\/wp-json\/wp\/v2\/comments?post=183"}],"version-history":[{"count":4,"href":"https:\/\/www.myvize.com.tr\/yunanistan\/wp-json\/wp\/v2\/pages\/183\/revisions"}],"predecessor-version":[{"id":1001,"href":"https:\/\/www.myvize.com.tr\/yunanistan\/wp-json\/wp\/v2\/pages\/183\/revisions\/1001"}],"up":[{"embeddable":true,"href":"https:\/\/www.myvize.com.tr\/yunanistan\/wp-json\/wp\/v2\/pages\/165"}],"wp:attachment":[{"href":"https:\/\/www.myvize.com.tr\/yunanistan\/wp-json\/wp\/v2\/media?parent=183"}],"curies":[{"name":"wp","href":"https:\/\/api.w.org\/{rel}","templated":true}]}}