{"id":185,"date":"2020-12-22T12:58:12","date_gmt":"2020-12-22T09:58:12","guid":{"rendered":"https:\/\/www.myvize.com.tr\/yunanistan\/?page_id=185"},"modified":"2022-10-01T14:15:22","modified_gmt":"2022-10-01T11:15:22","slug":"yunanistan-aile-birlesimi","status":"publish","type":"page","link":"https:\/\/www.myvize.com.tr\/yunanistan\/yunan-vatandasligi\/yunanistan-aile-birlesimi\/","title":{"rendered":"Yunanistan Aile Birle\u015fimi"},"content":{"rendered":"<h2><span style=\"font-family: Roboto; font-size: 27px;\"><strong>Yunanistan&#8217;da Aile Birle\u015fimi<\/strong><\/span><\/h2>\n<p><span style=\"font-family: Roboto; font-size: 14px;\"><strong>Yunanistan aile birle\u015fim vizesi,<\/strong>\u00a0Yunan vatanda\u015f\u0131 ile olan evlilikte Yunanistan \u00fclkesi anakaras\u0131 ve ba\u011fl\u0131 ada topraklar\u0131nda 90 g\u00fcnden fazla s\u00fcreyle konaklama yap\u0131lacaksa yani hayat\u0131n\u0131z\u0131 orada ge\u00e7irme karar\u0131 ald\u0131ysan\u0131z ba\u015fvuru yap\u0131lan vize t\u00fcr\u00fcd\u00fcr.\u00a0<strong>Aile birle\u015fim vizesi,<\/strong>\u00a0Ulusal D tipi vize kategorisinde yer almaktad\u0131r.<\/span><\/p>\n<p><span style=\"font-family: Roboto; font-size: 14px;\"><strong>Yunanistan aile birle\u015fimi vizesi<\/strong>\u00a0alabilmek i\u00e7in, \u00f6ncelikli olan \u015fey Yunan vatanda\u015f\u0131 e\u015fin kendi el yaz\u0131s\u0131 ile yazaca\u011f\u0131 davet mektubunu sunmak gereklidir. Davet dilek\u00e7esinin Yunanca dilinde olmas\u0131 gereklidir. Evlilik bildirim onay\u0131n\u0131n Yunanistan yetkili makamlar\u0131ndan al\u0131nm\u0131\u015f olmas\u0131 gereklidir.\u00a0<strong>Yunanistan aile birle\u015fimi vizesi\u00a0<\/strong>i\u015flemlerinde Konsoloslu\u011fun istedi\u011fi t\u00fcm belgelerin Yunanca terc\u00fcmeleri ile ibraz edilmesi gerekti\u011fini unutmay\u0131n\u0131z.<\/span><\/p>\n<p><span style=\"font-family: Roboto; font-size: 14px;\"><strong>Yunanistan aile birle\u015fimi vizesi\u00a0<\/strong>ba\u015fvurusunun sonu\u00e7lanmas\u0131 3-6 ay s\u00fcre almaktad\u0131r. S\u00fcrenin uzamas\u0131 yaz veya s\u00f6mestr d\u00f6nemi veya \u00fclkenin dini bayramlar\u0131na denk gelmesi nedeni ile ba\u015fvuru yo\u011funlu\u011fundan kaynaklanabilir. S\u00fcrenin uzamamas\u0131 i\u00e7in ba\u015fvuru evraklar\u0131n\u0131n istenilen \u015fekil \u015fartlar\u0131na uygun olarak eksiksiz haz\u0131rlanmas\u0131 ko\u015fulu \u00f6nemlidir.<\/span><\/p>\n<h2><strong><span style=\"font-family: Roboto; font-size: 27px;\">Yunanistan Aile Birle\u015fimi \u0130\u015flemleri<\/span><\/strong><\/h2>\n<p><span style=\"font-family: Roboto; font-size: 14px;\"><strong>Yunanistan aile birle\u015fimi i\u015flemleri,<\/strong> Yunanistan aile birle\u015fim vizesi evli olanlar i\u00e7in uygulanan vize t\u00fcr\u00fc olarak kar\u015f\u0131m\u0131za \u00e7\u0131kar. Yunanistan s\u0131n\u0131rlar\u0131 i\u00e7erisinde bulunan T\u00fcrk Konsolosluklar\u0131, \u00fclkenin \u015fartlar\u0131na uygun olmas\u0131 durumunda yaln\u0131zca T\u00fcrk vatanda\u015flar\u0131 ile evlilik i\u015flemleri yapmaktad\u0131r. Evlenecek olan ki\u015fiden birisi \u00e7ifte vatanda\u015fl\u0131\u011f\u0131 olmas\u0131 durumunda, evlilik s\u00f6zle\u015fmesi Ba\u015fkonsoloslukta yap\u0131lmamaktad\u0131r. Yunanistan s\u0131n\u0131rlar\u0131 i\u00e7erisinde evlilik yapmay\u0131 d\u00fc\u015f\u00fcnen T\u00fcrk vatanda\u015flar\u0131n\u0131n Yunanistan aile birle\u015fim vizesi i\u00e7in T\u00fcrkiye Konsoloslu\u011fu\u2019na \u015fahsi ba\u015fvuruda bulunarak a\u015fa\u011f\u0131da belirtilen evraklar\u0131 vermek zorundad\u0131r.<\/span><\/p>\n<p><span style=\"font-family: Roboto; font-size: 14px;\">Ba\u015fvuruyu yapan ki\u015filerin, bekar olduklar\u0131n\u0131 ve evlenmelerinde herhangi bir sak\u0131ncan\u0131n olmad\u0131\u011f\u0131 y\u00f6n\u00fcnde bilgi veren ve Yunanca olacak \u015fekilde haz\u0131rlanan bir belge.<\/span><\/p>\n<ul>\n<li><span style=\"font-family: Roboto; font-size: 14px;\">\u00c7ok dilde yaz\u0131lm\u0131\u015f bir do\u011fum kay\u0131t \u00f6rne\u011fi.<\/span><\/li>\n<li><span style=\"font-family: Roboto; font-size: 14px;\">Bu belgeleri T\u00fcrkiye\u2019den alabilirsiniz, fakat Yunanistan makamlar\u0131 Yunanistan T\u00fcrkiye haz\u0131rlanm\u0131\u015f evlenmelerinde hi\u00e7bir sak\u0131ncalar\u0131 yoktur belgesini kabul ederler.<\/span><\/li>\n<\/ul>\n<p><span style=\"font-family: Roboto; font-size: 14px;\">T\u00fcrkiye\u2019den al\u0131nm\u0131\u015f olan do\u011fum belgesi i\u00e7in Yunanistan makamlar\u0131 belgenin \u00fczerinde T\u00fcrkiye kaymakaml\u0131k veya valilikleri \u00fczerinden al\u0131nan Apostil Ka\u015fesi olmas\u0131n\u0131 istemektedirler. <strong>Yunanistan s\u0131n\u0131rlar\u0131<\/strong> i\u00e7erisinde bulunan T\u00fcrkiye Ba\u015fkonsolosluklar\u0131 taraf\u0131ndan verilmi\u015f do\u011fum kay\u0131t \u00f6rneklerinde apostil ka\u015fesinin olmas\u0131na gerek yoktur.<\/span><\/p>\n<h2><span style=\"font-family: Roboto; font-size: 27px;\"><strong>Yunanistan Aile Birle\u015fimi Ba\u015fvurusu<\/strong><\/span><\/h2>\n<p><span style=\"font-family: Roboto; font-size: 14px;\"><strong>Yunanistan aile birle\u015fimi ba\u015fvurusu\u00a0<\/strong>i\u00e7in Konsolosluk\/ B\u00fcy\u00fckel\u00e7ilik taraf\u0131ndan istenen evraklar \u015funlard\u0131r:<\/span><\/p>\n<p><span style=\"font-family: Roboto; font-size: 14px;\">\u0130stenen t\u00fcm evraklar\u0131n Yunanca terc\u00fcmeli olarak istendi\u011fini g\u00f6z \u00f6n\u00fcne al\u0131n\u0131z. Sa\u011fl\u0131k m\u00fcd\u00fcrl\u00fckleri taraf\u0131ndan onaylanm\u0131\u015f sa\u011fl\u0131k raporlar\u0131, Sanayi ve Ticaret Odas\u0131 onayl\u0131 ticari evraklar, lisans\/ y\u00fcksek lisans diplomalar\u0131, N\u00fcfus M\u00fcd\u00fcrl\u00fckleri\u2019nden al\u0131nan belgelerin apostilli olmas\u0131 ve noter onayl\u0131 olmas\u0131 istenmektedir.<\/span><\/p>\n<ul>\n<li><span style=\"font-family: Roboto; font-size: 14px;\">Aile birle\u015fimi vize ba\u015fvuru formu (Yunanca doldurulmal\u0131d\u0131r)<\/span><\/li>\n<li><span style=\"font-family: Roboto; font-size: 14px;\">Pasaport (Pasaportunuzun en az 2 bo\u015f sayfas\u0131 bulunmal\u0131d\u0131r. Pasaportun ge\u00e7erlilik s\u00fcresi en az 1 y\u0131l olmal\u0131d\u0131r. Pasaportun al\u0131n\u0131\u015f tarihi, 8 y\u0131ldan eski olmamal\u0131d\u0131r.)<\/span><\/li>\n<li><span style=\"font-family: Roboto; font-size: 14px;\">Vize ba\u015fvuru formu<\/span><\/li>\n<li><span style=\"font-family: Roboto; font-size: 14px;\">Kimlik kart\u0131n\u0131z\u0131n fotokopisi<\/span><\/li>\n<li><span style=\"font-family: Roboto; font-size: 14px;\">Seyahat sa\u011fl\u0131k sigortas\u0131 30.000 \u20ac teminatl\u0131 olmal\u0131d\u0131r, kaza\/ hastal\u0131k durumlar\u0131nda ayakta\/yatarak tedavi unsurlar\u0131n\u0131 i\u00e7ermelidir.<\/span><\/li>\n<li><span style=\"font-family: Roboto; font-size: 14px;\">U\u00e7ak\/otob\u00fcs\/feribot rezervasyonu yap\u0131lm\u0131\u015f ve sat\u0131n al\u0131nm\u0131\u015f olmas\u0131 gereklidir<\/span><\/li>\n<li><span style=\"font-family: Roboto; font-size: 14px;\">Banka hesap d\u00f6k\u00fcmleri (Vize ba\u015fvurusu yap\u0131ld\u0131\u011f\u0131 tarihteki hesap ekstresi)<\/span><\/li>\n<li><span style=\"font-family: Roboto; font-size: 14px;\">Tam vukuatl\u0131 n\u00fcfus kay\u0131t \u00f6rne\u011fi<\/span><\/li>\n<li><span style=\"font-family: Roboto; font-size: 14px;\">Ta\u015f\u0131nmaz tapular\u0131, ara\u00e7 ruhsatlar\u0131 ve ek gelirleriniz (Var ise kira, y\u00fcr\u00fct\u00fclen s\u00f6zle\u015fmeler dolay\u0131s\u0131yla ayl\u0131k yap\u0131lan \u00f6demeler, birikim hesab\u0131 getirileri)<\/span><\/li>\n<li><span style=\"font-family: Roboto; font-size: 14px;\">Evlilik belgesi (Uluslararas\u0131 ge\u00e7erlili\u011fi bulunmal\u0131d\u0131r.)<\/span><\/li>\n<li><span style=\"font-family: Roboto; font-size: 14px;\">Uluslararas\u0131 ge\u00e7erlili\u011fe evlilik belgesi<\/span><\/li>\n<li><span style=\"font-family: Roboto; font-size: 14px;\">Ba\u015fvuran ki\u015fi n\u00fcfus kay\u0131t belgesi (As\u0131l ve 2 adet fotokopi)<\/span><\/li>\n<li><span style=\"font-family: Roboto; font-size: 14px;\">3 adet biyometrik foto\u011fraf (\/Daha \u00f6nceden vize ba\u015fvurusunda kullan\u0131lmam\u0131\u015f)<\/span><\/li>\n<li><span style=\"font-family: Roboto; font-size: 14px;\">Sab\u0131ka kayd\u0131<\/span><\/li>\n<\/ul>\n<h2><span style=\"font-family: Roboto; font-size: 14px;\"><strong><span style=\"font-size: 27px;\">Yunanistan Aile Birle\u015fimi Ba\u015fvurusu Nereye Yap\u0131l\u0131r?<\/span><br \/>\n<\/strong><\/span><\/h2>\n<p><span style=\"font-family: Roboto; font-size: 14px;\"><strong>Yunanistan Aile Birle\u015fimi <\/strong>i\u015flemlerinin y\u00fcr\u00fct\u00fclebilmesi i\u00e7in \u00e7iftler aras\u0131nda resmi evlilik olmal\u0131d\u0131r. \u00c7iftlerden birinin \u00e7ift uyruklu olmas\u0131 durumunda, nik\u00e2h sadece Ba\u015fkonsolosluk binas\u0131 i\u00e7erisinde yap\u0131labilir. Resmi nik\u00e2h ba\u011f\u0131 olan \u00e7iftlerden biri, aile birle\u015fimi i\u015flemleri i\u00e7in T\u00fcrkiye\u2019de bulunan Yunanistan Ba\u015fkonsoloslu\u011fu veya B\u00fcy\u00fckel\u00e7ili\u011fi\u2019ne \u015fahsen ba\u015fvuru yapmal\u0131d\u0131rlar.<\/span><\/p>\n<p><span style=\"font-family: Roboto; font-size: 14px;\">E\u011fer <strong>Yunan vatanda\u015f\u0131<\/strong> ile olan evlilik \u00fclkemiz s\u0131n\u0131rlar\u0131 i\u00e7erisinde yap\u0131lacaksa, nik\u00e2h t\u00f6reni Ek\u00fcmenik Patrikhanesi\u2019ne ba\u011fl\u0131 kilisede olmal\u0131d\u0131r. Kiliseden de evlili\u011fin ge\u00e7erli oldu\u011funa dair belge al\u0131nmal\u0131d\u0131r.<\/span><\/p>\n<p><span style=\"font-family: Roboto; font-size: 14px;\">Yurt d\u0131\u015f\u0131nda y\u00fcr\u00fct\u00fclecek her t\u00fcrl\u00fc yasal i\u015flemlerde sunulacak belgenin apostilli olmas\u0131 gerekmektedir. \u00dclkeler aras\u0131nda yasal evrak dola\u015f\u0131m\u0131nda belgelerin apostilli olmas\u0131 gereklili\u011fi, 5 Ekim 1961 y\u0131l\u0131nda yap\u0131lan Lahey anla\u015fmas\u0131\u00a0karar\u0131 ile olmu\u015ftur.<\/span><\/p>\n<p><span style=\"font-family: Roboto; font-size: 14px;\">Apostil edilmi\u015f belgeler, Kaymakaml\u0131k veya Valilik taraf\u0131ndan verilmektedir. Ki\u015finin hangi Kaymakaml\u0131k veya Valilik\u2019e m\u00fcracaat etti\u011finin bir \u00f6nemi yoktur. T\u00fcrkiye s\u0131n\u0131rlar\u0131 i\u00e7erisinden herhangi bir N\u00fcfus M\u00fcd\u00fcrl\u00fc\u011f\u00fc\u2019nden online randevu alarak, evrak \u00e7\u0131kartmak i\u00e7in verilen randevu saatinde N\u00fcfus M\u00fcd\u00fcrl\u00fc\u011f\u00fc\u2019nde bulunmal\u0131d\u0131r ve \u00e7\u0131kan evraklar\u0131n apostil edilmesi i\u00e7in Kaymakaml\u0131k\u2019a ba\u015fvuru yapmas\u0131 gerekir. Apostil evrak i\u015flemleri \u00fccretsiz olarak yap\u0131lmaktad\u0131r. Ancak Yunanistan aile birle\u015fimi evraklar\u0131 Yunanca olmas\u0131 gerekti\u011finden, b\u00fcnyesinden yeminli noter olan Kaymakaml\u0131klarda i\u015flem yapt\u0131r\u0131lacakt\u0131r ve \u00e7eviri ve noter onay\u0131 i\u00e7in \u00fccret talep edilebilir.<\/span><\/p>\n<p><span style=\"font-family: Roboto; font-size: 14px;\">Medeni durumu g\u00f6steren belgeler, vekaletnameler ve muvafakatnameler, evlilik c\u00fczdanlar\u0131, evlenme ehliyeti, e\u011fitim belgeleri, do\u011fum belgeleri apostil gerektiren evraklard\u0131r.<\/span><\/p>\n<h3><span style=\"font-family: Roboto; font-size: 24px;\"><strong>Yunanistan Aile Birle\u015fimi Ba\u015fvurusu, \u0130stanbul<\/strong><\/span><\/h3>\n<p><span style=\"font-family: Roboto; font-size: 14px;\"><strong>Yunanistan Aile Birle\u015fimi ba\u015fvurusu \u0130stanbul\u00a0<\/strong>Yunanistan Ba\u015fkonsoloslu\u011fu\u2019ndan yap\u0131labilir. Yunanistan Ba\u015fkonsoloslu\u011fu, Beyo\u011flu H\u00fcseyina\u011fa Mahallesi\u2019nde bulunmaktad\u0131r. Hafta i\u00e7i her g\u00fcn 09:00-16:00 saatleri aras\u0131nda hizmet vermektedir. Ancak Ba\u015fkonsolosluk, T\u00fcrkiye ve Yunanistan resmi tatil g\u00fcnlerinde hizmet vermemektedir. <span style=\"color: #2acec2;\"><strong><a style=\"color: #2acec2;\" href=\"https:\/\/www.myvize.com.tr\/yunanistan\/konsolosluklar\/\" target=\"_blank\" rel=\"noopener\">Yunanistan Ba\u015fkonsoloslu\u011fu<\/a><\/strong><\/span> yetki alan\u0131na d\u00e2hil olan iller \u015funlard\u0131r: \u0130stanbul, Artvin, Bolu, Bart\u0131n, Bayburt, Bursa, D\u00fczce, \u00c7anakkale, Giresun, G\u00fcm\u00fc\u015fhane, Kocaeli, Kastamonu, Karab\u00fck, Sakarya, Rize, Samsun, Ordu, Trabzon, Sinop, Zonguldak, Yalova<\/span><\/p>\n<p><span style=\"font-family: Roboto; font-size: 14px;\"><strong>Yunanistan Aile Birle\u015fimi ba\u015fvurusu \u0130stanbul\u00a0<\/strong>hakk\u0131nda bilgi almak i\u00e7in; +90 212 393 8290\/1\/2\/4 numaray\u0131 arayarak bilgi sahibi olabilirler. Her t\u00fcrl\u00fc vize i\u015fleminde oldu\u011fu gibi, s\u00fcrecin sorunsuz ilerlemesi i\u00e7in mutlaka i\u015flemlerinizi randevu alarak y\u00fcr\u00fct\u00fcn\u00fcz ve evraklar\u0131n\u0131z\u0131 istenilen \u015fekilde haz\u0131rlay\u0131n\u0131z. Evraklar\u0131n eksik veya iste\u011fe uygun olmamas\u0131 durumunda, vize i\u015flemleri durdurulmaktad\u0131r.<\/span><\/p>\n<p><span style=\"font-family: Roboto; font-size: 14px;\"><strong>Yunanistan Ba\u015fkonsoloslu\u011fu\u2019ndaki i\u015flemler,<\/strong> Covid 19 d\u00f6nemi pandemisiyle ask\u0131ya al\u0131nm\u0131\u015ft\u0131. Ancak 20\/05\/2021 tarihi itibar\u0131yla hizmet verme s\u00fcreci yeniden ba\u015flam\u0131\u015ft\u0131r.<\/span><\/p>\n<h3><strong><span style=\"font-family: Roboto; font-size: 24px;\">Yunanistan Aile Birle\u015fimi Ba\u015fvurusu, Ankara<\/span><\/strong><\/h3>\n<p><span style=\"font-family: Roboto; font-size: 14px;\"><strong>Yunanistan aile birle\u015fimi ba\u015fvurusu<\/strong> Ankara i\u015flemleri Ba\u015fkonsolosluk \u00fczerinden yap\u0131lmaktad\u0131r. Yunanistan aile birle\u015fimi vizesi i\u00e7in ilk olarak Yunanistan Ankara Konsoloslu\u011fu\u2019ndan randevu al\u0131nmas\u0131 olacakt\u0131r. Al\u0131nacak randevular, internet \u00fczerinde, e-posta yoluyla veya telefonla al\u0131nmaktad\u0131r. Yunanistan vatanda\u015f\u0131 olan biriyle evlenecek T\u00fcrk Vatanda\u015f\u0131 ile \u00e7ocuklar\u0131n\u0131n ba\u015fvuru yapaca\u011f\u0131 vize t\u00fcr\u00fcd\u00fcr. Aile birle\u015fim vizesi ba\u015fvuru i\u015flemleri \u015fu a\u015famalarda olmaktad\u0131r.<\/span><\/p>\n<p><span style=\"font-family: Roboto; font-size: 14px;\"><strong>Yunanistan aile birle\u015fimi Ankara<\/strong> formunu internet \u00fczerinden indirip doldurulacak. Vize ba\u015fvuru merkezleri arac\u0131l\u0131\u011f\u0131yla randevu al\u0131n\u0131r. Gerekli olacak evraklar haz\u0131rlan\u0131r. Daha sonra vize harc\u0131n\u0131n \u00f6demesi yap\u0131l\u0131r. Aile birle\u015fim vizesi i\u00e7in haz\u0131rlanan evraklar eksik olmayacak ve g\u00fcncel bilgiler olacak \u015fekilde vize ba\u015fvuru merkezine teslim edilir. Bu i\u015flemlerden sonra vizenin a\u00e7\u0131klanmas\u0131 beklenir. Yunanistan aile birle\u015fim vizesi Ankara i\u00e7in gerekli belgeler \u015funlard\u0131r.<\/span><\/p>\n<ul>\n<li><span style=\"font-family: Roboto; font-size: 14px;\">Sa\u011fl\u0131k sigortas\u0131<\/span><\/li>\n<li><span style=\"font-family: Roboto; font-size: 14px;\">Pasaport<\/span><\/li>\n<li><span style=\"font-family: Roboto; font-size: 14px;\">2 adet biyometrik foto\u011fraf<\/span><\/li>\n<li><span style=\"font-family: Roboto; font-size: 14px;\">Evlilik c\u00fczdan\u0131<\/span><\/li>\n<li><span style=\"font-family: Roboto; font-size: 14px;\">Vize \u00fccreti \u00f6dendi dekontu<\/span><\/li>\n<li><span style=\"font-family: Roboto; font-size: 14px;\">Vize ba\u015fvuru formu<\/span><\/li>\n<li><span style=\"font-family: Roboto; font-size: 14px;\">Apostil m\u00fchr\u00fc<\/span><\/li>\n<li><span style=\"font-family: Roboto; font-size: 14px;\">T\u00fcrkiye\u2019de oturan fakat T\u00fcrk olmayan bireyler i\u00e7in ikametgah belgesi<\/span><\/li>\n<li><span style=\"font-family: Roboto; font-size: 14px;\">Sab\u0131ka kayd\u0131<\/span><\/li>\n<li><span style=\"font-family: Roboto; font-size: 14px;\">Kimlik fotokopisi<\/span><\/li>\n<li><span style=\"font-family: Roboto; font-size: 14px;\">Banka hesap hareketleri d\u00f6k\u00fcm\u00fc<\/span><\/li>\n<\/ul>\n<h3><strong><span style=\"font-family: Roboto; font-size: 24px;\">Yunanistan Aile Birle\u015fimi Ba\u015fvurusu, \u0130zmir<\/span><\/strong><\/h3>\n<p><span style=\"font-family: Roboto; font-size: 14px;\"><strong>Yunanistan aile birle\u015fimi ba\u015fvurusu \u0130zmir\u2019<\/strong>den yap\u0131lmas\u0131 durumunda haz\u0131rlanacak evraklar eksiksiz ve g\u00fcncel bilgiler olacak \u015fekilde haz\u0131rlanmas\u0131 gerekir. Yunanistan aile birle\u015fim vizesi Schengen vizesi ile kar\u0131\u015ft\u0131r\u0131lmamas\u0131 gerekir. Schengen vizesi 180 g\u00fcden olu\u015fup 90 g\u00fcn konaklama olana\u011f\u0131 sunan bir vize t\u00fcr\u00fcd\u00fcr. Aile birle\u015fim vizesi ise 90 g\u00fcnden uzun s\u00fcreli kalacak ki\u015filere verilen vize t\u00fcr\u00fcd\u00fcr.<\/span><\/p>\n<p><span style=\"font-family: Roboto; font-size: 14px;\"><strong>Yunanistan aile birle\u015fim vizesi \u0130zmir<\/strong> Konsoloslu\u011fu \u00fczerinden bizzat yap\u0131lmaktad\u0131r. \u0130lk yap\u0131lacak i\u015flem vize randevusu al\u0131nmas\u0131 gerekir. Randevular Yunanistan \u0130zmir Konsoloslu\u011fu internet sitesi \u00fczerinden veya telefon yoluyla al\u0131nmaktad\u0131r. D tipi vize t\u00fcr\u00fc olarak bilinen aile birle\u015fim vizesi, Yunanistan vatanda\u015f\u0131 olan biriyle evlenen T\u00fcrk vatanda\u015f\u0131n\u0131n ve \u00e7ocuklar\u0131n\u0131n ba\u015fvuru yapaca\u011f\u0131 bir vize \u00e7e\u015fidi olarak bilinmektedir. Aile birle\u015fim vizesi almak isteyen ki\u015filerin yapacaklar\u0131 i\u015flemler \u015fu \u015fekilde olmaktad\u0131r. Yunanistan aile birle\u015fim vizesi ba\u015fvurusunu \u0130zmir\u2019den yapacak ki\u015filer, Yunanistan Konsoloslu\u011funun internet sayfas\u0131 \u00fczerinden giri\u015f yaparak formu doldururlar. Daha sonra \u0130zmir\u2019de bulunan vize ba\u015fvuru merkezleri arac\u0131l\u0131\u011f\u0131yla randevu alma i\u015flemini yaparak gerekli evraklar\u0131n haz\u0131rlanmas\u0131na ge\u00e7ilir. Daha sonra Yunanistan aile birle\u015fim vizesi \u00fccreti \u00f6denir. B\u00fct\u00fcn bu i\u015flemlerden sonra gerekli evraklar eksiksiz ve g\u00fcncel bilgiler olacak \u015fekilde tamamland\u0131ysa bunlar\u0131 vize ba\u015fvuru merkezlerine teslim edilir. Teslim edilen evraklardan sonra vize ba\u015fvuru i\u015flemini tamamlam\u0131\u015f olursunuz. Art\u0131k vize ba\u015fvuru sonucunun a\u00e7\u0131klanmas\u0131n\u0131 bekleyeceksiniz. Vize ba\u015fvuru sonu\u00e7lar\u0131 15 g\u00fcn i\u00e7erisinde a\u00e7\u0131klan\u0131r.<\/span><\/p>\n","protected":false},"excerpt":{"rendered":"<p>Yunanistan&#8217;da Aile Birle\u015fimi Yunanistan aile birle\u015fim vizesi,\u00a0Yunan vatanda\u015f\u0131 ile olan evlilikte Yunanistan \u00fclkesi anakaras\u0131 ve ba\u011fl\u0131 ada topraklar\u0131nda 90 g\u00fcnden fazla s\u00fcreyle konaklama yap\u0131lacaksa yani hayat\u0131n\u0131z\u0131 orada ge\u00e7irme karar\u0131 ald\u0131ysan\u0131z ba\u015fvuru yap\u0131lan vize t\u00fcr\u00fcd\u00fcr.\u00a0Aile birle\u015fim vizesi,\u00a0Ulusal D tipi vize kategorisinde yer almaktad\u0131r. Yunanistan aile birle\u015fimi vizesi\u00a0alabilmek i\u00e7in, \u00f6ncelikli olan \u015fey Yunan vatanda\u015f\u0131 e\u015fin kendi el<\/p>\n","protected":false},"author":1,"featured_media":0,"parent":168,"menu_order":0,"comment_status":"open","ping_status":"closed","template":"","meta":{"footnotes":""},"class_list":["post-185","page","type-page","status-publish","hentry"],"yoast_head":"<!-- This site is optimized with the Yoast SEO plugin v26.8 - https:\/\/yoast.com\/product\/yoast-seo-wordpress\/ -->\n<title>Yunanistan Aile Birle\u015fimi - MyVize<\/title>\n<meta name=\"description\" content=\"Yunanistan Aile Birle\u015fimi Vizesi Nas\u0131l Al\u0131n\u0131r? Yunanistan Aile Birle\u015fimi \u015eartlar\u0131 Nelerdir? Bilgi \u0130\u00e7in Hemen Aray\u0131n: 0850 346 84 93\" \/>\n<meta name=\"robots\" content=\"index, follow, max-snippet:-1, max-image-preview:large, max-video-preview:-1\" \/>\n<link rel=\"canonical\" href=\"https:\/\/www.myvize.com.tr\/yunanistan\/yunan-vatandasligi\/yunanistan-aile-birlesimi\/\" \/>\n<meta property=\"og:locale\" content=\"tr_TR\" \/>\n<meta property=\"og:type\" content=\"article\" \/>\n<meta property=\"og:title\" content=\"Yunanistan Aile Birle\u015fimi - MyVize\" \/>\n<meta property=\"og:description\" content=\"Yunanistan Aile Birle\u015fimi Vizesi Nas\u0131l Al\u0131n\u0131r? Yunanistan Aile Birle\u015fimi \u015eartlar\u0131 Nelerdir? Bilgi \u0130\u00e7in Hemen Aray\u0131n: 0850 346 84 93\" \/>\n<meta property=\"og:url\" content=\"https:\/\/www.myvize.com.tr\/yunanistan\/yunan-vatandasligi\/yunanistan-aile-birlesimi\/\" \/>\n<meta property=\"og:site_name\" content=\"Yunanistan Vizesi\" \/>\n<meta property=\"article:modified_time\" content=\"2022-10-01T11:15:22+00:00\" \/>\n<meta name=\"twitter:card\" content=\"summary_large_image\" \/>\n<meta name=\"twitter:label1\" content=\"Tahmini okuma s\u00fcresi\" \/>\n\t<meta name=\"twitter:data1\" content=\"7 dakika\" \/>\n<script type=\"application\/ld+json\" class=\"yoast-schema-graph\">{\"@context\":\"https:\/\/schema.org\",\"@graph\":[{\"@type\":\"WebPage\",\"@id\":\"https:\/\/www.myvize.com.tr\/yunanistan\/yunan-vatandasligi\/yunanistan-aile-birlesimi\/\",\"url\":\"https:\/\/www.myvize.com.tr\/yunanistan\/yunan-vatandasligi\/yunanistan-aile-birlesimi\/\",\"name\":\"Yunanistan Aile Birle\u015fimi - MyVize\",\"isPartOf\":{\"@id\":\"https:\/\/www.myvize.com.tr\/yunanistan\/#website\"},\"datePublished\":\"2020-12-22T09:58:12+00:00\",\"dateModified\":\"2022-10-01T11:15:22+00:00\",\"description\":\"Yunanistan Aile Birle\u015fimi Vizesi Nas\u0131l Al\u0131n\u0131r? Yunanistan Aile Birle\u015fimi \u015eartlar\u0131 Nelerdir? Bilgi \u0130\u00e7in Hemen Aray\u0131n: 0850 346 84 93\",\"breadcrumb\":{\"@id\":\"https:\/\/www.myvize.com.tr\/yunanistan\/yunan-vatandasligi\/yunanistan-aile-birlesimi\/#breadcrumb\"},\"inLanguage\":\"tr\",\"potentialAction\":[{\"@type\":\"ReadAction\",\"target\":[\"https:\/\/www.myvize.com.tr\/yunanistan\/yunan-vatandasligi\/yunanistan-aile-birlesimi\/\"]}]},{\"@type\":\"BreadcrumbList\",\"@id\":\"https:\/\/www.myvize.com.tr\/yunanistan\/yunan-vatandasligi\/yunanistan-aile-birlesimi\/#breadcrumb\",\"itemListElement\":[{\"@type\":\"ListItem\",\"position\":1,\"name\":\"Anasayfa\",\"item\":\"https:\/\/www.myvize.com.tr\/yunanistan\/\"},{\"@type\":\"ListItem\",\"position\":2,\"name\":\"VATANDA\u015eLIK\",\"item\":\"https:\/\/www.myvize.com.tr\/yunanistan\/yunan-vatandasligi\/\"},{\"@type\":\"ListItem\",\"position\":3,\"name\":\"Yunanistan Aile Birle\u015fimi\"}]},{\"@type\":\"WebSite\",\"@id\":\"https:\/\/www.myvize.com.tr\/yunanistan\/#website\",\"url\":\"https:\/\/www.myvize.com.tr\/yunanistan\/\",\"name\":\"Yunanistan Vizesi\",\"description\":\"\",\"potentialAction\":[{\"@type\":\"SearchAction\",\"target\":{\"@type\":\"EntryPoint\",\"urlTemplate\":\"https:\/\/www.myvize.com.tr\/yunanistan\/?s={search_term_string}\"},\"query-input\":{\"@type\":\"PropertyValueSpecification\",\"valueRequired\":true,\"valueName\":\"search_term_string\"}}],\"inLanguage\":\"tr\"}]}<\/script>\n<!-- \/ Yoast SEO plugin. -->","yoast_head_json":{"title":"Yunanistan Aile Birle\u015fimi - MyVize","description":"Yunanistan Aile Birle\u015fimi Vizesi Nas\u0131l Al\u0131n\u0131r? Yunanistan Aile Birle\u015fimi \u015eartlar\u0131 Nelerdir? Bilgi \u0130\u00e7in Hemen Aray\u0131n: 0850 346 84 93","robots":{"index":"index","follow":"follow","max-snippet":"max-snippet:-1","max-image-preview":"max-image-preview:large","max-video-preview":"max-video-preview:-1"},"canonical":"https:\/\/www.myvize.com.tr\/yunanistan\/yunan-vatandasligi\/yunanistan-aile-birlesimi\/","og_locale":"tr_TR","og_type":"article","og_title":"Yunanistan Aile Birle\u015fimi - MyVize","og_description":"Yunanistan Aile Birle\u015fimi Vizesi Nas\u0131l Al\u0131n\u0131r? Yunanistan Aile Birle\u015fimi \u015eartlar\u0131 Nelerdir? Bilgi \u0130\u00e7in Hemen Aray\u0131n: 0850 346 84 93","og_url":"https:\/\/www.myvize.com.tr\/yunanistan\/yunan-vatandasligi\/yunanistan-aile-birlesimi\/","og_site_name":"Yunanistan Vizesi","article_modified_time":"2022-10-01T11:15:22+00:00","twitter_card":"summary_large_image","twitter_misc":{"Tahmini okuma s\u00fcresi":"7 dakika"},"schema":{"@context":"https:\/\/schema.org","@graph":[{"@type":"WebPage","@id":"https:\/\/www.myvize.com.tr\/yunanistan\/yunan-vatandasligi\/yunanistan-aile-birlesimi\/","url":"https:\/\/www.myvize.com.tr\/yunanistan\/yunan-vatandasligi\/yunanistan-aile-birlesimi\/","name":"Yunanistan Aile Birle\u015fimi - MyVize","isPartOf":{"@id":"https:\/\/www.myvize.com.tr\/yunanistan\/#website"},"datePublished":"2020-12-22T09:58:12+00:00","dateModified":"2022-10-01T11:15:22+00:00","description":"Yunanistan Aile Birle\u015fimi Vizesi Nas\u0131l Al\u0131n\u0131r? Yunanistan Aile Birle\u015fimi \u015eartlar\u0131 Nelerdir? Bilgi \u0130\u00e7in Hemen Aray\u0131n: 0850 346 84 93","breadcrumb":{"@id":"https:\/\/www.myvize.com.tr\/yunanistan\/yunan-vatandasligi\/yunanistan-aile-birlesimi\/#breadcrumb"},"inLanguage":"tr","potentialAction":[{"@type":"ReadAction","target":["https:\/\/www.myvize.com.tr\/yunanistan\/yunan-vatandasligi\/yunanistan-aile-birlesimi\/"]}]},{"@type":"BreadcrumbList","@id":"https:\/\/www.myvize.com.tr\/yunanistan\/yunan-vatandasligi\/yunanistan-aile-birlesimi\/#breadcrumb","itemListElement":[{"@type":"ListItem","position":1,"name":"Anasayfa","item":"https:\/\/www.myvize.com.tr\/yunanistan\/"},{"@type":"ListItem","position":2,"name":"VATANDA\u015eLIK","item":"https:\/\/www.myvize.com.tr\/yunanistan\/yunan-vatandasligi\/"},{"@type":"ListItem","position":3,"name":"Yunanistan Aile Birle\u015fimi"}]},{"@type":"WebSite","@id":"https:\/\/www.myvize.com.tr\/yunanistan\/#website","url":"https:\/\/www.myvize.com.tr\/yunanistan\/","name":"Yunanistan Vizesi","description":"","potentialAction":[{"@type":"SearchAction","target":{"@type":"EntryPoint","urlTemplate":"https:\/\/www.myvize.com.tr\/yunanistan\/?s={search_term_string}"},"query-input":{"@type":"PropertyValueSpecification","valueRequired":true,"valueName":"search_term_string"}}],"inLanguage":"tr"}]}},"_links":{"self":[{"href":"https:\/\/www.myvize.com.tr\/yunanistan\/wp-json\/wp\/v2\/pages\/185","targetHints":{"allow":["GET"]}}],"collection":[{"href":"https:\/\/www.myvize.com.tr\/yunanistan\/wp-json\/wp\/v2\/pages"}],"about":[{"href":"https:\/\/www.myvize.com.tr\/yunanistan\/wp-json\/wp\/v2\/types\/page"}],"author":[{"embeddable":true,"href":"https:\/\/www.myvize.com.tr\/yunanistan\/wp-json\/wp\/v2\/users\/1"}],"replies":[{"embeddable":true,"href":"https:\/\/www.myvize.com.tr\/yunanistan\/wp-json\/wp\/v2\/comments?post=185"}],"version-history":[{"count":5,"href":"https:\/\/www.myvize.com.tr\/yunanistan\/wp-json\/wp\/v2\/pages\/185\/revisions"}],"predecessor-version":[{"id":1033,"href":"https:\/\/www.myvize.com.tr\/yunanistan\/wp-json\/wp\/v2\/pages\/185\/revisions\/1033"}],"up":[{"embeddable":true,"href":"https:\/\/www.myvize.com.tr\/yunanistan\/wp-json\/wp\/v2\/pages\/168"}],"wp:attachment":[{"href":"https:\/\/www.myvize.com.tr\/yunanistan\/wp-json\/wp\/v2\/media?parent=185"}],"curies":[{"name":"wp","href":"https:\/\/api.w.org\/{rel}","templated":true}]}}