{"id":195,"date":"2020-12-22T13:00:19","date_gmt":"2020-12-22T10:00:19","guid":{"rendered":"https:\/\/www.myvize.com.tr\/yunanistan\/?page_id=195"},"modified":"2023-01-22T17:39:12","modified_gmt":"2023-01-22T14:39:12","slug":"yunanistan-ticari-vize-dilekce-ornegi","status":"publish","type":"page","link":"https:\/\/www.myvize.com.tr\/yunanistan\/form-dilekce\/yunanistan-ticari-vize-dilekce-ornegi\/","title":{"rendered":"Yunanistan Ticari Vize Dilek\u00e7e \u00d6rne\u011fi"},"content":{"rendered":"<p><span style=\"font-family: Roboto;\"><\/span><\/p>\r\n<p><span style=\"font-family: Roboto; font-size: 14px;\"><strong>Yunanistan ticari vize dilek\u00e7e \u00f6rne\u011fi<\/strong>, Yunanistan\u2019da yap\u0131lacak olan i\u015f toplant\u0131s\u0131, seminer gibi ticari nedenlerden dolay\u0131 kat\u0131l\u0131mda bulunmak durumunda olundu\u011funda laz\u0131m olan evrakt\u0131r. Ticari vize davetiyesinin Yunanistan \u2018da yer alan ve ticari ili\u015fkide olunan firmadan \u0131slak imzal\u0131 ve ka\u015feli olmak durumundad\u0131r.<\/span><\/p>\r\n<p><span style=\"font-family: Roboto; font-size: 14px;\">\r\n\r\n<\/span><\/p>\r\n<p><span style=\"font-family: Roboto; font-size: 14px;\">\u00a0Ba\u015fvuru esnas\u0131nda kullan\u0131lacak pasaportun 10 y\u0131ldan daha eski olmamas\u0131 zorunludur.6 ay daha ge\u00e7erlili\u011fi olmal\u0131 ve 2 adet de bo\u015f sayfas\u0131 bulunmal\u0131d\u0131r. Maddi gelirlere ait evraklar\u0131n son 3 ay hesap d\u00f6k\u00fcm\u00fc banka taraf\u0131ndan \u0131slak imzal\u0131 ve ka\u015feli olarak haz\u0131rlanmal\u0131d\u0131r. \u0130braz edilmelidir.<\/span><\/p>\r\n<h2><strong><span style=\"font-family: Roboto; font-size: 27px;\">Yunanistan Ticari Vize \u0130\u015flemleri<\/span><\/strong><\/h2>\r\n<p><span style=\"font-family: Roboto; font-size: 14px;\"><strong>Yunanistan ticari vize ba\u015fvurular\u0131<\/strong> Schengen vizesi alan\u0131nda yere al\u0131r.\u00a0<strong>Yunanistan ticari vize i\u015flemleri<\/strong>, do\u011frudan Yunanistan Konsoloslu\u011fu\u2019na yap\u0131lmaz. Konsolosluk taraf\u0131ndan uygun g\u00f6r\u00fclen vize acenteleri arac\u0131l\u0131\u011f\u0131yla yap\u0131l\u0131r. T\u00fcrk vatanda\u015flar\u0131 Yunanistan ticari vize almalar\u0131 zorunludur. Bordo pasaportu olan T\u00fcrk vatanda\u015f\u0131 Yunanistan\u2019a yapaca\u011f\u0131 ticari ziyaret i\u00e7in vize almas\u0131 gerekir. Gri, Ye\u015fil ve Siyah pasaportu bulunan T\u00fcrk vatanda\u015flar\u0131 180 g\u00fcn i\u00e7erisinde 90 g\u00fcn kadar Yunanistan ziyaretlerinde vize almalar\u0131na gerek yok. Yunanistan ticari vizesi T\u00fcrkiye\u2019den kongreler, i\u015f toplant\u0131lar\u0131, fuar gezisi gibi 90 g\u00fcnden az olan seyahatler i\u00e7in giden ki\u015filere uygulan\u0131r. Yunanistan\u2019daki bir firmadan gelecek davetiye mektubu, ve davet eden ki\u015finin telefon numaras\u0131 ile orijinal olan pasaportu bulunmas\u0131 gerekir. Yunanistan ticari vizesi ba\u015fvurular\u0131 en ge\u00e7 15 g\u00fcn i\u00e7erisinde olumlu veya olumsuz olarak sonu\u00e7lan\u0131r. Yunanistan ticari vize ba\u015fvurusu red olmamas\u0131 i\u00e7in haz\u0131rlanan evraklar do\u011fru olmas\u0131 ve verilen bilgilerinde g\u00fcncel bilgiler olmas\u0131 gerekir.<\/span><\/p>\r\n<h2><strong><span style=\"font-family: Roboto; font-size: 27px;\">Yunanistan Ticari Vize Dilek\u00e7esi Nas\u0131l Yaz\u0131l\u0131r?<\/span><\/strong><\/h2>\r\n<p><span style=\"font-family: Roboto; font-size: 14px;\">Yunanistan\u2019a ticari ama\u00e7la seyahat yapmay\u0131 planlayan ki\u015fi, ilk olarak bir ticari vize dilek\u00e7esi yazmas\u0131 gerekir. <strong>Yunanistan ticari vize dilek\u00e7esi nas\u0131l yaz\u0131l\u0131r?<\/strong>\u00a0Yunanistan Konsoloslu\u011fu\u2019na hitap edilecek \u015fekilde yaz\u0131lmas\u0131 gerekir. \u00a0Bu dilek\u00e7ede Yunanistan \u00fclkesine yapaca\u011f\u0131n\u0131z seyahatin nedenini belirterek dilek\u00e7eye ba\u015flan\u0131l\u0131r. Seyahat s\u00fcresinde yapaca\u011f\u0131n\u0131z masraflar\u0131 kim kar\u015f\u0131layacaksa onun ad\u0131 ve g\u00f6revi yaz\u0131l\u0131r. Yunanistan\u2019a ticari ama\u00e7la personel g\u00f6nderen \u015firketin antetli ka\u011f\u0131d\u0131na bu dilek\u00e7e yaz\u0131l\u0131r. Seyahat edecek ki\u015finin \u015firketteki g\u00f6revi ve ka\u00e7 y\u0131ld\u0131r g\u00f6rev yapt\u0131\u011f\u0131 a\u00e7\u0131k olarak yaz\u0131lmas\u0131 uygun olur. Yunanistan\u2019dan davet eden ki\u015fi ve \u015firketin ismi ve ki\u015finin ad\u0131 belirtilir. Seyahat s\u00fcresince kalaca\u011f\u0131 yerin adresi de yaz\u0131lmas\u0131 gerekir. \u00a0Dilek\u00e7e yaz\u0131ld\u0131ktan sonra imza ve ka\u015fe bas\u0131l\u0131r. Bu i\u015flemden sonra vize i\u00e7in gerekli olan evraklar\u0131n aras\u0131na konulur. Randevu tarihinde yaz\u0131lan bu dilek\u00e7e di\u011fer evraklar ile beraber konsoloslu\u011fa teslim edilir. Daha sonra sonucun a\u00e7\u0131klanmas\u0131 beklenir.<\/span><\/p>\r\n<h3><strong><span style=\"font-family: Roboto; font-size: 24px;\">Yunanistan Ticari Vize Dilek\u00e7e \u00d6rne\u011fi<\/span><\/strong><\/h3>\r\n<p><span style=\"font-family: Roboto; font-size: 14px;\">\u00a0\u00a0\u00a0\u00a0\u00a0\u00a0\u00a0\u00a0\u00a0\u00a0\u00a0\u00a0\u00a0\u00a0\u00a0\u00a0\u00a0\u00a0\u00a0\u00a0\u00a0\u00a0\u00a0\u00a0\u00a0\u00a0\u00a0\u00a0\u00a0\u00a0\u00a0\u00a0\u00a0\u00a0\u00a0\u00a0\u00a0\u00a0\u00a0\u00a0\u00a0\u00a0\u00a0\u00a0\u00a0\u00a0\u00a0\u00a0\u00a0\u00a0\u00a0\u00a0\u00a0\u00a0\u00a0\u00a0\u00a0\u00a0\u00a0\u00a0\u00a0\u00a0\u00a0\u00a0\u00a0\u00a0\u00a0\u00a0\u00a0\u00a0\u00a0\u00a0\u00a0\u00a0\u00a0\u00a0\u00a0\u00a0\u00a0\u00a0\u00a0\u00a0\u00a0\u00a0\u00a0\u00a0\u00a0\u00a0\u00a0\u00a0\u00a0\u00a0\u00a0\u00a0\u00a0\u00a0\u00a0\u00a0\u00a0\u00a0\u00a0\u00a0\u00a0\u00a0\u00a0\u00a0\u00a0\u00a0\u00a0\u00a0\u00a0\u00a0\u00a0\u00a0\u00a0\u00a0\u00a0\u00a0 \u2026\u2026.\/\u2026\u2026.\/\u2026\u2026<\/span><\/p>\r\n<p><span style=\"font-family: Roboto; font-size: 14px;\">Yunanistan B\u00fcy\u00fckel\u00e7ili\u011fine \u0130stanbul<\/span><\/p>\r\n<p><span style=\"font-family: Roboto; font-size: 14px;\">Vize B\u00f6l\u00fcm\u00fc \u015eefi Sn:\u2026\u2026\u2026.<\/span><\/p>\r\n<p><span style=\"font-family: Roboto; font-size: 14px;\">Vize Merkezi \u0130stanbul Aksaray il\u00e7esinde yerle\u015fik olarak, hizmet sekt\u00f6r\u00fcnde 10 y\u0131ld\u0131r vize dan\u0131\u015fmanl\u0131\u011f\u0131 yaparak T\u00fcrkiye\u2019de 10 ilde 20 \u015fubesi olan ve kendi sekt\u00f6r\u00fcnde 3 \u015firketten biridir.<\/span><\/p>\r\n<p><span style=\"font-family: Roboto; font-size: 14px;\">Yunanistan\u2019da bulunan\u2026\u2026\u2026..vize dan\u0131\u015fmanl\u0131k sekt\u00f6r\u00fcnde \u00e7ok ba\u015far\u0131l\u0131 firmalardan biridir. 60 \u00fclkeye vermi\u015f olduklar\u0131 vize hizmeti i\u00e7i T\u00fcrkiye\u2019de kendimiz taraf\u0131ndan geli\u015ftirilen teknik ve sistem sayesinde yakalad\u0131\u011f\u0131m\u0131z ba\u015far\u0131y\u0131 \u2026\u2026\u2026\u2026.\u015firketine ayn\u0131 sistem uygulanacakt\u0131r. \u0130\u015fimizi geli\u015ftirmek amac\u0131yla Yunanistan\u2019da baz\u0131 programlar ve i\u015f takipleri yapmam\u0131z gerekecektir.<\/span><\/p>\r\n<p><span style=\"font-family: Roboto; font-size: 14px;\">A\u015fa\u011f\u0131da bilgilerini verdi\u011fimiz toplant\u0131 tarihlerinde Sn Mevl\u00fct Ar\u0131kan\u2019\u0131n Yunanistan\u2019a yapmas\u0131 gereken i\u015f seyahati i\u00e7in kendilerine gerekli vizenin verilmesini arz ederim.<\/span><\/p>\r\n<p><span style=\"font-family: Roboto; font-size: 14px;\">Ad ve Soyad\u0131 Pasaport No\u00a0\u00a0\u00a0\u00a0\u00a0\u00a0\u00a0 G\u00f6rev<\/span><\/p>\r\n<p><span style=\"font-family: Roboto; font-size: 14px;\">Mevl\u00fct ARIKAN\u2026T.C.2222277\u2026\u2026\u2026\u2026\u2026\u2026\u2026\u2026\u2026\u2026\u2026\u2026\u2026\u2026\u00a0\u00a0\u00a0\u00a0\u00a0\u00a0 Bilgisayar Teknisyeni Personelimizin Sn Mevli\u00fct ARIKAN\u2019\u0131n bordrosunda belirtilen prim ile beraber \u20261450\u2026.. EURO kar\u015f\u0131l\u0131\u011f\u0131\u202615.000\u2026.TL almaktad\u0131r. 3 y\u0131ld\u0131r ekibimizde bulunmaktad\u0131r.<\/span><\/p>\r\n<p><span style=\"font-family: Roboto; font-size: 14px;\">Yunanistan Konsoloslu\u011fu\u2019nda parmak izini verdikten sonra, do\u011fru kullan\u0131lan 3 adet Schengen vizesi Regulation yazd\u0131\u011f\u0131 gibi uzun s\u00fcreli olan Schengen vize alma stat\u00fcs\u00fcnde olmas\u0131 nedeniyle kendilerine uygun olan uzun s\u00fcreli Yunanistan Ticari uzu s\u00fcreli Schengen vizenin verilmesini arz ederiz.<\/span><\/p>\r\n<p><span style=\"font-family: Roboto; font-size: 14px;\">Kaza veya hastal\u0131k gibi durumlarda b\u00fct\u00fcn sorumluluk \u015firketimize ait olacakt\u0131r.<\/span><\/p>\r\n<p><span style=\"font-family: Roboto; font-size: 14px;\">Vize Merkezi<\/span><\/p>\r\n<p><span style=\"font-family: Roboto; font-size: 14px;\">\u015eirket yetkilisi<\/span><\/p>\r\n<p><span style=\"font-family: Roboto; font-size: 14px;\">\u0130mza<\/span><\/p>\r\n<p><span style=\"font-family: Roboto; font-size: 14px;\">\r\n\r\n<\/span><\/p>\r\n<h3 class=\"wp-block-heading\"><strong><span style=\"font-family: Roboto; font-size: 24px;\">Yunanistan Ticari Vize Dilek\u00e7esinde Dikkat Edilmesi Gerekenler<\/span><\/strong><\/h3>\r\n<p><span style=\"font-family: Roboto; font-size: 14px;\">\r\n\r\n<\/span><\/p>\r\n<ul class=\"wp-block-list\">\r\n<li><span style=\"font-family: Roboto; font-size: 14px;\">\u00a0Ticari vize ba\u015fvurusunda gerekli olan t\u00fcm evraklar\u0131n g\u00fcncel tarihli olmas\u0131 zorunludur.<\/span><\/li>\r\n<\/ul>\r\n<p><span style=\"font-family: Roboto; font-size: 14px;\">\r\n\r\n<\/span><\/p>\r\n<ul class=\"wp-block-list\">\r\n<li><span style=\"font-family: Roboto; font-size: 14px;\">Dilek\u00e7ede <strong>Yunanistan\u2019a seyahat<\/strong> edecek \u015fah\u0131s\u0131n seyahat s\u00fcresince yapaca\u011f\u0131 masraflar\u0131n nas\u0131l kar\u015f\u0131lanaca\u011f\u0131n\u0131n bilgisi mutlaka bulunmal\u0131d\u0131r.<\/span><\/li>\r\n<\/ul>\r\n<p><span style=\"font-family: Roboto; font-size: 14px;\">\r\n\r\n<\/span><\/p>\r\n<ul class=\"wp-block-list\">\r\n<li><span style=\"font-family: Roboto; font-size: 14px;\"><strong>Yunanistan ticari vize dilek\u00e7e \u00f6rne\u011fi\u00a0<\/strong>ileba\u015fvuracak ki\u015fiseyahatin ba\u015flang\u0131\u00e7 ve biti\u015f tarihini dilek\u00e7esinde belirtmelidir.<\/span><\/li>\r\n<\/ul>\r\n<p><span style=\"font-family: Roboto; font-size: 14px;\">\r\n\r\n<\/span><\/p>\r\n<ul class=\"wp-block-list\">\r\n<li><span style=\"font-family: Roboto; font-size: 14px;\">Yunanistan ticari vize dilek\u00e7esinde seyahat \u00e7\u0131kacak ki\u015fisin g\u00f6revi ve mevkii net bir \u015fekilde belirtilmelidir.<\/span><\/li>\r\n<\/ul>\r\n<p><span style=\"font-family: Roboto; font-size: 14px;\">\r\n\r\n<\/span><\/p>\r\n<ul class=\"wp-block-list\">\r\n<li><span style=\"font-family: Roboto; font-size: 14px;\"><strong>Yunanistan vize dilek\u00e7e \u00f6rne\u011fi<\/strong>\u00a0ile seyahat edecek ki\u015fisin dilek\u00e7esine seyahat amac\u0131 net bir \u015fekilde yaz\u0131lmal\u0131d\u0131r.<\/span><\/li>\r\n<\/ul>\r\n<p><span style=\"font-family: Roboto; font-size: 14px;\">\r\n\r\n<\/span><\/p>\r\n<ul class=\"wp-block-list\">\r\n<li><span style=\"font-family: Roboto; font-size: 14px;\"><span style=\"color: #2acec2;\"><strong><a style=\"color: #2acec2;\" href=\"https:\/\/www.myvize.com.tr\/yunanistan\/vize-islemleri\/yunanistan-ticari-vize\/\" target=\"_blank\" rel=\"noopener\">Yunanistan ticari vizesi<\/a><\/strong><\/span> talep dilek\u00e7esi \u00e7al\u0131\u015fan\u0131n\u0131 seyahate g\u00f6nderecek firma taraf\u0131ndan \u0131slak imzal\u0131 ve ka\u015feli olarak antentli k\u00e2\u011f\u0131d\u0131na yaz\u0131lmal\u0131d\u0131r.<\/span><\/li>\r\n<\/ul>\r\n<p><span style=\"font-family: Roboto;\"><\/span><\/p>","protected":false},"excerpt":{"rendered":"<p>Yunanistan ticari vize dilek\u00e7e \u00f6rne\u011fi, Yunanistan\u2019da yap\u0131lacak olan i\u015f toplant\u0131s\u0131, seminer gibi ticari nedenlerden dolay\u0131 kat\u0131l\u0131mda bulunmak durumunda olundu\u011funda laz\u0131m olan evrakt\u0131r. Ticari vize davetiyesinin Yunanistan \u2018da yer alan ve ticari ili\u015fkide olunan firmadan \u0131slak imzal\u0131 ve ka\u015feli olmak durumundad\u0131r. \u00a0Ba\u015fvuru esnas\u0131nda kullan\u0131lacak pasaportun 10 y\u0131ldan daha eski olmamas\u0131 zorunludur.6 ay daha ge\u00e7erlili\u011fi olmal\u0131 ve<\/p>\n","protected":false},"author":1,"featured_media":0,"parent":171,"menu_order":0,"comment_status":"open","ping_status":"closed","template":"","meta":{"footnotes":""},"class_list":["post-195","page","type-page","status-publish","hentry"],"yoast_head":"<!-- This site is optimized with the Yoast SEO plugin v26.8 - https:\/\/yoast.com\/product\/yoast-seo-wordpress\/ -->\n<title>Yunanistan Ticari Vize Dilek\u00e7e \u00d6rne\u011fi - MyVize<\/title>\n<meta name=\"description\" content=\"Yunanistan Ticari Vize Dilek\u00e7e \u00d6rne\u011fi Nas\u0131l Yaz\u0131l\u0131r? Yunanistan Ticari Vize Dilek\u00e7e \u00d6rne\u011fi Hakk\u0131nda Bilgi \u0130\u00e7in Hemen T\u0131klay\u0131n.\" \/>\n<meta name=\"robots\" content=\"index, follow, max-snippet:-1, max-image-preview:large, max-video-preview:-1\" \/>\n<link rel=\"canonical\" href=\"https:\/\/www.myvize.com.tr\/yunanistan\/form-dilekce\/yunanistan-ticari-vize-dilekce-ornegi\/\" \/>\n<meta property=\"og:locale\" content=\"tr_TR\" \/>\n<meta property=\"og:type\" content=\"article\" \/>\n<meta property=\"og:title\" content=\"Yunanistan Ticari Vize Dilek\u00e7e \u00d6rne\u011fi - MyVize\" \/>\n<meta property=\"og:description\" content=\"Yunanistan Ticari Vize Dilek\u00e7e \u00d6rne\u011fi Nas\u0131l Yaz\u0131l\u0131r? Yunanistan Ticari Vize Dilek\u00e7e \u00d6rne\u011fi Hakk\u0131nda Bilgi \u0130\u00e7in Hemen T\u0131klay\u0131n.\" \/>\n<meta property=\"og:url\" content=\"https:\/\/www.myvize.com.tr\/yunanistan\/form-dilekce\/yunanistan-ticari-vize-dilekce-ornegi\/\" \/>\n<meta property=\"og:site_name\" content=\"Yunanistan Vizesi\" \/>\n<meta property=\"article:modified_time\" content=\"2023-01-22T14:39:12+00:00\" \/>\n<meta name=\"twitter:card\" content=\"summary_large_image\" \/>\n<meta name=\"twitter:label1\" content=\"Tahmini okuma s\u00fcresi\" \/>\n\t<meta name=\"twitter:data1\" content=\"4 dakika\" \/>\n<script type=\"application\/ld+json\" class=\"yoast-schema-graph\">{\"@context\":\"https:\/\/schema.org\",\"@graph\":[{\"@type\":\"WebPage\",\"@id\":\"https:\/\/www.myvize.com.tr\/yunanistan\/form-dilekce\/yunanistan-ticari-vize-dilekce-ornegi\/\",\"url\":\"https:\/\/www.myvize.com.tr\/yunanistan\/form-dilekce\/yunanistan-ticari-vize-dilekce-ornegi\/\",\"name\":\"Yunanistan Ticari Vize Dilek\u00e7e \u00d6rne\u011fi - MyVize\",\"isPartOf\":{\"@id\":\"https:\/\/www.myvize.com.tr\/yunanistan\/#website\"},\"datePublished\":\"2020-12-22T10:00:19+00:00\",\"dateModified\":\"2023-01-22T14:39:12+00:00\",\"description\":\"Yunanistan Ticari Vize Dilek\u00e7e \u00d6rne\u011fi Nas\u0131l Yaz\u0131l\u0131r? Yunanistan Ticari Vize Dilek\u00e7e \u00d6rne\u011fi Hakk\u0131nda Bilgi \u0130\u00e7in Hemen T\u0131klay\u0131n.\",\"breadcrumb\":{\"@id\":\"https:\/\/www.myvize.com.tr\/yunanistan\/form-dilekce\/yunanistan-ticari-vize-dilekce-ornegi\/#breadcrumb\"},\"inLanguage\":\"tr\",\"potentialAction\":[{\"@type\":\"ReadAction\",\"target\":[\"https:\/\/www.myvize.com.tr\/yunanistan\/form-dilekce\/yunanistan-ticari-vize-dilekce-ornegi\/\"]}]},{\"@type\":\"BreadcrumbList\",\"@id\":\"https:\/\/www.myvize.com.tr\/yunanistan\/form-dilekce\/yunanistan-ticari-vize-dilekce-ornegi\/#breadcrumb\",\"itemListElement\":[{\"@type\":\"ListItem\",\"position\":1,\"name\":\"Anasayfa\",\"item\":\"https:\/\/www.myvize.com.tr\/yunanistan\/\"},{\"@type\":\"ListItem\",\"position\":2,\"name\":\"FORM &#038; D\u0130LEK\u00c7E\",\"item\":\"https:\/\/www.myvize.com.tr\/yunanistan\/form-dilekce\/\"},{\"@type\":\"ListItem\",\"position\":3,\"name\":\"Yunanistan Ticari Vize Dilek\u00e7e \u00d6rne\u011fi\"}]},{\"@type\":\"WebSite\",\"@id\":\"https:\/\/www.myvize.com.tr\/yunanistan\/#website\",\"url\":\"https:\/\/www.myvize.com.tr\/yunanistan\/\",\"name\":\"Yunanistan Vizesi\",\"description\":\"\",\"potentialAction\":[{\"@type\":\"SearchAction\",\"target\":{\"@type\":\"EntryPoint\",\"urlTemplate\":\"https:\/\/www.myvize.com.tr\/yunanistan\/?s={search_term_string}\"},\"query-input\":{\"@type\":\"PropertyValueSpecification\",\"valueRequired\":true,\"valueName\":\"search_term_string\"}}],\"inLanguage\":\"tr\"}]}<\/script>\n<!-- \/ Yoast SEO plugin. -->","yoast_head_json":{"title":"Yunanistan Ticari Vize Dilek\u00e7e \u00d6rne\u011fi - MyVize","description":"Yunanistan Ticari Vize Dilek\u00e7e \u00d6rne\u011fi Nas\u0131l Yaz\u0131l\u0131r? Yunanistan Ticari Vize Dilek\u00e7e \u00d6rne\u011fi Hakk\u0131nda Bilgi \u0130\u00e7in Hemen T\u0131klay\u0131n.","robots":{"index":"index","follow":"follow","max-snippet":"max-snippet:-1","max-image-preview":"max-image-preview:large","max-video-preview":"max-video-preview:-1"},"canonical":"https:\/\/www.myvize.com.tr\/yunanistan\/form-dilekce\/yunanistan-ticari-vize-dilekce-ornegi\/","og_locale":"tr_TR","og_type":"article","og_title":"Yunanistan Ticari Vize Dilek\u00e7e \u00d6rne\u011fi - MyVize","og_description":"Yunanistan Ticari Vize Dilek\u00e7e \u00d6rne\u011fi Nas\u0131l Yaz\u0131l\u0131r? Yunanistan Ticari Vize Dilek\u00e7e \u00d6rne\u011fi Hakk\u0131nda Bilgi \u0130\u00e7in Hemen T\u0131klay\u0131n.","og_url":"https:\/\/www.myvize.com.tr\/yunanistan\/form-dilekce\/yunanistan-ticari-vize-dilekce-ornegi\/","og_site_name":"Yunanistan Vizesi","article_modified_time":"2023-01-22T14:39:12+00:00","twitter_card":"summary_large_image","twitter_misc":{"Tahmini okuma s\u00fcresi":"4 dakika"},"schema":{"@context":"https:\/\/schema.org","@graph":[{"@type":"WebPage","@id":"https:\/\/www.myvize.com.tr\/yunanistan\/form-dilekce\/yunanistan-ticari-vize-dilekce-ornegi\/","url":"https:\/\/www.myvize.com.tr\/yunanistan\/form-dilekce\/yunanistan-ticari-vize-dilekce-ornegi\/","name":"Yunanistan Ticari Vize Dilek\u00e7e \u00d6rne\u011fi - MyVize","isPartOf":{"@id":"https:\/\/www.myvize.com.tr\/yunanistan\/#website"},"datePublished":"2020-12-22T10:00:19+00:00","dateModified":"2023-01-22T14:39:12+00:00","description":"Yunanistan Ticari Vize Dilek\u00e7e \u00d6rne\u011fi Nas\u0131l Yaz\u0131l\u0131r? Yunanistan Ticari Vize Dilek\u00e7e \u00d6rne\u011fi Hakk\u0131nda Bilgi \u0130\u00e7in Hemen T\u0131klay\u0131n.","breadcrumb":{"@id":"https:\/\/www.myvize.com.tr\/yunanistan\/form-dilekce\/yunanistan-ticari-vize-dilekce-ornegi\/#breadcrumb"},"inLanguage":"tr","potentialAction":[{"@type":"ReadAction","target":["https:\/\/www.myvize.com.tr\/yunanistan\/form-dilekce\/yunanistan-ticari-vize-dilekce-ornegi\/"]}]},{"@type":"BreadcrumbList","@id":"https:\/\/www.myvize.com.tr\/yunanistan\/form-dilekce\/yunanistan-ticari-vize-dilekce-ornegi\/#breadcrumb","itemListElement":[{"@type":"ListItem","position":1,"name":"Anasayfa","item":"https:\/\/www.myvize.com.tr\/yunanistan\/"},{"@type":"ListItem","position":2,"name":"FORM &#038; D\u0130LEK\u00c7E","item":"https:\/\/www.myvize.com.tr\/yunanistan\/form-dilekce\/"},{"@type":"ListItem","position":3,"name":"Yunanistan Ticari Vize Dilek\u00e7e \u00d6rne\u011fi"}]},{"@type":"WebSite","@id":"https:\/\/www.myvize.com.tr\/yunanistan\/#website","url":"https:\/\/www.myvize.com.tr\/yunanistan\/","name":"Yunanistan Vizesi","description":"","potentialAction":[{"@type":"SearchAction","target":{"@type":"EntryPoint","urlTemplate":"https:\/\/www.myvize.com.tr\/yunanistan\/?s={search_term_string}"},"query-input":{"@type":"PropertyValueSpecification","valueRequired":true,"valueName":"search_term_string"}}],"inLanguage":"tr"}]}},"_links":{"self":[{"href":"https:\/\/www.myvize.com.tr\/yunanistan\/wp-json\/wp\/v2\/pages\/195","targetHints":{"allow":["GET"]}}],"collection":[{"href":"https:\/\/www.myvize.com.tr\/yunanistan\/wp-json\/wp\/v2\/pages"}],"about":[{"href":"https:\/\/www.myvize.com.tr\/yunanistan\/wp-json\/wp\/v2\/types\/page"}],"author":[{"embeddable":true,"href":"https:\/\/www.myvize.com.tr\/yunanistan\/wp-json\/wp\/v2\/users\/1"}],"replies":[{"embeddable":true,"href":"https:\/\/www.myvize.com.tr\/yunanistan\/wp-json\/wp\/v2\/comments?post=195"}],"version-history":[{"count":7,"href":"https:\/\/www.myvize.com.tr\/yunanistan\/wp-json\/wp\/v2\/pages\/195\/revisions"}],"predecessor-version":[{"id":1053,"href":"https:\/\/www.myvize.com.tr\/yunanistan\/wp-json\/wp\/v2\/pages\/195\/revisions\/1053"}],"up":[{"embeddable":true,"href":"https:\/\/www.myvize.com.tr\/yunanistan\/wp-json\/wp\/v2\/pages\/171"}],"wp:attachment":[{"href":"https:\/\/www.myvize.com.tr\/yunanistan\/wp-json\/wp\/v2\/media?parent=195"}],"curies":[{"name":"wp","href":"https:\/\/api.w.org\/{rel}","templated":true}]}}