{"id":246,"date":"2020-12-28T11:46:44","date_gmt":"2020-12-28T08:46:44","guid":{"rendered":"https:\/\/www.myvize.com.tr\/yunanistan\/?page_id=246"},"modified":"2022-09-30T13:41:08","modified_gmt":"2022-09-30T10:41:08","slug":"ankara","status":"publish","type":"page","link":"https:\/\/www.myvize.com.tr\/yunanistan\/subelerimiz\/ankara\/","title":{"rendered":"Ankara"},"content":{"rendered":"\r\n<p><strong>Yunanistan Ankara vize merkezi\u00a0<\/strong>web sitemize ho\u015f geldiniz.<\/p>\r\n\r\n\r\n\r\n<p>Say\u0131n misafirimi\u00a0<strong>Yunanistan Ankara vize merkezi<\/strong>\u00a0web sitemizde sizler i\u00e7in haz\u0131rlanm\u0131\u015f olan a\u00e7\u0131klamalar\u0131 ayr\u0131nt\u0131l\u0131 bir \u015fekilde inceleyiniz ve Yunanistan i\u00e7in vize almak istiyorsan\u0131z bize ba\u015fvurunuz. Yunanistan\u2019a hangi ama\u00e7 ile vize ba\u015fvurusu yapmak isterseniz size bu konuda yard\u0131mc\u0131 olabiliriz.\u00a0<strong>Yunanistan Ankara vize merkezi<\/strong>\u00a0olarak siz de\u011ferli misafirlerimizi yormadan h\u0131zl\u0131 bir \u015fekilde vize almalar\u0131n\u0131 sa\u011fl\u0131yoruz.<\/p>\r\n\r\n\r\n\r\n<p>Yunanistan i\u00e7in vize almak istiyorsan\u0131z \u00f6ncelikle\u00a0<strong>Yunanistan Ankara vize merkezi\u00a0<\/strong>ofisinde bulunan profesyonel tak\u0131m arkada\u015flar\u0131m\u0131z\u0131 arayarak detayl\u0131 bilgi almal\u0131s\u0131n\u0131z. Profesyonel tak\u0131m arkada\u015flar\u0131m size vize i\u015flemlerinin her a\u015famas\u0131n\u0131 anlatarak size gerekli olan evrak listesi bilgisini de verirler. Sizin yapman\u0131z gereken i\u015flem istenilen evraklar\u0131 eksiksiz tamamlamak ve zaman\u0131nda tak\u0131m arkada\u015flar\u0131m\u0131za ula\u015ft\u0131rman\u0131z. Ondan sonraki her a\u015famay\u0131 tak\u0131m arkada\u015flar\u0131m\u0131z sizin ad\u0131n\u0131za takip eder ve sizi bilgilendirirler.<\/p>\r\n\r\n\r\n\r\n<h2 class=\"wp-block-heading\"><strong>YUNAN\u0130STAN V\u0130ZE BA\u015eVURSU AYRINTILARI<\/strong><\/h2>\r\n\r\n\r\n\r\n<p><strong>Yunanistan Ankara vize merkezi\u00a0<\/strong>tak\u0131m arkada\u015flar\u0131 Yunanistan vizesi ile ilgili istenilen b\u00fct\u00fcn prosed\u00fcre hakimdirler. Yunanistan\u2019da Avrupa Birli\u011fi \u00fcyesi oldu\u011fu i\u00e7in Schengene \u00fcyedir ve seyahat edilmek istendi\u011finde bireylerin vizesi olmak zorundad\u0131r.<\/p>\r\n\r\n\r\n\r\n<p>Yunanistan vize ba\u015fvurusu belgeleri konsolosluk taraf\u0131ndan incelenmektedir. Konsolosluk ba\u015fvuruyu kabul ettikten hemen sonra biyometrik beyan i\u00e7in vize ba\u015fvurusu yapan bireyleri konsoloslu\u011fa davet eder. Burada biyometrik beyan ger\u00e7ekle\u015ftirildikten hemen sonra vizeniz onaylan\u0131r ve elden teslim alabilirsiniz. \u0130\u015fte t\u00fcm bu a\u015famalar\u0131n\u0131z\u0131 vize merkezimizde bulunan tak\u0131m arkada\u015flar\u0131m\u0131z ger\u00e7ekle\u015ftirmektedir<\/p>\r\n","protected":false},"excerpt":{"rendered":"<p>Yunanistan Ankara vize merkezi\u00a0web sitemize ho\u015f geldiniz. Say\u0131n misafirimi\u00a0Yunanistan Ankara vize merkezi\u00a0web sitemizde sizler i\u00e7in haz\u0131rlanm\u0131\u015f olan a\u00e7\u0131klamalar\u0131 ayr\u0131nt\u0131l\u0131 bir \u015fekilde inceleyiniz ve Yunanistan i\u00e7in vize almak istiyorsan\u0131z bize ba\u015fvurunuz. Yunanistan\u2019a hangi ama\u00e7 ile vize ba\u015fvurusu yapmak isterseniz size bu konuda yard\u0131mc\u0131 olabiliriz.\u00a0Yunanistan Ankara vize merkezi\u00a0olarak siz de\u011ferli misafirlerimizi yormadan h\u0131zl\u0131 bir \u015fekilde vize almalar\u0131n\u0131<\/p>\n","protected":false},"author":1,"featured_media":0,"parent":227,"menu_order":0,"comment_status":"open","ping_status":"closed","template":"","meta":{"footnotes":""},"class_list":["post-246","page","type-page","status-publish","hentry"],"yoast_head":"<!-- This site is optimized with the Yoast SEO plugin v26.8 - https:\/\/yoast.com\/product\/yoast-seo-wordpress\/ -->\n<title>Yunanistan Vizesi Ankara Ba\u015fvuru \u015eubesi - MyVize<\/title>\n<meta name=\"description\" content=\"Yunanistan Vizesi Ankara Vize Ba\u015fvuru Merkezi - Yunanistan Vizesi Ankara \u015eubemize Ula\u015f\u0131p Bilgi \u0130\u00e7in Hemen Bizi Aray\u0131n: +90 312 426 88 89\" \/>\n<meta name=\"robots\" content=\"index, follow, max-snippet:-1, max-image-preview:large, max-video-preview:-1\" \/>\n<link rel=\"canonical\" href=\"https:\/\/www.myvize.com.tr\/yunanistan\/subelerimiz\/ankara\/\" \/>\n<meta property=\"og:locale\" content=\"tr_TR\" \/>\n<meta property=\"og:type\" content=\"article\" \/>\n<meta property=\"og:title\" content=\"Yunanistan Vizesi Ankara Ba\u015fvuru \u015eubesi - MyVize\" \/>\n<meta property=\"og:description\" content=\"Yunanistan Vizesi Ankara Vize Ba\u015fvuru Merkezi - Yunanistan Vizesi Ankara \u015eubemize Ula\u015f\u0131p Bilgi \u0130\u00e7in Hemen Bizi Aray\u0131n: +90 312 426 88 89\" \/>\n<meta property=\"og:url\" content=\"https:\/\/www.myvize.com.tr\/yunanistan\/subelerimiz\/ankara\/\" \/>\n<meta property=\"og:site_name\" content=\"Yunanistan Vizesi\" \/>\n<meta property=\"article:modified_time\" content=\"2022-09-30T10:41:08+00:00\" \/>\n<meta name=\"twitter:card\" content=\"summary_large_image\" \/>\n<meta name=\"twitter:label1\" content=\"Tahmini okuma s\u00fcresi\" \/>\n\t<meta name=\"twitter:data1\" content=\"1 dakika\" \/>\n<script type=\"application\/ld+json\" class=\"yoast-schema-graph\">{\"@context\":\"https:\/\/schema.org\",\"@graph\":[{\"@type\":\"WebPage\",\"@id\":\"https:\/\/www.myvize.com.tr\/yunanistan\/subelerimiz\/ankara\/\",\"url\":\"https:\/\/www.myvize.com.tr\/yunanistan\/subelerimiz\/ankara\/\",\"name\":\"Yunanistan Vizesi Ankara Ba\u015fvuru \u015eubesi - MyVize\",\"isPartOf\":{\"@id\":\"https:\/\/www.myvize.com.tr\/yunanistan\/#website\"},\"datePublished\":\"2020-12-28T08:46:44+00:00\",\"dateModified\":\"2022-09-30T10:41:08+00:00\",\"description\":\"Yunanistan Vizesi Ankara Vize Ba\u015fvuru Merkezi - Yunanistan Vizesi Ankara \u015eubemize Ula\u015f\u0131p Bilgi \u0130\u00e7in Hemen Bizi Aray\u0131n: +90 312 426 88 89\",\"breadcrumb\":{\"@id\":\"https:\/\/www.myvize.com.tr\/yunanistan\/subelerimiz\/ankara\/#breadcrumb\"},\"inLanguage\":\"tr\",\"potentialAction\":[{\"@type\":\"ReadAction\",\"target\":[\"https:\/\/www.myvize.com.tr\/yunanistan\/subelerimiz\/ankara\/\"]}]},{\"@type\":\"BreadcrumbList\",\"@id\":\"https:\/\/www.myvize.com.tr\/yunanistan\/subelerimiz\/ankara\/#breadcrumb\",\"itemListElement\":[{\"@type\":\"ListItem\",\"position\":1,\"name\":\"Anasayfa\",\"item\":\"https:\/\/www.myvize.com.tr\/yunanistan\/\"},{\"@type\":\"ListItem\",\"position\":2,\"name\":\"\u015eUBELER\u0130M\u0130Z\",\"item\":\"https:\/\/www.myvize.com.tr\/yunanistan\/subelerimiz\/\"},{\"@type\":\"ListItem\",\"position\":3,\"name\":\"Ankara\"}]},{\"@type\":\"WebSite\",\"@id\":\"https:\/\/www.myvize.com.tr\/yunanistan\/#website\",\"url\":\"https:\/\/www.myvize.com.tr\/yunanistan\/\",\"name\":\"Yunanistan Vizesi\",\"description\":\"\",\"potentialAction\":[{\"@type\":\"SearchAction\",\"target\":{\"@type\":\"EntryPoint\",\"urlTemplate\":\"https:\/\/www.myvize.com.tr\/yunanistan\/?s={search_term_string}\"},\"query-input\":{\"@type\":\"PropertyValueSpecification\",\"valueRequired\":true,\"valueName\":\"search_term_string\"}}],\"inLanguage\":\"tr\"}]}<\/script>\n<!-- \/ Yoast SEO plugin. -->","yoast_head_json":{"title":"Yunanistan Vizesi Ankara Ba\u015fvuru \u015eubesi - MyVize","description":"Yunanistan Vizesi Ankara Vize Ba\u015fvuru Merkezi - Yunanistan Vizesi Ankara \u015eubemize Ula\u015f\u0131p Bilgi \u0130\u00e7in Hemen Bizi Aray\u0131n: +90 312 426 88 89","robots":{"index":"index","follow":"follow","max-snippet":"max-snippet:-1","max-image-preview":"max-image-preview:large","max-video-preview":"max-video-preview:-1"},"canonical":"https:\/\/www.myvize.com.tr\/yunanistan\/subelerimiz\/ankara\/","og_locale":"tr_TR","og_type":"article","og_title":"Yunanistan Vizesi Ankara Ba\u015fvuru \u015eubesi - MyVize","og_description":"Yunanistan Vizesi Ankara Vize Ba\u015fvuru Merkezi - Yunanistan Vizesi Ankara \u015eubemize Ula\u015f\u0131p Bilgi \u0130\u00e7in Hemen Bizi Aray\u0131n: +90 312 426 88 89","og_url":"https:\/\/www.myvize.com.tr\/yunanistan\/subelerimiz\/ankara\/","og_site_name":"Yunanistan Vizesi","article_modified_time":"2022-09-30T10:41:08+00:00","twitter_card":"summary_large_image","twitter_misc":{"Tahmini okuma s\u00fcresi":"1 dakika"},"schema":{"@context":"https:\/\/schema.org","@graph":[{"@type":"WebPage","@id":"https:\/\/www.myvize.com.tr\/yunanistan\/subelerimiz\/ankara\/","url":"https:\/\/www.myvize.com.tr\/yunanistan\/subelerimiz\/ankara\/","name":"Yunanistan Vizesi Ankara Ba\u015fvuru \u015eubesi - MyVize","isPartOf":{"@id":"https:\/\/www.myvize.com.tr\/yunanistan\/#website"},"datePublished":"2020-12-28T08:46:44+00:00","dateModified":"2022-09-30T10:41:08+00:00","description":"Yunanistan Vizesi Ankara Vize Ba\u015fvuru Merkezi - Yunanistan Vizesi Ankara \u015eubemize Ula\u015f\u0131p Bilgi \u0130\u00e7in Hemen Bizi Aray\u0131n: +90 312 426 88 89","breadcrumb":{"@id":"https:\/\/www.myvize.com.tr\/yunanistan\/subelerimiz\/ankara\/#breadcrumb"},"inLanguage":"tr","potentialAction":[{"@type":"ReadAction","target":["https:\/\/www.myvize.com.tr\/yunanistan\/subelerimiz\/ankara\/"]}]},{"@type":"BreadcrumbList","@id":"https:\/\/www.myvize.com.tr\/yunanistan\/subelerimiz\/ankara\/#breadcrumb","itemListElement":[{"@type":"ListItem","position":1,"name":"Anasayfa","item":"https:\/\/www.myvize.com.tr\/yunanistan\/"},{"@type":"ListItem","position":2,"name":"\u015eUBELER\u0130M\u0130Z","item":"https:\/\/www.myvize.com.tr\/yunanistan\/subelerimiz\/"},{"@type":"ListItem","position":3,"name":"Ankara"}]},{"@type":"WebSite","@id":"https:\/\/www.myvize.com.tr\/yunanistan\/#website","url":"https:\/\/www.myvize.com.tr\/yunanistan\/","name":"Yunanistan Vizesi","description":"","potentialAction":[{"@type":"SearchAction","target":{"@type":"EntryPoint","urlTemplate":"https:\/\/www.myvize.com.tr\/yunanistan\/?s={search_term_string}"},"query-input":{"@type":"PropertyValueSpecification","valueRequired":true,"valueName":"search_term_string"}}],"inLanguage":"tr"}]}},"_links":{"self":[{"href":"https:\/\/www.myvize.com.tr\/yunanistan\/wp-json\/wp\/v2\/pages\/246","targetHints":{"allow":["GET"]}}],"collection":[{"href":"https:\/\/www.myvize.com.tr\/yunanistan\/wp-json\/wp\/v2\/pages"}],"about":[{"href":"https:\/\/www.myvize.com.tr\/yunanistan\/wp-json\/wp\/v2\/types\/page"}],"author":[{"embeddable":true,"href":"https:\/\/www.myvize.com.tr\/yunanistan\/wp-json\/wp\/v2\/users\/1"}],"replies":[{"embeddable":true,"href":"https:\/\/www.myvize.com.tr\/yunanistan\/wp-json\/wp\/v2\/comments?post=246"}],"version-history":[{"count":5,"href":"https:\/\/www.myvize.com.tr\/yunanistan\/wp-json\/wp\/v2\/pages\/246\/revisions"}],"predecessor-version":[{"id":1032,"href":"https:\/\/www.myvize.com.tr\/yunanistan\/wp-json\/wp\/v2\/pages\/246\/revisions\/1032"}],"up":[{"embeddable":true,"href":"https:\/\/www.myvize.com.tr\/yunanistan\/wp-json\/wp\/v2\/pages\/227"}],"wp:attachment":[{"href":"https:\/\/www.myvize.com.tr\/yunanistan\/wp-json\/wp\/v2\/media?parent=246"}],"curies":[{"name":"wp","href":"https:\/\/api.w.org\/{rel}","templated":true}]}}