{"id":376,"date":"2021-07-01T20:42:32","date_gmt":"2021-07-01T17:42:32","guid":{"rendered":"https:\/\/www.myvize.com.tr\/yunanistan\/?page_id=376"},"modified":"2022-04-28T13:47:34","modified_gmt":"2022-04-28T10:47:34","slug":"yunanistan-sofor-vizesi","status":"publish","type":"page","link":"https:\/\/www.myvize.com.tr\/yunanistan\/yunanistan-sofor-vizesi\/","title":{"rendered":"Yunanistan \u015eof\u00f6r Vizesi"},"content":{"rendered":"<p><span style=\"font-family: Roboto;\"><\/span><\/p>\r\n<p><span style=\"font-family: Roboto; font-size: 14px;\">Yunanistan Schengen anla\u015fmas\u0131n\u0131n vize ba\u015fvurular\u0131 direkt yani do\u011frudan olmak \u00fczere Yunan Konsoloslu\u011fu\u2019na ger\u00e7ekle\u015ftirilemez. Bu nedenle\u00a0<strong>Yunanistan \u015fof\u00f6r vizesi<\/strong>\u00a0ba\u015fvurular\u0131n\u0131, ba\u015fvuru merkezleri ya da akredite seyahat acenteleri vas\u0131tas\u0131yla yapabilirsiniz.<\/span><\/p>\r\n<p><span style=\"font-family: Roboto; font-size: 14px;\">\r\n\r\n<\/span><\/p>\r\n<p><span style=\"font-family: Roboto; font-size: 14px;\"><strong>Yunanistan vize<\/strong> ba\u015fvurular\u0131nda b\u00f6lge hudutlamas\u0131\u00a0bulunmaktad\u0131r. Ba\u015fvuru sahibi oturdu\u011funuz \u015fehre hizmet veren alakal\u0131 Yunan vize ba\u015fvuru merkezine ba\u015fvuru ger\u00e7ekle\u015ftirmesi gerekecektir.<\/span><\/p>\r\n<h2><span style=\"font-family: Roboto; font-size: 27px;\"><strong>Yunanistan T\u0131r \u015eof\u00f6r\u00fc Schengen Vizesi Nedir?<\/strong><\/span><\/h2>\r\n<p><span style=\"font-family: Roboto; font-size: 14px;\"><strong>Yunanistan \u015fof\u00f6r vizesi<\/strong> ba\u015fvurusunda, kullan\u0131lacak arac\u0131n cinsine g\u00f6re (t\u0131r\/otob\u00fcs) ba\u015fvuru belgeleri farkl\u0131l\u0131k g\u00f6stermektedir. T\u00fcm evraklar\u0131n 3 ayl\u0131k bir s\u00fcre i\u00e7inde g\u00fcncellenmi\u015f olmas\u0131 gereklidir. Konsolosluk ba\u015fvuru s\u0131ras\u0131nda as\u0131l ve beraberinde kopyalar\u0131n\u0131 da istemektedir.<\/span><\/p>\r\n<p><span style=\"font-family: Roboto; font-size: 14px;\">Yunanistan \u015fof\u00f6r vizesi, y\u00fck ve yolcu ta\u015f\u0131mac\u0131l\u0131\u011f\u0131n\u0131 uluslar aras\u0131 anlamda yapan \u015fof\u00f6rlere verilmektedir. Bu vize t\u00fcr\u00fcne sahip olan t\u0131r \u015fof\u00f6rleri Schengen B\u00f6lgesi\u2019ne dahil olan t\u00fcm AB \u00fclkelerine ta\u015f\u0131ma yapabilmektedir.<\/span><\/p>\r\n<p><span style=\"font-family: Roboto; font-size: 14px;\"><strong>Yunanistan t\u0131r \u015fof\u00f6r\u00fc vizesi<\/strong>, 5 y\u0131ll\u0131k bir s\u00fcre i\u00e7in d\u00fczenlenmektedir. Bu vize hamili, 6 ayl\u0131k bir s\u00fcre i\u00e7erisinde Yunanistan \u00fclkesinde ve Schengen B\u00f6lgesi\u2019nde en fazla 90 g\u00fcn kadar kalabilir ve y\u00fck ta\u015f\u0131yabilir.<\/span><\/p>\r\n<ul>\r\n<li><span style=\"font-family: Roboto; font-size: 14px;\">Schengen Vize Ba\u015fvuru Formu <strong>Yunanca\/ \u0130ngilizce<\/strong> dilinde doldurulabilir.<\/span><\/li>\r\n<li><span style=\"font-family: Roboto; font-size: 14px;\">Pasaportun ge\u00e7erlilik s\u00fcresi, yolculuk biti\u015f tarihinden itibaren 6 ay s\u00fcre ile ge\u00e7erli ve en az 2 sayfas\u0131 bo\u015f olmal\u0131d\u0131r.<\/span><\/li>\r\n<li><span style=\"font-family: Roboto; font-size: 14px;\">Pasaportunuzun daha \u00f6nceden kullan\u0131lm\u0131\u015f sayfalar\u0131n\u0131n fotokopisi<\/span><\/li>\r\n<li><span style=\"font-family: Roboto; font-size: 14px;\">Vukuatl\u0131 n\u00fcfus kay\u0131t \u00f6rne\u011fi (Eski e\u015f, evlenmeden \u00f6nceki durum ve evli iseniz \u015fimdiki e\u015finiz ile olan durumunuz i\u00e7in \u2018vukuatl\u0131\u2019 kay\u0131t \u00f6rne\u011fini e-Devlet\u2019ten almal\u0131s\u0131n\u0131z.<\/span><\/li>\r\n<li><span style=\"font-family: Roboto; font-size: 14px;\">Schengen B\u00f6lgesi\u2019nin t\u00fcm\u00fcnde ge\u00e7erli olan 30.000 Euro teminatl\u0131, yolculuk tarihlerinde ge\u00e7erli sa\u011fl\u0131k sigorta poli\u00e7esi<\/span><\/li>\r\n<li><span style=\"font-family: Roboto; font-size: 14px;\">TIR\/otob\u00fcse ait sigorta, ruhsat, ta\u015f\u0131t s\u00f6zle\u015fmesi<\/span><\/li>\r\n<li><span style=\"font-family: Roboto; font-size: 14px;\">S\u00fcr\u00fcc\u00fc Belgesi ve s\u00fcr\u00fcc\u00fcn\u00fcn QR kodlu SRC belgesi<\/span><\/li>\r\n<li><span style=\"font-family: Roboto; font-size: 14px;\">Sab\u0131ka Kayd\u0131 (Mahkeme Karar Belgesi, sab\u0131ka kayd\u0131 olmas\u0131 durumunda istenmektedir.)<\/span><\/li>\r\n<li><span style=\"font-family: Roboto; font-size: 14px;\">Maa\u015f\u0131n\u0131z\u0131n yatt\u0131\u011f\u0131 bankadan al\u0131nan ki\u015fisel ekstre ve \u015firketin banka hesap d\u00f6k\u00fcm\u00fc (Son 3 ayl\u0131k olmal\u0131d\u0131r; \u00fczerinde bankan\u0131n ka\u015fe-imzas\u0131 olmal\u0131d\u0131r ve banka yetkilisinin imza sirk\u00fcleri de beraberinde sunulmal\u0131d\u0131r.)<\/span><\/li>\r\n<li><span style=\"font-family: Roboto; font-size: 14px;\">\u015eirketin banka hesap d\u00f6k\u00fcm\u00fc<\/span><\/li>\r\n<li><span style=\"font-family: Roboto; font-size: 14px;\">N\u00fcfus C\u00fczdan\u0131 Fotokopisi<\/span><\/li>\r\n<li><span style=\"font-family: Roboto; font-size: 14px;\"><a href=\"https:\/\/www.eagvs.com\/asset\/20\/schengen\/FOTOGRAF-OLCULERI.pdf\" target=\"_blank\" rel=\"noopener\">Biyometrik Foto\u011fraf<\/a>\u00a0(2 Adet)<\/span><\/li>\r\n<li><span style=\"font-family: Roboto; font-size: 14px;\">\u0130kametgah belgesi<\/span><\/li>\r\n<\/ul>\r\n<h2><span style=\"font-family: Roboto; font-size: 14px;\"><strong><span style=\"font-size: 27px;\">Yunanistan \u015eof\u00f6r Vizesi Alma<\/span><br \/><span style=\"font-size: 16px;\">T\u0131r \u015eof\u00f6rleri i\u00e7in:\u00a0<\/span><\/strong><\/span><\/h2>\r\n<ul>\r\n<li><span style=\"font-family: Roboto; font-size: 14px;\">C2 Ta\u015f\u0131t ve Yetki Belgesi<\/span><\/li>\r\n<li><span style=\"font-family: Roboto; font-size: 14px;\">\u015eirket S\u00fcr\u00fcc\u00fcleri Listesi<\/span><\/li>\r\n<li><span style=\"font-family: Roboto; font-size: 14px;\">UND (Uluslararas\u0131 Nakliyeciler Derne\u011fi) taraf\u0131ndan verilen ve ayr\u0131ca y\u00fck ta\u015f\u0131mac\u0131l\u0131\u011f\u0131 yapt\u0131ran \u015firkete ait teminat yaz\u0131s\u0131<\/span><\/li>\r\n<li><span style=\"font-family: Roboto; font-size: 14px;\">AB\u2019deki bir \u015firketten al\u0131nan i\u015f ortakl\u0131\u011f\u0131n\u0131 g\u00f6steren belge ve davet mektubu<\/span><\/li>\r\n<\/ul>\r\n<p><span style=\"font-family: Roboto; font-size: 16px;\"><strong>Otob\u00fcs S\u00fcr\u00fcc\u00fcleri i\u00e7in:<\/strong><\/span><\/p>\r\n<ul>\r\n<li><span style=\"font-family: Roboto; font-size: 14px;\">B1 \/ B2 Yetki Belgesi<\/span><\/li>\r\n<li><span style=\"font-family: Roboto; font-size: 14px;\">Yolcular\u0131n \u0130sim Listesi<\/span><\/li>\r\n<li><span style=\"font-family: Roboto; font-size: 14px;\">Tur Program\u0131<\/span><\/li>\r\n<li><span style=\"font-family: Roboto; font-size: 14px;\">Tur s\u0131ras\u0131nda kal\u0131nacak otellerin rezervasyonlar\u0131 (Rezervasyon belgesi \u00fczerinde, ba\u015fvuru sahibinin ad\u0131 g\u00f6r\u00fclmelidir, vize talep tarihi ile \u00f6rt\u00fc\u015fen rezervasyon olmal\u0131d\u0131r.)<\/span><\/li>\r\n<\/ul>\r\n<p><span style=\"font-family: Roboto; font-size: 16px;\"><strong>\u00c7al\u0131\u015fanlar \u0130\u00e7in Gerekenler:<\/strong><\/span><\/p>\r\n<ul>\r\n<li><span style=\"font-family: Roboto; font-size: 14px;\">\u0130\u015fe giri\u015f bildirgesi<\/span><\/li>\r\n<li><span style=\"font-family: Roboto; font-size: 14px;\">4A hizmet d\u00f6k\u00fcm\u00fc (E-devlet barkotlu olacakt\u0131r.)<\/span><\/li>\r\n<li><span style=\"font-family: Roboto; font-size: 14px;\">Son 3 ayl\u0131k Maa\u015f Bordrosu<\/span><\/li>\r\n<li><span style=\"font-family: Roboto; font-size: 14px;\">\u0130\u015f son 6 ay i\u00e7inde ba\u015flan\u0131lm\u0131\u015fsa, \u00f6nceki i\u015fyerine ait maa\u015f bordrosu.<\/span><\/li>\r\n<li><span style=\"font-family: Roboto; font-size: 14px;\">Personeli oldu\u011funuz i\u015fyerine ait Ticaret Odas\u0131 Kayd\u0131, Sicil Gazetesi kopyas\u0131, Faaliyet Belgesi, \u0130mza Sirk\u00fcleri<\/span><\/li>\r\n<li><span style=\"font-family: Roboto; font-size: 14px;\">Seyahat masraflar\u0131n\u0131z \u015firket taraf\u0131ndan kar\u015f\u0131lanacak ise, i\u015fyerinin antetli ka\u011f\u0131d\u0131na Konsoloslu\u011fa hitaben yaz\u0131lan bir dilek\u00e7e (Dilek\u00e7e i\u015fyeri sahibi, orta\u011f\u0131 taraf\u0131ndan imzalanmal\u0131 ve \u00fczerinde i\u015fyerinin ka\u015fesi olmal\u0131d\u0131r.)<\/span><\/li>\r\n<\/ul>\r\n<h2><span style=\"font-family: Roboto; font-size: 27px;\"><strong>Yunanistan \u015eof\u00f6r Vizesi Almak Zor mu?<\/strong><\/span><\/h2>\r\n<p><span style=\"font-family: Roboto; font-size: 14px;\">Yunanistan d\u00e2hil bir\u00e7ok \u00fclkenin vize ba\u015fvurusunda al\u0131nacak konsolosluk har\u00e7lar\u0131 ve ba\u015fvuru i\u015flem \u00fccretleri Euro cinsindendir. D\u00f6vize endeksli oldu\u011fu i\u00e7in, uluslar aras\u0131 arenada paras\u0131 de\u011fer kaybeden \u00fclke vatanda\u015flar\u0131 ve \u015firketleri i\u00e7in vize al\u0131m\u0131nda \u00f6denecek paralar ciddi bir y\u00fck olu\u015fturmaktad\u0131r.<\/span><\/p>\r\n<p><span style=\"font-family: Roboto; font-size: 14px;\"><strong>Yunanistan vize<\/strong> iste\u011finde \u00f6denecek konsolosluk harc\u0131 80 Euro\u2019dur.<\/span><\/p>\r\n<p><span style=\"font-family: Roboto; font-size: 14px;\">Vize talepleri turistik ve ticari vize olarak iki grupta incelenebilir. \u015eof\u00f6r vizesi, ticari vize t\u00fcr\u00fcnde oldu\u011fundan, y\u00fck ve yolcu ta\u015f\u0131mac\u0131l\u0131\u011f\u0131n\u0131 i\u00e7erdi\u011finden turistik vizeye g\u00f6re daha uzun s\u00fcrmektedir. Bu s\u00fcre 7-20 i\u015fg\u00fcn\u00fc aras\u0131nda de\u011fi\u015fmektedir. O nedenle ticari vize talebinde bulundu\u011funuz s\u0131rada, Yunanistan ve \u00fclkemizin resmi ve dini bayram tatil g\u00fcnlerini hesaba katmal\u0131s\u0131n\u0131z; \u00e7\u00fcnk\u00fc t\u00fcm konsolosluklar resmi tatil g\u00fcnlerinde \u00e7al\u0131\u015fmamaktad\u0131r. Bu nedenle ihtiyat tedbiri olarak, vize ba\u015fvurunuzun en ge\u00e7 1 ay \u00f6ncesinde olmas\u0131 gereklidir.<\/span><\/p>\r\n<p><span style=\"font-family: Roboto; font-size: 14px;\">Vize ba\u015fvuru ve kabul i\u015flemleri <span style=\"color: #2acec2;\"><strong><a style=\"color: #2acec2;\" href=\"https:\/\/www.myvize.com.tr\/yunanistan\/konsolosluklar\/yunanistan-istanbul-fahri-konsoloslugu\/\" target=\"_blank\" rel=\"noopener\">Yunanistan \u0130stanbul Ba\u015fkonsoloslu\u011fu <\/a><\/strong><\/span>ve Edirne Konsoloslu\u011fu taraf\u0131ndan yap\u0131lmaktad\u0131r. Vize ba\u015fvurunuzun h\u0131zl\u0131ca sonu\u00e7lanmas\u0131 i\u00e7in t\u00fcm evraklar\u0131n eksiksiz, \u015fekil \u015fartlar\u0131na uygun olarak haz\u0131rlanmas\u0131 gerekmektedir. Eksik evra\u011f\u0131n\u0131z olmas\u0131 durumunda, i\u015flem s\u00fcreci kesilir ve eksik evrak tamamlanana kadar devam etmez.<\/span><\/p>\r\n<h3><span style=\"font-family: Roboto; font-size: 24px;\"><strong>Yunanistan \u015eof\u00f6r Vizesi<\/strong> Almak i\u00e7in Yap\u0131lmas\u0131 Gerekenler<\/span><\/h3>\r\n<p><span style=\"font-family: Roboto; font-size: 14px;\">\r\n\r\n<\/span><\/p>\r\n<p><span style=\"font-family: Roboto; font-size: 14px;\"><strong>Yunanistan \u015fof\u00f6r vizesi<\/strong>\u00a0i\u00e7in gerekli olan evraklar\u0131 eksiksiz vermek ve evrak bilgilerini do\u011fru olarak haz\u0131rlamak fazlaca \u00f6nemlidir. Eksik belge olmas\u0131 halinde <strong>Yunanistan Konsoloslu\u011fu<\/strong>, sizden ek evrak isteyebilir ve b\u00f6ylece vize m\u00fcracaat s\u00fcreciniz uzayabilir. Belgelerinizi eksiksiz olarak haz\u0131rlad\u0131ktan sonras\u0131nda kargo\/ kurye ile ya da elden, evraklar\u0131n\u0131z\u0131 bize teslim edebilirsiniz. Evraklar\u0131 inceleme ve vize ba\u015fvuru d\u00f6nemini de\u011ferlendirme yetkisi tamamen Yunanistan Konsoloslu\u011fu\u2019na aittir.<\/span><\/p>\r\n<p><span style=\"font-family: Roboto; font-size: 14px;\">\r\n\r\n<\/span><\/p>\r\n<p><span style=\"font-family: Roboto; font-size: 14px;\"><strong>Yunanistan s\u00fcr\u00fcc\u00fc vizesi<\/strong> ba\u015fvuru i\u015flemlerinde kullanaca\u011f\u0131n\u0131z evraklar\u0131n g\u00fcncel oldu\u011fu i\u00e7in l\u00fctfen g\u00fcvenli olunuz.<\/span><\/p>\r\n<p><span style=\"font-family: Roboto; font-size: 14px;\">\r\n\r\n<\/span><\/p>\r\n<p><span style=\"font-family: Roboto; font-size: 14px;\">Bir firmaya ba\u011fl\u0131 olarak \u015fof\u00f6rl\u00fck meydana getirecek olan m\u00fcracaat sahiplerinin, \u015fof\u00f6r vizesi almak i\u00e7in haz\u0131rlamas\u0131 ihtiya\u00e7 duyulan evraklar: Pasaport (Seyahat sonras\u0131 minimum 6 ay ge\u00e7erli), \u0130ki tane dirim \u00f6l\u00e7\u00fcm yeni resim (35&#215;45 ebatlar\u0131nda, beyaz fon \u00fczeri, g\u00fcncel), \u015eirket teminat yaz\u0131s\u0131 ve firman\u0131n \u00fcyesi olmas\u0131 halinde UND (Uluslararas\u0131 Nakliyeciler Derne\u011fi) taraf\u0131nca verilen g\u00fcvence yaz\u0131s\u0131, Uluslararas\u0131 s\u00fcr\u00fcc\u00fc belgesi, \u015eirket s\u00fcr\u00fcc\u00fcleri s\u0131ralamas\u0131, C2 belgesi (\u0130hracat izni), B1 ve B2 belgesi. S\u00fcr\u00fcc\u00fc akt\u00fcel sab\u0131ka kayd\u0131 (Sab\u0131ka kayd\u0131 varsa mahkeme karar\u0131 sunulmal\u0131d\u0131r), \u015eirket yaz\u0131s\u0131 (\u015eof\u00f6r\u00fcn i\u015fe ba\u015flad\u0131\u011f\u0131 tarihi,\u00a0ne kadar s\u00fcreli\u011fine gidece\u011fini, maa\u015f\u0131n\u0131, ne zaman i\u015fe geri gidece\u011fini ve destinasyonunu belirtmelidir), Davet mektubu veya i\u015f ortakl\u0131\u011f\u0131 belgesi (Avrupa Birli\u011fi \u00fcye \u00fclkeleri \u015firketinden), Kimlik Fotokopisi ve Tam Vukuatl\u0131 N\u00fcfus Kay\u0131t \u00d6rne\u011fi (Aile ve adres bilgilerini i\u00e7eren).<\/span><\/p>\r\n<p><span style=\"font-family: Roboto; font-size: 14px;\">\r\n\r\n<\/span><\/p>\r\n<p><span style=\"font-family: Roboto; font-size: 14px;\">Ancak istenilen evraklarda vakit zaman de\u011fi\u015fimler olabilmektedir.<\/span><\/p>\r\n<p><span style=\"font-family: Roboto; font-size: 14px;\">\r\n\r\n<\/span><\/p>\r\n<h3><span style=\"font-size: 24px;\"><strong><span style=\"font-family: Roboto;\">Yunanistan \u015eof\u00f6r Vizesi\u00a0Ba\u015fvurular\u0131 Nereye Yap\u0131l\u0131r?<\/span><\/strong><\/span><\/h3>\r\n<p><span style=\"font-family: Roboto; font-size: 14px;\">\r\n\r\n<\/span><\/p>\r\n<p><span style=\"font-family: Roboto; font-size: 14px;\">Yunanistan \u00fclkesi i\u00e7in \u015fof\u00f6r vize ba\u015fvurular\u0131n\u0131 yapmak isteyece\u011finiz\u00a0<span style=\"color: #2acec2;\"><strong><a style=\"color: #2acec2;\" href=\"https:\/\/www.myvize.com.tr\/yunanistan\/konsolosluklar\/\" target=\"_blank\" rel=\"noopener\">Yunan Konsoloslu\u011fu<\/a><\/strong><\/span>, sizin ikamet etti\u011finiz \u015fehre g\u00f6re de\u011fi\u015fmektedir. A\u015fa\u011f\u0131daki listede, bulundu\u011funuz ile bak\u0131l\u0131rsa hangi Yunan Konsoloslu\u011fu\u2019na m\u00fcracaat yapman\u0131z gerekti\u011fi bulunmaktad\u0131r.<\/span><\/p>\r\n<p><span style=\"font-family: Roboto; font-size: 14px;\"> <img decoding=\"async\" src=\"https:\/\/www.myvize.com.tr\/yunanistan\/wp-content\/uploads\/2021\/10\/26.jpg\" \/> <\/span><\/p>\r\n<p><span style=\"font-family: Roboto;\"><\/span><\/p>","protected":false},"excerpt":{"rendered":"<p>Yunanistan Schengen anla\u015fmas\u0131n\u0131n vize ba\u015fvurular\u0131 direkt yani do\u011frudan olmak \u00fczere Yunan Konsoloslu\u011fu\u2019na ger\u00e7ekle\u015ftirilemez. Bu nedenle\u00a0Yunanistan \u015fof\u00f6r vizesi\u00a0ba\u015fvurular\u0131n\u0131, ba\u015fvuru merkezleri ya da akredite seyahat acenteleri vas\u0131tas\u0131yla yapabilirsiniz. Yunanistan vize ba\u015fvurular\u0131nda b\u00f6lge hudutlamas\u0131\u00a0bulunmaktad\u0131r. Ba\u015fvuru sahibi oturdu\u011funuz \u015fehre hizmet veren alakal\u0131 Yunan vize ba\u015fvuru merkezine ba\u015fvuru ger\u00e7ekle\u015ftirmesi gerekecektir. Yunanistan T\u0131r \u015eof\u00f6r\u00fc Schengen Vizesi Nedir? Yunanistan \u015fof\u00f6r vizesi ba\u015fvurusunda,<\/p>\n","protected":false},"author":1,"featured_media":0,"parent":0,"menu_order":0,"comment_status":"open","ping_status":"closed","template":"","meta":{"footnotes":""},"class_list":["post-376","page","type-page","status-publish","hentry"],"yoast_head":"<!-- This site is optimized with the Yoast SEO plugin v26.8 - https:\/\/yoast.com\/product\/yoast-seo-wordpress\/ -->\n<title>Yunanistan \u015eof\u00f6r Vizesi - MyVize<\/title>\n<meta name=\"description\" content=\"Yunanistan \u015eof\u00f6r Vizesi Nas\u0131l Al\u0131n\u0131r? Yunanistan \u015eof\u00f6r Vize Ba\u015fvurusu Nas\u0131l Yap\u0131l\u0131r? Yunanistan \u015eof\u00f6r Vizesi Randevusu Almak \u0130\u00e7in Hemen Ara.\" \/>\n<meta name=\"robots\" content=\"index, follow, max-snippet:-1, max-image-preview:large, max-video-preview:-1\" \/>\n<link rel=\"canonical\" href=\"https:\/\/www.myvize.com.tr\/yunanistan\/yunanistan-sofor-vizesi\/\" \/>\n<meta property=\"og:locale\" content=\"tr_TR\" \/>\n<meta property=\"og:type\" content=\"article\" \/>\n<meta property=\"og:title\" content=\"Yunanistan \u015eof\u00f6r Vizesi - MyVize\" \/>\n<meta property=\"og:description\" content=\"Yunanistan \u015eof\u00f6r Vizesi Nas\u0131l Al\u0131n\u0131r? Yunanistan \u015eof\u00f6r Vize Ba\u015fvurusu Nas\u0131l Yap\u0131l\u0131r? Yunanistan \u015eof\u00f6r Vizesi Randevusu Almak \u0130\u00e7in Hemen Ara.\" \/>\n<meta property=\"og:url\" content=\"https:\/\/www.myvize.com.tr\/yunanistan\/yunanistan-sofor-vizesi\/\" \/>\n<meta property=\"og:site_name\" content=\"Yunanistan Vizesi\" \/>\n<meta property=\"article:modified_time\" content=\"2022-04-28T10:47:34+00:00\" \/>\n<meta property=\"og:image\" content=\"https:\/\/www.myvize.com.tr\/yunanistan\/wp-content\/uploads\/2021\/10\/26.jpg\" \/>\n<meta name=\"twitter:card\" content=\"summary_large_image\" \/>\n<meta name=\"twitter:label1\" content=\"Tahmini okuma s\u00fcresi\" \/>\n\t<meta name=\"twitter:data1\" content=\"6 dakika\" \/>\n<script type=\"application\/ld+json\" class=\"yoast-schema-graph\">{\"@context\":\"https:\/\/schema.org\",\"@graph\":[{\"@type\":\"WebPage\",\"@id\":\"https:\/\/www.myvize.com.tr\/yunanistan\/yunanistan-sofor-vizesi\/\",\"url\":\"https:\/\/www.myvize.com.tr\/yunanistan\/yunanistan-sofor-vizesi\/\",\"name\":\"Yunanistan \u015eof\u00f6r Vizesi - MyVize\",\"isPartOf\":{\"@id\":\"https:\/\/www.myvize.com.tr\/yunanistan\/#website\"},\"primaryImageOfPage\":{\"@id\":\"https:\/\/www.myvize.com.tr\/yunanistan\/yunanistan-sofor-vizesi\/#primaryimage\"},\"image\":{\"@id\":\"https:\/\/www.myvize.com.tr\/yunanistan\/yunanistan-sofor-vizesi\/#primaryimage\"},\"thumbnailUrl\":\"https:\/\/www.myvize.com.tr\/yunanistan\/wp-content\/uploads\/2021\/10\/26.jpg\",\"datePublished\":\"2021-07-01T17:42:32+00:00\",\"dateModified\":\"2022-04-28T10:47:34+00:00\",\"description\":\"Yunanistan \u015eof\u00f6r Vizesi Nas\u0131l Al\u0131n\u0131r? Yunanistan \u015eof\u00f6r Vize Ba\u015fvurusu Nas\u0131l Yap\u0131l\u0131r? Yunanistan \u015eof\u00f6r Vizesi Randevusu Almak \u0130\u00e7in Hemen Ara.\",\"breadcrumb\":{\"@id\":\"https:\/\/www.myvize.com.tr\/yunanistan\/yunanistan-sofor-vizesi\/#breadcrumb\"},\"inLanguage\":\"tr\",\"potentialAction\":[{\"@type\":\"ReadAction\",\"target\":[\"https:\/\/www.myvize.com.tr\/yunanistan\/yunanistan-sofor-vizesi\/\"]}]},{\"@type\":\"ImageObject\",\"inLanguage\":\"tr\",\"@id\":\"https:\/\/www.myvize.com.tr\/yunanistan\/yunanistan-sofor-vizesi\/#primaryimage\",\"url\":\"https:\/\/www.myvize.com.tr\/yunanistan\/wp-content\/uploads\/2021\/10\/26.jpg\",\"contentUrl\":\"https:\/\/www.myvize.com.tr\/yunanistan\/wp-content\/uploads\/2021\/10\/26.jpg\",\"width\":800,\"height\":500,\"caption\":\"Yunanistan \u015eof\u00f6r Vizesi\"},{\"@type\":\"BreadcrumbList\",\"@id\":\"https:\/\/www.myvize.com.tr\/yunanistan\/yunanistan-sofor-vizesi\/#breadcrumb\",\"itemListElement\":[{\"@type\":\"ListItem\",\"position\":1,\"name\":\"Anasayfa\",\"item\":\"https:\/\/www.myvize.com.tr\/yunanistan\/\"},{\"@type\":\"ListItem\",\"position\":2,\"name\":\"Yunanistan \u015eof\u00f6r Vizesi\"}]},{\"@type\":\"WebSite\",\"@id\":\"https:\/\/www.myvize.com.tr\/yunanistan\/#website\",\"url\":\"https:\/\/www.myvize.com.tr\/yunanistan\/\",\"name\":\"Yunanistan Vizesi\",\"description\":\"\",\"potentialAction\":[{\"@type\":\"SearchAction\",\"target\":{\"@type\":\"EntryPoint\",\"urlTemplate\":\"https:\/\/www.myvize.com.tr\/yunanistan\/?s={search_term_string}\"},\"query-input\":{\"@type\":\"PropertyValueSpecification\",\"valueRequired\":true,\"valueName\":\"search_term_string\"}}],\"inLanguage\":\"tr\"}]}<\/script>\n<!-- \/ Yoast SEO plugin. -->","yoast_head_json":{"title":"Yunanistan \u015eof\u00f6r Vizesi - MyVize","description":"Yunanistan \u015eof\u00f6r Vizesi Nas\u0131l Al\u0131n\u0131r? Yunanistan \u015eof\u00f6r Vize Ba\u015fvurusu Nas\u0131l Yap\u0131l\u0131r? Yunanistan \u015eof\u00f6r Vizesi Randevusu Almak \u0130\u00e7in Hemen Ara.","robots":{"index":"index","follow":"follow","max-snippet":"max-snippet:-1","max-image-preview":"max-image-preview:large","max-video-preview":"max-video-preview:-1"},"canonical":"https:\/\/www.myvize.com.tr\/yunanistan\/yunanistan-sofor-vizesi\/","og_locale":"tr_TR","og_type":"article","og_title":"Yunanistan \u015eof\u00f6r Vizesi - MyVize","og_description":"Yunanistan \u015eof\u00f6r Vizesi Nas\u0131l Al\u0131n\u0131r? Yunanistan \u015eof\u00f6r Vize Ba\u015fvurusu Nas\u0131l Yap\u0131l\u0131r? Yunanistan \u015eof\u00f6r Vizesi Randevusu Almak \u0130\u00e7in Hemen Ara.","og_url":"https:\/\/www.myvize.com.tr\/yunanistan\/yunanistan-sofor-vizesi\/","og_site_name":"Yunanistan Vizesi","article_modified_time":"2022-04-28T10:47:34+00:00","og_image":[{"url":"https:\/\/www.myvize.com.tr\/yunanistan\/wp-content\/uploads\/2021\/10\/26.jpg","type":"","width":"","height":""}],"twitter_card":"summary_large_image","twitter_misc":{"Tahmini okuma s\u00fcresi":"6 dakika"},"schema":{"@context":"https:\/\/schema.org","@graph":[{"@type":"WebPage","@id":"https:\/\/www.myvize.com.tr\/yunanistan\/yunanistan-sofor-vizesi\/","url":"https:\/\/www.myvize.com.tr\/yunanistan\/yunanistan-sofor-vizesi\/","name":"Yunanistan \u015eof\u00f6r Vizesi - MyVize","isPartOf":{"@id":"https:\/\/www.myvize.com.tr\/yunanistan\/#website"},"primaryImageOfPage":{"@id":"https:\/\/www.myvize.com.tr\/yunanistan\/yunanistan-sofor-vizesi\/#primaryimage"},"image":{"@id":"https:\/\/www.myvize.com.tr\/yunanistan\/yunanistan-sofor-vizesi\/#primaryimage"},"thumbnailUrl":"https:\/\/www.myvize.com.tr\/yunanistan\/wp-content\/uploads\/2021\/10\/26.jpg","datePublished":"2021-07-01T17:42:32+00:00","dateModified":"2022-04-28T10:47:34+00:00","description":"Yunanistan \u015eof\u00f6r Vizesi Nas\u0131l Al\u0131n\u0131r? Yunanistan \u015eof\u00f6r Vize Ba\u015fvurusu Nas\u0131l Yap\u0131l\u0131r? Yunanistan \u015eof\u00f6r Vizesi Randevusu Almak \u0130\u00e7in Hemen Ara.","breadcrumb":{"@id":"https:\/\/www.myvize.com.tr\/yunanistan\/yunanistan-sofor-vizesi\/#breadcrumb"},"inLanguage":"tr","potentialAction":[{"@type":"ReadAction","target":["https:\/\/www.myvize.com.tr\/yunanistan\/yunanistan-sofor-vizesi\/"]}]},{"@type":"ImageObject","inLanguage":"tr","@id":"https:\/\/www.myvize.com.tr\/yunanistan\/yunanistan-sofor-vizesi\/#primaryimage","url":"https:\/\/www.myvize.com.tr\/yunanistan\/wp-content\/uploads\/2021\/10\/26.jpg","contentUrl":"https:\/\/www.myvize.com.tr\/yunanistan\/wp-content\/uploads\/2021\/10\/26.jpg","width":800,"height":500,"caption":"Yunanistan \u015eof\u00f6r Vizesi"},{"@type":"BreadcrumbList","@id":"https:\/\/www.myvize.com.tr\/yunanistan\/yunanistan-sofor-vizesi\/#breadcrumb","itemListElement":[{"@type":"ListItem","position":1,"name":"Anasayfa","item":"https:\/\/www.myvize.com.tr\/yunanistan\/"},{"@type":"ListItem","position":2,"name":"Yunanistan \u015eof\u00f6r Vizesi"}]},{"@type":"WebSite","@id":"https:\/\/www.myvize.com.tr\/yunanistan\/#website","url":"https:\/\/www.myvize.com.tr\/yunanistan\/","name":"Yunanistan Vizesi","description":"","potentialAction":[{"@type":"SearchAction","target":{"@type":"EntryPoint","urlTemplate":"https:\/\/www.myvize.com.tr\/yunanistan\/?s={search_term_string}"},"query-input":{"@type":"PropertyValueSpecification","valueRequired":true,"valueName":"search_term_string"}}],"inLanguage":"tr"}]}},"_links":{"self":[{"href":"https:\/\/www.myvize.com.tr\/yunanistan\/wp-json\/wp\/v2\/pages\/376","targetHints":{"allow":["GET"]}}],"collection":[{"href":"https:\/\/www.myvize.com.tr\/yunanistan\/wp-json\/wp\/v2\/pages"}],"about":[{"href":"https:\/\/www.myvize.com.tr\/yunanistan\/wp-json\/wp\/v2\/types\/page"}],"author":[{"embeddable":true,"href":"https:\/\/www.myvize.com.tr\/yunanistan\/wp-json\/wp\/v2\/users\/1"}],"replies":[{"embeddable":true,"href":"https:\/\/www.myvize.com.tr\/yunanistan\/wp-json\/wp\/v2\/comments?post=376"}],"version-history":[{"count":6,"href":"https:\/\/www.myvize.com.tr\/yunanistan\/wp-json\/wp\/v2\/pages\/376\/revisions"}],"predecessor-version":[{"id":939,"href":"https:\/\/www.myvize.com.tr\/yunanistan\/wp-json\/wp\/v2\/pages\/376\/revisions\/939"}],"wp:attachment":[{"href":"https:\/\/www.myvize.com.tr\/yunanistan\/wp-json\/wp\/v2\/media?parent=376"}],"curies":[{"name":"wp","href":"https:\/\/api.w.org\/{rel}","templated":true}]}}