{"id":465,"date":"2021-08-03T18:10:22","date_gmt":"2021-08-03T15:10:22","guid":{"rendered":"https:\/\/www.myvize.com.tr\/yunanistan\/?page_id=465"},"modified":"2022-04-28T13:01:30","modified_gmt":"2022-04-28T10:01:30","slug":"yunanistan-erasmus-vizesi","status":"publish","type":"page","link":"https:\/\/www.myvize.com.tr\/yunanistan\/vize-islemleri\/yunanistan-erasmus-vizesi\/","title":{"rendered":"Yunanistan Erasmus Vizesi"},"content":{"rendered":"<h2><span style=\"font-family: Roboto; font-size: 27px;\"><strong>Yunanistan Erasmus Vizesi Hakk\u0131nda<\/strong><\/span><\/h2>\n<p><span style=\"font-family: Roboto; font-size: 14px;\">Erasmus sistemi ki\u015fiye daha fazla e\u011fitim imk\u00e2n\u0131 sa\u011flamak amac\u0131yla yap\u0131lan bir sistemdir. Bu sistemde \u00f6\u011frenciler belli \u015fartlar\u0131 kar\u015f\u0131lad\u0131klar\u0131n\u0131 zaman bu vize imk\u00e2n\u0131 ile ki\u015fiyi Yunanistan&#8217;a e\u011fitim ama\u00e7l\u0131 g\u00f6nderir. \u00dclkemiz Avrupa Birli\u011fi aday\u0131 oldu\u011fu i\u00e7in bu hizmetten yarar almaktad\u0131r. \u00dclkemizdeki de\u011fi\u015fim \u00f6\u011frencileri bu sisteme ba\u015fvuru yaparak e\u011fitim alabilir. <strong>Yunanistan Erasmus vizesi<\/strong> almak i\u00e7in baz\u0131 \u015fartlar\u0131 yerine getirmeniz gerekir.<\/span><\/p>\n<h2><span style=\"font-family: Roboto; font-size: 27px;\"><strong>Yunanistan Erasmus Vizesi Nedir?<\/strong><\/span><\/h2>\n<p><span style=\"font-family: Roboto; font-size: 14px;\">\u00dcniversitelerin i\u015f birli\u011fi ile haz\u0131rlanan Erasmus e\u011fitim program\u0131na dahil olan \u00fclkelerden birisi de T\u00fcrkiye\u2019dir. T\u00fcrkiye\u2019ye yurt d\u0131\u015f\u0131ndan \u00f6\u011frenciler geldi\u011fi gibi yurt d\u0131\u015f\u0131na da bir\u00e7ok \u00f6\u011frenci g\u00f6nderilmektedir. Yurt d\u0131\u015f\u0131nda bir \u00fcniversitede \u00f6\u011frenim g\u00f6rme hakk\u0131 elde eden ki\u015filer i\u00e7in\u00a0<strong>Yunanistan Erasmus vizesi nedir<\/strong>\u00a0sorusu olduk\u00e7a merak edilen konular aras\u0131nda yer al\u0131yor. Bu vize t\u00fcr\u00fc hakk\u0131nda \u015funlar\u0131 s\u00f6ylemek m\u00fcmk\u00fcnd\u00fcr:<\/span><\/p>\n<ul>\n<li><span style=\"font-family: Roboto; font-size: 14px;\">Vize i\u015flemleri s\u0131ras\u0131nda \u00f6\u011frenci belgelerinin olmas\u0131 gerekir.<\/span><\/li>\n<li><span style=\"font-family: Roboto; font-size: 14px;\">\u00d6\u011frenim g\u00f6rece\u011finiz okuldan mutlaka davetiye almal\u0131s\u0131n\u0131z.<\/span><\/li>\n<li><span style=\"font-family: Roboto; font-size: 14px;\">Davet mektubu geldikten hemen sonra i\u015flemlere ba\u015flamal\u0131s\u0131n\u0131z.<\/span><\/li>\n<li><span style=\"font-family: Roboto; font-size: 14px;\">Sponsorunuz var ise sponsor bilgilerini mutlaka yazmal\u0131s\u0131n\u0131z.<\/span><\/li>\n<li><span style=\"font-family: Roboto; font-size: 14px;\">Ba\u015fvuru formunu Erasmus vizesine g\u00f6re doldurmal\u0131s\u0131n\u0131z.<\/span><\/li>\n<\/ul>\n<p><span style=\"font-family: Roboto; font-size: 14px;\">Vize belgelerinizi haz\u0131rlarken gerekirse profesyonel olarak sizlere yard\u0131mc\u0131 olacak ki\u015filerden hizmet almal\u0131s\u0131n\u0131z. Belgelerinizin tam olmas\u0131 durumunda k\u0131sa s\u00fcre i\u00e7erisinde vizenizi alabilirsiniz. Ancak bu s\u00fcre\u00e7te eksik belge durumunda ek evrak talebinde bulunulmas\u0131 vize s\u00fcrecini uzatan nedenler aras\u0131nda yer almaktad\u0131r.<\/span><\/p>\n<h2><span style=\"font-family: Roboto; font-size: 27px;\"><strong>Yunanistan Erasmus Vizesi Nas\u0131l Al\u0131n\u0131r?<\/strong><\/span><\/h2>\n<p><span style=\"font-family: Roboto; font-size: 14px;\"><strong>Yunanistan Erasmus vizesi<\/strong> i\u00e7in \u00f6\u011frencilerden baz\u0131 \u015fartlar isteyerek \u00f6\u011frencileri eler. Ki\u015finin bu \u015fartlara uymas\u0131 ile birlikte Yunanistan Konsoloslu\u011funa ba\u015fvuru yaparak vize hakk\u0131ndan yararlanabilir. Size verilen <span style=\"color: #2acec2;\"><strong><a style=\"color: #2acec2;\" href=\"https:\/\/www.myvize.com.tr\/yunanistan\/vize-islemleri\/yunanistan-vize-basvuru-formu\/\" target=\"_blank\" rel=\"noopener\">Yunanistan Vize ba\u015fvuru formu<\/a><\/strong><\/span> do\u011fru ve eksiksiz \u015fekilde dolum yap\u0131lmas\u0131 olduk\u00e7a \u00f6nemlidir. Ba\u015fvuru i\u00e7in \u00fclkemizde okudu\u011funuz \u00fcniversiteden izin belgesi talep edilir. Bu belgeler \u00e7ok b\u00fcy\u00fck dikkatle incelenerek ki\u015fiye belirli bir s\u00fcre sonra sonu\u00e7 a\u00e7\u0131klan\u0131r. Yunanistan \u00fcniversitelerinde burs ald\u0131\u011f\u0131n\u0131 belirten belgeler isteyerek bu s\u00fcreci olduk\u00e7a zor hale getirir. Bu s\u00fcre\u00e7 \u00e7ok uzun ve \u00e7ok fazla belge istenir. Bu belgelerin eksiksiz olmas\u0131 ve do\u011fru \u015fekilde olmas\u0131 konsolosluk i\u00e7in olduk\u00e7a \u00f6nemli ve dikkat edilen bir noktad\u0131r.<\/span><\/p>\n<p><span style=\"font-family: Roboto; font-size: 14px;\"><img decoding=\"async\" src=\"https:\/\/www.myvize.com.tr\/yunanistan\/wp-content\/uploads\/2021\/10\/18.jpg\" \/><\/span><\/p>\n<h2><span style=\"font-family: Roboto; font-size: 27px;\"><strong>Yunanistan Erasmus Vizesi Nereden Al\u0131n\u0131r?<\/strong><\/span><\/h2>\n<p><span style=\"font-family: Roboto; font-size: 14px;\"><strong>Yunanistan Erasmus vizesi nereden al\u0131n\u0131r<\/strong>\u00a0sorusu da bu s\u00fcre\u00e7te \u00e7ok merak edilen konular aras\u0131nda yer almaktad\u0131r. Erasmus programlar\u0131na kabul edildiyseniz alaca\u011f\u0131n\u0131z vize i\u00e7in belgelerini teslim edece\u011finiz kurum Yunanistan B\u00fcy\u00fckel\u00e7ili\u011fi ya da konsolosluklar\u0131d\u0131r. Bu bak\u0131mdan vize i\u015flemleri s\u0131ras\u0131nda mutlaka belirli detaylar\u0131 g\u00f6z \u00f6n\u00fcnde bulundurmal\u0131s\u0131n\u0131z. Bu detaylar ise \u015funlard\u0131r:<\/span><\/p>\n<ul>\n<li><span style=\"font-family: Roboto; font-size: 14px;\"><strong>Yunanistan Erasmus vizesi<\/strong> i\u00e7in davetiye \u00e7ok \u00f6nemlidir.<\/span><\/li>\n<li><span style=\"font-family: Roboto; font-size: 14px;\">Davetiye \u00fczerinde g\u00f6nderen okulun bilgileri olmal\u0131d\u0131r.<\/span><\/li>\n<li><span style=\"font-family: Roboto; font-size: 14px;\">Kendi okulunuzdan \u00f6\u011frenci belgesi ve izin belgesi al\u0131nmal\u0131d\u0131r.<\/span><\/li>\n<li><span style=\"font-family: Roboto; font-size: 14px;\">Pasaportunuzun s\u00fcresi e\u011fitim sonras\u0131nda da devam etmelidir.<\/span><\/li>\n<\/ul>\n<p><span style=\"font-family: Roboto; font-size: 14px;\"><strong>Erasmus vize i\u015flemleri<\/strong> s\u0131ras\u0131nda belirtilen her detaya gereken \u00f6zeni g\u00f6stermek gerekir. Bu s\u00fcre\u00e7te vizeniz i\u00e7in gerekli t\u00fcm belgeler tamam ise dikkat etmeniz gereken konu belgeleri tek bir dosya i\u00e7erisinde ilgili kurumlara teslim etmektir. Vize i\u015flemleri s\u0131ras\u0131nda sorunsuz bir i\u015flem i\u00e7in mutlaka belge haz\u0131rlamaya en az 1 ay \u00f6nce ba\u015flamaya \u00f6zen g\u00f6stermelisiniz. \u00a0<\/span><\/p>\n<h3><span style=\"font-family: Roboto; font-size: 24px;\"><strong>Yunanistan Erasmus Vizesi Ka\u00e7 G\u00fcnde \u00c7\u0131kar?<\/strong><\/span><\/h3>\n<p><span style=\"font-family: Roboto; font-size: 14px;\"><strong>Yunanistan Erasmus vizesi ka\u00e7 g\u00fcnde \u00e7\u0131kar<\/strong>\u00a0sorusuna net bir yan\u0131t vermek m\u00fcmk\u00fcn de\u011fildir. Vize i\u015flemleri s\u0131ras\u0131nda s\u00fcreci etkileyen bir\u00e7ok unsur bulunmaktad\u0131r. Her bir unsur vizeyi alman\u0131zda s\u00fcreci uzatabilmektedir. Yunanistan Erasmus vizesinin \u00e7\u0131kma s\u00fcrecini etkileyen unsurlardan baz\u0131lar\u0131 ise \u015funlard\u0131r:<\/span><\/p>\n<ul>\n<li><span style=\"font-family: Roboto; font-size: 14px;\"><strong>Yunanistan vize evraklar\u0131<\/strong> vize t\u00fcr\u00fc ile ilgili olmad\u0131\u011f\u0131nda vizeniz iptal edilir.<\/span><\/li>\n<li><span style=\"font-family: Roboto; font-size: 14px;\">Vize belgelerinizin detayl\u0131 olarak haz\u0131rlanmamas\u0131 vize s\u00fcrecini uzat\u0131r.<\/span><\/li>\n<li><span style=\"font-family: Roboto; font-size: 14px;\">Erasmus vize davetiyesi ge\u00e7 gelirse vizeyi ge\u00e7 alma durumu s\u00f6z konusu olur.<\/span><\/li>\n<li><span style=\"font-family: Roboto; font-size: 14px;\">Har\u00e7lar\u0131 yanl\u0131\u015f yat\u0131rmak s\u00fcreci uzatan nedenler aras\u0131nda yer al\u0131r.<\/span><\/li>\n<li><span style=\"font-family: Roboto; font-size: 14px;\">Okulunuzdan ald\u0131\u011f\u0131n\u0131z belgelerin g\u00fcncel olmamas\u0131 vize s\u00fcrecini uzatabilir.<\/span><\/li>\n<\/ul>\n<p><span style=\"font-family: Roboto; font-size: 14px;\">Bu nedenlerin her birisi vize alma s\u00fcreci \u00fczerinde olumsuz etkiler yapabilmektedir. Bu nedenle de ki\u015filer e\u011fer vize i\u015flemleri konusunda yeterli bir deneyime sahip de\u011filler ise vize belgelerinin haz\u0131rlanmas\u0131nda profesyonellerden yard\u0131m alabilmektedir. Her t\u00fcrden vize belgesinin tam olarak haz\u0131rlanmas\u0131nda bu ki\u015filer sizlere yard\u0131mc\u0131 olmaktad\u0131r.<\/span><\/p>\n<h3><span style=\"font-family: Roboto; font-size: 24px;\"><strong>Yunanistan Erasmus Vize Ba\u015fvurusu<\/strong><\/span><\/h3>\n<p><span style=\"font-family: Roboto; font-size: 14px;\"><strong>Yunanistan Erasmus vize ba\u015fvurusu<\/strong>\u00a0son derece s\u0131kl\u0131kla yap\u0131lan ba\u015fvurular aras\u0131nda yer al\u0131yor. Vize i\u015flemleri s\u0131ras\u0131nda ba\u015fvuru yapt\u0131\u011f\u0131n\u0131z vize t\u00fcr\u00fcne dikkat etmeniz gerekir. Vize belgeleriniz tam de\u011filse ya da vize t\u00fcr\u00fcne uygun de\u011fil ise muhtemelen vize reddi al\u0131rs\u0131n\u0131z. Bu nedenle de ki\u015filerin bu s\u00fcre\u00e7te son derece titiz olmas\u0131 gerekir. Yunanistan Erasmus vizesi al\u0131rken \u015fu noktalara dikkat etmelisiniz:<\/span><\/p>\n<ul>\n<li><span style=\"font-family: Roboto; font-size: 14px;\">Yunanistan Erasmus vize ba\u015fvurusu formu titizlikle doldurulmal\u0131d\u0131r.<\/span><\/li>\n<li><span style=\"font-family: Roboto; font-size: 14px;\">\u00d6\u011frenci belgeniz olmal\u0131d\u0131r.<\/span><\/li>\n<li><span style=\"font-family: Roboto; font-size: 14px;\">Biyometrik foto\u011fraflar\u0131n\u0131z olmal\u0131d\u0131r.<\/span><\/li>\n<li><span style=\"font-family: Roboto; font-size: 14px;\">Pasaportunuzu almal\u0131s\u0131n\u0131z.<\/span><\/li>\n<li><span style=\"font-family: Roboto; font-size: 14px;\">Seyahat sa\u011fl\u0131k sigortan\u0131z\u0131 30 bin Euro teminatl\u0131 olarak yapt\u0131rmal\u0131s\u0131n\u0131z.<\/span><\/li>\n<li><span style=\"font-family: Roboto; font-size: 14px;\">Kabul mektubunuz olmal\u0131d\u0131r.<\/span><\/li>\n<li><span style=\"font-family: Roboto; font-size: 14px;\">Kimlik belgesi fotokopisi olmal\u0131d\u0131r.<\/span><\/li>\n<li><span style=\"font-family: Roboto; font-size: 14px;\">Tam vukuatl\u0131 n\u00fcfus kay\u0131t \u00f6rne\u011finiz olmal\u0131d\u0131r.<\/span><\/li>\n<\/ul>\n<p><span style=\"font-family: Roboto; font-size: 14px;\">Bu belgelerin tamam\u0131 ve daha fazlas\u0131 ba\u015fvuru s\u0131ras\u0131nda gereklidir. \u0130\u015flemlerinizi zaman\u0131nda yapt\u0131rmak i\u00e7in mutlaka vize i\u00e7in en az bir ay \u00f6ncesinden i\u015flemlere ba\u015flaman\u0131z gerekmektedir. Bu \u015fekilde e\u011fitim ba\u015flamadan vizenizi alabilme imkan\u0131 bulabilirsiniz.<\/span><\/p>\n<h3><span style=\"font-family: Roboto; font-size: 24px;\"><strong>Yunanistan Erasmus Vizesi \u0130\u00e7in Gerekli Evraklar<\/strong><\/span><\/h3>\n<p><span style=\"font-family: Roboto; font-size: 14px;\"><strong>Yunanistan Erasmus vizesi<\/strong> alman\u0131z i\u00e7in baz\u0131 belge ve evraklar talep edilir. Bu belgeler a\u015fa\u011f\u0131da belirtti\u011fimiz gibi s\u0131ralanmaktad\u0131r.<\/span><\/p>\n<ul>\n<li><span style=\"font-family: Roboto; font-size: 14px;\">Biyometrik foto\u011fraf<\/span><\/li>\n<li><span style=\"font-family: Roboto; font-size: 14px;\">Pasaport<\/span><\/li>\n<li><span style=\"font-family: Roboto; font-size: 14px;\"><a href=\"https:\/\/www.myvize.com.tr\/yunanistan\/vize-islemleri\/yunanistan-vizesi\/\" target=\"_blank\" rel=\"noopener\"><strong><span style=\"color: #2acec2;\">Yunanistan Vizesi<\/span><\/strong><\/a> ba\u015fvuru formu<\/span><\/li>\n<li><span style=\"font-family: Roboto; font-size: 14px;\">Seyahat i\u00e7in sa\u011fl\u0131k sigortas\u0131<\/span><\/li>\n<li><span style=\"font-family: Roboto; font-size: 14px;\">E\u011fitim \u00fccreti taahh\u00fctnamesi<\/span><\/li>\n<li><span style=\"font-family: Roboto; font-size: 14px;\">\u00dcniversite ba\u015fvuru teyit belgesi<\/span><\/li>\n<li><span style=\"font-family: Roboto; font-size: 14px;\">Transkript<\/span><\/li>\n<li><span style=\"font-family: Roboto; font-size: 14px;\">\u00d6\u011frenci belgesi<\/span><\/li>\n<li><span style=\"font-family: Roboto; font-size: 14px;\">Tam vukuatl\u0131 n\u00fcfus kay\u0131t \u00f6rne\u011fi<\/span><\/li>\n<li><span style=\"font-family: Roboto; font-size: 14px;\">Burs belgeleri gibi belgeler \u00f6\u011frencilerden talep edilir.<\/span><\/li>\n<\/ul>\n<p><span style=\"font-family: Roboto; font-size: 14px;\">Bu belgelerin olmas\u0131 durumunda <strong>Yunanistan Erasmus vizesi<\/strong> alabilirsiniz. Ancak gerekli olan evraklar i\u00e7erisinde herhangi bir eksiklik olmamal\u0131d\u0131r. Aksi taktirde <strong>Yunanistan Erasmus vize<\/strong> ba\u015fvurunuz kabul edilmez ve vizenizi alamayabilirsiniz. Bu nedenle ba\u015fvuru yapmadan \u00f6nce gerekli belgelerin haz\u0131r olmas\u0131 gerekir.<\/span><\/p>\n","protected":false},"excerpt":{"rendered":"<p>Yunanistan Erasmus Vizesi Hakk\u0131nda Erasmus sistemi ki\u015fiye daha fazla e\u011fitim imk\u00e2n\u0131 sa\u011flamak amac\u0131yla yap\u0131lan bir sistemdir. Bu sistemde \u00f6\u011frenciler belli \u015fartlar\u0131 kar\u015f\u0131lad\u0131klar\u0131n\u0131 zaman bu vize imk\u00e2n\u0131 ile ki\u015fiyi Yunanistan&#8217;a e\u011fitim ama\u00e7l\u0131 g\u00f6nderir. \u00dclkemiz Avrupa Birli\u011fi aday\u0131 oldu\u011fu i\u00e7in bu hizmetten yarar almaktad\u0131r. \u00dclkemizdeki de\u011fi\u015fim \u00f6\u011frencileri bu sisteme ba\u015fvuru yaparak e\u011fitim alabilir. Yunanistan Erasmus vizesi almak<\/p>\n","protected":false},"author":1,"featured_media":0,"parent":18,"menu_order":0,"comment_status":"open","ping_status":"closed","template":"","meta":{"footnotes":""},"class_list":["post-465","page","type-page","status-publish","hentry"],"yoast_head":"<!-- This site is optimized with the Yoast SEO plugin v26.8 - https:\/\/yoast.com\/product\/yoast-seo-wordpress\/ -->\n<title>Yunanistan Erasmus Vize - Yunanistan Vize - MyVize<\/title>\n<meta name=\"description\" content=\"Yunanistan Erasmus Vizesi nas\u0131l al\u0131n\u0131r? Yunanistan Erasmus Vize ba\u015fvurusu nas\u0131l yap\u0131l\u0131r? Yunanistan Erasmus Vize i\u00e7in gerekli evraklar neler?\" \/>\n<meta name=\"robots\" content=\"index, follow, max-snippet:-1, max-image-preview:large, max-video-preview:-1\" \/>\n<link rel=\"canonical\" href=\"https:\/\/www.myvize.com.tr\/yunanistan\/vize-islemleri\/yunanistan-erasmus-vizesi\/\" \/>\n<meta property=\"og:locale\" content=\"tr_TR\" \/>\n<meta property=\"og:type\" content=\"article\" \/>\n<meta property=\"og:title\" content=\"Yunanistan Erasmus Vize - Yunanistan Vize - MyVize\" \/>\n<meta property=\"og:description\" content=\"Yunanistan Erasmus Vizesi nas\u0131l al\u0131n\u0131r? Yunanistan Erasmus Vize ba\u015fvurusu nas\u0131l yap\u0131l\u0131r? Yunanistan Erasmus Vize i\u00e7in gerekli evraklar neler?\" \/>\n<meta property=\"og:url\" content=\"https:\/\/www.myvize.com.tr\/yunanistan\/vize-islemleri\/yunanistan-erasmus-vizesi\/\" \/>\n<meta property=\"og:site_name\" content=\"Yunanistan Vizesi\" \/>\n<meta property=\"article:modified_time\" content=\"2022-04-28T10:01:30+00:00\" \/>\n<meta property=\"og:image\" content=\"https:\/\/www.myvize.com.tr\/yunanistan\/wp-content\/uploads\/2021\/10\/18.jpg\" \/>\n<meta name=\"twitter:card\" content=\"summary_large_image\" \/>\n<meta name=\"twitter:label1\" content=\"Tahmini okuma s\u00fcresi\" \/>\n\t<meta name=\"twitter:data1\" content=\"5 dakika\" \/>\n<script type=\"application\/ld+json\" class=\"yoast-schema-graph\">{\"@context\":\"https:\/\/schema.org\",\"@graph\":[{\"@type\":\"WebPage\",\"@id\":\"https:\/\/www.myvize.com.tr\/yunanistan\/vize-islemleri\/yunanistan-erasmus-vizesi\/\",\"url\":\"https:\/\/www.myvize.com.tr\/yunanistan\/vize-islemleri\/yunanistan-erasmus-vizesi\/\",\"name\":\"Yunanistan Erasmus Vize - Yunanistan Vize - MyVize\",\"isPartOf\":{\"@id\":\"https:\/\/www.myvize.com.tr\/yunanistan\/#website\"},\"primaryImageOfPage\":{\"@id\":\"https:\/\/www.myvize.com.tr\/yunanistan\/vize-islemleri\/yunanistan-erasmus-vizesi\/#primaryimage\"},\"image\":{\"@id\":\"https:\/\/www.myvize.com.tr\/yunanistan\/vize-islemleri\/yunanistan-erasmus-vizesi\/#primaryimage\"},\"thumbnailUrl\":\"https:\/\/www.myvize.com.tr\/yunanistan\/wp-content\/uploads\/2021\/10\/18.jpg\",\"datePublished\":\"2021-08-03T15:10:22+00:00\",\"dateModified\":\"2022-04-28T10:01:30+00:00\",\"description\":\"Yunanistan Erasmus Vizesi nas\u0131l al\u0131n\u0131r? Yunanistan Erasmus Vize ba\u015fvurusu nas\u0131l yap\u0131l\u0131r? Yunanistan Erasmus Vize i\u00e7in gerekli evraklar neler?\",\"breadcrumb\":{\"@id\":\"https:\/\/www.myvize.com.tr\/yunanistan\/vize-islemleri\/yunanistan-erasmus-vizesi\/#breadcrumb\"},\"inLanguage\":\"tr\",\"potentialAction\":[{\"@type\":\"ReadAction\",\"target\":[\"https:\/\/www.myvize.com.tr\/yunanistan\/vize-islemleri\/yunanistan-erasmus-vizesi\/\"]}]},{\"@type\":\"ImageObject\",\"inLanguage\":\"tr\",\"@id\":\"https:\/\/www.myvize.com.tr\/yunanistan\/vize-islemleri\/yunanistan-erasmus-vizesi\/#primaryimage\",\"url\":\"https:\/\/www.myvize.com.tr\/yunanistan\/wp-content\/uploads\/2021\/10\/18.jpg\",\"contentUrl\":\"https:\/\/www.myvize.com.tr\/yunanistan\/wp-content\/uploads\/2021\/10\/18.jpg\",\"width\":800,\"height\":500,\"caption\":\"Yunanistan Erasmus Vizesi\"},{\"@type\":\"BreadcrumbList\",\"@id\":\"https:\/\/www.myvize.com.tr\/yunanistan\/vize-islemleri\/yunanistan-erasmus-vizesi\/#breadcrumb\",\"itemListElement\":[{\"@type\":\"ListItem\",\"position\":1,\"name\":\"Anasayfa\",\"item\":\"https:\/\/www.myvize.com.tr\/yunanistan\/\"},{\"@type\":\"ListItem\",\"position\":2,\"name\":\"V\u0130ZE \u0130\u015eLEMLER\u0130\",\"item\":\"https:\/\/www.myvize.com.tr\/yunanistan\/vize-islemleri\/\"},{\"@type\":\"ListItem\",\"position\":3,\"name\":\"Yunanistan Erasmus Vizesi\"}]},{\"@type\":\"WebSite\",\"@id\":\"https:\/\/www.myvize.com.tr\/yunanistan\/#website\",\"url\":\"https:\/\/www.myvize.com.tr\/yunanistan\/\",\"name\":\"Yunanistan Vizesi\",\"description\":\"\",\"potentialAction\":[{\"@type\":\"SearchAction\",\"target\":{\"@type\":\"EntryPoint\",\"urlTemplate\":\"https:\/\/www.myvize.com.tr\/yunanistan\/?s={search_term_string}\"},\"query-input\":{\"@type\":\"PropertyValueSpecification\",\"valueRequired\":true,\"valueName\":\"search_term_string\"}}],\"inLanguage\":\"tr\"}]}<\/script>\n<!-- \/ Yoast SEO plugin. -->","yoast_head_json":{"title":"Yunanistan Erasmus Vize - Yunanistan Vize - MyVize","description":"Yunanistan Erasmus Vizesi nas\u0131l al\u0131n\u0131r? Yunanistan Erasmus Vize ba\u015fvurusu nas\u0131l yap\u0131l\u0131r? Yunanistan Erasmus Vize i\u00e7in gerekli evraklar neler?","robots":{"index":"index","follow":"follow","max-snippet":"max-snippet:-1","max-image-preview":"max-image-preview:large","max-video-preview":"max-video-preview:-1"},"canonical":"https:\/\/www.myvize.com.tr\/yunanistan\/vize-islemleri\/yunanistan-erasmus-vizesi\/","og_locale":"tr_TR","og_type":"article","og_title":"Yunanistan Erasmus Vize - Yunanistan Vize - MyVize","og_description":"Yunanistan Erasmus Vizesi nas\u0131l al\u0131n\u0131r? Yunanistan Erasmus Vize ba\u015fvurusu nas\u0131l yap\u0131l\u0131r? Yunanistan Erasmus Vize i\u00e7in gerekli evraklar neler?","og_url":"https:\/\/www.myvize.com.tr\/yunanistan\/vize-islemleri\/yunanistan-erasmus-vizesi\/","og_site_name":"Yunanistan Vizesi","article_modified_time":"2022-04-28T10:01:30+00:00","og_image":[{"url":"https:\/\/www.myvize.com.tr\/yunanistan\/wp-content\/uploads\/2021\/10\/18.jpg","type":"","width":"","height":""}],"twitter_card":"summary_large_image","twitter_misc":{"Tahmini okuma s\u00fcresi":"5 dakika"},"schema":{"@context":"https:\/\/schema.org","@graph":[{"@type":"WebPage","@id":"https:\/\/www.myvize.com.tr\/yunanistan\/vize-islemleri\/yunanistan-erasmus-vizesi\/","url":"https:\/\/www.myvize.com.tr\/yunanistan\/vize-islemleri\/yunanistan-erasmus-vizesi\/","name":"Yunanistan Erasmus Vize - Yunanistan Vize - MyVize","isPartOf":{"@id":"https:\/\/www.myvize.com.tr\/yunanistan\/#website"},"primaryImageOfPage":{"@id":"https:\/\/www.myvize.com.tr\/yunanistan\/vize-islemleri\/yunanistan-erasmus-vizesi\/#primaryimage"},"image":{"@id":"https:\/\/www.myvize.com.tr\/yunanistan\/vize-islemleri\/yunanistan-erasmus-vizesi\/#primaryimage"},"thumbnailUrl":"https:\/\/www.myvize.com.tr\/yunanistan\/wp-content\/uploads\/2021\/10\/18.jpg","datePublished":"2021-08-03T15:10:22+00:00","dateModified":"2022-04-28T10:01:30+00:00","description":"Yunanistan Erasmus Vizesi nas\u0131l al\u0131n\u0131r? Yunanistan Erasmus Vize ba\u015fvurusu nas\u0131l yap\u0131l\u0131r? Yunanistan Erasmus Vize i\u00e7in gerekli evraklar neler?","breadcrumb":{"@id":"https:\/\/www.myvize.com.tr\/yunanistan\/vize-islemleri\/yunanistan-erasmus-vizesi\/#breadcrumb"},"inLanguage":"tr","potentialAction":[{"@type":"ReadAction","target":["https:\/\/www.myvize.com.tr\/yunanistan\/vize-islemleri\/yunanistan-erasmus-vizesi\/"]}]},{"@type":"ImageObject","inLanguage":"tr","@id":"https:\/\/www.myvize.com.tr\/yunanistan\/vize-islemleri\/yunanistan-erasmus-vizesi\/#primaryimage","url":"https:\/\/www.myvize.com.tr\/yunanistan\/wp-content\/uploads\/2021\/10\/18.jpg","contentUrl":"https:\/\/www.myvize.com.tr\/yunanistan\/wp-content\/uploads\/2021\/10\/18.jpg","width":800,"height":500,"caption":"Yunanistan Erasmus Vizesi"},{"@type":"BreadcrumbList","@id":"https:\/\/www.myvize.com.tr\/yunanistan\/vize-islemleri\/yunanistan-erasmus-vizesi\/#breadcrumb","itemListElement":[{"@type":"ListItem","position":1,"name":"Anasayfa","item":"https:\/\/www.myvize.com.tr\/yunanistan\/"},{"@type":"ListItem","position":2,"name":"V\u0130ZE \u0130\u015eLEMLER\u0130","item":"https:\/\/www.myvize.com.tr\/yunanistan\/vize-islemleri\/"},{"@type":"ListItem","position":3,"name":"Yunanistan Erasmus Vizesi"}]},{"@type":"WebSite","@id":"https:\/\/www.myvize.com.tr\/yunanistan\/#website","url":"https:\/\/www.myvize.com.tr\/yunanistan\/","name":"Yunanistan Vizesi","description":"","potentialAction":[{"@type":"SearchAction","target":{"@type":"EntryPoint","urlTemplate":"https:\/\/www.myvize.com.tr\/yunanistan\/?s={search_term_string}"},"query-input":{"@type":"PropertyValueSpecification","valueRequired":true,"valueName":"search_term_string"}}],"inLanguage":"tr"}]}},"_links":{"self":[{"href":"https:\/\/www.myvize.com.tr\/yunanistan\/wp-json\/wp\/v2\/pages\/465","targetHints":{"allow":["GET"]}}],"collection":[{"href":"https:\/\/www.myvize.com.tr\/yunanistan\/wp-json\/wp\/v2\/pages"}],"about":[{"href":"https:\/\/www.myvize.com.tr\/yunanistan\/wp-json\/wp\/v2\/types\/page"}],"author":[{"embeddable":true,"href":"https:\/\/www.myvize.com.tr\/yunanistan\/wp-json\/wp\/v2\/users\/1"}],"replies":[{"embeddable":true,"href":"https:\/\/www.myvize.com.tr\/yunanistan\/wp-json\/wp\/v2\/comments?post=465"}],"version-history":[{"count":7,"href":"https:\/\/www.myvize.com.tr\/yunanistan\/wp-json\/wp\/v2\/pages\/465\/revisions"}],"predecessor-version":[{"id":928,"href":"https:\/\/www.myvize.com.tr\/yunanistan\/wp-json\/wp\/v2\/pages\/465\/revisions\/928"}],"up":[{"embeddable":true,"href":"https:\/\/www.myvize.com.tr\/yunanistan\/wp-json\/wp\/v2\/pages\/18"}],"wp:attachment":[{"href":"https:\/\/www.myvize.com.tr\/yunanistan\/wp-json\/wp\/v2\/media?parent=465"}],"curies":[{"name":"wp","href":"https:\/\/api.w.org\/{rel}","templated":true}]}}