{"id":47,"date":"2020-11-30T12:48:28","date_gmt":"2020-11-30T09:48:28","guid":{"rendered":"https:\/\/www.myvize.com.tr\/yunanistan\/?page_id=47"},"modified":"2022-10-06T13:07:38","modified_gmt":"2022-10-06T10:07:38","slug":"yunanistan-vize-basvuru-formu","status":"publish","type":"page","link":"https:\/\/www.myvize.com.tr\/yunanistan\/vize-islemleri\/yunanistan-vize-basvuru-formu\/","title":{"rendered":"Yunanistan Vize Ba\u015fvuru Formu"},"content":{"rendered":"<p><span style=\"font-family: Roboto;\"><\/span><\/p>\r\n<h2><strong><span style=\"font-family: Roboto; font-size: 27px;\">Yunanistan Vize Ba\u015fvuru Formu Hakk\u0131nda<\/span><\/strong><\/h2>\r\n<p><span style=\"font-family: Roboto; font-size: 14px;\"><strong>Yunanistan i\u00e7in vize \u00e7\u0131kartma<\/strong> talebinde bulunan ki\u015filerin\u00a0<strong>Yunanistan Vize Ba\u015fvuru Formu\u00a0<\/strong>doldurmalar\u0131 gerekmektedir. Ki\u015fi bu sayede hem seyahat amac\u0131n\u0131 belirtir hem de \u00fclke s\u0131n\u0131rlar\u0131na girmek i\u00e7in hak talep eder.<strong><span style=\"color: #2acec2;\"><a style=\"color: #2acec2;\" href=\"https:\/\/www.myvize.com.tr\/yunanistan\/vize-islemleri\/yunanistan-vizesi\/\" target=\"_blank\" rel=\"noopener\"> Yunanistan Vizesi<\/a><\/span> Ba\u015fvuru Formu <\/strong>ile vize \u00e7\u0131kart\u0131l\u0131p, rahatl\u0131kla \u00fclkeden \u00fclkeye ge\u00e7i\u015f yap\u0131l\u0131r. Ancak ba\u015fvuru do\u011fru beyan verilerek eksiksiz doldurulmal\u0131d\u0131r.\u00a0 Aksi halde vize \u00e7\u0131k\u0131\u015f\u0131 sorunlu olur.\u00a0<strong>Yunanistan Vize Ba\u015fvuru Formu\u00a0<\/strong>ki\u015fisel bilgilendirme ile ba\u015flar, bunu takiben pasaport bilgileri ve seyahat i\u00e7eri\u011fi \u00f6ncelik olarak belirtilmelidir. Ba\u015fvuru yaz\u0131s\u0131nda dikkat edilmesi gereken husus b\u00fcy\u00fck harfle ve anla\u015f\u0131l\u0131r bir el yaz\u0131s\u0131 ile yaz\u0131lm\u0131\u015f olmas\u0131d\u0131r.\u00a0 Buradan anla\u015f\u0131ld\u0131\u011f\u0131n \u00fczere ba\u015fvurular bizzat al\u0131nmaktad\u0131r. Bununla birlikte ba\u015fvurular \u0130ngilizce, T\u00fcrk\u00e7e ve Yunan dilinde olmal\u0131d\u0131r.<\/span><\/p>\r\n<p><span style=\"font-family: Roboto; font-size: 14px;\">\r\n\r\n<\/span><\/p>\r\n<p><span style=\"font-family: Roboto; font-size: 14px;\"><strong>Yunanistan Vize Ba\u015fvuru Formu\u00a0<\/strong>arac\u0131l\u0131\u011f\u0131 ile verilen bilgiler ile istenilen evraklar kesin olarak \u00f6rt\u00fc\u015fmelidir. E\u011fer bunlar aras\u0131nda \u00e7eli\u015fki bulunursa yalan beyana girebilir. B\u00f6ylelikle ba\u015fvuru reddedilir.\u00a0\u00a0<strong>Yunanistan Vize Ba\u015fvuru Formu\u00a0<\/strong>bir \u00fclkeden ba\u015fka bir \u00fclkeye ge\u00e7erken sizin tan\u0131t\u0131m referans\u0131n\u0131zd\u0131r. T\u00fcm ki\u015fisel bilgileri onaylan\u0131p alt\u0131na imza att\u0131\u011f\u0131n\u0131z belgedir. \u00a0Bu y\u00fczden kusursuz bir \u015fekilde bildirim yap\u0131lmas\u0131na dikkat edilmelidir.\u00a0<strong>Yunanistan Vize Ba\u015fvuru Formu\u00a0<\/strong>onaylan\u0131p, s\u00fcre\u00e7 ba\u015flad\u0131\u011f\u0131nda her detay b\u00fcy\u00fck titizlikle incelenecektir. E\u011fer bu ba\u015fvuruda eksik ya da hatal\u0131 bir bilgi g\u00f6r\u00fcl\u00fcrse o zaman vize s\u00fcreciniz ne yaz\u0131k ki olumsuz olarak geri d\u00f6necektir.\u00a0<strong>Yunanistan Vize Ba\u015fvuru Formu\u00a0<\/strong>dikkat gerektirdi\u011fi i\u00e7in vize dan\u0131\u015fmanlar\u0131 ile birlikte de doldurulabilir.<\/span><\/p>\r\n<p><span style=\"font-family: Roboto;\"><\/span><\/p>\r\n<p><img decoding=\"async\" src=\"https:\/\/www.myvize.com.tr\/yunanistan\/wp-content\/uploads\/2021\/10\/25.jpg\" \/><\/p>\r\n<h2><span style=\"font-family: Roboto; font-size: 27px;\"><strong>Yunanistan Vizesi Ba\u015fvuru Formu Nereden Al\u0131n\u0131r?<\/strong><\/span><\/h2>\r\n<p><span style=\"font-family: Roboto; font-size: 14px;\"><strong>Yunanistan Konsoloslu\u011fu<\/strong> taraf\u0131ndan vize i\u00e7in ba\u015fvuran ki\u015fiyi tan\u0131maya ve seyahat amac\u0131n\u0131 \u00f6\u011frenmek i\u00e7in haz\u0131rlanm\u0131\u015f olan Yunanistan Vize Ba\u015fvuru Formu dikkatle doldurulmas\u0131 gereken resmi bir formdur. Gezi planlayan T\u00fcrkiye Cumhuriyeti vatanda\u015flar\u0131n\u0131n 180 g\u00fcn i\u00e7inde 90 ikame g\u00fcn\u00fcn\u00fc a\u015fmayacak gezileri i\u00e7in vize sahibi olma zorunluluklar\u0131 yoktur. Yunanistan (C Tipi) k\u0131sa s\u00fcreli vize ba\u015fvurular\u0131 konsolosluk taraf\u0131ndan yetkilendirilmi\u015f vize ba\u015fvuru merkezleri ile ger\u00e7ekle\u015ftirilmektedir. Yunanistan vize ba\u015fvuru formu konsolosluktan elde edilebilece\u011fi gibi vize dan\u0131\u015fmanl\u0131k b\u00fcrolar\u0131ndan da temin edilebilir. Vize dan\u0131\u015fmanl\u0131k firmalar\u0131ndan fiziken teslim al\u0131nabilece\u011fi gibi sadece internet sitelerinden ba\u015fvuru formunu indirmekte bir y\u00f6ntemdir. Vize ba\u015fvuru formu ula\u015f\u0131ld\u0131ktan sonra mutlaka doldurulmas\u0131 gereken maddeler vard\u0131r. Formun doldurulmas\u0131 yanl\u0131\u015fl\u0131k yap\u0131lmas\u0131 vizenin al\u0131nmas\u0131 a\u015famas\u0131nda risk olu\u015fturabilecektir. Formda doldurulmas\u0131 gereken zorunlu alanlar; ki\u015fisel bilgiler, pasaport bilgileri ve seyahat bilgileri gibi genel ve \u00f6zel bilgilerdir.<\/span><\/p>\r\n<h2><span style=\"font-family: Roboto; font-size: 27px;\"><strong>Yunanistan Vizesi Ba\u015fvuru Formu Nas\u0131l Doldurulur?<\/strong><\/span><\/h2>\r\n<p><span style=\"font-family: Roboto; font-size: 14px;\"><strong>Yunanistan vize ba\u015fvuru formu<\/strong> \u00f6nemle doldurulmal\u0131d\u0131r. <span style=\"color: #2acec2;\"><strong><a style=\"color: #2acec2;\" href=\"https:\/\/www.myvize.com.tr\/yunanistan\/vize-islemleri\/yunanistan-schengen-vizesi\/\" target=\"_blank\" rel=\"noopener\">Yunanistan Schengen vizesi <\/a><\/strong><\/span>ile ki\u015fi kabul eden bir \u00fclkedir. Vize ba\u015fvuru formu T\u00fcrk\u00e7e, \u0130ngilizce ya da Yunanca olarak doldurmak m\u00fcmk\u00fcnd\u00fcr. Vize ba\u015fvuru formunu do\u011fru ve istenen \u015fekilde doldurulmas\u0131n\u0131n \u00f6nemi vize ba\u015fvurusunun onaylanmas\u0131 ile direkt ilintili olmas\u0131d\u0131r. Vize ba\u015fvuru formu doldurulmadan vize ba\u015fvurusu yapmak m\u00fcmk\u00fcn de\u011fildir. Yunanistan Konsoloslu\u011fu taraf\u0131ndan yetkili olarak atanan vize merkezleri vize ba\u015fvuru formu doldurulmas\u0131 esnas\u0131nda dan\u0131\u015fmanl\u0131k hizmeti vermektedir. Ba\u015fvuru formu ile vize merkezi ziyaret edildi\u011finde parmak izi de al\u0131nacakt\u0131r. Vize ba\u015fvuru formunda yaz\u0131lmas\u0131 gereken bilgilerden baz\u0131lar\u0131; isim, soy isim, do\u011fum tarihi, do\u011fum yeri, cinsiyet, uyruk, pasaport bilgileri, medeni durum, e\u015f ve \u00e7ocuk bilgileri, ev adresi, e posta bilgileri, telefon numaras\u0131, seyahat amac\u0131, \u00f6\u011frenciyse okul bilgileri, meslek ve i\u015fyeri bilgileri, tarih bilgisi, ki\u015finin biyometrik foto\u011fraf\u0131 ve imzas\u0131.<\/span><\/p>\r\n<h2><span style=\"font-family: Roboto; font-size: 27px;\"><strong>Vize T\u00fcrlerine g\u00f6re Yunanistan Vizesi Ba\u015fvuru Formu<\/strong><\/span><\/h2>\r\n<p><span style=\"font-family: Roboto; font-size: 14px;\">Vize ba\u015fvuru formu vize t\u00fcr\u00fcne g\u00f6re de\u011fi\u015fmemektedir. Vize t\u00fcr\u00fcne g\u00f6re de\u011fi\u015fen sadece gerekli evraklard\u0131r. Vize ba\u015fvuru formu doldurulurken seyahat amac\u0131 se\u00e7ilmektedir. Bu seyahat amac\u0131 se\u00e7enekleri; turistik, i\u015f, sa\u011fl\u0131k, sportif, e\u011fitim, resmi ziyaret, k\u00fclt\u00fcrel, aile ya da arkada\u015f ziyaret, havaliman\u0131 transit, di\u011fer. Bu seyahat ama\u00e7lar\u0131ndan biri se\u00e7ildi\u011finde ona g\u00f6re haz\u0131rlanmas\u0131 ve sunulmas\u0131 gereken evraklar de\u011fi\u015febilecektir. K\u00fclt\u00fcr ve deniz turizmi fazla yo\u011fun olan Yunanistan\u2019\u0131 i\u015f ya da turist olarak ziyaret edebilmek i\u00e7in <strong>vize i\u015flemleri<\/strong> eksiksiz yap\u0131lmal\u0131d\u0131r. Vizeye ba\u015fvurmadan \u00f6nce ba\u015fvuru \u015fartlar\u0131, belgeler, \u00fccretler, ba\u015fvuru merkezleri hakk\u0131nda iyi bir ara\u015ft\u0131rma yap\u0131lmal\u0131 hataya yer verilmemelidir. Seyahat i\u00e7in gerekli u\u00e7ak biletini almak, otel rezervasyonlar\u0131n\u0131 yapt\u0131rmak vize al\u0131m\u0131 esnas\u0131nda kolayl\u0131k sa\u011flayacakt\u0131r. B\u00fcy\u00fck\u015fehirler d\u0131\u015f\u0131ndaki illerde vize ba\u015fvuru formalar\u0131 online olarak doldurulabilmektedir. Doldurulan vize ba\u015fvuru formu merkezin sisteminde en az 3 ay kadar saklanacakt\u0131r.<\/span><\/p>\r\n<h3><span style=\"font-family: Roboto; font-size: 24px;\"><strong>Yunanistan Turistik Vizesi Ba\u015fvuru Formu<\/strong><\/span><\/h3>\r\n<p><span style=\"font-family: Roboto; font-size: 14px;\"><strong>Yunanistan Schengen vize kategorileri;<\/strong> turistik vize, ticari vize, e\u011fitim vizesi, gemiciler vizesi, \u015fof\u00f6rler vizesi, aile ve arkada\u015f ziyareti vizesi, Yunanistan kap\u0131 vizesi, k\u00fclt\u00fcre-sportif- konferans vizesi, Yunan vatanda\u015f\u0131 e\u015fi-\u00e7ocu\u011fu vizesi. AB vatanda\u015f\u0131 e\u015fi- \u00e7ocu\u011fu vizesidir. Yunanistan turistik vizesine ba\u015fvurabilmek i\u00e7in \u00f6ncelikle vize dan\u0131\u015fmanl\u0131k firmas\u0131n\u0131n internet sitesinden bir randevu olu\u015fturulmal\u0131d\u0131r. Daha sonra vize ba\u015fvuru formu indirilerek eksiksiz ve do\u011fru bilgilerle doldurulmal\u0131d\u0131r. Gereken belgelerin listeleri incelenerek bu belgeler randevu g\u00fcn\u00fcne kadar tamamlanarak haz\u0131r edilmelidir. Randevu g\u00fcn\u00fc ve tam saatinde vize dan\u0131\u015fmanl\u0131k firmas\u0131na giderek belgeler teslim edilmelidir. Vize ba\u015fvuru sonu\u00e7lar\u0131 dan\u0131\u015fmanl\u0131k firmas\u0131n\u0131n internet sitesinden takip edilebilmektedir. Tam bu noktada belirtilmesi gereken detay Yunanistan Ba\u015fkonsoloslu\u011fu\u2019nun pasaportunda \u201c<strong>KKTC Giri\u015f-\u00c7\u0131k\u0131\u015f Damgas\u0131<\/strong>\u201d olan ki\u015filerin vize ba\u015fvurusunu kesinlikle kabul etmedi\u011fi ger\u00e7e\u011fidir. Bunlar\u0131n d\u0131\u015f\u0131nda vize ba\u015fvurusu i\u00e7in gereken belgeler \u00f6\u011frenci, emekli ve \u015firket sahibi olmakla de\u011fi\u015fmektedir.<\/span><\/p>\r\n<h3><strong><span style=\"font-family: Roboto; font-size: 24px;\">Yunanistan Ticari Vize Ba\u015fvuru Formu<\/span><\/strong><\/h3>\r\n<p><span style=\"font-family: Roboto; font-size: 14px;\"><strong>Yunanistan ticari vize ba\u015fvuru formu<\/strong>, Yunanistan Konsoloslu\u011fu taraf\u0131ndan vize ba\u015fvurusunda bulunan ki\u015fiyi tan\u0131mak ve seyahatin amac\u0131n\u0131 \u00f6\u011frenmek i\u00e7in, haz\u0131rlanm\u0131\u015f olan resmi bir belge \u00f6zelli\u011fini ta\u015f\u0131maktad\u0131r.\u00a0 Yunanistan ticari vize ba\u015fvuru formu doldurma i\u015fleminde \u00e7ok dikkatli olunmas\u0131 gerekir. Yunanistan ticari vize ba\u015fvuru formu doldurulurken, hata yap\u0131lmamas\u0131 gerekir. Ticari vize ba\u015fvuru formundaki bir hata olmas\u0131 durumunda vize ba\u015fvurusunun iptal olma olas\u0131l\u0131\u011f\u0131 olduk\u00e7a y\u00fcksektir, yani ba\u015fvuru iptal olur.<\/span><\/p>\r\n<p><span style=\"font-family: Roboto; font-size: 14px;\">Yunanistan\u2019a ticari ama\u00e7la gidecek ki\u015filere verilen vize t\u00fcr\u00fcd\u00fcr. Yunanistan ticari vize ba\u015fvuru formunda ki\u015fisel bilgiler, kimlik bilgileriniz, \u00e7al\u0131\u015fma bilgileriniz ve kimlik bilgilerinizin olmas\u0131 gerekir. Buna ilave olarak, oturma adresiniz, Yunanistan\u2019da bulunan yak\u0131nlar\u0131n\u0131zla ilgili bilgiler yer almaktad\u0131r. 18 ya\u015f\u0131ndan k\u00fc\u00e7\u00fckler i\u00e7in anne veya babas\u0131 formu doldurup imzalamas\u0131 gerekir. Yunanistan ticari vize ba\u015fvuru formunda bulunacak bilgiler do\u011fru ve g\u00fcncel bilgiler olmas\u0131 gerekir. Konsolosluk yetkilileri vize ba\u015fvuru formunu \u00e7ok inceleme yapmaktad\u0131rlar. Ticari vize ba\u015fvurusunu yapan ki\u015finin pasaportu eski olmayacak ve pasaport i\u00e7erisinde 2 sayfa bo\u015f olmas\u0131 gerekir.<\/span><\/p>\r\n<h3><strong><span style=\"font-family: Roboto; font-size: 24px;\">Yunanistan Transit Vize Ba\u015fvuru Formu<\/span><\/strong><\/h3>\r\n<p><span style=\"font-family: Roboto; font-size: 14px;\"><strong>Yunanistan transit vize ba\u015fvuru formu<\/strong>, T\u00fcrkiye s\u0131n\u0131rlar\u0131ndan<strong> Yunanistan\u2019a ge\u00e7i\u015f yapmak<\/strong> isteyen Umuma mahsus pasaport sahibi olan vatanda\u015flar, Yunanistan transit vizesi almalar\u0131 zorunludur. Ge\u00e7erli bir schengen vizesi bulunan Hususi pasaport, Diplomatik pasaport ve Hizmet pasaportu olan ki\u015filer, Yunanistan transit vize ba\u015fvurusundan muaf tutulmu\u015flard\u0131r.<\/span><\/p>\r\n<p><span style=\"font-family: Roboto; font-size: 14px;\"><strong>Yunanistan transit vizesi,<\/strong> \u00e7ok giri\u015fli veya \u00e7ift giri\u015fli olarak 6 ay veya 1 y\u0131l s\u00fcreli olarak verilmektedir. Yunanistan transit vize ba\u015fvurusunda bulunacak ki\u015fi ilk \u00f6nce Yunanistan transit vize ba\u015fvuru formu doldurmas\u0131 zorunludur. Yunanistan transit vize ba\u015fvuru formu doldurulurken \u00e7ok dikkat etmek gerekir. Yap\u0131lacak ufak bir hata vize ba\u015fvurusunun iptal olmas\u0131na neden olur. Yunanistan transit vize ba\u015fvuru formunda yer alan bilgiler do\u011fru ve g\u00fcncel bilgiler olmas\u0131 gerekir. 18 ya\u015f\u0131ndan k\u00fc\u00e7\u00fck olanla i\u00e7in doldurulacak transit vize ba\u015fvuru formu anne ve babalar\u0131 taraf\u0131ndan doldurulup imzalanacak. Yunanistan transit vize ba\u015fvuru formunda vize ba\u015fvurusu yapan ki\u015finin bilgileri, ikamet adresi bilgisi, seyahat sa\u011fl\u0131k sigortas\u0131 gibi bilgilerin yer almas\u0131 gerekir. Yunanistan transit vize ba\u015fvuru formu resmi olan bir evrakt\u0131r.<\/span><\/p>\r\n<h4><strong><span style=\"font-family: Roboto; font-size: 22px;\">Yunanistan Aile Birle\u015fimi Vizesi Ba\u015fvuru Formu<\/span><\/strong><\/h4>\r\n<p><span style=\"font-family: Roboto; font-size: 14px;\"><strong>Yunanistan aile birle\u015fim vizesi ba\u015fvuru formu<\/strong>, Yunanistan\u2019da oturan bir Yunan vatanda\u015f\u0131 ile evlenen ve<strong> Yunanistan\u2019da ya\u015famak<\/strong> istemesi durumunda, Yunanistan aile birle\u015fimi vizesi almas\u0131 gerekir. Yunanistan aile birle\u015fim vizesi 90 g\u00fcnden fazla olacak \u015fekilde Yunanistan\u2019da kalmak isteyen ki\u015filere verilen vize t\u00fcr\u00fcd\u00fcr. Yunanistan aile birle\u015fim vizesi almak i\u00e7in ilk yap\u0131lacak i\u015flem aile birle\u015fim vizesi ba\u015fvuru formu doldurulmas\u0131 gerekir.<\/span><\/p>\r\n<p><span style=\"font-family: Roboto; font-size: 14px;\">Yunanistan aile birle\u015fim vizesi i\u00e7inde yer alan ve doldurulmas\u0131 zorunlu bir belgedir<strong>. Yunanistan aile birle\u015fim vizesi ba\u015fvuru<\/strong> formunda yer alacak bilgiler do\u011fru ve g\u00fcncel bilgiler olmas\u0131 gerekir. En ufak bir yanl\u0131\u015fl\u0131k olmas\u0131 durumunda vize ba\u015fvurusu iptal olur. Aile birle\u015fim vizesi ba\u015fvuru formu i\u00e7erisinde ki\u015fisel bilgiler, vizenin al\u0131nma nedeni, sa\u011fl\u0131k sigortas\u0131 bilgileri, banka hesap bilgileri gibi bilgiler bulunmaktad\u0131r. Bu sorulara do\u011fru cevap verilmesi durumunda vize ba\u015fvurunuz kabul edilir. Yunanistan aile birle\u015fim formu \u00e7ocuklar i\u00e7in doldurulacak ise her \u00e7ocuk i\u00e7in ayr\u0131 ayr\u0131 doldurulup imzalanacak. Yunanistan aile birle\u015fim vizesi ba\u015fvurusu yap\u0131ld\u0131ktan sonra en fazla 20 g\u00fcn i\u00e7erisinde sonu\u00e7lar belli olur.<\/span><\/p>\r\n<p><span style=\"font-size: 18px; font-family: Roboto;\"><img loading=\"lazy\" decoding=\"async\" src=\"https:\/\/www.myvize.com.tr\/romanya\/wp-content\/uploads\/2021\/07\/aDOBE-LOGO-1.png\" width=\"75\" height=\"75\" \/><strong>\u00a0\u00a0\u00a0Yunanistan Vizesi Ba\u015fvuru Formunu\u00a0\u00a0<a href=\"https:\/\/www.myvize.com.tr\/yunanistan\/wp-content\/uploads\/2021\/12\/YUNAN-FORM.pdf\" target=\"_blank\" rel=\"noreferrer noopener\">(\u0130ndirmek \u0130\u00e7in T\u0131klay\u0131n\u0131z!!)<\/a><\/strong><\/span><\/p>","protected":false},"excerpt":{"rendered":"<p>Yunanistan Vize Ba\u015fvuru Formu Hakk\u0131nda Yunanistan i\u00e7in vize \u00e7\u0131kartma talebinde bulunan ki\u015filerin\u00a0Yunanistan Vize Ba\u015fvuru Formu\u00a0doldurmalar\u0131 gerekmektedir. Ki\u015fi bu sayede hem seyahat amac\u0131n\u0131 belirtir hem de \u00fclke s\u0131n\u0131rlar\u0131na girmek i\u00e7in hak talep eder. Yunanistan Vizesi Ba\u015fvuru Formu ile vize \u00e7\u0131kart\u0131l\u0131p, rahatl\u0131kla \u00fclkeden \u00fclkeye ge\u00e7i\u015f yap\u0131l\u0131r. Ancak ba\u015fvuru do\u011fru beyan verilerek eksiksiz doldurulmal\u0131d\u0131r.\u00a0 Aksi halde vize \u00e7\u0131k\u0131\u015f\u0131<\/p>\n","protected":false},"author":1,"featured_media":0,"parent":18,"menu_order":0,"comment_status":"open","ping_status":"closed","template":"","meta":{"footnotes":""},"class_list":["post-47","page","type-page","status-publish","hentry"],"yoast_head":"<!-- This site is optimized with the Yoast SEO plugin v26.8 - https:\/\/yoast.com\/product\/yoast-seo-wordpress\/ -->\n<title>Yunanistan Vize Ba\u015fvuru Formu - MyVize<\/title>\n<meta name=\"description\" content=\"Yunanistan Vize Ba\u015fvuru Formu 2021 Hemen T\u0131kla! Yunanistan Vize Ba\u015fvuru Formu Nas\u0131l Doldurulur? Bilgi \u0130\u00e7in Hemen Aray\u0131n: 0850 346 84 93\" \/>\n<meta name=\"robots\" content=\"index, follow, max-snippet:-1, max-image-preview:large, max-video-preview:-1\" \/>\n<link rel=\"canonical\" href=\"https:\/\/www.myvize.com.tr\/yunanistan\/vize-islemleri\/yunanistan-vize-basvuru-formu\/\" \/>\n<meta property=\"og:locale\" content=\"tr_TR\" \/>\n<meta property=\"og:type\" content=\"article\" \/>\n<meta property=\"og:title\" content=\"Yunanistan Vize Ba\u015fvuru Formu - MyVize\" \/>\n<meta property=\"og:description\" content=\"Yunanistan Vize Ba\u015fvuru Formu 2021 Hemen T\u0131kla! Yunanistan Vize Ba\u015fvuru Formu Nas\u0131l Doldurulur? Bilgi \u0130\u00e7in Hemen Aray\u0131n: 0850 346 84 93\" \/>\n<meta property=\"og:url\" content=\"https:\/\/www.myvize.com.tr\/yunanistan\/vize-islemleri\/yunanistan-vize-basvuru-formu\/\" \/>\n<meta property=\"og:site_name\" content=\"Yunanistan Vizesi\" \/>\n<meta property=\"article:modified_time\" content=\"2022-10-06T10:07:38+00:00\" \/>\n<meta property=\"og:image\" content=\"https:\/\/www.myvize.com.tr\/yunanistan\/wp-content\/uploads\/2021\/10\/25.jpg\" \/>\n<meta name=\"twitter:card\" content=\"summary_large_image\" \/>\n<meta name=\"twitter:label1\" content=\"Tahmini okuma s\u00fcresi\" \/>\n\t<meta name=\"twitter:data1\" content=\"8 dakika\" \/>\n<script type=\"application\/ld+json\" class=\"yoast-schema-graph\">{\"@context\":\"https:\/\/schema.org\",\"@graph\":[{\"@type\":\"WebPage\",\"@id\":\"https:\/\/www.myvize.com.tr\/yunanistan\/vize-islemleri\/yunanistan-vize-basvuru-formu\/\",\"url\":\"https:\/\/www.myvize.com.tr\/yunanistan\/vize-islemleri\/yunanistan-vize-basvuru-formu\/\",\"name\":\"Yunanistan Vize Ba\u015fvuru Formu - MyVize\",\"isPartOf\":{\"@id\":\"https:\/\/www.myvize.com.tr\/yunanistan\/#website\"},\"primaryImageOfPage\":{\"@id\":\"https:\/\/www.myvize.com.tr\/yunanistan\/vize-islemleri\/yunanistan-vize-basvuru-formu\/#primaryimage\"},\"image\":{\"@id\":\"https:\/\/www.myvize.com.tr\/yunanistan\/vize-islemleri\/yunanistan-vize-basvuru-formu\/#primaryimage\"},\"thumbnailUrl\":\"https:\/\/www.myvize.com.tr\/yunanistan\/wp-content\/uploads\/2021\/10\/25.jpg\",\"datePublished\":\"2020-11-30T09:48:28+00:00\",\"dateModified\":\"2022-10-06T10:07:38+00:00\",\"description\":\"Yunanistan Vize Ba\u015fvuru Formu 2021 Hemen T\u0131kla! Yunanistan Vize Ba\u015fvuru Formu Nas\u0131l Doldurulur? Bilgi \u0130\u00e7in Hemen Aray\u0131n: 0850 346 84 93\",\"breadcrumb\":{\"@id\":\"https:\/\/www.myvize.com.tr\/yunanistan\/vize-islemleri\/yunanistan-vize-basvuru-formu\/#breadcrumb\"},\"inLanguage\":\"tr\",\"potentialAction\":[{\"@type\":\"ReadAction\",\"target\":[\"https:\/\/www.myvize.com.tr\/yunanistan\/vize-islemleri\/yunanistan-vize-basvuru-formu\/\"]}]},{\"@type\":\"ImageObject\",\"inLanguage\":\"tr\",\"@id\":\"https:\/\/www.myvize.com.tr\/yunanistan\/vize-islemleri\/yunanistan-vize-basvuru-formu\/#primaryimage\",\"url\":\"https:\/\/www.myvize.com.tr\/yunanistan\/wp-content\/uploads\/2021\/10\/25.jpg\",\"contentUrl\":\"https:\/\/www.myvize.com.tr\/yunanistan\/wp-content\/uploads\/2021\/10\/25.jpg\",\"width\":800,\"height\":500,\"caption\":\"Yunanistan Vize Ba\u015fvuru Formu\"},{\"@type\":\"BreadcrumbList\",\"@id\":\"https:\/\/www.myvize.com.tr\/yunanistan\/vize-islemleri\/yunanistan-vize-basvuru-formu\/#breadcrumb\",\"itemListElement\":[{\"@type\":\"ListItem\",\"position\":1,\"name\":\"Anasayfa\",\"item\":\"https:\/\/www.myvize.com.tr\/yunanistan\/\"},{\"@type\":\"ListItem\",\"position\":2,\"name\":\"V\u0130ZE \u0130\u015eLEMLER\u0130\",\"item\":\"https:\/\/www.myvize.com.tr\/yunanistan\/vize-islemleri\/\"},{\"@type\":\"ListItem\",\"position\":3,\"name\":\"Yunanistan Vize Ba\u015fvuru Formu\"}]},{\"@type\":\"WebSite\",\"@id\":\"https:\/\/www.myvize.com.tr\/yunanistan\/#website\",\"url\":\"https:\/\/www.myvize.com.tr\/yunanistan\/\",\"name\":\"Yunanistan Vizesi\",\"description\":\"\",\"potentialAction\":[{\"@type\":\"SearchAction\",\"target\":{\"@type\":\"EntryPoint\",\"urlTemplate\":\"https:\/\/www.myvize.com.tr\/yunanistan\/?s={search_term_string}\"},\"query-input\":{\"@type\":\"PropertyValueSpecification\",\"valueRequired\":true,\"valueName\":\"search_term_string\"}}],\"inLanguage\":\"tr\"}]}<\/script>\n<!-- \/ Yoast SEO plugin. -->","yoast_head_json":{"title":"Yunanistan Vize Ba\u015fvuru Formu - MyVize","description":"Yunanistan Vize Ba\u015fvuru Formu 2021 Hemen T\u0131kla! Yunanistan Vize Ba\u015fvuru Formu Nas\u0131l Doldurulur? Bilgi \u0130\u00e7in Hemen Aray\u0131n: 0850 346 84 93","robots":{"index":"index","follow":"follow","max-snippet":"max-snippet:-1","max-image-preview":"max-image-preview:large","max-video-preview":"max-video-preview:-1"},"canonical":"https:\/\/www.myvize.com.tr\/yunanistan\/vize-islemleri\/yunanistan-vize-basvuru-formu\/","og_locale":"tr_TR","og_type":"article","og_title":"Yunanistan Vize Ba\u015fvuru Formu - MyVize","og_description":"Yunanistan Vize Ba\u015fvuru Formu 2021 Hemen T\u0131kla! Yunanistan Vize Ba\u015fvuru Formu Nas\u0131l Doldurulur? Bilgi \u0130\u00e7in Hemen Aray\u0131n: 0850 346 84 93","og_url":"https:\/\/www.myvize.com.tr\/yunanistan\/vize-islemleri\/yunanistan-vize-basvuru-formu\/","og_site_name":"Yunanistan Vizesi","article_modified_time":"2022-10-06T10:07:38+00:00","og_image":[{"url":"https:\/\/www.myvize.com.tr\/yunanistan\/wp-content\/uploads\/2021\/10\/25.jpg","type":"","width":"","height":""}],"twitter_card":"summary_large_image","twitter_misc":{"Tahmini okuma s\u00fcresi":"8 dakika"},"schema":{"@context":"https:\/\/schema.org","@graph":[{"@type":"WebPage","@id":"https:\/\/www.myvize.com.tr\/yunanistan\/vize-islemleri\/yunanistan-vize-basvuru-formu\/","url":"https:\/\/www.myvize.com.tr\/yunanistan\/vize-islemleri\/yunanistan-vize-basvuru-formu\/","name":"Yunanistan Vize Ba\u015fvuru Formu - MyVize","isPartOf":{"@id":"https:\/\/www.myvize.com.tr\/yunanistan\/#website"},"primaryImageOfPage":{"@id":"https:\/\/www.myvize.com.tr\/yunanistan\/vize-islemleri\/yunanistan-vize-basvuru-formu\/#primaryimage"},"image":{"@id":"https:\/\/www.myvize.com.tr\/yunanistan\/vize-islemleri\/yunanistan-vize-basvuru-formu\/#primaryimage"},"thumbnailUrl":"https:\/\/www.myvize.com.tr\/yunanistan\/wp-content\/uploads\/2021\/10\/25.jpg","datePublished":"2020-11-30T09:48:28+00:00","dateModified":"2022-10-06T10:07:38+00:00","description":"Yunanistan Vize Ba\u015fvuru Formu 2021 Hemen T\u0131kla! Yunanistan Vize Ba\u015fvuru Formu Nas\u0131l Doldurulur? Bilgi \u0130\u00e7in Hemen Aray\u0131n: 0850 346 84 93","breadcrumb":{"@id":"https:\/\/www.myvize.com.tr\/yunanistan\/vize-islemleri\/yunanistan-vize-basvuru-formu\/#breadcrumb"},"inLanguage":"tr","potentialAction":[{"@type":"ReadAction","target":["https:\/\/www.myvize.com.tr\/yunanistan\/vize-islemleri\/yunanistan-vize-basvuru-formu\/"]}]},{"@type":"ImageObject","inLanguage":"tr","@id":"https:\/\/www.myvize.com.tr\/yunanistan\/vize-islemleri\/yunanistan-vize-basvuru-formu\/#primaryimage","url":"https:\/\/www.myvize.com.tr\/yunanistan\/wp-content\/uploads\/2021\/10\/25.jpg","contentUrl":"https:\/\/www.myvize.com.tr\/yunanistan\/wp-content\/uploads\/2021\/10\/25.jpg","width":800,"height":500,"caption":"Yunanistan Vize Ba\u015fvuru Formu"},{"@type":"BreadcrumbList","@id":"https:\/\/www.myvize.com.tr\/yunanistan\/vize-islemleri\/yunanistan-vize-basvuru-formu\/#breadcrumb","itemListElement":[{"@type":"ListItem","position":1,"name":"Anasayfa","item":"https:\/\/www.myvize.com.tr\/yunanistan\/"},{"@type":"ListItem","position":2,"name":"V\u0130ZE \u0130\u015eLEMLER\u0130","item":"https:\/\/www.myvize.com.tr\/yunanistan\/vize-islemleri\/"},{"@type":"ListItem","position":3,"name":"Yunanistan Vize Ba\u015fvuru Formu"}]},{"@type":"WebSite","@id":"https:\/\/www.myvize.com.tr\/yunanistan\/#website","url":"https:\/\/www.myvize.com.tr\/yunanistan\/","name":"Yunanistan Vizesi","description":"","potentialAction":[{"@type":"SearchAction","target":{"@type":"EntryPoint","urlTemplate":"https:\/\/www.myvize.com.tr\/yunanistan\/?s={search_term_string}"},"query-input":{"@type":"PropertyValueSpecification","valueRequired":true,"valueName":"search_term_string"}}],"inLanguage":"tr"}]}},"_links":{"self":[{"href":"https:\/\/www.myvize.com.tr\/yunanistan\/wp-json\/wp\/v2\/pages\/47","targetHints":{"allow":["GET"]}}],"collection":[{"href":"https:\/\/www.myvize.com.tr\/yunanistan\/wp-json\/wp\/v2\/pages"}],"about":[{"href":"https:\/\/www.myvize.com.tr\/yunanistan\/wp-json\/wp\/v2\/types\/page"}],"author":[{"embeddable":true,"href":"https:\/\/www.myvize.com.tr\/yunanistan\/wp-json\/wp\/v2\/users\/1"}],"replies":[{"embeddable":true,"href":"https:\/\/www.myvize.com.tr\/yunanistan\/wp-json\/wp\/v2\/comments?post=47"}],"version-history":[{"count":11,"href":"https:\/\/www.myvize.com.tr\/yunanistan\/wp-json\/wp\/v2\/pages\/47\/revisions"}],"predecessor-version":[{"id":1044,"href":"https:\/\/www.myvize.com.tr\/yunanistan\/wp-json\/wp\/v2\/pages\/47\/revisions\/1044"}],"up":[{"embeddable":true,"href":"https:\/\/www.myvize.com.tr\/yunanistan\/wp-json\/wp\/v2\/pages\/18"}],"wp:attachment":[{"href":"https:\/\/www.myvize.com.tr\/yunanistan\/wp-json\/wp\/v2\/media?parent=47"}],"curies":[{"name":"wp","href":"https:\/\/api.w.org\/{rel}","templated":true}]}}