{"id":53,"date":"2020-11-30T12:50:00","date_gmt":"2020-11-30T09:50:00","guid":{"rendered":"https:\/\/www.myvize.com.tr\/yunanistan\/?page_id=53"},"modified":"2022-04-28T14:03:30","modified_gmt":"2022-04-28T11:03:30","slug":"yunanistan-universite-egitimi","status":"publish","type":"page","link":"https:\/\/www.myvize.com.tr\/yunanistan\/vize-islemleri\/yunanistan-universite-egitimi\/","title":{"rendered":"Yunanistan \u00dcniversite E\u011fitimi"},"content":{"rendered":"<p><span style=\"font-family: Roboto;\"><\/span><\/p>\r\n<h2><strong><span style=\"font-size: 27px; font-family: Roboto;\">Yunanistan \u00dcniversite E\u011fitimi Hakk\u0131nda<\/span><\/strong><\/h2>\r\n<p><span style=\"font-family: Roboto; font-size: 14px;\">Avrupa\u2019n\u0131n G\u00fcneydo\u011fu k\u0131tas\u0131nda bulunan ve ba\u015fkenti Atina, en b\u00fcy\u00fck bir di\u011fer \u015fehri ise Selanik olan<strong> Yunanistan \u00fclkesi<\/strong> Avrupa Birli\u011fine \u00fcyedir. Avrupa birli\u011fine \u00fcye olmas\u0131 nedeniyle kom\u015fu s\u0131n\u0131r \u00fclkelerine (T\u00fcrkiye, Makedonya, Arnavutluk, Bulgaristan) vizesiz seyahat izni verilmektedir. <span style=\"color: #2acec2;\"><strong><a style=\"color: #2acec2;\" href=\"https:\/\/www.myvize.com.tr\/yunanistan\/vize-islemleri\/yunanistan-schengen-vizesi-2\/\" target=\"_blank\" rel=\"noopener\">Yunanistan\u00a0Schengen\u00a0Vizesi<\/a><\/strong><\/span> Antla\u015fmas\u0131na \u00fcye olan 26 \u00fclkeden birisidir. Bu sebeple <strong>Yunanistan\u2019a seyahat etmek<\/strong> isteyen vatanda\u015flar\u00a0Schengen\u00a0Vizesi almak zorundad\u0131r. E\u011fer pasaportlar\u0131nda\u00a0Schengen\u00a0Vizesi kay\u0131tl\u0131 de\u011filse Yunanistan Konsoloslu\u011fundan Turistik Vize alarak yine seyahat edebilme hakk\u0131na sahiptir. Bunun haricinde bu \u015fartlar bordo pasaport i\u00e7in ge\u00e7erli iken Ye\u015fil Pasaport, Siyah Pasaport, Gri Pasaport sahipleri vize almadan Yunanistan\u2019da seyahat edebilmektedir.\u00a0<\/span><\/p>\r\n<p><span style=\"font-family: Roboto; font-size: 14px;\">\r\n\r\n<\/span><\/p>\r\n<p><span style=\"font-family: Roboto; font-size: 14px;\">Bir de bu \u00fclkeden e\u011fitim alma durumu vard\u0131r. Bu \u00fclkede \u00fcniversite okumak isteyen vatanda\u015flar<strong> Yunanistan Konsoloslu\u011fundan e\u011fitim vizesi<\/strong> almak zorundad\u0131r. Bu e\u011fitim vizesi almak i\u00e7in gerekli \u015fartlar\u0131n en ba\u015f\u0131nda gelen madde davetiye mektubudur. Gidece\u011finiz \u00fcniversiteden davetiye mektubu g\u00f6nderilmeli ve bu mektup <strong>Yunanistan Konsoloslu\u011funa<\/strong> e\u011fitim i\u00e7in ba\u015fvuru yapt\u0131\u011f\u0131n\u0131zda verilmelidir.\u00a0\u00a0<\/span><\/p>\r\n<p><span style=\"font-family: Roboto; font-size: 14px;\">\r\n\r\n<\/span><\/p>\r\n<p><span style=\"font-family: Roboto; font-size: 14px;\">Bu<strong> E\u011fitim Vizesi<\/strong> i\u00e7in ba\u015fvuru formunuzu eksiksiz doldurman\u0131z gerekmektedir. \u0130ki tane sizden istenen foto\u011fraf\u0131n\u0131z, kimli\u011finizin ve pasaportunuzun \u00f6nl\u00fc arkal\u0131 olacak \u015fekilde fotokopisi, daha \u00f6nceden rezerve etti\u011finiz seyahat edece\u011finiz biletin bilgileri, konaklamak i\u00e7in kalaca\u011f\u0131n\u0131z otelin yahut evin adres bilgileri verilmesi gerekmektedir. Bunlar temel evraklar ve sizden sizin durumunuza g\u00f6re istisna bir durumda ek evrak isteyebilirler. Eksik evrak durumunda vizeniz ret alacakt\u0131r, bu y\u00fczden dikkatli olunmas\u0131 gerekmektedir. E\u011fitim Vizesi alan vatanda\u015flar ayn\u0131 zamanda e\u011fitim s\u00fcrelerince otuma izni de kazanmaktad\u0131rlar.\u00a0\u00a0<\/span><\/p>\r\n<p><span style=\"font-family: Roboto; font-size: 14px;\">\r\n\r\n<\/span><\/p>\r\n<p><strong><span style=\"font-family: Roboto; font-size: 14px;\">Yunanistan\u2019da En \u0130yi \u00dcniversiteler ise;\u00a0<\/span><\/strong><\/p>\r\n<p><span style=\"font-family: Roboto; font-size: 14px;\">\r\n\r\n<\/span><\/p>\r\n<ul class=\"wp-block-list\">\r\n<li><span style=\"font-family: Roboto; font-size: 14px;\">Atina Ulusal Teknik \u00dcniversitesi\u00a0<\/span><\/li>\r\n<li><span style=\"font-family: Roboto; font-size: 14px;\">Selanik Aristo \u00dcniversitesi\u00a0<\/span><\/li>\r\n<li><span style=\"font-family: Roboto; font-size: 14px;\">Atina Ulusal ve\u00a0Kapodistrian\u00a0\u00dcniversitesi\u00a0<\/span><\/li>\r\n<li><span style=\"font-family: Roboto; font-size: 14px;\">Girit \u00dcniversitesi\u00a0<\/span><\/li>\r\n<li><span style=\"font-family: Roboto; font-size: 14px;\">Loannina\u00a0\u00dcniversitesi\u00a0<\/span><\/li>\r\n<\/ul>\r\n<p><span style=\"font-family: Roboto; font-size: 14px;\">\r\n\r\n<\/span><\/p>\r\n<p><span style=\"font-family: Roboto; font-size: 14px;\">Yunanistan\u2019\u0131n en ba\u015far\u0131l\u0131 ve e\u011fitim program\u0131 a\u00e7\u0131s\u0131ndan en iyi olan \u00fcniversiteleridir.\u00a0<\/span><\/p>\r\n<p><span style=\"font-family: Roboto;\"><\/span><\/p>\r\n<p><img decoding=\"async\" src=\"https:\/\/www.myvize.com.tr\/yunanistan\/wp-content\/uploads\/2021\/10\/31.jpg\" \/><\/p>\r\n<h2><span style=\"font-family: Roboto; font-size: 27px;\"><strong>Yunanistan&#8217;da \u00dcniversite Okumak<\/strong><\/span><\/h2>\r\n<p><span style=\"font-family: Roboto; font-size: 14px;\">Yunanistan g\u00fcn\u00fcm\u00fczde bir\u00e7ok T\u00fcrk \u00f6\u011frencinin \u00fcniversite e\u011fitimi i\u00e7in tercih etti\u011fi \u00fclkeler aras\u0131nda yer al\u0131yor. Son derece g\u00fczel ve k\u00fclt\u00fcrel bir ortam\u0131 bulunmas\u0131n\u0131n yan\u0131nda iyi bir e\u011fitim ile Yunanistan \u00fcniversite \u00f6\u011frencileri aras\u0131nda olduk\u00e7a tercih edilen \u00fclkeler aras\u0131nda yer al\u0131yor.\u00a0<strong>Yunanistan\u2019da \u00fcniversite okumak<\/strong>\u00a0isteyen \u00f6\u011frencilerin bilmesi gerekenler \u015funlard\u0131r:<\/span><\/p>\r\n<ul>\r\n<li><span style=\"font-family: Roboto; font-size: 14px;\">Bu \u00fclke s\u0131n\u0131rlar\u0131 i\u00e7erisinde normal ve teknik olarak iki farkl\u0131 kategoride \u00fcniversite vard\u0131r.<\/span><\/li>\r\n<li><span style=\"font-family: Roboto; font-size: 14px;\">Toplamda 24 \u00fcniversite bulunur<\/span><\/li>\r\n<li><span style=\"font-family: Roboto; font-size: 14px;\">En az \u00fcniversite e\u011fitim s\u00fcresi 4 y\u0131ld\u0131r.<\/span><\/li>\r\n<li><span style=\"font-family: Roboto; font-size: 14px;\">E\u011fitim alaca\u011f\u0131n\u0131z b\u00f6l\u00fcm e\u011fer Yunanca ise bu dili bilmeniz gerekir.<\/span><\/li>\r\n<li><span style=\"font-family: Roboto; font-size: 14px;\">Bilmiyorsan\u0131z zorunlu olarak 1 y\u0131l Yunanca dil e\u011fitimi alman\u0131z gerekir.<\/span><\/li>\r\n<li><span style=\"font-family: Roboto; font-size: 14px;\">T\u00fcm \u00fcniversiteler devlete ba\u011fl\u0131d\u0131r.<\/span><\/li>\r\n<li><span style=\"font-family: Roboto; font-size: 14px;\">Bu nedenle de kitap ve yemekhane masraflar\u0131 tamamen devlet taraf\u0131ndan kar\u015f\u0131lan\u0131r.<\/span><\/li>\r\n<\/ul>\r\n<p><span style=\"font-family: Roboto; font-size: 14px;\">K\u0131sacas\u0131 <strong>Yunanistan\u2019da \u00fcniversite okumak<\/strong> son derece g\u00fczel avantajlara sahip bir se\u00e7enektir. Ancak e\u011fitim masraflar\u0131 yaln\u0131zca okul ile s\u0131n\u0131rl\u0131 de\u011fildir. Konaklama ve okul d\u0131\u015f\u0131 beslenme masraflar\u0131n\u0131z\u0131 da hesaplaman\u0131z gerekir.<\/span><\/p>\r\n<h2><span style=\"font-family: Roboto; font-size: 27px;\"><strong>Yunanistan \u00dcniversite E\u011fitimi Almak \u0130\u00e7in Nas\u0131l Bir Yer?<\/strong><\/span><\/h2>\r\n<p><span style=\"font-family: Roboto; font-size: 14px;\"><strong>Yunanistan \u00fcniversite e\u011fitimi almak i\u00e7in nas\u0131l bir yer<\/strong>\u00a0sorusu bu \u00fclkede e\u011fitim almak isteyen ki\u015filerin merak etti\u011fi sorulardan biridir. Bu \u00fclkede t\u00fcm e\u011fitim masraflar\u0131 devlet taraf\u0131ndan kar\u015f\u0131lanmaktad\u0131r. Bu nedenle de \u00f6\u011frencilik s\u00fcresi boyunca tamamen \u00fccretsiz e\u011fitim haklar\u0131ndan yararlanma \u015fans\u0131n\u0131z bulunuyor. Yunanistan\u2019da okumak sizlere \u015fu avantajlar\u0131 kazand\u0131r\u0131r:<\/span><\/p>\r\n<ul>\r\n<li><span style=\"font-family: Roboto; font-size: 14px;\">K\u0131sa s\u00fcre i\u00e7erisinde <strong>Yunancan\u0131z\u0131<\/strong> geli\u015ftirebilirsiniz.<\/span><\/li>\r\n<li><span style=\"font-family: Roboto; font-size: 14px;\">\u0130stedi\u011finiz alanda iyi bir e\u011fitim alabilirsiniz.<\/span><\/li>\r\n<li><span style=\"font-family: Roboto; font-size: 14px;\">Kitap ve yemekhane masraf\u0131n\u0131z olmaz.<\/span><\/li>\r\n<li><span style=\"font-family: Roboto; font-size: 14px;\">Ba\u015fka bir \u00fclkenin k\u00fclt\u00fcr\u00fcn\u00fc tan\u0131ma \u015fans\u0131 elde edebilirsiniz.<\/span><\/li>\r\n<li><span style=\"font-family: Roboto; font-size: 14px;\">Kariyer hayat\u0131n\u0131za daha h\u0131zl\u0131 bir giri\u015f yapabilirsiniz.<\/span><\/li>\r\n<li><span style=\"font-family: Roboto; font-size: 14px;\">T\u00fcm devlet hastanelerinden \u00f6\u011frencilik s\u00fcresince bedava yararlanabilirsiniz.<\/span><\/li>\r\n<\/ul>\r\n<p><span style=\"font-family: Roboto; font-size: 14px;\">T\u00fcm bu avantajlar\u0131 sayesinde g\u00fcn\u00fcm\u00fczde bir\u00e7ok \u00f6\u011frenci <strong>Yunanistan\u2019da e\u011fitim almak<\/strong> i\u00e7in ba\u015fvurular\u0131n\u0131 ger\u00e7ekle\u015ftirmektedir. Bu s\u00fcre\u00e7te dikkat etmeniz gereken en \u00f6nemli unsur e\u011fitim alaca\u011f\u0131n\u0131z b\u00f6l\u00fcm\u00fc iyi se\u00e7mektir. Devlet yurdunda kalan \u00f6\u011frencilerin yurt masraflar\u0131 devlet taraf\u0131ndan kar\u015f\u0131lan\u0131r. \u00d6zel yurtta kalanlar\u0131n ise yurt \u00fccretlerinin yar\u0131s\u0131 devlet taraf\u0131ndan kar\u015f\u0131lan\u0131r.<\/span><\/p>\r\n<h2><span style=\"font-family: Roboto; font-size: 27px;\"><strong>Yunanistan \u00dcniversite E\u011fitimi Sistemi<\/strong><\/span><\/h2>\r\n<p><span style=\"font-family: Roboto; font-size: 14px;\"><strong>Yunanistan \u00fcniversite e\u011fitimi sistemi<\/strong>\u00a0son y\u0131llarda bir\u00e7ok \u00fcniversite okuyacak \u00f6\u011frenci taraf\u0131ndan merak edilen bir konudur. Bu \u00fclkede e\u011fitim sistemi teknik ve normal olarak iki farkl\u0131 \u015fekildedir. 24 \u00fcniversite vard\u0131r ve ki\u015filer istedikleri alanlarda e\u011fitim alabilirler. E\u011fitim sistemi hakk\u0131nda \u015funlar s\u00f6ylenebilir:<\/span><\/p>\r\n<ul>\r\n<li><span style=\"font-family: Roboto; font-size: 14px;\"><strong>Yunanistan e\u011fitim<\/strong> sistemine g\u00f6re \u00fcniversiteler 4 y\u0131ld\u0131r.<\/span><\/li>\r\n<li><span style=\"font-family: Roboto; font-size: 14px;\">Yunanca bilmiyorsan\u0131z 1 y\u0131l zorunlu dil e\u011fitimine kat\u0131lman\u0131z gerekir.<\/span><\/li>\r\n<li><span style=\"font-family: Roboto; font-size: 14px;\">\u00d6\u011frencilerin kitap, yemek ve yurt masraflar\u0131 devlet taraf\u0131ndan kar\u015f\u0131lan\u0131r.<\/span><\/li>\r\n<li><span style=\"font-family: Roboto; font-size: 14px;\">E\u011fitim programlar\u0131 temel olarak Yunanca olarak hizmet vermektedir.<\/span><\/li>\r\n<li><span style=\"font-family: Roboto; font-size: 14px;\">\u00dcniversiteye girerken s\u00f6zl\u00fc ve yaz\u0131l\u0131 s\u0131navlara g\u00f6re bir se\u00e7me i\u015flemi bulunur.<\/span><\/li>\r\n<\/ul>\r\n<p><span style=\"font-family: Roboto; font-size: 14px;\">Bunun yan\u0131nda yurt d\u0131\u015f\u0131ndan da \u00f6\u011frenci kabul eden bir \u00fclkedir. Bu \u00fclkede \u00f6\u011frenci olarak bulunmay\u0131 istiyorsan\u0131z mutlaka \u00f6\u011frenci vizesi alman\u0131z gerekiyor. Ancak<strong> \u00f6\u011frenci vize i\u015flemlerine<\/strong> ba\u015flamadan \u00f6nce mutlaka okuldan kabul mektubu gelmi\u015f olmal\u0131d\u0131r. Bu mektup geldikten sonra vize i\u015flemlerinize ba\u015flama \u015fans\u0131 elde edebilirsiniz.<\/span><\/p>\r\n<h3><span style=\"font-family: Roboto; font-size: 24px;\"><strong>Yunanistan&#8217;da \u0130ngilizce \u00dcniversite E\u011fitimi<\/strong><\/span><\/h3>\r\n<p><span style=\"font-family: Roboto; font-size: 14px;\"><strong>Yunanistan\u2019da \u0130ngilizce \u00fcniversite e\u011fitimi<\/strong>\u00a0alabilme imkan\u0131 da bulunur. Bu \u00fclkenin \u00fcniversiteleri e\u011fitim a\u00e7\u0131s\u0131ndan iyi standartlardad\u0131r. Ayn\u0131 zamanda devletin \u00f6\u011frencileri bir\u00e7ok a\u00e7\u0131dan destekliyor olmas\u0131 da \u00f6nemli ayr\u0131cal\u0131klar\u0131ndan biridir. <strong>Yunanistan\u2019da \u0130ngilizce e\u011fitimi<\/strong> alacak ki\u015filerin birtak\u0131m kriterleri yerine getirmi\u015f olmas\u0131 gerekir. Bu s\u00fcre\u00e7te \u015fu bilgiler \u00f6nemlidir:<\/span><\/p>\r\n<ul>\r\n<li><span style=\"font-family: Roboto; font-size: 14px;\"><strong>Yunanistan\u2019da dil e\u011fitimi<\/strong> i\u00e7in iyi bir \u00fcniversite se\u00e7melisiniz.<\/span><\/li>\r\n<li><span style=\"font-family: Roboto; font-size: 14px;\">E\u011fer normal bir \u00fcniversiteyi Yunanistan\u2019da \u0130ngilizce olarak okumak istiyorsan\u0131z<strong> \u0130ngilizce e\u011fitim veren<\/strong> \u00fcniversiteleri se\u00e7mek gereklidir.<\/span><\/li>\r\n<li><span style=\"font-family: Roboto; font-size: 14px;\">Vize i\u015flemlerinizi \u00fcniversite taraf\u0131ndan kabul edildikten sonra ger\u00e7ekle\u015ftirmeniz gerekir.<\/span><\/li>\r\n<li><span style=\"font-family: Roboto; font-size: 14px;\"><span style=\"color: #2acec2;\"><strong><a style=\"color: #2acec2;\" href=\"https:\/\/www.myvize.com.tr\/yunanistan\/vize-islemleri\/\" target=\"_blank\" rel=\"noopener\">Yunanistan Vize i\u015flemleri <\/a><\/strong><\/span>s\u0131ras\u0131nda okuldan g\u00f6nderilen kabul mektubu son derece \u00f6nemlidir.<\/span><\/li>\r\n<li><span style=\"font-family: Roboto; font-size: 14px;\">\u00d6\u011frenci belgesi \u00f6nemli belgeler aras\u0131nda yer al\u0131r.<\/span><\/li>\r\n<\/ul>\r\n<p><span style=\"font-family: Roboto; font-size: 14px;\"><strong>Yunanistan\u2019da \u0130ngilizce<\/strong> olarak \u00fcniversite e\u011fitimi almak isteyen ki\u015filerin en iyi okullardan birini se\u00e7mesi \u015fans\u0131 bulunur. Ancak se\u00e7im yaparken okullar\u0131n yapaca\u011f\u0131 s\u0131navlarda ba\u015far\u0131 g\u00f6stermi\u015f olman\u0131z \u00f6nemli bir detayd\u0131r. Bu s\u00fcre\u00e7te profesyonel vize hizmeti alarak k\u0131sa s\u00fcrede \u00f6\u011frenci belgenizi alabilirsiniz.<\/span><\/p>","protected":false},"excerpt":{"rendered":"<p>Yunanistan \u00dcniversite E\u011fitimi Hakk\u0131nda Avrupa\u2019n\u0131n G\u00fcneydo\u011fu k\u0131tas\u0131nda bulunan ve ba\u015fkenti Atina, en b\u00fcy\u00fck bir di\u011fer \u015fehri ise Selanik olan Yunanistan \u00fclkesi Avrupa Birli\u011fine \u00fcyedir. Avrupa birli\u011fine \u00fcye olmas\u0131 nedeniyle kom\u015fu s\u0131n\u0131r \u00fclkelerine (T\u00fcrkiye, Makedonya, Arnavutluk, Bulgaristan) vizesiz seyahat izni verilmektedir. Yunanistan\u00a0Schengen\u00a0Vizesi Antla\u015fmas\u0131na \u00fcye olan 26 \u00fclkeden birisidir. Bu sebeple Yunanistan\u2019a seyahat etmek isteyen vatanda\u015flar\u00a0Schengen\u00a0Vizesi almak<\/p>\n","protected":false},"author":1,"featured_media":0,"parent":18,"menu_order":0,"comment_status":"open","ping_status":"closed","template":"","meta":{"footnotes":""},"class_list":["post-53","page","type-page","status-publish","hentry"],"yoast_head":"<!-- This site is optimized with the Yoast SEO plugin v26.8 - https:\/\/yoast.com\/product\/yoast-seo-wordpress\/ -->\n<title>Yunanistan \u00dcniversite E\u011fitimi - MyVize<\/title>\n<meta name=\"description\" content=\"Yunanistan \u00dcniversite E\u011fitimi \u0130\u00e7in Gerekli Evraklar Neler? Yunanistan \u00dcniversite E\u011fitimi Nas\u0131l Al\u0131n\u0131r? Yunanistan \u00dcniversite E\u011fitimi Vizesi.\" \/>\n<meta name=\"robots\" content=\"index, follow, max-snippet:-1, max-image-preview:large, max-video-preview:-1\" \/>\n<link rel=\"canonical\" href=\"https:\/\/www.myvize.com.tr\/yunanistan\/vize-islemleri\/yunanistan-universite-egitimi\/\" \/>\n<meta property=\"og:locale\" content=\"tr_TR\" \/>\n<meta property=\"og:type\" content=\"article\" \/>\n<meta property=\"og:title\" content=\"Yunanistan \u00dcniversite E\u011fitimi - MyVize\" \/>\n<meta property=\"og:description\" content=\"Yunanistan \u00dcniversite E\u011fitimi \u0130\u00e7in Gerekli Evraklar Neler? Yunanistan \u00dcniversite E\u011fitimi Nas\u0131l Al\u0131n\u0131r? Yunanistan \u00dcniversite E\u011fitimi Vizesi.\" \/>\n<meta property=\"og:url\" content=\"https:\/\/www.myvize.com.tr\/yunanistan\/vize-islemleri\/yunanistan-universite-egitimi\/\" \/>\n<meta property=\"og:site_name\" content=\"Yunanistan Vizesi\" \/>\n<meta property=\"article:modified_time\" content=\"2022-04-28T11:03:30+00:00\" \/>\n<meta property=\"og:image\" content=\"https:\/\/www.myvize.com.tr\/yunanistan\/wp-content\/uploads\/2021\/10\/31.jpg\" \/>\n<meta name=\"twitter:card\" content=\"summary_large_image\" \/>\n<meta name=\"twitter:label1\" content=\"Tahmini okuma s\u00fcresi\" \/>\n\t<meta name=\"twitter:data1\" content=\"5 dakika\" \/>\n<script type=\"application\/ld+json\" class=\"yoast-schema-graph\">{\"@context\":\"https:\/\/schema.org\",\"@graph\":[{\"@type\":\"WebPage\",\"@id\":\"https:\/\/www.myvize.com.tr\/yunanistan\/vize-islemleri\/yunanistan-universite-egitimi\/\",\"url\":\"https:\/\/www.myvize.com.tr\/yunanistan\/vize-islemleri\/yunanistan-universite-egitimi\/\",\"name\":\"Yunanistan \u00dcniversite E\u011fitimi - MyVize\",\"isPartOf\":{\"@id\":\"https:\/\/www.myvize.com.tr\/yunanistan\/#website\"},\"primaryImageOfPage\":{\"@id\":\"https:\/\/www.myvize.com.tr\/yunanistan\/vize-islemleri\/yunanistan-universite-egitimi\/#primaryimage\"},\"image\":{\"@id\":\"https:\/\/www.myvize.com.tr\/yunanistan\/vize-islemleri\/yunanistan-universite-egitimi\/#primaryimage\"},\"thumbnailUrl\":\"https:\/\/www.myvize.com.tr\/yunanistan\/wp-content\/uploads\/2021\/10\/31.jpg\",\"datePublished\":\"2020-11-30T09:50:00+00:00\",\"dateModified\":\"2022-04-28T11:03:30+00:00\",\"description\":\"Yunanistan \u00dcniversite E\u011fitimi \u0130\u00e7in Gerekli Evraklar Neler? Yunanistan \u00dcniversite E\u011fitimi Nas\u0131l Al\u0131n\u0131r? Yunanistan \u00dcniversite E\u011fitimi Vizesi.\",\"breadcrumb\":{\"@id\":\"https:\/\/www.myvize.com.tr\/yunanistan\/vize-islemleri\/yunanistan-universite-egitimi\/#breadcrumb\"},\"inLanguage\":\"tr\",\"potentialAction\":[{\"@type\":\"ReadAction\",\"target\":[\"https:\/\/www.myvize.com.tr\/yunanistan\/vize-islemleri\/yunanistan-universite-egitimi\/\"]}]},{\"@type\":\"ImageObject\",\"inLanguage\":\"tr\",\"@id\":\"https:\/\/www.myvize.com.tr\/yunanistan\/vize-islemleri\/yunanistan-universite-egitimi\/#primaryimage\",\"url\":\"https:\/\/www.myvize.com.tr\/yunanistan\/wp-content\/uploads\/2021\/10\/31.jpg\",\"contentUrl\":\"https:\/\/www.myvize.com.tr\/yunanistan\/wp-content\/uploads\/2021\/10\/31.jpg\",\"width\":800,\"height\":500,\"caption\":\"Yunanistan \u00dcniversite E\u011fitimi\"},{\"@type\":\"BreadcrumbList\",\"@id\":\"https:\/\/www.myvize.com.tr\/yunanistan\/vize-islemleri\/yunanistan-universite-egitimi\/#breadcrumb\",\"itemListElement\":[{\"@type\":\"ListItem\",\"position\":1,\"name\":\"Anasayfa\",\"item\":\"https:\/\/www.myvize.com.tr\/yunanistan\/\"},{\"@type\":\"ListItem\",\"position\":2,\"name\":\"V\u0130ZE \u0130\u015eLEMLER\u0130\",\"item\":\"https:\/\/www.myvize.com.tr\/yunanistan\/vize-islemleri\/\"},{\"@type\":\"ListItem\",\"position\":3,\"name\":\"Yunanistan \u00dcniversite E\u011fitimi\"}]},{\"@type\":\"WebSite\",\"@id\":\"https:\/\/www.myvize.com.tr\/yunanistan\/#website\",\"url\":\"https:\/\/www.myvize.com.tr\/yunanistan\/\",\"name\":\"Yunanistan Vizesi\",\"description\":\"\",\"potentialAction\":[{\"@type\":\"SearchAction\",\"target\":{\"@type\":\"EntryPoint\",\"urlTemplate\":\"https:\/\/www.myvize.com.tr\/yunanistan\/?s={search_term_string}\"},\"query-input\":{\"@type\":\"PropertyValueSpecification\",\"valueRequired\":true,\"valueName\":\"search_term_string\"}}],\"inLanguage\":\"tr\"}]}<\/script>\n<!-- \/ Yoast SEO plugin. -->","yoast_head_json":{"title":"Yunanistan \u00dcniversite E\u011fitimi - MyVize","description":"Yunanistan \u00dcniversite E\u011fitimi \u0130\u00e7in Gerekli Evraklar Neler? Yunanistan \u00dcniversite E\u011fitimi Nas\u0131l Al\u0131n\u0131r? Yunanistan \u00dcniversite E\u011fitimi Vizesi.","robots":{"index":"index","follow":"follow","max-snippet":"max-snippet:-1","max-image-preview":"max-image-preview:large","max-video-preview":"max-video-preview:-1"},"canonical":"https:\/\/www.myvize.com.tr\/yunanistan\/vize-islemleri\/yunanistan-universite-egitimi\/","og_locale":"tr_TR","og_type":"article","og_title":"Yunanistan \u00dcniversite E\u011fitimi - MyVize","og_description":"Yunanistan \u00dcniversite E\u011fitimi \u0130\u00e7in Gerekli Evraklar Neler? Yunanistan \u00dcniversite E\u011fitimi Nas\u0131l Al\u0131n\u0131r? Yunanistan \u00dcniversite E\u011fitimi Vizesi.","og_url":"https:\/\/www.myvize.com.tr\/yunanistan\/vize-islemleri\/yunanistan-universite-egitimi\/","og_site_name":"Yunanistan Vizesi","article_modified_time":"2022-04-28T11:03:30+00:00","og_image":[{"url":"https:\/\/www.myvize.com.tr\/yunanistan\/wp-content\/uploads\/2021\/10\/31.jpg","type":"","width":"","height":""}],"twitter_card":"summary_large_image","twitter_misc":{"Tahmini okuma s\u00fcresi":"5 dakika"},"schema":{"@context":"https:\/\/schema.org","@graph":[{"@type":"WebPage","@id":"https:\/\/www.myvize.com.tr\/yunanistan\/vize-islemleri\/yunanistan-universite-egitimi\/","url":"https:\/\/www.myvize.com.tr\/yunanistan\/vize-islemleri\/yunanistan-universite-egitimi\/","name":"Yunanistan \u00dcniversite E\u011fitimi - MyVize","isPartOf":{"@id":"https:\/\/www.myvize.com.tr\/yunanistan\/#website"},"primaryImageOfPage":{"@id":"https:\/\/www.myvize.com.tr\/yunanistan\/vize-islemleri\/yunanistan-universite-egitimi\/#primaryimage"},"image":{"@id":"https:\/\/www.myvize.com.tr\/yunanistan\/vize-islemleri\/yunanistan-universite-egitimi\/#primaryimage"},"thumbnailUrl":"https:\/\/www.myvize.com.tr\/yunanistan\/wp-content\/uploads\/2021\/10\/31.jpg","datePublished":"2020-11-30T09:50:00+00:00","dateModified":"2022-04-28T11:03:30+00:00","description":"Yunanistan \u00dcniversite E\u011fitimi \u0130\u00e7in Gerekli Evraklar Neler? Yunanistan \u00dcniversite E\u011fitimi Nas\u0131l Al\u0131n\u0131r? Yunanistan \u00dcniversite E\u011fitimi Vizesi.","breadcrumb":{"@id":"https:\/\/www.myvize.com.tr\/yunanistan\/vize-islemleri\/yunanistan-universite-egitimi\/#breadcrumb"},"inLanguage":"tr","potentialAction":[{"@type":"ReadAction","target":["https:\/\/www.myvize.com.tr\/yunanistan\/vize-islemleri\/yunanistan-universite-egitimi\/"]}]},{"@type":"ImageObject","inLanguage":"tr","@id":"https:\/\/www.myvize.com.tr\/yunanistan\/vize-islemleri\/yunanistan-universite-egitimi\/#primaryimage","url":"https:\/\/www.myvize.com.tr\/yunanistan\/wp-content\/uploads\/2021\/10\/31.jpg","contentUrl":"https:\/\/www.myvize.com.tr\/yunanistan\/wp-content\/uploads\/2021\/10\/31.jpg","width":800,"height":500,"caption":"Yunanistan \u00dcniversite E\u011fitimi"},{"@type":"BreadcrumbList","@id":"https:\/\/www.myvize.com.tr\/yunanistan\/vize-islemleri\/yunanistan-universite-egitimi\/#breadcrumb","itemListElement":[{"@type":"ListItem","position":1,"name":"Anasayfa","item":"https:\/\/www.myvize.com.tr\/yunanistan\/"},{"@type":"ListItem","position":2,"name":"V\u0130ZE \u0130\u015eLEMLER\u0130","item":"https:\/\/www.myvize.com.tr\/yunanistan\/vize-islemleri\/"},{"@type":"ListItem","position":3,"name":"Yunanistan \u00dcniversite E\u011fitimi"}]},{"@type":"WebSite","@id":"https:\/\/www.myvize.com.tr\/yunanistan\/#website","url":"https:\/\/www.myvize.com.tr\/yunanistan\/","name":"Yunanistan Vizesi","description":"","potentialAction":[{"@type":"SearchAction","target":{"@type":"EntryPoint","urlTemplate":"https:\/\/www.myvize.com.tr\/yunanistan\/?s={search_term_string}"},"query-input":{"@type":"PropertyValueSpecification","valueRequired":true,"valueName":"search_term_string"}}],"inLanguage":"tr"}]}},"_links":{"self":[{"href":"https:\/\/www.myvize.com.tr\/yunanistan\/wp-json\/wp\/v2\/pages\/53","targetHints":{"allow":["GET"]}}],"collection":[{"href":"https:\/\/www.myvize.com.tr\/yunanistan\/wp-json\/wp\/v2\/pages"}],"about":[{"href":"https:\/\/www.myvize.com.tr\/yunanistan\/wp-json\/wp\/v2\/types\/page"}],"author":[{"embeddable":true,"href":"https:\/\/www.myvize.com.tr\/yunanistan\/wp-json\/wp\/v2\/users\/1"}],"replies":[{"embeddable":true,"href":"https:\/\/www.myvize.com.tr\/yunanistan\/wp-json\/wp\/v2\/comments?post=53"}],"version-history":[{"count":9,"href":"https:\/\/www.myvize.com.tr\/yunanistan\/wp-json\/wp\/v2\/pages\/53\/revisions"}],"predecessor-version":[{"id":947,"href":"https:\/\/www.myvize.com.tr\/yunanistan\/wp-json\/wp\/v2\/pages\/53\/revisions\/947"}],"up":[{"embeddable":true,"href":"https:\/\/www.myvize.com.tr\/yunanistan\/wp-json\/wp\/v2\/pages\/18"}],"wp:attachment":[{"href":"https:\/\/www.myvize.com.tr\/yunanistan\/wp-json\/wp\/v2\/media?parent=53"}],"curies":[{"name":"wp","href":"https:\/\/api.w.org\/{rel}","templated":true}]}}