{"id":6,"date":"2020-11-30T08:45:13","date_gmt":"2020-11-30T05:45:13","guid":{"rendered":"https:\/\/www.myvize.com.tr\/yunanistan\/?page_id=6"},"modified":"2022-10-26T15:52:02","modified_gmt":"2022-10-26T12:52:02","slug":"yunanistan","status":"publish","type":"page","link":"https:\/\/www.myvize.com.tr\/yunanistan\/","title":{"rendered":"YUNAN\u0130STAN"},"content":{"rendered":"","protected":false},"excerpt":{"rendered":"","protected":false},"author":1,"featured_media":0,"parent":0,"menu_order":0,"comment_status":"closed","ping_status":"closed","template":"","meta":{"footnotes":""},"class_list":["post-6","page","type-page","status-publish","hentry"],"yoast_head":"<!-- This site is optimized with the Yoast SEO plugin v26.8 - https:\/\/yoast.com\/product\/yoast-seo-wordpress\/ -->\n<title>Yunanistan Vizesi \u0130\u00e7in Gerekli Evraklar - MyVize<\/title>\n<meta name=\"description\" content=\"Yunanistan Vizesi almak i\u00e7in gerekli t\u00fcm evraklar listesi 2022 hemen t\u0131kla! \u00dccretsiz Yunanistan Vize Randevusu i\u00e7in hemen ara!\" \/>\n<meta name=\"robots\" content=\"index, follow, max-snippet:-1, max-image-preview:large, max-video-preview:-1\" \/>\n<link rel=\"canonical\" href=\"https:\/\/www.myvize.com.tr\/yunanistan\/\" \/>\n<meta property=\"og:locale\" content=\"tr_TR\" \/>\n<meta property=\"og:type\" content=\"article\" \/>\n<meta property=\"og:title\" content=\"Yunanistan Vizesi \u0130\u00e7in Gerekli Evraklar - MyVize\" \/>\n<meta property=\"og:description\" content=\"Yunanistan Vizesi almak i\u00e7in gerekli t\u00fcm evraklar listesi 2022 hemen t\u0131kla! \u00dccretsiz Yunanistan Vize Randevusu i\u00e7in hemen ara!\" \/>\n<meta property=\"og:url\" content=\"https:\/\/www.myvize.com.tr\/yunanistan\/\" \/>\n<meta property=\"og:site_name\" content=\"Yunanistan Vizesi\" \/>\n<meta property=\"article:modified_time\" content=\"2022-10-26T12:52:02+00:00\" \/>\n<meta name=\"twitter:card\" content=\"summary_large_image\" \/>\n<script type=\"application\/ld+json\" class=\"yoast-schema-graph\">{\"@context\":\"https:\/\/schema.org\",\"@graph\":[{\"@type\":\"WebPage\",\"@id\":\"https:\/\/www.myvize.com.tr\/yunanistan\/\",\"url\":\"https:\/\/www.myvize.com.tr\/yunanistan\/\",\"name\":\"Yunanistan Vizesi \u0130\u00e7in Gerekli Evraklar - MyVize\",\"isPartOf\":{\"@id\":\"https:\/\/www.myvize.com.tr\/yunanistan\/#website\"},\"datePublished\":\"2020-11-30T05:45:13+00:00\",\"dateModified\":\"2022-10-26T12:52:02+00:00\",\"description\":\"Yunanistan Vizesi almak i\u00e7in gerekli t\u00fcm evraklar listesi 2022 hemen t\u0131kla! \u00dccretsiz Yunanistan Vize Randevusu i\u00e7in hemen ara!\",\"breadcrumb\":{\"@id\":\"https:\/\/www.myvize.com.tr\/yunanistan\/#breadcrumb\"},\"inLanguage\":\"tr\",\"potentialAction\":[{\"@type\":\"ReadAction\",\"target\":[\"https:\/\/www.myvize.com.tr\/yunanistan\/\"]}]},{\"@type\":\"BreadcrumbList\",\"@id\":\"https:\/\/www.myvize.com.tr\/yunanistan\/#breadcrumb\",\"itemListElement\":[{\"@type\":\"ListItem\",\"position\":1,\"name\":\"Anasayfa\",\"item\":\"https:\/\/www.myvize.com.tr\/yunanistan\/\"},{\"@type\":\"ListItem\",\"position\":2,\"name\":\"YUNAN\u0130STAN\"}]},{\"@type\":\"WebSite\",\"@id\":\"https:\/\/www.myvize.com.tr\/yunanistan\/#website\",\"url\":\"https:\/\/www.myvize.com.tr\/yunanistan\/\",\"name\":\"Yunanistan Vizesi\",\"description\":\"\",\"potentialAction\":[{\"@type\":\"SearchAction\",\"target\":{\"@type\":\"EntryPoint\",\"urlTemplate\":\"https:\/\/www.myvize.com.tr\/yunanistan\/?s={search_term_string}\"},\"query-input\":{\"@type\":\"PropertyValueSpecification\",\"valueRequired\":true,\"valueName\":\"search_term_string\"}}],\"inLanguage\":\"tr\"}]}<\/script>\n<!-- \/ Yoast SEO plugin. -->","yoast_head_json":{"title":"Yunanistan Vizesi \u0130\u00e7in Gerekli Evraklar - MyVize","description":"Yunanistan Vizesi almak i\u00e7in gerekli t\u00fcm evraklar listesi 2022 hemen t\u0131kla! \u00dccretsiz Yunanistan Vize Randevusu i\u00e7in hemen ara!","robots":{"index":"index","follow":"follow","max-snippet":"max-snippet:-1","max-image-preview":"max-image-preview:large","max-video-preview":"max-video-preview:-1"},"canonical":"https:\/\/www.myvize.com.tr\/yunanistan\/","og_locale":"tr_TR","og_type":"article","og_title":"Yunanistan Vizesi \u0130\u00e7in Gerekli Evraklar - MyVize","og_description":"Yunanistan Vizesi almak i\u00e7in gerekli t\u00fcm evraklar listesi 2022 hemen t\u0131kla! \u00dccretsiz Yunanistan Vize Randevusu i\u00e7in hemen ara!","og_url":"https:\/\/www.myvize.com.tr\/yunanistan\/","og_site_name":"Yunanistan Vizesi","article_modified_time":"2022-10-26T12:52:02+00:00","twitter_card":"summary_large_image","schema":{"@context":"https:\/\/schema.org","@graph":[{"@type":"WebPage","@id":"https:\/\/www.myvize.com.tr\/yunanistan\/","url":"https:\/\/www.myvize.com.tr\/yunanistan\/","name":"Yunanistan Vizesi \u0130\u00e7in Gerekli Evraklar - MyVize","isPartOf":{"@id":"https:\/\/www.myvize.com.tr\/yunanistan\/#website"},"datePublished":"2020-11-30T05:45:13+00:00","dateModified":"2022-10-26T12:52:02+00:00","description":"Yunanistan Vizesi almak i\u00e7in gerekli t\u00fcm evraklar listesi 2022 hemen t\u0131kla! \u00dccretsiz Yunanistan Vize Randevusu i\u00e7in hemen ara!","breadcrumb":{"@id":"https:\/\/www.myvize.com.tr\/yunanistan\/#breadcrumb"},"inLanguage":"tr","potentialAction":[{"@type":"ReadAction","target":["https:\/\/www.myvize.com.tr\/yunanistan\/"]}]},{"@type":"BreadcrumbList","@id":"https:\/\/www.myvize.com.tr\/yunanistan\/#breadcrumb","itemListElement":[{"@type":"ListItem","position":1,"name":"Anasayfa","item":"https:\/\/www.myvize.com.tr\/yunanistan\/"},{"@type":"ListItem","position":2,"name":"YUNAN\u0130STAN"}]},{"@type":"WebSite","@id":"https:\/\/www.myvize.com.tr\/yunanistan\/#website","url":"https:\/\/www.myvize.com.tr\/yunanistan\/","name":"Yunanistan Vizesi","description":"","potentialAction":[{"@type":"SearchAction","target":{"@type":"EntryPoint","urlTemplate":"https:\/\/www.myvize.com.tr\/yunanistan\/?s={search_term_string}"},"query-input":{"@type":"PropertyValueSpecification","valueRequired":true,"valueName":"search_term_string"}}],"inLanguage":"tr"}]}},"_links":{"self":[{"href":"https:\/\/www.myvize.com.tr\/yunanistan\/wp-json\/wp\/v2\/pages\/6","targetHints":{"allow":["GET"]}}],"collection":[{"href":"https:\/\/www.myvize.com.tr\/yunanistan\/wp-json\/wp\/v2\/pages"}],"about":[{"href":"https:\/\/www.myvize.com.tr\/yunanistan\/wp-json\/wp\/v2\/types\/page"}],"author":[{"embeddable":true,"href":"https:\/\/www.myvize.com.tr\/yunanistan\/wp-json\/wp\/v2\/users\/1"}],"replies":[{"embeddable":true,"href":"https:\/\/www.myvize.com.tr\/yunanistan\/wp-json\/wp\/v2\/comments?post=6"}],"version-history":[{"count":5,"href":"https:\/\/www.myvize.com.tr\/yunanistan\/wp-json\/wp\/v2\/pages\/6\/revisions"}],"predecessor-version":[{"id":1050,"href":"https:\/\/www.myvize.com.tr\/yunanistan\/wp-json\/wp\/v2\/pages\/6\/revisions\/1050"}],"wp:attachment":[{"href":"https:\/\/www.myvize.com.tr\/yunanistan\/wp-json\/wp\/v2\/media?parent=6"}],"curies":[{"name":"wp","href":"https:\/\/api.w.org\/{rel}","templated":true}]}}