{"id":76,"date":"2020-11-30T13:03:06","date_gmt":"2020-11-30T10:03:06","guid":{"rendered":"https:\/\/www.myvize.com.tr\/yunanistan\/?page_id=76"},"modified":"2022-10-03T13:10:11","modified_gmt":"2022-10-03T10:10:11","slug":"yunanistan-istanbul-fahri-konsoloslugu","status":"publish","type":"page","link":"https:\/\/www.myvize.com.tr\/yunanistan\/konsolosluklar\/yunanistan-istanbul-fahri-konsoloslugu\/","title":{"rendered":"Yunanistan \u0130stanbul Konsoloslu\u011fu"},"content":{"rendered":"<p><span style=\"font-family: Roboto;\"><\/span><\/p>\r\n<p><span style=\"font-family: Roboto; font-size: 14px;\"><strong>Yunanistan \u0130stanbul Konsoloslu\u011fu<\/strong>\u00a0ve di\u011fer <strong>Yunanistan Konsolosluklar\u0131<\/strong> faaliyet alanlar\u0131nda ve yak\u0131n b\u00f6lgelerde ikametg\u00e2h\u0131 olan ki\u015filerin <span style=\"color: #2acec2;\"><strong><a style=\"color: #2acec2;\" href=\"https:\/\/www.myvize.com.tr\/yunanistan\/vize-islemleri\/yunanistan-vizesi\/\" target=\"_blank\" rel=\"noopener\">Yunanistan Vizesi<\/a><\/strong><\/span> veya pasaport yenileme i\u015flemi, noterlik i\u015flemleri, evlilik belgesi, do\u011fum belgesi, \u00f6l\u00fcm belgesi, askerlik belgesi, sertifikalar, belge tasdik gibi i\u015flemlerde Yunanistan Konsoloslu\u011fu yetkilidir.<\/span><\/p>\r\n<p><span style=\"font-family: Roboto; font-size: 14px;\">\r\n\r\n<\/span><\/p>\r\n<p><span style=\"font-family: Roboto; font-size: 14px;\"><strong>Yunanistan \u0130stanbul Konsoloslu\u011fu G\u00f6rev B\u00f6lgesi:<\/strong>\u00a0\u0130stanbul ve Artvin, Bart\u0131n, Bolu, Bayburt, Bursa, \u00c7anakkale, Giresun, G\u00fcm\u00fc\u015fhane, Karab\u00fck, Ordu, Kastamonu, Kocaeli, Rize, Samsun, Sinop, Trabzon ve Zonguldak illerinde ikametg\u00e2h\u0131 olan T\u00fcrkiye Cumhuriyeti vatanda\u015flar\u0131, vize i\u015flemlerini\u00a0<strong>Yunanistan \u0130stanbul Konsoloslu\u011fu\u2019ndan\u00a0<\/strong>yapabilirler.<\/span><\/p>\r\n<p><span style=\"font-family: Roboto; font-size: 14px;\">\r\n\r\n<\/span><\/p>\r\n<p><span style=\"font-family: Roboto; font-size: 14px;\"><strong>Yunanistan \u0130stanbul Konsoloslu\u011fu \u00c7al\u0131\u015fma Saatleri:<\/strong>\u00a0Pazartesi- Cuma g\u00fcnleri 09.00 &#8211; 13.00 aras\u0131 konsolosluk i\u015flemleri ger\u00e7ekle\u015ftirilebilir.<\/span><\/p>\r\n<h2><strong><span style=\"font-family: Roboto; font-size: 27px;\">Yunanistan \u0130stanbul Konsolosu Kimdir?<\/span><\/strong><\/h2>\r\n<ul>\r\n<li><span style=\"font-family: Roboto; font-size: 14px;\">Ad\u0131 Soyad\u0131 : Burak \u00d6z\u00fcgergin<\/span><\/li>\r\n<li><span style=\"font-family: Roboto; font-size: 14px;\">Do\u011fum Yeri ve Tarih: Londra, 1965<\/span><\/li>\r\n<li><span style=\"font-family: Roboto; font-size: 14px;\">Medeni Durum: Evli, 2 \u00e7ocuklu<\/span><\/li>\r\n<li><span style=\"font-family: Roboto; font-size: 14px;\">E\u011fitim: Johns Hopkins \u00dcniversitesi &#8211; Uluslararas\u0131 Hukuk Alan\u0131 Y\u00fcksek Lisans<\/span><\/li>\r\n<li><span style=\"font-family: Roboto; font-size: 14px;\">George Mason \u00dcniversitesi &#8211; Kamu Y\u00f6netimi ve Siyaset Bilim, 1985<\/span><\/li>\r\n<li><span style=\"font-family: Roboto; font-size: 14px;\">Bulundu\u011fu Memuriyetler<\/span><\/li>\r\n<li><span style=\"font-family: Roboto; font-size: 14px;\">08.05.2018 &#8211; 01.12.2018 M\u00fcste\u015far Yard\u0131mc\u0131l\u0131\u011f\u0131,\u0130kili Siyasi \u0130\u015fler , M\u00fcste\u015far Yard\u0131mc\u0131 Vekili<\/span><\/li>\r\n<li><span style=\"font-family: Roboto; font-size: 14px;\">17.08.2015 &#8211; 08.05.2018 \u0130kili Siyasi \u0130\u015fler ve Denizcilik, Havac\u0131l\u0131k, Hudut Genel M\u00fcd\u00fcrl\u00fc\u011f\u00fc,\u00a0 B\u00fcy\u00fckel\u00e7ilik, Genel M\u00fcd\u00fcr Vekil, B\u00fcy\u00fckel\u00e7i, Genel M\u00fcd\u00fcr<\/span><\/li>\r\n<li><span style=\"font-family: Roboto; font-size: 14px;\">01.10.2014 &#8211; 17.08.2015 M\u00fcste\u015far Yard\u0131mc\u0131l\u0131\u011f\u0131 Nezdi , B\u00fcy\u00fckel\u00e7i<\/span><\/li>\r\n<li><span style=\"font-family: Roboto; font-size: 14px;\">15.08.2010 &#8211; 01.10.2014 Zagreb B\u00fcy\u00fckel\u00e7ili\u011fi,\u00a0 B\u00fcy\u00fckel\u00e7i<\/span><\/li>\r\n<li><span style=\"font-family: Roboto; font-size: 14px;\">12.08.2010 &#8211; 15.08.2010 Enformasyon Genel M\u00fcd\u00fcrl\u00fc\u011f\u00fc, El\u00e7i-\u00a0 Daire Ba\u015fkan\u0131<\/span><\/li>\r\n<li><span style=\"font-family: Roboto; font-size: 14px;\">01.05.2008 &#8211; 12.08.2010 Enformasyon Dairesi Ba\u015fkanl\u0131\u011f\u0131, M\u00fcstakil Daire Ba\u015fkan\u0131 Vekili- El\u00e7i-\u00a0 Daire Ba\u015fkan\u0131<\/span><\/li>\r\n<li><span style=\"font-family: Roboto; font-size: 14px;\">03.09.2007- 01.05.2008 AB \u0130\u015fleri Daire Ba\u015fkanl\u0131\u011f\u0131,\u00a0 Daire Ba\u015fkan\u0131<\/span><\/li>\r\n<li><span style=\"font-family: Roboto; font-size: 14px;\">28.08.2003- 03.09.2007 Va\u015fington B\u00fcy\u00fckel\u00e7ili\u011fi, M\u00fcste\u015far-\u00a0 B\u00fcy\u00fckel\u00e7ilik Birinci M\u00fcste\u015far\u0131<\/span><\/li>\r\n<\/ul>\r\n<h2><strong><span style=\"font-family: Roboto; font-size: 27px;\">Yunanistan \u0130stanbul Konsoloslu\u011fu Vize \u0130\u015flemleri<\/span><\/strong><\/h2>\r\n<p><span style=\"font-family: Roboto; font-size: 14px;\"><strong>T\u00fcrkiye\u2019den Yunanistan&#8217;a seyahat<\/strong> edecek olan ki\u015fi, Yunanistan seyahati i\u00e7in Yunanistan vize almal\u0131d\u0131r.\u00a0 Yunanistan \u0130stanbul Fahri Konsoloslu\u011fu vize i\u015flemi; Yunanistan \u0130stanbul Fahri Konsoloslu\u011fu vize i\u015flemleri i\u00e7in \u00f6ncelikle seyahat ama\u00e7\u0131na uygun olan Yunanistan vizesi t\u00fcr\u00fc belirlemelidir. Yunanistan vizesinin t\u00fcr\u00fcn\u00fc belirleyen ki\u015filer, Yunanistan \u0130stanbul Fahri Konsoloslu\u011funda randevu almal\u0131d\u0131r. Yunanistan \u0130stanbul Fahri Konsoloslu\u011fu vize randevu kadar gerekli olan Yunanistan vizesi evraklar\u0131n\u0131 haz\u0131rlamal\u0131d\u0131r. Haz\u0131rlanan Yunanistan vize evrak\u0131 randevu tarihinde Yunanistan \u0130stanbul Fahri Konsolosluklar\u0131na teslim etmelidir. Yunanistan \u0130stanbul Fahri Konsoloslu\u011funa yap\u0131lan vize ba\u015fvurusu de\u011ferlendirme yetkisi <span style=\"color: #2acec2;\"><strong><a style=\"color: #2acec2;\" href=\"https:\/\/www.myvize.com.tr\/yunanistan\/konsolosluklar\/ankara-buyukelciligi\/\" target=\"_blank\" rel=\"noopener\">Yunanistan Ankara B\u00fcy\u00fckel\u00e7ili\u011fi<\/a><\/strong><\/span> ve Yunanistan \u0130stanbul Ba\u015fkonsoloslu\u011fa aittir. Yunanistan \u0130stanbul Fahri Konsoloslu\u011fa yap\u0131lan vize ba\u015fvuru ortalama olarak yedi i\u015f g\u00fcn\u00fc i\u00e7erisinde sonu\u00e7lanmaktad\u0131r.<\/span><\/p>\r\n<h2><strong><span style=\"font-family: Roboto; font-size: 27px;\">Yunanistan \u0130stanbul Konsoloslu\u011fu Vize Ba\u015fvurusu<\/span><\/strong><\/h2>\r\n<p><span style=\"font-family: Roboto; font-size: 14px;\"><strong>Yunanistan&#8217;a seyahat<\/strong> edecek ki\u015filer, Yunanistan seyahati i\u00e7in vize almal\u0131d\u0131r. Yunanistan vizesi alacak olan ki\u015filer vize ba\u015fvurusu Yunanistan \u0130stanbul Fahri Konsoloslu\u011fa yapabilir. Yunanistan \u0130stanbul Fahri Konsoloslu\u011fa vize ba\u015fvurular\u0131 yapacak olan ki\u015filer, Yunanistan \u0130stanbul Fahri Konsoloslu\u011fu vize ba\u015fvurusunu ara\u015ft\u0131rmaktad\u0131r. Yunanistan \u0130stanbul Fahri Konsoloslu\u011fu vize ba\u015fvurusu yapacak olan ki\u015filer, Yunanistan vizesi ba\u015fvuru i\u00e7in randevu almal\u0131d\u0131r. Randevu tarihine kadar <strong>Yunanistan vize ba\u015fvurusu<\/strong> i\u00e7in gerekli olan evraklar\u0131 haz\u0131rlamal\u0131 ve<strong> Yunanistan \u0130stanbul Fahri Konsoloslu\u011fu<\/strong> randevu tarihinde yetkililere teslim edilmelidir. Yunanistan \u0130stanbul Fahri Konsolosluklar\u0131na vize ba\u015fvurusu yapacak olan ki\u015filer, a\u015fa\u011f\u0131da yer alan\u00a0 duruma dikkat etmeli. Randevu tarihinde gerekli olan evraklar yan\u0131n\u0131zda bulunmal\u0131d\u0131r.\u00a0 Yunanistan \u0130stanbul Fahri Konsoloslu\u011fa vize ba\u015fvurusu yapacak olan ki\u015filer gerekli olan vize evraklar\u0131n\u0131 eksiksiz olarak haz\u0131rlamal\u0131d\u0131r. Ba\u015fvuru yapacak olan ki\u015filer, gerekli olan ve Yunanistan da ge\u00e7erli olan seyahat sigortas\u0131n\u0131 yapt\u0131rmal\u0131d\u0131r. Yunanistan vize ba\u015fvurusunda bulunacak olan ki\u015filerin Yunanistan seyahat masraflar\u0131n\u0131 kar\u015f\u0131layacak maddi durumlara sahip olmas\u0131 gerekmektedir.<\/span><\/p>\r\n<p><span style=\"font-family: Roboto; font-size: 14px;\">\r\n\r\n<\/span><\/p>\r\n<h2><span style=\"font-family: Roboto; font-size: 27px;\"><strong>Yunanistan \u0130stanbul Konsoloslu\u011fundan Vize Ba\u015fvurusu Nas\u0131l Yap\u0131l\u0131r?<\/strong><\/span><\/h2>\r\n<p><span style=\"font-family: Roboto; font-size: 14px;\">\r\n\r\n<\/span><\/p>\r\n<p><span style=\"font-family: Roboto; font-size: 14px;\"><strong>Yunanistan \u0130stanbul Konsoloslu\u011fu<\/strong>\u00a0vize b\u00f6l\u00fcm\u00fc y\u00fcz y\u00fcze \u00e7al\u0131\u015fmaktad\u0131r. Vize ba\u015fvurusunda bulunacak ki\u015filer konsolosluktan veya Seyahat\/ Turizm acenteleri arac\u0131l\u0131\u011f\u0131yla da yapabilirler.\u00a0<strong>Yunanistan \u0130stanbul Konsoloslu\u011fu&#8217;na<\/strong>\u00a0vize ba\u015fvurusu yapan ki\u015filer eksiksiz doldurulmu\u015f vize ba\u015fvuru formuyla ba\u015fvuru yapacaklard\u0131r.<\/span><\/p>\r\n<h3><strong><span style=\"font-family: Roboto; font-size: 24px;\">Yunanistan \u0130stanbul Konsoloslu\u011fu Vize Randevusu<\/span><\/strong><\/h3>\r\n<p><span style=\"font-family: Roboto; font-size: 14px;\">\u0130stanbul \u00e7evresinde ikamet eden ve<strong> Yunanistan vizesi<\/strong> alacak olan ki\u015filer, Yunanistan vizesi ba\u015fvurusu Yunanistan \u0130stanbul Fahri Konsolosluklar\u0131na yapabilir.\u00a0 Yunanistan \u0130stanbul Fahri Konsoloslu\u011funda randevu almak isteyen ki\u015filer, Yunanistan \u0130stanbul Fahri Konsoloslu\u011fu vize randevusu konsoloslu\u011fu ile ileti\u015fime ge\u00e7ilerek al\u0131nabilir. Yunanistan \u0130stanbul Fahri Konsoloslu\u011fu vize randevusu alacak olan ki\u015filer a\u015fa\u011f\u0131daki duruma dikkat etmelidir. Yunanistan \u0130stanbul Fahri Konsoloslu\u011fu vize randevu alm\u0131\u015f olan ki\u015filer, <strong>Yunanistan vize<\/strong> randevusunu ka\u00e7\u0131rmamal\u0131d\u0131r. Randevusuz ba\u015fvuru kabul edilmez. Yunanistan \u0130stanbul Fahri Konsoloslu\u011fa yap\u0131lan vize ba\u015fvuru ortalama olarak yedi i\u015f g\u00fcn\u00fc i\u00e7erisinde sonu\u00e7lanmaktad\u0131r. Randevu tarihinde gerekli olan evraklar yan\u0131n\u0131zda bulunmal\u0131d\u0131r. Yunanistan \u0130stanbul Fahri Konsoloslu\u011fu vize evraklar\u0131 konsoloslu\u011fun istedi\u011fi s\u0131rada haz\u0131rlamal\u0131d\u0131r. Yunanistan \u0130stanbul Fahri Konsoloslu\u011fu vize randevusuna en az 15 dakika \u00f6nce konsoloslukta bulunman\u0131z tavsiye edilmektedir. Yunanistan \u0130stanbul Fahri Konsoloslu\u011fu ziyaret etmeden \u00f6nce Yunanistan \u0130stanbul Fahri Konsoloslu\u011fu ile ileti\u015fime ge\u00e7erek detayl\u0131 bilgi alman\u0131z\u0131 tavsiye ederiz.\u00a0\u00a0<\/span><\/p>\r\n<h3><span style=\"font-family: Roboto; font-size: 24px;\"><strong>Yunanistan \u0130stanbul Konsoloslu\u011fu Adres ve \u0130leti\u015fim Bilgileri<\/strong><\/span><\/h3>\r\n<p><span style=\"font-family: Roboto; font-size: 14px;\">Yunanistan \u0130stanbul Konsoloslu\u011fu adres ve ileti\u015fim bilgileri hakk\u0131nda merak\u0131n\u0131z varsa sizlere bu yaz\u0131m\u0131zda bahsi ge\u00e7en bilgileri sa\u011fl\u0131yor olaca\u011f\u0131z. Yunanistan \u0130stanbul Konsoloslu\u011fu a\u00e7\u0131k adresi H\u00fcseyin A\u011fa Mahallesi, Turnac\u0131 Ba\u015f\u0131 Sokak, Numara: 22, 34435, Beyo\u011flu \/ \u0130STANBUL \u015feklinde a\u00e7\u0131klan\u0131r. Yunanistan \u0130stanbul Konsoloslu\u011fu ileti\u015fim bilgileri ise 0 212 393 82 91 olmaktad\u0131r. E\u011fer Yunanistan \u0130stanbul Konsoloslu\u011fu s\u0131n\u0131rlar\u0131 i\u00e7erisinde herhangi bir i\u015flem yapt\u0131rman\u0131z gerekiyorsa bahsi ge\u00e7en telefon numaras\u0131ndan Yunanistan \u0130stanbul Konsoloslu\u011fu\u2019na do\u011frudan ula\u015farak vize ya da pasaport randevusu alabilirsiniz. Alaca\u011f\u0131n\u0131z bu randevular\u0131n akabinde ise <strong>Yunanistan \u0130stanbul Konsoloslu\u011fu<\/strong> sizden say\u0131s\u0131z evrak talebinde bulunma hakk\u0131n\u0131 sakl\u0131 tutar. Siz de b\u00f6ylelikle Yunanistan \u0130stanbul Konsoloslu\u011fu\u2019nun sizden talep etti\u011fi t\u00fcm belgeleri toplay\u0131p haz\u0131r hale getirirsiniz. Her a\u00e7\u0131dan sizin i\u00e7in rahat ge\u00e7en bir s\u00fcre\u00e7 olacakt\u0131r. G\u00fcn\u00fcm\u00fczde bir\u00e7ok ki\u015fi Yunanistan\u2019a gitmek ad\u0131na bu vizeyi almak i\u00e7in Yunanistan \u0130stanbul Konsoloslu\u011fu\u2019na ba\u015fvuruda bulunur. Siz de rahatl\u0131kla ba\u015fvurunuzu yapabilir, <strong>Yunanistan\u2019a gidi\u015f<\/strong> biletinizi de daha \u015fimdiden alabilmi\u015f olursunuz. Her a\u00e7\u0131dan verimli bir s\u00fcre\u00e7 ge\u00e7irece\u011finizden emin olabilirsiniz.<\/span><\/p>\r\n<h3><span style=\"font-family: Roboto; font-size: 24px;\"><strong>Yunanistan \u0130stanbul Konsoloslu\u011fu Adres<\/strong><\/span><\/h3>\r\n<p><span style=\"font-family: Roboto; font-size: 14px;\"><strong>Yunanistan \u0130stanbul Konsoloslu\u011fu adres<\/strong> bilgilerini en a\u00e7\u0131k hali ile sizlere bu yaz\u0131m\u0131z vas\u0131tas\u0131yla aktar\u0131yor olaca\u011f\u0131z. Yunanistan \u0130stanbul Konsoloslu\u011fu\u2019nun a\u00e7\u0131k adresi H\u00fcseyin A\u011fa Mahallesi, Turnac\u0131 Ba\u015f\u0131 Sokak, Numara: 22, 34435, Beyo\u011flu \/ \u0130STANBUL \u015feklinde net bir bi\u00e7imde a\u00e7\u0131klanabilmektedir. Yaln\u0131z bu adrese hi\u00e7bir zaman randevusuz halde gitmemeniz gerekti\u011fini de belirtmi\u015f olal\u0131m. \u00c7\u00fcnk\u00fc Yunanistan \u0130stanbul Konsoloslu\u011fu kimse i\u00e7in randevusuz i\u015flem ger\u00e7ekle\u015ftirmemektedir. T\u00fcm i\u015flemler tamamen randevulu bir bi\u00e7imde yapt\u0131r\u0131l\u0131r, bunu da unutmamakta kesinlikle fayda var. A\u00e7\u0131k adres \u00fczerinden diledi\u011finiz zaman \u00e7e\u015fitli ula\u015f\u0131m ara\u00e7lar\u0131yla beraber Yunanistan \u0130stanbul Konsoloslu\u011funa gidebilece\u011finizi bilmelisiniz. Yunanistan \u0130stanbul Konsoloslu\u011funa gidecek olan herkes randevulu bi\u00e7imde oraya gider, bu her zaman i\u00e7in b\u00f6yle ilerleyen bir durum olmu\u015ftur. A\u00e7\u0131k adresi i\u015flek bir yerde olan bu konsoloslu\u011fa ula\u015f\u0131m sa\u011flamak son derece basittir. Bu y\u00fczden diledi\u011finiz gibi ula\u015f\u0131m sa\u011flayabilece\u011finizi bilin isteriz. G\u00fcn\u00fcm\u00fczde bir\u00e7ok ki\u015fi taksi, otob\u00fcs, dolmu\u015f ve otob\u00fcs gibi se\u00e7eneklerle bu konsoloslu\u011fu ziyaret etmektedir. Siz de bu t\u00fcr ara\u00e7larla ziyaretinizi ba\u015far\u0131l\u0131 bir bi\u00e7imde ger\u00e7ekle\u015ftirebilirsiniz. Kolay gelsin.<\/span><\/p>\r\n<h4><span style=\"font-family: Roboto; font-size: 22px;\"><strong>Yunanistan \u0130stanbul Konsoloslu\u011fu Telefon Numaras\u0131<\/strong><\/span><\/h4>\r\n<p><span style=\"font-family: Roboto; font-size: 14px;\"><strong>Yunanistan \u0130stanbul Konsoloslu\u011fu telefon numaras\u0131<\/strong> hakk\u0131nda sizlere ayr\u0131nt\u0131l\u0131 bir bi\u00e7imde bilgi sunmak ad\u0131na bu yaz\u0131y\u0131 haz\u0131rlamak istedik. O zaman sizi daha fazla me\u015fgul etmeden as\u0131l vermek istedi\u011fimiz t\u00fcm bilgiye ge\u00e7mi\u015f olal\u0131m. E\u011fer siz de Yunanistan \u0130stanbul Konsoloslu\u011fu telefon numaras\u0131 bilgilerine ula\u015fmak istiyorsan\u0131z do\u011fru adrese geldiniz demektir. \u015eimdi size bu \u00f6nemli numaray\u0131 veriyor olaca\u011f\u0131z. Yunanistan \u0130stanbul Konsoloslu\u011fu ileti\u015fim numaras\u0131 0 212 393 82 91 \u015feklinde \u00f6zetlenebilmektedir. Siz de bu numaraya telefon a\u00e7arak diledi\u011finiz gibi vize ve pasaport randevusu alabilece\u011finizi bilmelisiniz. <strong>Yunanistan \u0130stanbul Konsoloslu\u011fu ileti\u015fim<\/strong> hatt\u0131 randevu g\u00fcn ve saatlerinde her daim sizlere a\u00e7\u0131k bir konumdad\u0131r. Fakat resmi tatillerde konsolosluk tamamen kapal\u0131 olaca\u011f\u0131ndan \u00f6t\u00fcr\u00fc aramamal\u0131s\u0131n\u0131z. Ayr\u0131ca mesai saatleri haricinde de araman\u0131z \u00f6nerilmez. \u00c7\u00fcnk\u00fc kimse telefonlar\u0131n\u0131za d\u00f6nmeyecektir. Bunun ya\u015fanmamas\u0131 ad\u0131na dikkatli olmak ise her \u015feyden \u00f6nce gelir. Bu t\u00fcr konularda temkinli ad\u0131mlar atmak size iyi gelecek ve s\u00fcreci de tamamen h\u0131zland\u0131racakt\u0131r. O halde siz de hemen bu numaray\u0131 arayarak randevu olu\u015fturun. Kolayl\u0131klar dileriz.<\/span><\/p>\r\n<p><span style=\"font-family: Roboto;\"><\/span><\/p>","protected":false},"excerpt":{"rendered":"<p>Yunanistan \u0130stanbul Konsoloslu\u011fu\u00a0ve di\u011fer Yunanistan Konsolosluklar\u0131 faaliyet alanlar\u0131nda ve yak\u0131n b\u00f6lgelerde ikametg\u00e2h\u0131 olan ki\u015filerin Yunanistan Vizesi veya pasaport yenileme i\u015flemi, noterlik i\u015flemleri, evlilik belgesi, do\u011fum belgesi, \u00f6l\u00fcm belgesi, askerlik belgesi, sertifikalar, belge tasdik gibi i\u015flemlerde Yunanistan Konsoloslu\u011fu yetkilidir. Yunanistan \u0130stanbul Konsoloslu\u011fu G\u00f6rev B\u00f6lgesi:\u00a0\u0130stanbul ve Artvin, Bart\u0131n, Bolu, Bayburt, Bursa, \u00c7anakkale, Giresun, G\u00fcm\u00fc\u015fhane, Karab\u00fck, Ordu, Kastamonu,<\/p>\n","protected":false},"author":1,"featured_media":0,"parent":69,"menu_order":0,"comment_status":"open","ping_status":"closed","template":"","meta":{"footnotes":""},"class_list":["post-76","page","type-page","status-publish","hentry"],"yoast_head":"<!-- This site is optimized with the Yoast SEO plugin v26.8 - https:\/\/yoast.com\/product\/yoast-seo-wordpress\/ -->\n<title>Yunanistan \u0130stanbul Fahri Konsoloslu\u011fu - MyVize<\/title>\n<meta name=\"description\" content=\"Yunanistan \u0130stanbul Fahri Konsoloslu\u011fu Vize \u0130\u015flemleri Neler? Yunanistan \u0130stanbul Fahri Konsoloslu\u011fu Nerede? Bilgi \u0130\u00e7in Aray\u0131n: 0850 346 84 93\" \/>\n<meta name=\"robots\" content=\"index, follow, max-snippet:-1, max-image-preview:large, max-video-preview:-1\" \/>\n<link rel=\"canonical\" href=\"https:\/\/www.myvize.com.tr\/yunanistan\/konsolosluklar\/yunanistan-istanbul-fahri-konsoloslugu\/\" \/>\n<meta property=\"og:locale\" content=\"tr_TR\" \/>\n<meta property=\"og:type\" content=\"article\" \/>\n<meta property=\"og:title\" content=\"Yunanistan \u0130stanbul Fahri Konsoloslu\u011fu - MyVize\" \/>\n<meta property=\"og:description\" content=\"Yunanistan \u0130stanbul Fahri Konsoloslu\u011fu Vize \u0130\u015flemleri Neler? Yunanistan \u0130stanbul Fahri Konsoloslu\u011fu Nerede? Bilgi \u0130\u00e7in Aray\u0131n: 0850 346 84 93\" \/>\n<meta property=\"og:url\" content=\"https:\/\/www.myvize.com.tr\/yunanistan\/konsolosluklar\/yunanistan-istanbul-fahri-konsoloslugu\/\" \/>\n<meta property=\"og:site_name\" content=\"Yunanistan Vizesi\" \/>\n<meta property=\"article:modified_time\" content=\"2022-10-03T10:10:11+00:00\" \/>\n<meta name=\"twitter:card\" content=\"summary_large_image\" \/>\n<meta name=\"twitter:label1\" content=\"Tahmini okuma s\u00fcresi\" \/>\n\t<meta name=\"twitter:data1\" content=\"7 dakika\" \/>\n<script type=\"application\/ld+json\" class=\"yoast-schema-graph\">{\"@context\":\"https:\/\/schema.org\",\"@graph\":[{\"@type\":\"WebPage\",\"@id\":\"https:\/\/www.myvize.com.tr\/yunanistan\/konsolosluklar\/yunanistan-istanbul-fahri-konsoloslugu\/\",\"url\":\"https:\/\/www.myvize.com.tr\/yunanistan\/konsolosluklar\/yunanistan-istanbul-fahri-konsoloslugu\/\",\"name\":\"Yunanistan \u0130stanbul Fahri Konsoloslu\u011fu - MyVize\",\"isPartOf\":{\"@id\":\"https:\/\/www.myvize.com.tr\/yunanistan\/#website\"},\"datePublished\":\"2020-11-30T10:03:06+00:00\",\"dateModified\":\"2022-10-03T10:10:11+00:00\",\"description\":\"Yunanistan \u0130stanbul Fahri Konsoloslu\u011fu Vize \u0130\u015flemleri Neler? Yunanistan \u0130stanbul Fahri Konsoloslu\u011fu Nerede? Bilgi \u0130\u00e7in Aray\u0131n: 0850 346 84 93\",\"breadcrumb\":{\"@id\":\"https:\/\/www.myvize.com.tr\/yunanistan\/konsolosluklar\/yunanistan-istanbul-fahri-konsoloslugu\/#breadcrumb\"},\"inLanguage\":\"tr\",\"potentialAction\":[{\"@type\":\"ReadAction\",\"target\":[\"https:\/\/www.myvize.com.tr\/yunanistan\/konsolosluklar\/yunanistan-istanbul-fahri-konsoloslugu\/\"]}]},{\"@type\":\"BreadcrumbList\",\"@id\":\"https:\/\/www.myvize.com.tr\/yunanistan\/konsolosluklar\/yunanistan-istanbul-fahri-konsoloslugu\/#breadcrumb\",\"itemListElement\":[{\"@type\":\"ListItem\",\"position\":1,\"name\":\"Anasayfa\",\"item\":\"https:\/\/www.myvize.com.tr\/yunanistan\/\"},{\"@type\":\"ListItem\",\"position\":2,\"name\":\"KONSOLOSLUKLAR\",\"item\":\"https:\/\/www.myvize.com.tr\/yunanistan\/konsolosluklar\/\"},{\"@type\":\"ListItem\",\"position\":3,\"name\":\"Yunanistan \u0130stanbul Konsoloslu\u011fu\"}]},{\"@type\":\"WebSite\",\"@id\":\"https:\/\/www.myvize.com.tr\/yunanistan\/#website\",\"url\":\"https:\/\/www.myvize.com.tr\/yunanistan\/\",\"name\":\"Yunanistan Vizesi\",\"description\":\"\",\"potentialAction\":[{\"@type\":\"SearchAction\",\"target\":{\"@type\":\"EntryPoint\",\"urlTemplate\":\"https:\/\/www.myvize.com.tr\/yunanistan\/?s={search_term_string}\"},\"query-input\":{\"@type\":\"PropertyValueSpecification\",\"valueRequired\":true,\"valueName\":\"search_term_string\"}}],\"inLanguage\":\"tr\"}]}<\/script>\n<!-- \/ Yoast SEO plugin. -->","yoast_head_json":{"title":"Yunanistan \u0130stanbul Fahri Konsoloslu\u011fu - MyVize","description":"Yunanistan \u0130stanbul Fahri Konsoloslu\u011fu Vize \u0130\u015flemleri Neler? Yunanistan \u0130stanbul Fahri Konsoloslu\u011fu Nerede? Bilgi \u0130\u00e7in Aray\u0131n: 0850 346 84 93","robots":{"index":"index","follow":"follow","max-snippet":"max-snippet:-1","max-image-preview":"max-image-preview:large","max-video-preview":"max-video-preview:-1"},"canonical":"https:\/\/www.myvize.com.tr\/yunanistan\/konsolosluklar\/yunanistan-istanbul-fahri-konsoloslugu\/","og_locale":"tr_TR","og_type":"article","og_title":"Yunanistan \u0130stanbul Fahri Konsoloslu\u011fu - MyVize","og_description":"Yunanistan \u0130stanbul Fahri Konsoloslu\u011fu Vize \u0130\u015flemleri Neler? Yunanistan \u0130stanbul Fahri Konsoloslu\u011fu Nerede? Bilgi \u0130\u00e7in Aray\u0131n: 0850 346 84 93","og_url":"https:\/\/www.myvize.com.tr\/yunanistan\/konsolosluklar\/yunanistan-istanbul-fahri-konsoloslugu\/","og_site_name":"Yunanistan Vizesi","article_modified_time":"2022-10-03T10:10:11+00:00","twitter_card":"summary_large_image","twitter_misc":{"Tahmini okuma s\u00fcresi":"7 dakika"},"schema":{"@context":"https:\/\/schema.org","@graph":[{"@type":"WebPage","@id":"https:\/\/www.myvize.com.tr\/yunanistan\/konsolosluklar\/yunanistan-istanbul-fahri-konsoloslugu\/","url":"https:\/\/www.myvize.com.tr\/yunanistan\/konsolosluklar\/yunanistan-istanbul-fahri-konsoloslugu\/","name":"Yunanistan \u0130stanbul Fahri Konsoloslu\u011fu - MyVize","isPartOf":{"@id":"https:\/\/www.myvize.com.tr\/yunanistan\/#website"},"datePublished":"2020-11-30T10:03:06+00:00","dateModified":"2022-10-03T10:10:11+00:00","description":"Yunanistan \u0130stanbul Fahri Konsoloslu\u011fu Vize \u0130\u015flemleri Neler? Yunanistan \u0130stanbul Fahri Konsoloslu\u011fu Nerede? Bilgi \u0130\u00e7in Aray\u0131n: 0850 346 84 93","breadcrumb":{"@id":"https:\/\/www.myvize.com.tr\/yunanistan\/konsolosluklar\/yunanistan-istanbul-fahri-konsoloslugu\/#breadcrumb"},"inLanguage":"tr","potentialAction":[{"@type":"ReadAction","target":["https:\/\/www.myvize.com.tr\/yunanistan\/konsolosluklar\/yunanistan-istanbul-fahri-konsoloslugu\/"]}]},{"@type":"BreadcrumbList","@id":"https:\/\/www.myvize.com.tr\/yunanistan\/konsolosluklar\/yunanistan-istanbul-fahri-konsoloslugu\/#breadcrumb","itemListElement":[{"@type":"ListItem","position":1,"name":"Anasayfa","item":"https:\/\/www.myvize.com.tr\/yunanistan\/"},{"@type":"ListItem","position":2,"name":"KONSOLOSLUKLAR","item":"https:\/\/www.myvize.com.tr\/yunanistan\/konsolosluklar\/"},{"@type":"ListItem","position":3,"name":"Yunanistan \u0130stanbul Konsoloslu\u011fu"}]},{"@type":"WebSite","@id":"https:\/\/www.myvize.com.tr\/yunanistan\/#website","url":"https:\/\/www.myvize.com.tr\/yunanistan\/","name":"Yunanistan Vizesi","description":"","potentialAction":[{"@type":"SearchAction","target":{"@type":"EntryPoint","urlTemplate":"https:\/\/www.myvize.com.tr\/yunanistan\/?s={search_term_string}"},"query-input":{"@type":"PropertyValueSpecification","valueRequired":true,"valueName":"search_term_string"}}],"inLanguage":"tr"}]}},"_links":{"self":[{"href":"https:\/\/www.myvize.com.tr\/yunanistan\/wp-json\/wp\/v2\/pages\/76","targetHints":{"allow":["GET"]}}],"collection":[{"href":"https:\/\/www.myvize.com.tr\/yunanistan\/wp-json\/wp\/v2\/pages"}],"about":[{"href":"https:\/\/www.myvize.com.tr\/yunanistan\/wp-json\/wp\/v2\/types\/page"}],"author":[{"embeddable":true,"href":"https:\/\/www.myvize.com.tr\/yunanistan\/wp-json\/wp\/v2\/users\/1"}],"replies":[{"embeddable":true,"href":"https:\/\/www.myvize.com.tr\/yunanistan\/wp-json\/wp\/v2\/comments?post=76"}],"version-history":[{"count":9,"href":"https:\/\/www.myvize.com.tr\/yunanistan\/wp-json\/wp\/v2\/pages\/76\/revisions"}],"predecessor-version":[{"id":1039,"href":"https:\/\/www.myvize.com.tr\/yunanistan\/wp-json\/wp\/v2\/pages\/76\/revisions\/1039"}],"up":[{"embeddable":true,"href":"https:\/\/www.myvize.com.tr\/yunanistan\/wp-json\/wp\/v2\/pages\/69"}],"wp:attachment":[{"href":"https:\/\/www.myvize.com.tr\/yunanistan\/wp-json\/wp\/v2\/media?parent=76"}],"curies":[{"name":"wp","href":"https:\/\/api.w.org\/{rel}","templated":true}]}}