{"id":90,"date":"2020-11-30T13:06:29","date_gmt":"2020-11-30T10:06:29","guid":{"rendered":"https:\/\/www.myvize.com.tr\/yunanistan\/?page_id=90"},"modified":"2022-04-28T15:19:31","modified_gmt":"2022-04-28T12:19:31","slug":"gaziantep-fahri-konsoloslugu","status":"publish","type":"page","link":"https:\/\/www.myvize.com.tr\/yunanistan\/konsolosluklar\/gaziantep-fahri-konsoloslugu\/","title":{"rendered":"Yunanistan Gaziantep Fahri Konsoloslu\u011fu"},"content":{"rendered":"<h2><span style=\"font-family: Roboto;\"><strong><span style=\"font-size: 27px;\">Yunanistan Gaziantep Fahri Konsoloslu\u011fu Hakk\u0131nda<\/span><\/strong><\/span><\/h2>\n","protected":false},"excerpt":{"rendered":"<p>Yunanistan Gaziantep Fahri Konsoloslu\u011fu Hakk\u0131nda<\/p>\n","protected":false},"author":1,"featured_media":0,"parent":69,"menu_order":0,"comment_status":"open","ping_status":"closed","template":"","meta":{"footnotes":""},"class_list":["post-90","page","type-page","status-publish","hentry"],"yoast_head":"<!-- This site is optimized with the Yoast SEO plugin v26.8 - https:\/\/yoast.com\/product\/yoast-seo-wordpress\/ -->\n<title>Yunanistan Gaziantep Fahri Konsoloslu\u011fu - MyVize<\/title>\n<meta name=\"description\" content=\"Yunanistan Gaziantep Fahri Konsoloslu\u011fu Vize \u0130\u015flemleri Neler? Yunanistan Gaziantep Fahri Konsoloslu\u011fu Nerede? Bilgi \u0130\u00e7in Ara: 0850 346 84 93\" \/>\n<meta name=\"robots\" content=\"index, follow, max-snippet:-1, max-image-preview:large, max-video-preview:-1\" \/>\n<link rel=\"canonical\" href=\"https:\/\/www.myvize.com.tr\/yunanistan\/konsolosluklar\/gaziantep-fahri-konsoloslugu\/\" \/>\n<meta property=\"og:locale\" content=\"tr_TR\" \/>\n<meta property=\"og:type\" content=\"article\" \/>\n<meta property=\"og:title\" content=\"Yunanistan Gaziantep Fahri Konsoloslu\u011fu - MyVize\" \/>\n<meta property=\"og:description\" content=\"Yunanistan Gaziantep Fahri Konsoloslu\u011fu Vize \u0130\u015flemleri Neler? Yunanistan Gaziantep Fahri Konsoloslu\u011fu Nerede? Bilgi \u0130\u00e7in Ara: 0850 346 84 93\" \/>\n<meta property=\"og:url\" content=\"https:\/\/www.myvize.com.tr\/yunanistan\/konsolosluklar\/gaziantep-fahri-konsoloslugu\/\" \/>\n<meta property=\"og:site_name\" content=\"Yunanistan Vizesi\" \/>\n<meta property=\"article:modified_time\" content=\"2022-04-28T12:19:31+00:00\" \/>\n<meta name=\"twitter:card\" content=\"summary_large_image\" \/>\n<meta name=\"twitter:label1\" content=\"Tahmini okuma s\u00fcresi\" \/>\n\t<meta name=\"twitter:data1\" content=\"1 dakika\" \/>\n<script type=\"application\/ld+json\" class=\"yoast-schema-graph\">{\"@context\":\"https:\/\/schema.org\",\"@graph\":[{\"@type\":\"WebPage\",\"@id\":\"https:\/\/www.myvize.com.tr\/yunanistan\/konsolosluklar\/gaziantep-fahri-konsoloslugu\/\",\"url\":\"https:\/\/www.myvize.com.tr\/yunanistan\/konsolosluklar\/gaziantep-fahri-konsoloslugu\/\",\"name\":\"Yunanistan Gaziantep Fahri Konsoloslu\u011fu - MyVize\",\"isPartOf\":{\"@id\":\"https:\/\/www.myvize.com.tr\/yunanistan\/#website\"},\"datePublished\":\"2020-11-30T10:06:29+00:00\",\"dateModified\":\"2022-04-28T12:19:31+00:00\",\"description\":\"Yunanistan Gaziantep Fahri Konsoloslu\u011fu Vize \u0130\u015flemleri Neler? Yunanistan Gaziantep Fahri Konsoloslu\u011fu Nerede? Bilgi \u0130\u00e7in Ara: 0850 346 84 93\",\"breadcrumb\":{\"@id\":\"https:\/\/www.myvize.com.tr\/yunanistan\/konsolosluklar\/gaziantep-fahri-konsoloslugu\/#breadcrumb\"},\"inLanguage\":\"tr\",\"potentialAction\":[{\"@type\":\"ReadAction\",\"target\":[\"https:\/\/www.myvize.com.tr\/yunanistan\/konsolosluklar\/gaziantep-fahri-konsoloslugu\/\"]}]},{\"@type\":\"BreadcrumbList\",\"@id\":\"https:\/\/www.myvize.com.tr\/yunanistan\/konsolosluklar\/gaziantep-fahri-konsoloslugu\/#breadcrumb\",\"itemListElement\":[{\"@type\":\"ListItem\",\"position\":1,\"name\":\"Anasayfa\",\"item\":\"https:\/\/www.myvize.com.tr\/yunanistan\/\"},{\"@type\":\"ListItem\",\"position\":2,\"name\":\"KONSOLOSLUKLAR\",\"item\":\"https:\/\/www.myvize.com.tr\/yunanistan\/konsolosluklar\/\"},{\"@type\":\"ListItem\",\"position\":3,\"name\":\"Yunanistan Gaziantep Fahri Konsoloslu\u011fu\"}]},{\"@type\":\"WebSite\",\"@id\":\"https:\/\/www.myvize.com.tr\/yunanistan\/#website\",\"url\":\"https:\/\/www.myvize.com.tr\/yunanistan\/\",\"name\":\"Yunanistan Vizesi\",\"description\":\"\",\"potentialAction\":[{\"@type\":\"SearchAction\",\"target\":{\"@type\":\"EntryPoint\",\"urlTemplate\":\"https:\/\/www.myvize.com.tr\/yunanistan\/?s={search_term_string}\"},\"query-input\":{\"@type\":\"PropertyValueSpecification\",\"valueRequired\":true,\"valueName\":\"search_term_string\"}}],\"inLanguage\":\"tr\"}]}<\/script>\n<!-- \/ Yoast SEO plugin. -->","yoast_head_json":{"title":"Yunanistan Gaziantep Fahri Konsoloslu\u011fu - MyVize","description":"Yunanistan Gaziantep Fahri Konsoloslu\u011fu Vize \u0130\u015flemleri Neler? Yunanistan Gaziantep Fahri Konsoloslu\u011fu Nerede? Bilgi \u0130\u00e7in Ara: 0850 346 84 93","robots":{"index":"index","follow":"follow","max-snippet":"max-snippet:-1","max-image-preview":"max-image-preview:large","max-video-preview":"max-video-preview:-1"},"canonical":"https:\/\/www.myvize.com.tr\/yunanistan\/konsolosluklar\/gaziantep-fahri-konsoloslugu\/","og_locale":"tr_TR","og_type":"article","og_title":"Yunanistan Gaziantep Fahri Konsoloslu\u011fu - MyVize","og_description":"Yunanistan Gaziantep Fahri Konsoloslu\u011fu Vize \u0130\u015flemleri Neler? Yunanistan Gaziantep Fahri Konsoloslu\u011fu Nerede? Bilgi \u0130\u00e7in Ara: 0850 346 84 93","og_url":"https:\/\/www.myvize.com.tr\/yunanistan\/konsolosluklar\/gaziantep-fahri-konsoloslugu\/","og_site_name":"Yunanistan Vizesi","article_modified_time":"2022-04-28T12:19:31+00:00","twitter_card":"summary_large_image","twitter_misc":{"Tahmini okuma s\u00fcresi":"1 dakika"},"schema":{"@context":"https:\/\/schema.org","@graph":[{"@type":"WebPage","@id":"https:\/\/www.myvize.com.tr\/yunanistan\/konsolosluklar\/gaziantep-fahri-konsoloslugu\/","url":"https:\/\/www.myvize.com.tr\/yunanistan\/konsolosluklar\/gaziantep-fahri-konsoloslugu\/","name":"Yunanistan Gaziantep Fahri Konsoloslu\u011fu - MyVize","isPartOf":{"@id":"https:\/\/www.myvize.com.tr\/yunanistan\/#website"},"datePublished":"2020-11-30T10:06:29+00:00","dateModified":"2022-04-28T12:19:31+00:00","description":"Yunanistan Gaziantep Fahri Konsoloslu\u011fu Vize \u0130\u015flemleri Neler? Yunanistan Gaziantep Fahri Konsoloslu\u011fu Nerede? Bilgi \u0130\u00e7in Ara: 0850 346 84 93","breadcrumb":{"@id":"https:\/\/www.myvize.com.tr\/yunanistan\/konsolosluklar\/gaziantep-fahri-konsoloslugu\/#breadcrumb"},"inLanguage":"tr","potentialAction":[{"@type":"ReadAction","target":["https:\/\/www.myvize.com.tr\/yunanistan\/konsolosluklar\/gaziantep-fahri-konsoloslugu\/"]}]},{"@type":"BreadcrumbList","@id":"https:\/\/www.myvize.com.tr\/yunanistan\/konsolosluklar\/gaziantep-fahri-konsoloslugu\/#breadcrumb","itemListElement":[{"@type":"ListItem","position":1,"name":"Anasayfa","item":"https:\/\/www.myvize.com.tr\/yunanistan\/"},{"@type":"ListItem","position":2,"name":"KONSOLOSLUKLAR","item":"https:\/\/www.myvize.com.tr\/yunanistan\/konsolosluklar\/"},{"@type":"ListItem","position":3,"name":"Yunanistan Gaziantep Fahri Konsoloslu\u011fu"}]},{"@type":"WebSite","@id":"https:\/\/www.myvize.com.tr\/yunanistan\/#website","url":"https:\/\/www.myvize.com.tr\/yunanistan\/","name":"Yunanistan Vizesi","description":"","potentialAction":[{"@type":"SearchAction","target":{"@type":"EntryPoint","urlTemplate":"https:\/\/www.myvize.com.tr\/yunanistan\/?s={search_term_string}"},"query-input":{"@type":"PropertyValueSpecification","valueRequired":true,"valueName":"search_term_string"}}],"inLanguage":"tr"}]}},"_links":{"self":[{"href":"https:\/\/www.myvize.com.tr\/yunanistan\/wp-json\/wp\/v2\/pages\/90","targetHints":{"allow":["GET"]}}],"collection":[{"href":"https:\/\/www.myvize.com.tr\/yunanistan\/wp-json\/wp\/v2\/pages"}],"about":[{"href":"https:\/\/www.myvize.com.tr\/yunanistan\/wp-json\/wp\/v2\/types\/page"}],"author":[{"embeddable":true,"href":"https:\/\/www.myvize.com.tr\/yunanistan\/wp-json\/wp\/v2\/users\/1"}],"replies":[{"embeddable":true,"href":"https:\/\/www.myvize.com.tr\/yunanistan\/wp-json\/wp\/v2\/comments?post=90"}],"version-history":[{"count":6,"href":"https:\/\/www.myvize.com.tr\/yunanistan\/wp-json\/wp\/v2\/pages\/90\/revisions"}],"predecessor-version":[{"id":969,"href":"https:\/\/www.myvize.com.tr\/yunanistan\/wp-json\/wp\/v2\/pages\/90\/revisions\/969"}],"up":[{"embeddable":true,"href":"https:\/\/www.myvize.com.tr\/yunanistan\/wp-json\/wp\/v2\/pages\/69"}],"wp:attachment":[{"href":"https:\/\/www.myvize.com.tr\/yunanistan\/wp-json\/wp\/v2\/media?parent=90"}],"curies":[{"name":"wp","href":"https:\/\/api.w.org\/{rel}","templated":true}]}}